{"id":8028,"date":"2025-11-18T17:16:31","date_gmt":"2025-11-18T16:16:31","guid":{"rendered":"https:\/\/pelin1971.hr\/katalog\/test-tube-caps-plastic-and-cork\/"},"modified":"2025-11-25T10:52:41","modified_gmt":"2025-11-25T09:52:41","slug":"test-tube-caps-plastic-and-cork","status":"publish","type":"product","link":"https:\/\/pelin1971.hr\/en\/katalog\/test-tube-caps-plastic-and-cork\/","title":{"rendered":"Test tube caps &#8211; plastic and cork"},"content":{"rendered":"<h1>Test tube caps &#8211; plastic and cork<\/h1>\n<p>-stoppers for sealing tubes<br \/>\n-two models: cork and plastic caps<br \/>\n-packaging : 100\/1<br \/>\n-similar article:  <a href=\"https:\/\/pelin1971.hr\/katalog\/epruvete-za-pice\/\">drinking tubes<\/a><\/p>\n","protected":false},"excerpt":{"rendered":"<p>Test tube caps &#8211; plastic and cork -stoppers for sealing tubes -two models: cork and plastic caps -packaging : 100\/1 -similar article: drinking tubes<\/p>\n","protected":false},"featured_media":8032,"comment_status":"open","ping_status":"closed","template":"","meta":{"_acf_changed":false},"product_brand":[],"product_cat":[4547],"product_tag":[4506,4501,4505,4499],"class_list":{"0":"post-8028","1":"product","2":"type-product","3":"status-publish","4":"has-post-thumbnail","6":"product_cat-cocktail-bar","7":"product_tag-cork-stoppers-for-tubes","8":"product_tag-plastic-drinking-tube-with-associated-cap","9":"product_tag-plastic-stoppers-for-test-tubes","10":"product_tag-tube-stoppers","12":"first","13":"instock","14":"shipping-taxable","15":"purchasable","16":"product-type-variable"},"acf":[],"yoast_head":"<!-- This site is optimized with the Yoast SEO plugin v26.8 - https:\/\/yoast.com\/product\/yoast-seo-wordpress\/ -->\n<title>Test Tube Stoppers,Cork Test Tube Caps,Plastic Test Tube Stoppers<\/title>\n<meta name=\"description\" content=\"tube caps,cork tube caps,plastic tube cap,plastic beverage tube with matching stopper,price\" \/>\n<meta name=\"robots\" content=\"index, follow, max-snippet:-1, max-image-preview:large, max-video-preview:-1\" \/>\n<link rel=\"canonical\" href=\"https:\/\/pelin1971.hr\/en\/katalog\/test-tube-caps-plastic-and-cork\/\" \/>\n<meta property=\"og:locale\" content=\"en_US\" \/>\n<meta property=\"og:type\" content=\"article\" \/>\n<meta property=\"og:title\" content=\"Test Tube Stoppers,Cork Test Tube Caps,Plastic Test Tube Stoppers\" \/>\n<meta property=\"og:description\" content=\"tube caps,cork tube caps,plastic tube cap,plastic beverage tube with matching stopper,price\" \/>\n<meta property=\"og:url\" content=\"https:\/\/pelin1971.hr\/en\/katalog\/test-tube-caps-plastic-and-cork\/\" \/>\n<meta property=\"og:site_name\" content=\"Pelin1971\" \/>\n<meta property=\"article:modified_time\" content=\"2025-11-25T09:52:41+00:00\" \/>\n<meta property=\"og:image\" content=\"https:\/\/pelin1971.hr\/wp-content\/uploads\/2025\/11\/pluteni-cepovi-za-epruvete.jpg\" \/>\n\t<meta property=\"og:image:width\" content=\"2080\" \/>\n\t<meta property=\"og:image:height\" content=\"2080\" \/>\n\t<meta property=\"og:image:type\" content=\"image\/jpeg\" \/>\n<meta name=\"twitter:card\" content=\"summary_large_image\" \/>\n<script type=\"application\/ld+json\" class=\"yoast-schema-graph\">{\"@context\":\"https:\/\/schema.org\",\"@graph\":[{\"@type\":\"WebPage\",\"@id\":\"https:\/\/pelin1971.hr\/en\/katalog\/test-tube-caps-plastic-and-cork\/\",\"url\":\"https:\/\/pelin1971.hr\/en\/katalog\/test-tube-caps-plastic-and-cork\/\",\"name\":\"Test Tube Stoppers,Cork Test Tube Caps,Plastic Test Tube Stoppers\",\"isPartOf\":{\"@id\":\"https:\/\/pelin1971.hr\/en\/#website\"},\"primaryImageOfPage\":{\"@id\":\"https:\/\/pelin1971.hr\/en\/katalog\/test-tube-caps-plastic-and-cork\/#primaryimage\"},\"image\":{\"@id\":\"https:\/\/pelin1971.hr\/en\/katalog\/test-tube-caps-plastic-and-cork\/#primaryimage\"},\"thumbnailUrl\":\"https:\/\/pelin1971.hr\/wp-content\/uploads\/2025\/11\/pluteni-cepovi-za-epruvete.jpg\",\"datePublished\":\"2025-11-18T16:16:31+00:00\",\"dateModified\":\"2025-11-25T09:52:41+00:00\",\"description\":\"tube caps,cork tube caps,plastic tube cap,plastic beverage tube with matching stopper,price\",\"breadcrumb\":{\"@id\":\"https:\/\/pelin1971.hr\/en\/katalog\/test-tube-caps-plastic-and-cork\/#breadcrumb\"},\"inLanguage\":\"en-US\",\"potentialAction\":[{\"@type\":\"ReadAction\",\"target\":[\"https:\/\/pelin1971.hr\/en\/katalog\/test-tube-caps-plastic-and-cork\/\"]}]},{\"@type\":\"ImageObject\",\"inLanguage\":\"en-US\",\"@id\":\"https:\/\/pelin1971.hr\/en\/katalog\/test-tube-caps-plastic-and-cork\/#primaryimage\",\"url\":\"https:\/\/pelin1971.hr\/wp-content\/uploads\/2025\/11\/pluteni-cepovi-za-epruvete.jpg\",\"contentUrl\":\"https:\/\/pelin1971.hr\/wp-content\/uploads\/2025\/11\/pluteni-cepovi-za-epruvete.jpg\",\"width\":2080,\"height\":2080,\"caption\":\"\u010depovi za epruvete ,pluteni \u010depovi za epruvete,plasti\u010dni \u010depovi za epruvete,plasti\u010dna epruveta za pi\u0107e sa pripadaju\u0107im \u010depom,cijena\"},{\"@type\":\"BreadcrumbList\",\"@id\":\"https:\/\/pelin1971.hr\/en\/katalog\/test-tube-caps-plastic-and-cork\/#breadcrumb\",\"itemListElement\":[{\"@type\":\"ListItem\",\"position\":1,\"name\":\"Home\",\"item\":\"https:\/\/pelin1971.hr\/en\/\"},{\"@type\":\"ListItem\",\"position\":2,\"name\":\"Shop\",\"item\":\"https:\/\/pelin1971.hr\/en\/shop\/\"},{\"@type\":\"ListItem\",\"position\":3,\"name\":\"Cocktail bar, pastry shop, pizzeria\",\"item\":\"https:\/\/pelin1971.hr\/en\/kategorija-proizvoda\/cocktail-bar-pastry-shop-pizzeria\/\"},{\"@type\":\"ListItem\",\"position\":4,\"name\":\"Cocktail bar\",\"item\":\"https:\/\/pelin1971.hr\/en\/kategorija-proizvoda\/cocktail-bar-pastry-shop-pizzeria\/cocktail-bar\/\"},{\"@type\":\"ListItem\",\"position\":5,\"name\":\"Test tube caps &#8211; plastic and cork\"}]},{\"@type\":\"WebSite\",\"@id\":\"https:\/\/pelin1971.hr\/en\/#website\",\"url\":\"https:\/\/pelin1971.hr\/en\/\",\"name\":\"Pelin1971\",\"description\":\"\",\"potentialAction\":[{\"@type\":\"SearchAction\",\"target\":{\"@type\":\"EntryPoint\",\"urlTemplate\":\"https:\/\/pelin1971.hr\/en\/?s={search_term_string}\"},\"query-input\":{\"@type\":\"PropertyValueSpecification\",\"valueRequired\":true,\"valueName\":\"search_term_string\"}}],\"inLanguage\":\"en-US\"}]}<\/script>\n<!-- \/ Yoast SEO plugin. -->","yoast_head_json":{"title":"Test Tube Stoppers,Cork Test Tube Caps,Plastic Test Tube Stoppers","description":"tube caps,cork tube caps,plastic tube cap,plastic beverage tube with matching stopper,price","robots":{"index":"index","follow":"follow","max-snippet":"max-snippet:-1","max-image-preview":"max-image-preview:large","max-video-preview":"max-video-preview:-1"},"canonical":"https:\/\/pelin1971.hr\/en\/katalog\/test-tube-caps-plastic-and-cork\/","og_locale":"en_US","og_type":"article","og_title":"Test Tube Stoppers,Cork Test Tube Caps,Plastic Test Tube Stoppers","og_description":"tube caps,cork tube caps,plastic tube cap,plastic beverage tube with matching stopper,price","og_url":"https:\/\/pelin1971.hr\/en\/katalog\/test-tube-caps-plastic-and-cork\/","og_site_name":"Pelin1971","article_modified_time":"2025-11-25T09:52:41+00:00","og_image":[{"width":2080,"height":2080,"url":"https:\/\/pelin1971.hr\/wp-content\/uploads\/2025\/11\/pluteni-cepovi-za-epruvete.jpg","type":"image\/jpeg"}],"twitter_card":"summary_large_image","schema":{"@context":"https:\/\/schema.org","@graph":[{"@type":"WebPage","@id":"https:\/\/pelin1971.hr\/en\/katalog\/test-tube-caps-plastic-and-cork\/","url":"https:\/\/pelin1971.hr\/en\/katalog\/test-tube-caps-plastic-and-cork\/","name":"Test Tube Stoppers,Cork Test Tube Caps,Plastic Test Tube Stoppers","isPartOf":{"@id":"https:\/\/pelin1971.hr\/en\/#website"},"primaryImageOfPage":{"@id":"https:\/\/pelin1971.hr\/en\/katalog\/test-tube-caps-plastic-and-cork\/#primaryimage"},"image":{"@id":"https:\/\/pelin1971.hr\/en\/katalog\/test-tube-caps-plastic-and-cork\/#primaryimage"},"thumbnailUrl":"https:\/\/pelin1971.hr\/wp-content\/uploads\/2025\/11\/pluteni-cepovi-za-epruvete.jpg","datePublished":"2025-11-18T16:16:31+00:00","dateModified":"2025-11-25T09:52:41+00:00","description":"tube caps,cork tube caps,plastic tube cap,plastic beverage tube with matching stopper,price","breadcrumb":{"@id":"https:\/\/pelin1971.hr\/en\/katalog\/test-tube-caps-plastic-and-cork\/#breadcrumb"},"inLanguage":"en-US","potentialAction":[{"@type":"ReadAction","target":["https:\/\/pelin1971.hr\/en\/katalog\/test-tube-caps-plastic-and-cork\/"]}]},{"@type":"ImageObject","inLanguage":"en-US","@id":"https:\/\/pelin1971.hr\/en\/katalog\/test-tube-caps-plastic-and-cork\/#primaryimage","url":"https:\/\/pelin1971.hr\/wp-content\/uploads\/2025\/11\/pluteni-cepovi-za-epruvete.jpg","contentUrl":"https:\/\/pelin1971.hr\/wp-content\/uploads\/2025\/11\/pluteni-cepovi-za-epruvete.jpg","width":2080,"height":2080,"caption":"\u010depovi za epruvete ,pluteni \u010depovi za epruvete,plasti\u010dni \u010depovi za epruvete,plasti\u010dna epruveta za pi\u0107e sa pripadaju\u0107im \u010depom,cijena"},{"@type":"BreadcrumbList","@id":"https:\/\/pelin1971.hr\/en\/katalog\/test-tube-caps-plastic-and-cork\/#breadcrumb","itemListElement":[{"@type":"ListItem","position":1,"name":"Home","item":"https:\/\/pelin1971.hr\/en\/"},{"@type":"ListItem","position":2,"name":"Shop","item":"https:\/\/pelin1971.hr\/en\/shop\/"},{"@type":"ListItem","position":3,"name":"Cocktail bar, pastry shop, pizzeria","item":"https:\/\/pelin1971.hr\/en\/kategorija-proizvoda\/cocktail-bar-pastry-shop-pizzeria\/"},{"@type":"ListItem","position":4,"name":"Cocktail bar","item":"https:\/\/pelin1971.hr\/en\/kategorija-proizvoda\/cocktail-bar-pastry-shop-pizzeria\/cocktail-bar\/"},{"@type":"ListItem","position":5,"name":"Test tube caps &#8211; plastic and cork"}]},{"@type":"WebSite","@id":"https:\/\/pelin1971.hr\/en\/#website","url":"https:\/\/pelin1971.hr\/en\/","name":"Pelin1971","description":"","potentialAction":[{"@type":"SearchAction","target":{"@type":"EntryPoint","urlTemplate":"https:\/\/pelin1971.hr\/en\/?s={search_term_string}"},"query-input":{"@type":"PropertyValueSpecification","valueRequired":true,"valueName":"search_term_string"}}],"inLanguage":"en-US"}]}},"_links":{"self":[{"href":"https:\/\/pelin1971.hr\/en\/wp-json\/wp\/v2\/product\/8028","targetHints":{"allow":["GET"]}}],"collection":[{"href":"https:\/\/pelin1971.hr\/en\/wp-json\/wp\/v2\/product"}],"about":[{"href":"https:\/\/pelin1971.hr\/en\/wp-json\/wp\/v2\/types\/product"}],"replies":[{"embeddable":true,"href":"https:\/\/pelin1971.hr\/en\/wp-json\/wp\/v2\/comments?post=8028"}],"wp:featuredmedia":[{"embeddable":true,"href":"https:\/\/pelin1971.hr\/en\/wp-json\/wp\/v2\/media\/8032"}],"wp:attachment":[{"href":"https:\/\/pelin1971.hr\/en\/wp-json\/wp\/v2\/media?parent=8028"}],"wp:term":[{"taxonomy":"product_brand","embeddable":true,"href":"https:\/\/pelin1971.hr\/en\/wp-json\/wp\/v2\/product_brand?post=8028"},{"taxonomy":"product_cat","embeddable":true,"href":"https:\/\/pelin1971.hr\/en\/wp-json\/wp\/v2\/product_cat?post=8028"},{"taxonomy":"product_tag","embeddable":true,"href":"https:\/\/pelin1971.hr\/en\/wp-json\/wp\/v2\/product_tag?post=8028"}],"curies":[{"name":"wp","href":"https:\/\/api.w.org\/{rel}","templated":true}]}}