{"id":7955,"date":"2025-11-18T17:16:22","date_gmt":"2025-11-18T16:16:22","guid":{"rendered":"https:\/\/pelin1971.hr\/katalog\/biodegradable-food-delivery-packaging-menu-box\/"},"modified":"2025-11-25T10:52:41","modified_gmt":"2025-11-25T09:52:41","slug":"biodegradable-food-delivery-packaging-menu-box","status":"publish","type":"product","link":"https:\/\/pelin1971.hr\/en\/katalog\/biodegradable-food-delivery-packaging-menu-box\/","title":{"rendered":"BIODEGRADABLE FOOD DELIVERY PACKAGING &#8211; MENU BOX"},"content":{"rendered":"<h1>BIODEGRADABLE FOOD DELIVERY PACKAGING<\/h1>\n<h5>&#8211; eco packaging for the delivery of various types of food, in various shapes and sizes for various purposes.<\/h5>\n<h5>-kraft menu box for e.g. baking with french fries, kraft burger containers, kraft containers for pastas and salads, kraft containers for wok and pasta, kraft containers for french fries, kraft soup containers, kraft tortilla containers, kraft containers, street food trays, biodegradable cutlery, wrapping papers, paper straws, bags,&#8230;..<\/h5>\n<p>-similar article:  <a href=\"https:\/\/pelin1971.hr\/katalog\/stiroporne-posude-za-dostavu-hranu\/\">XPS Food Containers<\/a><\/p>\n","protected":false},"excerpt":{"rendered":"<p>BIODEGRADABLE FOOD DELIVERY PACKAGING &#8211; eco packaging for the delivery of various types of food, in various shapes and sizes for various purposes. -kraft menu box for e.g. baking with french fries, kraft burger containers, kraft containers for pastas and salads, kraft containers for wok and pasta, kraft containers for french fries, kraft soup containers,<\/p>\n","protected":false},"featured_media":9059,"comment_status":"open","ping_status":"closed","template":"","meta":{"_acf_changed":false},"product_brand":[],"product_cat":[4542],"product_tag":[4395,4396,4393,4394,4397,4398],"class_list":{"0":"post-7955","1":"product","2":"type-product","3":"status-publish","4":"has-post-thumbnail","6":"product_cat-catering-packaging-for-food-cakes-salads","7":"product_tag-bio-packaging-for-food-delivery","8":"product_tag-biodegradable-food-delivery-packaging","9":"product_tag-biodegradable-packaging","10":"product_tag-eco-packaging-for-food-delivery","11":"product_tag-kraft-food-packaging","12":"product_tag-kraft-packaging-for-food-delivery-dishes","14":"first","15":"instock","16":"shipping-taxable","17":"purchasable","18":"product-type-variable"},"acf":[],"yoast_head":"<!-- This site is optimized with the Yoast SEO plugin v26.8 - https:\/\/yoast.com\/product\/yoast-seo-wordpress\/ -->\n<title>Biodegradable Food Delivery Packaging, Eco Packaging, Bio Packaging<\/title>\n<meta name=\"description\" content=\"Biodegradable packaging for food delivery in catering facilities, eco packaging for the delivery of various types of food, in various shapes and sizes, price\" \/>\n<meta name=\"robots\" content=\"index, follow, max-snippet:-1, max-image-preview:large, max-video-preview:-1\" \/>\n<link rel=\"canonical\" href=\"https:\/\/pelin1971.hr\/en\/katalog\/biodegradable-food-delivery-packaging-menu-box\/\" \/>\n<meta property=\"og:locale\" content=\"en_US\" \/>\n<meta property=\"og:type\" content=\"article\" \/>\n<meta property=\"og:title\" content=\"Biodegradable Food Delivery Packaging, Eco Packaging, Bio Packaging\" \/>\n<meta property=\"og:description\" content=\"Biodegradable packaging for food delivery in catering facilities, eco packaging for the delivery of various types of food, in various shapes and sizes, price\" \/>\n<meta property=\"og:url\" content=\"https:\/\/pelin1971.hr\/en\/katalog\/biodegradable-food-delivery-packaging-menu-box\/\" \/>\n<meta property=\"og:site_name\" content=\"Pelin1971\" \/>\n<meta property=\"article:modified_time\" content=\"2025-11-25T09:52:41+00:00\" \/>\n<meta property=\"og:image\" content=\"https:\/\/pelin1971.hr\/wp-content\/uploads\/2025\/11\/craft-menu-box.jpg\" \/>\n\t<meta property=\"og:image:width\" content=\"2080\" \/>\n\t<meta property=\"og:image:height\" content=\"2079\" \/>\n\t<meta property=\"og:image:type\" content=\"image\/jpeg\" \/>\n<meta name=\"twitter:card\" content=\"summary_large_image\" \/>\n<script type=\"application\/ld+json\" class=\"yoast-schema-graph\">{\"@context\":\"https:\/\/schema.org\",\"@graph\":[{\"@type\":\"WebPage\",\"@id\":\"https:\/\/pelin1971.hr\/en\/katalog\/biodegradable-food-delivery-packaging-menu-box\/\",\"url\":\"https:\/\/pelin1971.hr\/en\/katalog\/biodegradable-food-delivery-packaging-menu-box\/\",\"name\":\"Biodegradable Food Delivery Packaging, Eco Packaging, Bio Packaging\",\"isPartOf\":{\"@id\":\"https:\/\/pelin1971.hr\/en\/#website\"},\"primaryImageOfPage\":{\"@id\":\"https:\/\/pelin1971.hr\/en\/katalog\/biodegradable-food-delivery-packaging-menu-box\/#primaryimage\"},\"image\":{\"@id\":\"https:\/\/pelin1971.hr\/en\/katalog\/biodegradable-food-delivery-packaging-menu-box\/#primaryimage\"},\"thumbnailUrl\":\"https:\/\/pelin1971.hr\/wp-content\/uploads\/2021\/07\/craft-menu-box.jpg\",\"datePublished\":\"2025-11-18T16:16:22+00:00\",\"dateModified\":\"2025-11-25T09:52:41+00:00\",\"description\":\"Biodegradable packaging for food delivery in catering facilities, eco packaging for the delivery of various types of food, in various shapes and sizes, price\",\"breadcrumb\":{\"@id\":\"https:\/\/pelin1971.hr\/en\/katalog\/biodegradable-food-delivery-packaging-menu-box\/#breadcrumb\"},\"inLanguage\":\"en-US\",\"potentialAction\":[{\"@type\":\"ReadAction\",\"target\":[\"https:\/\/pelin1971.hr\/en\/katalog\/biodegradable-food-delivery-packaging-menu-box\/\"]}]},{\"@type\":\"ImageObject\",\"inLanguage\":\"en-US\",\"@id\":\"https:\/\/pelin1971.hr\/en\/katalog\/biodegradable-food-delivery-packaging-menu-box\/#primaryimage\",\"url\":\"https:\/\/pelin1971.hr\/wp-content\/uploads\/2021\/07\/craft-menu-box.jpg\",\"contentUrl\":\"https:\/\/pelin1971.hr\/wp-content\/uploads\/2021\/07\/craft-menu-box.jpg\",\"width\":2080,\"height\":2079,\"caption\":\"biorazgradiva ambala\u017ea,craft menu box,eko ambala\u017ea za hranu,bio ambala\u017ea za hranu,biorazgradiva catering ambala\u017ea za dostavu hrane,cijena\"},{\"@type\":\"BreadcrumbList\",\"@id\":\"https:\/\/pelin1971.hr\/en\/katalog\/biodegradable-food-delivery-packaging-menu-box\/#breadcrumb\",\"itemListElement\":[{\"@type\":\"ListItem\",\"position\":1,\"name\":\"Home\",\"item\":\"https:\/\/pelin1971.hr\/en\/\"},{\"@type\":\"ListItem\",\"position\":2,\"name\":\"Shop\",\"item\":\"https:\/\/pelin1971.hr\/en\/shop\/\"},{\"@type\":\"ListItem\",\"position\":3,\"name\":\"Catering packaging\",\"item\":\"https:\/\/pelin1971.hr\/en\/kategorija-proizvoda\/catering-packaging\/\"},{\"@type\":\"ListItem\",\"position\":4,\"name\":\"Catering packaging for food, cakes, salads...\",\"item\":\"https:\/\/pelin1971.hr\/en\/kategorija-proizvoda\/catering-packaging\/catering-packaging-for-food-cakes-salads\/\"},{\"@type\":\"ListItem\",\"position\":5,\"name\":\"BIODEGRADABLE FOOD DELIVERY PACKAGING &#8211; MENU BOX\"}]},{\"@type\":\"WebSite\",\"@id\":\"https:\/\/pelin1971.hr\/en\/#website\",\"url\":\"https:\/\/pelin1971.hr\/en\/\",\"name\":\"Pelin1971\",\"description\":\"\",\"potentialAction\":[{\"@type\":\"SearchAction\",\"target\":{\"@type\":\"EntryPoint\",\"urlTemplate\":\"https:\/\/pelin1971.hr\/en\/?s={search_term_string}\"},\"query-input\":{\"@type\":\"PropertyValueSpecification\",\"valueRequired\":true,\"valueName\":\"search_term_string\"}}],\"inLanguage\":\"en-US\"}]}<\/script>\n<!-- \/ Yoast SEO plugin. -->","yoast_head_json":{"title":"Biodegradable Food Delivery Packaging, Eco Packaging, Bio Packaging","description":"Biodegradable packaging for food delivery in catering facilities, eco packaging for the delivery of various types of food, in various shapes and sizes, price","robots":{"index":"index","follow":"follow","max-snippet":"max-snippet:-1","max-image-preview":"max-image-preview:large","max-video-preview":"max-video-preview:-1"},"canonical":"https:\/\/pelin1971.hr\/en\/katalog\/biodegradable-food-delivery-packaging-menu-box\/","og_locale":"en_US","og_type":"article","og_title":"Biodegradable Food Delivery Packaging, Eco Packaging, Bio Packaging","og_description":"Biodegradable packaging for food delivery in catering facilities, eco packaging for the delivery of various types of food, in various shapes and sizes, price","og_url":"https:\/\/pelin1971.hr\/en\/katalog\/biodegradable-food-delivery-packaging-menu-box\/","og_site_name":"Pelin1971","article_modified_time":"2025-11-25T09:52:41+00:00","og_image":[{"width":2080,"height":2079,"url":"https:\/\/pelin1971.hr\/wp-content\/uploads\/2025\/11\/craft-menu-box.jpg","type":"image\/jpeg"}],"twitter_card":"summary_large_image","schema":{"@context":"https:\/\/schema.org","@graph":[{"@type":"WebPage","@id":"https:\/\/pelin1971.hr\/en\/katalog\/biodegradable-food-delivery-packaging-menu-box\/","url":"https:\/\/pelin1971.hr\/en\/katalog\/biodegradable-food-delivery-packaging-menu-box\/","name":"Biodegradable Food Delivery Packaging, Eco Packaging, Bio Packaging","isPartOf":{"@id":"https:\/\/pelin1971.hr\/en\/#website"},"primaryImageOfPage":{"@id":"https:\/\/pelin1971.hr\/en\/katalog\/biodegradable-food-delivery-packaging-menu-box\/#primaryimage"},"image":{"@id":"https:\/\/pelin1971.hr\/en\/katalog\/biodegradable-food-delivery-packaging-menu-box\/#primaryimage"},"thumbnailUrl":"https:\/\/pelin1971.hr\/wp-content\/uploads\/2021\/07\/craft-menu-box.jpg","datePublished":"2025-11-18T16:16:22+00:00","dateModified":"2025-11-25T09:52:41+00:00","description":"Biodegradable packaging for food delivery in catering facilities, eco packaging for the delivery of various types of food, in various shapes and sizes, price","breadcrumb":{"@id":"https:\/\/pelin1971.hr\/en\/katalog\/biodegradable-food-delivery-packaging-menu-box\/#breadcrumb"},"inLanguage":"en-US","potentialAction":[{"@type":"ReadAction","target":["https:\/\/pelin1971.hr\/en\/katalog\/biodegradable-food-delivery-packaging-menu-box\/"]}]},{"@type":"ImageObject","inLanguage":"en-US","@id":"https:\/\/pelin1971.hr\/en\/katalog\/biodegradable-food-delivery-packaging-menu-box\/#primaryimage","url":"https:\/\/pelin1971.hr\/wp-content\/uploads\/2021\/07\/craft-menu-box.jpg","contentUrl":"https:\/\/pelin1971.hr\/wp-content\/uploads\/2021\/07\/craft-menu-box.jpg","width":2080,"height":2079,"caption":"biorazgradiva ambala\u017ea,craft menu box,eko ambala\u017ea za hranu,bio ambala\u017ea za hranu,biorazgradiva catering ambala\u017ea za dostavu hrane,cijena"},{"@type":"BreadcrumbList","@id":"https:\/\/pelin1971.hr\/en\/katalog\/biodegradable-food-delivery-packaging-menu-box\/#breadcrumb","itemListElement":[{"@type":"ListItem","position":1,"name":"Home","item":"https:\/\/pelin1971.hr\/en\/"},{"@type":"ListItem","position":2,"name":"Shop","item":"https:\/\/pelin1971.hr\/en\/shop\/"},{"@type":"ListItem","position":3,"name":"Catering packaging","item":"https:\/\/pelin1971.hr\/en\/kategorija-proizvoda\/catering-packaging\/"},{"@type":"ListItem","position":4,"name":"Catering packaging for food, cakes, salads...","item":"https:\/\/pelin1971.hr\/en\/kategorija-proizvoda\/catering-packaging\/catering-packaging-for-food-cakes-salads\/"},{"@type":"ListItem","position":5,"name":"BIODEGRADABLE FOOD DELIVERY PACKAGING &#8211; MENU BOX"}]},{"@type":"WebSite","@id":"https:\/\/pelin1971.hr\/en\/#website","url":"https:\/\/pelin1971.hr\/en\/","name":"Pelin1971","description":"","potentialAction":[{"@type":"SearchAction","target":{"@type":"EntryPoint","urlTemplate":"https:\/\/pelin1971.hr\/en\/?s={search_term_string}"},"query-input":{"@type":"PropertyValueSpecification","valueRequired":true,"valueName":"search_term_string"}}],"inLanguage":"en-US"}]}},"_links":{"self":[{"href":"https:\/\/pelin1971.hr\/en\/wp-json\/wp\/v2\/product\/7955","targetHints":{"allow":["GET"]}}],"collection":[{"href":"https:\/\/pelin1971.hr\/en\/wp-json\/wp\/v2\/product"}],"about":[{"href":"https:\/\/pelin1971.hr\/en\/wp-json\/wp\/v2\/types\/product"}],"replies":[{"embeddable":true,"href":"https:\/\/pelin1971.hr\/en\/wp-json\/wp\/v2\/comments?post=7955"}],"wp:featuredmedia":[{"embeddable":true,"href":"https:\/\/pelin1971.hr\/en\/wp-json\/wp\/v2\/media\/9059"}],"wp:attachment":[{"href":"https:\/\/pelin1971.hr\/en\/wp-json\/wp\/v2\/media?parent=7955"}],"wp:term":[{"taxonomy":"product_brand","embeddable":true,"href":"https:\/\/pelin1971.hr\/en\/wp-json\/wp\/v2\/product_brand?post=7955"},{"taxonomy":"product_cat","embeddable":true,"href":"https:\/\/pelin1971.hr\/en\/wp-json\/wp\/v2\/product_cat?post=7955"},{"taxonomy":"product_tag","embeddable":true,"href":"https:\/\/pelin1971.hr\/en\/wp-json\/wp\/v2\/product_tag?post=7955"}],"curies":[{"name":"wp","href":"https:\/\/api.w.org\/{rel}","templated":true}]}}