{"id":7858,"date":"2025-11-18T17:18:13","date_gmt":"2025-11-18T16:18:13","guid":{"rendered":"https:\/\/pelin1971.hr\/katalog\/catering-white-sugar-with-logo-inscription-printing\/"},"modified":"2025-11-25T10:49:12","modified_gmt":"2025-11-25T09:49:12","slug":"catering-white-sugar-with-logo-inscription-printing","status":"publish","type":"product","link":"https:\/\/pelin1971.hr\/en\/katalog\/catering-white-sugar-with-logo-inscription-printing\/","title":{"rendered":"CATERING WHITE SUGAR WITH LOGO, INSCRIPTION, PRINTING"},"content":{"rendered":"<h1>Catering white sugar with your logo, inscription<\/h1>\n<p>-free printing of your logo on sugar bags<br \/>\n-use sugar bags for branding your premises, products, etc.<br \/>\n&#8211; advertising sugar, promotional sugar, serving sugar, catering sugar in bags with custom printing<br \/>\n-packaged in bags of 3g, 4g and 5g<br \/>\n-similar item in our assortment:  <a href=\"https:\/\/pelin1971.hr\/katalog\/ugostiteljski-smedi-secer-5g\/\">CATERING BROWN SUGAR<\/a><\/p>\n","protected":false},"excerpt":{"rendered":"<p>Catering white sugar with your logo, inscription -free printing of your logo on sugar bags -use sugar bags for branding your premises, products, etc. &#8211; advertising sugar, promotional sugar, serving sugar, catering sugar in bags with custom printing -packaged in bags of 3g, 4g and 5g -similar item in our assortment: CATERING BROWN SUGAR<\/p>\n","protected":false},"featured_media":8908,"comment_status":"open","ping_status":"closed","template":"","meta":{"_acf_changed":false},"product_brand":[],"product_cat":[4581],"product_tag":[4247,4248,4250],"class_list":{"0":"post-7858","1":"product","2":"type-product","3":"status-publish","4":"has-post-thumbnail","6":"product_cat-printing-and-packaging","7":"product_tag-catering-white-sugar","8":"product_tag-white-sugar-in-bags","9":"product_tag-white-sugar-with-print","11":"first","12":"instock","13":"shipping-taxable","14":"purchasable","15":"product-type-simple"},"acf":[],"yoast_head":"<!-- This site is optimized with the Yoast SEO plugin v26.8 - https:\/\/yoast.com\/product\/yoast-seo-wordpress\/ -->\n<title>Catering white sugar with logo, inscription, print<\/title>\n<meta name=\"description\" content=\"catering white sugar in bags with logo, white sugar with inscription, gastro white sugar with print, advertising sugar, serving sugar, price\" \/>\n<meta name=\"robots\" content=\"index, follow, max-snippet:-1, max-image-preview:large, max-video-preview:-1\" \/>\n<link rel=\"canonical\" href=\"https:\/\/pelin1971.hr\/en\/katalog\/catering-white-sugar-with-logo-inscription-printing\/\" \/>\n<meta property=\"og:locale\" content=\"en_US\" \/>\n<meta property=\"og:type\" content=\"article\" \/>\n<meta property=\"og:title\" content=\"Catering white sugar with logo, inscription, print\" \/>\n<meta property=\"og:description\" content=\"catering white sugar in bags with logo, white sugar with inscription, gastro white sugar with print, advertising sugar, serving sugar, price\" \/>\n<meta property=\"og:url\" content=\"https:\/\/pelin1971.hr\/en\/katalog\/catering-white-sugar-with-logo-inscription-printing\/\" \/>\n<meta property=\"og:site_name\" content=\"Pelin1971\" \/>\n<meta property=\"article:modified_time\" content=\"2025-11-25T09:49:12+00:00\" \/>\n<meta property=\"og:image\" content=\"https:\/\/pelin1971.hr\/wp-content\/uploads\/2025\/11\/bijeli-secer-glavna-slika.jpg\" \/>\n\t<meta property=\"og:image:width\" content=\"2079\" \/>\n\t<meta property=\"og:image:height\" content=\"2079\" \/>\n\t<meta property=\"og:image:type\" content=\"image\/jpeg\" \/>\n<meta name=\"twitter:card\" content=\"summary_large_image\" \/>\n<script type=\"application\/ld+json\" class=\"yoast-schema-graph\">{\"@context\":\"https:\/\/schema.org\",\"@graph\":[{\"@type\":\"WebPage\",\"@id\":\"https:\/\/pelin1971.hr\/en\/katalog\/catering-white-sugar-with-logo-inscription-printing\/\",\"url\":\"https:\/\/pelin1971.hr\/en\/katalog\/catering-white-sugar-with-logo-inscription-printing\/\",\"name\":\"Catering white sugar with logo, inscription, print\",\"isPartOf\":{\"@id\":\"https:\/\/pelin1971.hr\/en\/#website\"},\"primaryImageOfPage\":{\"@id\":\"https:\/\/pelin1971.hr\/en\/katalog\/catering-white-sugar-with-logo-inscription-printing\/#primaryimage\"},\"image\":{\"@id\":\"https:\/\/pelin1971.hr\/en\/katalog\/catering-white-sugar-with-logo-inscription-printing\/#primaryimage\"},\"thumbnailUrl\":\"https:\/\/pelin1971.hr\/wp-content\/uploads\/2024\/02\/bijeli-\u0161e\u0107er-glavna-slika.jpg\",\"datePublished\":\"2025-11-18T16:18:13+00:00\",\"dateModified\":\"2025-11-25T09:49:12+00:00\",\"description\":\"catering white sugar in bags with logo, white sugar with inscription, gastro white sugar with print, advertising sugar, serving sugar, price\",\"breadcrumb\":{\"@id\":\"https:\/\/pelin1971.hr\/en\/katalog\/catering-white-sugar-with-logo-inscription-printing\/#breadcrumb\"},\"inLanguage\":\"en-US\",\"potentialAction\":[{\"@type\":\"ReadAction\",\"target\":[\"https:\/\/pelin1971.hr\/en\/katalog\/catering-white-sugar-with-logo-inscription-printing\/\"]}]},{\"@type\":\"ImageObject\",\"inLanguage\":\"en-US\",\"@id\":\"https:\/\/pelin1971.hr\/en\/katalog\/catering-white-sugar-with-logo-inscription-printing\/#primaryimage\",\"url\":\"https:\/\/pelin1971.hr\/wp-content\/uploads\/2024\/02\/bijeli-\u0161e\u0107er-glavna-slika.jpg\",\"contentUrl\":\"https:\/\/pelin1971.hr\/wp-content\/uploads\/2024\/02\/bijeli-\u0161e\u0107er-glavna-slika.jpg\",\"width\":2079,\"height\":2079,\"caption\":\"ugostiteljski bijeli \u0161e\u0107er s logotipom,pakiranje ugostiteljskog \u0161e\u0107era u vre\u0107icama,reklamni \u0161e\u0107er s tiskom,natpisom,logotipom,servirni \u0161e\u0107er bijeli,promotivni \u0161e\u0107er,cijena\"},{\"@type\":\"BreadcrumbList\",\"@id\":\"https:\/\/pelin1971.hr\/en\/katalog\/catering-white-sugar-with-logo-inscription-printing\/#breadcrumb\",\"itemListElement\":[{\"@type\":\"ListItem\",\"position\":1,\"name\":\"Home\",\"item\":\"https:\/\/pelin1971.hr\/en\/\"},{\"@type\":\"ListItem\",\"position\":2,\"name\":\"Shop\",\"item\":\"https:\/\/pelin1971.hr\/en\/shop\/\"},{\"@type\":\"ListItem\",\"position\":3,\"name\":\"Printing and packaging\",\"item\":\"https:\/\/pelin1971.hr\/en\/kategorija-proizvoda\/printing-and-packaging\/\"},{\"@type\":\"ListItem\",\"position\":4,\"name\":\"CATERING WHITE SUGAR WITH LOGO, INSCRIPTION, PRINTING\"}]},{\"@type\":\"WebSite\",\"@id\":\"https:\/\/pelin1971.hr\/en\/#website\",\"url\":\"https:\/\/pelin1971.hr\/en\/\",\"name\":\"Pelin1971\",\"description\":\"\",\"potentialAction\":[{\"@type\":\"SearchAction\",\"target\":{\"@type\":\"EntryPoint\",\"urlTemplate\":\"https:\/\/pelin1971.hr\/en\/?s={search_term_string}\"},\"query-input\":{\"@type\":\"PropertyValueSpecification\",\"valueRequired\":true,\"valueName\":\"search_term_string\"}}],\"inLanguage\":\"en-US\"}]}<\/script>\n<!-- \/ Yoast SEO plugin. -->","yoast_head_json":{"title":"Catering white sugar with logo, inscription, print","description":"catering white sugar in bags with logo, white sugar with inscription, gastro white sugar with print, advertising sugar, serving sugar, price","robots":{"index":"index","follow":"follow","max-snippet":"max-snippet:-1","max-image-preview":"max-image-preview:large","max-video-preview":"max-video-preview:-1"},"canonical":"https:\/\/pelin1971.hr\/en\/katalog\/catering-white-sugar-with-logo-inscription-printing\/","og_locale":"en_US","og_type":"article","og_title":"Catering white sugar with logo, inscription, print","og_description":"catering white sugar in bags with logo, white sugar with inscription, gastro white sugar with print, advertising sugar, serving sugar, price","og_url":"https:\/\/pelin1971.hr\/en\/katalog\/catering-white-sugar-with-logo-inscription-printing\/","og_site_name":"Pelin1971","article_modified_time":"2025-11-25T09:49:12+00:00","og_image":[{"width":2079,"height":2079,"url":"https:\/\/pelin1971.hr\/wp-content\/uploads\/2025\/11\/bijeli-secer-glavna-slika.jpg","type":"image\/jpeg"}],"twitter_card":"summary_large_image","schema":{"@context":"https:\/\/schema.org","@graph":[{"@type":"WebPage","@id":"https:\/\/pelin1971.hr\/en\/katalog\/catering-white-sugar-with-logo-inscription-printing\/","url":"https:\/\/pelin1971.hr\/en\/katalog\/catering-white-sugar-with-logo-inscription-printing\/","name":"Catering white sugar with logo, inscription, print","isPartOf":{"@id":"https:\/\/pelin1971.hr\/en\/#website"},"primaryImageOfPage":{"@id":"https:\/\/pelin1971.hr\/en\/katalog\/catering-white-sugar-with-logo-inscription-printing\/#primaryimage"},"image":{"@id":"https:\/\/pelin1971.hr\/en\/katalog\/catering-white-sugar-with-logo-inscription-printing\/#primaryimage"},"thumbnailUrl":"https:\/\/pelin1971.hr\/wp-content\/uploads\/2024\/02\/bijeli-\u0161e\u0107er-glavna-slika.jpg","datePublished":"2025-11-18T16:18:13+00:00","dateModified":"2025-11-25T09:49:12+00:00","description":"catering white sugar in bags with logo, white sugar with inscription, gastro white sugar with print, advertising sugar, serving sugar, price","breadcrumb":{"@id":"https:\/\/pelin1971.hr\/en\/katalog\/catering-white-sugar-with-logo-inscription-printing\/#breadcrumb"},"inLanguage":"en-US","potentialAction":[{"@type":"ReadAction","target":["https:\/\/pelin1971.hr\/en\/katalog\/catering-white-sugar-with-logo-inscription-printing\/"]}]},{"@type":"ImageObject","inLanguage":"en-US","@id":"https:\/\/pelin1971.hr\/en\/katalog\/catering-white-sugar-with-logo-inscription-printing\/#primaryimage","url":"https:\/\/pelin1971.hr\/wp-content\/uploads\/2024\/02\/bijeli-\u0161e\u0107er-glavna-slika.jpg","contentUrl":"https:\/\/pelin1971.hr\/wp-content\/uploads\/2024\/02\/bijeli-\u0161e\u0107er-glavna-slika.jpg","width":2079,"height":2079,"caption":"ugostiteljski bijeli \u0161e\u0107er s logotipom,pakiranje ugostiteljskog \u0161e\u0107era u vre\u0107icama,reklamni \u0161e\u0107er s tiskom,natpisom,logotipom,servirni \u0161e\u0107er bijeli,promotivni \u0161e\u0107er,cijena"},{"@type":"BreadcrumbList","@id":"https:\/\/pelin1971.hr\/en\/katalog\/catering-white-sugar-with-logo-inscription-printing\/#breadcrumb","itemListElement":[{"@type":"ListItem","position":1,"name":"Home","item":"https:\/\/pelin1971.hr\/en\/"},{"@type":"ListItem","position":2,"name":"Shop","item":"https:\/\/pelin1971.hr\/en\/shop\/"},{"@type":"ListItem","position":3,"name":"Printing and packaging","item":"https:\/\/pelin1971.hr\/en\/kategorija-proizvoda\/printing-and-packaging\/"},{"@type":"ListItem","position":4,"name":"CATERING WHITE SUGAR WITH LOGO, INSCRIPTION, PRINTING"}]},{"@type":"WebSite","@id":"https:\/\/pelin1971.hr\/en\/#website","url":"https:\/\/pelin1971.hr\/en\/","name":"Pelin1971","description":"","potentialAction":[{"@type":"SearchAction","target":{"@type":"EntryPoint","urlTemplate":"https:\/\/pelin1971.hr\/en\/?s={search_term_string}"},"query-input":{"@type":"PropertyValueSpecification","valueRequired":true,"valueName":"search_term_string"}}],"inLanguage":"en-US"}]}},"_links":{"self":[{"href":"https:\/\/pelin1971.hr\/en\/wp-json\/wp\/v2\/product\/7858","targetHints":{"allow":["GET"]}}],"collection":[{"href":"https:\/\/pelin1971.hr\/en\/wp-json\/wp\/v2\/product"}],"about":[{"href":"https:\/\/pelin1971.hr\/en\/wp-json\/wp\/v2\/types\/product"}],"replies":[{"embeddable":true,"href":"https:\/\/pelin1971.hr\/en\/wp-json\/wp\/v2\/comments?post=7858"}],"wp:featuredmedia":[{"embeddable":true,"href":"https:\/\/pelin1971.hr\/en\/wp-json\/wp\/v2\/media\/8908"}],"wp:attachment":[{"href":"https:\/\/pelin1971.hr\/en\/wp-json\/wp\/v2\/media?parent=7858"}],"wp:term":[{"taxonomy":"product_brand","embeddable":true,"href":"https:\/\/pelin1971.hr\/en\/wp-json\/wp\/v2\/product_brand?post=7858"},{"taxonomy":"product_cat","embeddable":true,"href":"https:\/\/pelin1971.hr\/en\/wp-json\/wp\/v2\/product_cat?post=7858"},{"taxonomy":"product_tag","embeddable":true,"href":"https:\/\/pelin1971.hr\/en\/wp-json\/wp\/v2\/product_tag?post=7858"}],"curies":[{"name":"wp","href":"https:\/\/api.w.org\/{rel}","templated":true}]}}