{"id":7850,"date":"2025-11-18T17:18:03","date_gmt":"2025-11-18T16:18:03","guid":{"rendered":"https:\/\/pelin1971.hr\/katalog\/casablanca-glasses-0-269-wh\/"},"modified":"2025-11-25T10:49:15","modified_gmt":"2025-11-25T09:49:15","slug":"casablanca-glasses-0-269-wh","status":"publish","type":"product","link":"https:\/\/pelin1971.hr\/en\/katalog\/casablanca-glasses-0-269-wh\/","title":{"rendered":"CASABLANCA GLASSES 0.269 wh"},"content":{"rendered":"<h1>CASABLANCA GLASSES 0.269 WHISKEY<\/h1>\n<p>&#8211; purpose: for serving alcoholic beverages (whiskey,&#8230;), cocktails and the like<br \/>\n-manufacturer: Pasabahce<br \/>\n-packaging: 12\/1<br \/>\n-similar article:  <a href=\"https:\/\/pelin1971.hr\/katalog\/case-marocco-whiskey\/\">glasses morocco 0.23<\/a><\/p>\n","protected":false},"excerpt":{"rendered":"<p>CASABLANCA GLASSES 0.269 WHISKEY &#8211; purpose: for serving alcoholic beverages (whiskey,&#8230;), cocktails and the like -manufacturer: Pasabahce -packaging: 12\/1 -similar article: glasses morocco 0.23<\/p>\n","protected":false},"featured_media":8947,"comment_status":"open","ping_status":"closed","template":"","meta":{"_acf_changed":false},"product_brand":[],"product_cat":[4547,4594,4597],"product_tag":[4236],"class_list":{"0":"post-7850","1":"product","2":"type-product","3":"status-publish","4":"has-post-thumbnail","6":"product_cat-cocktail-bar","7":"product_cat-aperitif-glasses","8":"product_cat-casablanca-glasses-morocco","9":"product_tag-glasses-of-casablanca-whiskey","11":"first","12":"instock","13":"shipping-taxable","14":"purchasable","15":"product-type-simple"},"acf":[],"yoast_head":"<!-- This site is optimized with the Yoast SEO plugin v26.8 - https:\/\/yoast.com\/product\/yoast-seo-wordpress\/ -->\n<title>Casablanca glasses 0.26 whiskey for catering, etc.<\/title>\n<meta name=\"description\" content=\"Casablanca glasses 0.26 whiskey for serving drinks in the catering industry, glass glasses for serving alcoholic beverages, mixed drinks, water and the like, price\" \/>\n<meta name=\"robots\" content=\"index, follow, max-snippet:-1, max-image-preview:large, max-video-preview:-1\" \/>\n<link rel=\"canonical\" href=\"https:\/\/pelin1971.hr\/en\/katalog\/casablanca-glasses-0-269-wh\/\" \/>\n<meta property=\"og:locale\" content=\"en_US\" \/>\n<meta property=\"og:type\" content=\"article\" \/>\n<meta property=\"og:title\" content=\"Casablanca glasses 0.26 whiskey for catering, etc.\" \/>\n<meta property=\"og:description\" content=\"Casablanca glasses 0.26 whiskey for serving drinks in the catering industry, glass glasses for serving alcoholic beverages, mixed drinks, water and the like, price\" \/>\n<meta property=\"og:url\" content=\"https:\/\/pelin1971.hr\/en\/katalog\/casablanca-glasses-0-269-wh\/\" \/>\n<meta property=\"og:site_name\" content=\"Pelin1971\" \/>\n<meta property=\"article:modified_time\" content=\"2025-11-25T09:49:15+00:00\" \/>\n<meta property=\"og:image\" content=\"https:\/\/pelin1971.hr\/wp-content\/uploads\/2025\/11\/casablanca-maroco_026-za-web.jpg\" \/>\n\t<meta property=\"og:image:width\" content=\"2082\" \/>\n\t<meta property=\"og:image:height\" content=\"2082\" \/>\n\t<meta property=\"og:image:type\" content=\"image\/jpeg\" \/>\n<meta name=\"twitter:card\" content=\"summary_large_image\" \/>\n<script type=\"application\/ld+json\" class=\"yoast-schema-graph\">{\"@context\":\"https:\/\/schema.org\",\"@graph\":[{\"@type\":\"WebPage\",\"@id\":\"https:\/\/pelin1971.hr\/en\/katalog\/casablanca-glasses-0-269-wh\/\",\"url\":\"https:\/\/pelin1971.hr\/en\/katalog\/casablanca-glasses-0-269-wh\/\",\"name\":\"Casablanca glasses 0.26 whiskey for catering, etc.\",\"isPartOf\":{\"@id\":\"https:\/\/pelin1971.hr\/en\/#website\"},\"primaryImageOfPage\":{\"@id\":\"https:\/\/pelin1971.hr\/en\/katalog\/casablanca-glasses-0-269-wh\/#primaryimage\"},\"image\":{\"@id\":\"https:\/\/pelin1971.hr\/en\/katalog\/casablanca-glasses-0-269-wh\/#primaryimage\"},\"thumbnailUrl\":\"https:\/\/pelin1971.hr\/wp-content\/uploads\/2016\/02\/casablanca-maroco_026-za-web.jpg\",\"datePublished\":\"2025-11-18T16:18:03+00:00\",\"dateModified\":\"2025-11-25T09:49:15+00:00\",\"description\":\"Casablanca glasses 0.26 whiskey for serving drinks in the catering industry, glass glasses for serving alcoholic beverages, mixed drinks, water and the like, price\",\"breadcrumb\":{\"@id\":\"https:\/\/pelin1971.hr\/en\/katalog\/casablanca-glasses-0-269-wh\/#breadcrumb\"},\"inLanguage\":\"en-US\",\"potentialAction\":[{\"@type\":\"ReadAction\",\"target\":[\"https:\/\/pelin1971.hr\/en\/katalog\/casablanca-glasses-0-269-wh\/\"]}]},{\"@type\":\"ImageObject\",\"inLanguage\":\"en-US\",\"@id\":\"https:\/\/pelin1971.hr\/en\/katalog\/casablanca-glasses-0-269-wh\/#primaryimage\",\"url\":\"https:\/\/pelin1971.hr\/wp-content\/uploads\/2016\/02\/casablanca-maroco_026-za-web.jpg\",\"contentUrl\":\"https:\/\/pelin1971.hr\/wp-content\/uploads\/2016\/02\/casablanca-maroco_026-za-web.jpg\",\"width\":2082,\"height\":2082,\"caption\":\"tvrde plasti\u010dne \u010da\u0161e,polikarbonatne,polistirenske,cijena\"},{\"@type\":\"BreadcrumbList\",\"@id\":\"https:\/\/pelin1971.hr\/en\/katalog\/casablanca-glasses-0-269-wh\/#breadcrumb\",\"itemListElement\":[{\"@type\":\"ListItem\",\"position\":1,\"name\":\"Home\",\"item\":\"https:\/\/pelin1971.hr\/en\/\"},{\"@type\":\"ListItem\",\"position\":2,\"name\":\"Shop\",\"item\":\"https:\/\/pelin1971.hr\/en\/shop\/\"},{\"@type\":\"ListItem\",\"position\":3,\"name\":\"Glasses for catering I\",\"item\":\"https:\/\/pelin1971.hr\/en\/kategorija-proizvoda\/glasses-for-catering-i\/\"},{\"@type\":\"ListItem\",\"position\":4,\"name\":\"Casablanca glasses - Morocco\",\"item\":\"https:\/\/pelin1971.hr\/en\/kategorija-proizvoda\/glasses-for-catering-i\/casablanca-glasses-morocco\/\"},{\"@type\":\"ListItem\",\"position\":5,\"name\":\"CASABLANCA GLASSES 0.269 wh\"}]},{\"@type\":\"WebSite\",\"@id\":\"https:\/\/pelin1971.hr\/en\/#website\",\"url\":\"https:\/\/pelin1971.hr\/en\/\",\"name\":\"Pelin1971\",\"description\":\"\",\"potentialAction\":[{\"@type\":\"SearchAction\",\"target\":{\"@type\":\"EntryPoint\",\"urlTemplate\":\"https:\/\/pelin1971.hr\/en\/?s={search_term_string}\"},\"query-input\":{\"@type\":\"PropertyValueSpecification\",\"valueRequired\":true,\"valueName\":\"search_term_string\"}}],\"inLanguage\":\"en-US\"}]}<\/script>\n<!-- \/ Yoast SEO plugin. -->","yoast_head_json":{"title":"Casablanca glasses 0.26 whiskey for catering, etc.","description":"Casablanca glasses 0.26 whiskey for serving drinks in the catering industry, glass glasses for serving alcoholic beverages, mixed drinks, water and the like, price","robots":{"index":"index","follow":"follow","max-snippet":"max-snippet:-1","max-image-preview":"max-image-preview:large","max-video-preview":"max-video-preview:-1"},"canonical":"https:\/\/pelin1971.hr\/en\/katalog\/casablanca-glasses-0-269-wh\/","og_locale":"en_US","og_type":"article","og_title":"Casablanca glasses 0.26 whiskey for catering, etc.","og_description":"Casablanca glasses 0.26 whiskey for serving drinks in the catering industry, glass glasses for serving alcoholic beverages, mixed drinks, water and the like, price","og_url":"https:\/\/pelin1971.hr\/en\/katalog\/casablanca-glasses-0-269-wh\/","og_site_name":"Pelin1971","article_modified_time":"2025-11-25T09:49:15+00:00","og_image":[{"width":2082,"height":2082,"url":"https:\/\/pelin1971.hr\/wp-content\/uploads\/2025\/11\/casablanca-maroco_026-za-web.jpg","type":"image\/jpeg"}],"twitter_card":"summary_large_image","schema":{"@context":"https:\/\/schema.org","@graph":[{"@type":"WebPage","@id":"https:\/\/pelin1971.hr\/en\/katalog\/casablanca-glasses-0-269-wh\/","url":"https:\/\/pelin1971.hr\/en\/katalog\/casablanca-glasses-0-269-wh\/","name":"Casablanca glasses 0.26 whiskey for catering, etc.","isPartOf":{"@id":"https:\/\/pelin1971.hr\/en\/#website"},"primaryImageOfPage":{"@id":"https:\/\/pelin1971.hr\/en\/katalog\/casablanca-glasses-0-269-wh\/#primaryimage"},"image":{"@id":"https:\/\/pelin1971.hr\/en\/katalog\/casablanca-glasses-0-269-wh\/#primaryimage"},"thumbnailUrl":"https:\/\/pelin1971.hr\/wp-content\/uploads\/2016\/02\/casablanca-maroco_026-za-web.jpg","datePublished":"2025-11-18T16:18:03+00:00","dateModified":"2025-11-25T09:49:15+00:00","description":"Casablanca glasses 0.26 whiskey for serving drinks in the catering industry, glass glasses for serving alcoholic beverages, mixed drinks, water and the like, price","breadcrumb":{"@id":"https:\/\/pelin1971.hr\/en\/katalog\/casablanca-glasses-0-269-wh\/#breadcrumb"},"inLanguage":"en-US","potentialAction":[{"@type":"ReadAction","target":["https:\/\/pelin1971.hr\/en\/katalog\/casablanca-glasses-0-269-wh\/"]}]},{"@type":"ImageObject","inLanguage":"en-US","@id":"https:\/\/pelin1971.hr\/en\/katalog\/casablanca-glasses-0-269-wh\/#primaryimage","url":"https:\/\/pelin1971.hr\/wp-content\/uploads\/2016\/02\/casablanca-maroco_026-za-web.jpg","contentUrl":"https:\/\/pelin1971.hr\/wp-content\/uploads\/2016\/02\/casablanca-maroco_026-za-web.jpg","width":2082,"height":2082,"caption":"tvrde plasti\u010dne \u010da\u0161e,polikarbonatne,polistirenske,cijena"},{"@type":"BreadcrumbList","@id":"https:\/\/pelin1971.hr\/en\/katalog\/casablanca-glasses-0-269-wh\/#breadcrumb","itemListElement":[{"@type":"ListItem","position":1,"name":"Home","item":"https:\/\/pelin1971.hr\/en\/"},{"@type":"ListItem","position":2,"name":"Shop","item":"https:\/\/pelin1971.hr\/en\/shop\/"},{"@type":"ListItem","position":3,"name":"Glasses for catering I","item":"https:\/\/pelin1971.hr\/en\/kategorija-proizvoda\/glasses-for-catering-i\/"},{"@type":"ListItem","position":4,"name":"Casablanca glasses - Morocco","item":"https:\/\/pelin1971.hr\/en\/kategorija-proizvoda\/glasses-for-catering-i\/casablanca-glasses-morocco\/"},{"@type":"ListItem","position":5,"name":"CASABLANCA GLASSES 0.269 wh"}]},{"@type":"WebSite","@id":"https:\/\/pelin1971.hr\/en\/#website","url":"https:\/\/pelin1971.hr\/en\/","name":"Pelin1971","description":"","potentialAction":[{"@type":"SearchAction","target":{"@type":"EntryPoint","urlTemplate":"https:\/\/pelin1971.hr\/en\/?s={search_term_string}"},"query-input":{"@type":"PropertyValueSpecification","valueRequired":true,"valueName":"search_term_string"}}],"inLanguage":"en-US"}]}},"_links":{"self":[{"href":"https:\/\/pelin1971.hr\/en\/wp-json\/wp\/v2\/product\/7850","targetHints":{"allow":["GET"]}}],"collection":[{"href":"https:\/\/pelin1971.hr\/en\/wp-json\/wp\/v2\/product"}],"about":[{"href":"https:\/\/pelin1971.hr\/en\/wp-json\/wp\/v2\/types\/product"}],"replies":[{"embeddable":true,"href":"https:\/\/pelin1971.hr\/en\/wp-json\/wp\/v2\/comments?post=7850"}],"wp:featuredmedia":[{"embeddable":true,"href":"https:\/\/pelin1971.hr\/en\/wp-json\/wp\/v2\/media\/8947"}],"wp:attachment":[{"href":"https:\/\/pelin1971.hr\/en\/wp-json\/wp\/v2\/media?parent=7850"}],"wp:term":[{"taxonomy":"product_brand","embeddable":true,"href":"https:\/\/pelin1971.hr\/en\/wp-json\/wp\/v2\/product_brand?post=7850"},{"taxonomy":"product_cat","embeddable":true,"href":"https:\/\/pelin1971.hr\/en\/wp-json\/wp\/v2\/product_cat?post=7850"},{"taxonomy":"product_tag","embeddable":true,"href":"https:\/\/pelin1971.hr\/en\/wp-json\/wp\/v2\/product_tag?post=7850"}],"curies":[{"name":"wp","href":"https:\/\/api.w.org\/{rel}","templated":true}]}}