{"id":7842,"date":"2025-11-18T17:18:02","date_gmt":"2025-11-18T16:18:02","guid":{"rendered":"https:\/\/pelin1971.hr\/katalog\/shot-glass-3-4cl\/"},"modified":"2025-11-25T10:49:32","modified_gmt":"2025-11-25T09:49:32","slug":"shot-glass-3-4cl","status":"publish","type":"product","link":"https:\/\/pelin1971.hr\/en\/katalog\/shot-glass-3-4cl\/","title":{"rendered":"SHOT GLASS 3.4cl"},"content":{"rendered":"<h1>SHOT GLASS 3.4cl<\/h1>\n<p>-glasses for dum dum tequila, vodka,&#8230;brandy,&#8230;mini cocktails and similar drinks in the catering industry<br \/>\n-volume: 3.4cl<br \/>\n-packaging 96\/1<\/p>\n","protected":false},"excerpt":{"rendered":"<p>SHOT GLASS 3.4cl -glasses for dum dum tequila, vodka,&#8230;brandy,&#8230;mini cocktails and similar drinks in the catering industry -volume: 3.4cl -packaging 96\/1<\/p>\n","protected":false},"featured_media":9922,"comment_status":"open","ping_status":"closed","template":"","meta":{"_acf_changed":false},"product_brand":[],"product_cat":[4547,4589,4598],"product_tag":[4224,4668],"class_list":{"0":"post-7842","1":"product","2":"type-product","3":"status-publish","4":"has-post-thumbnail","6":"product_cat-cocktail-bar","7":"product_cat-other-glasses","8":"product_cat-cocktail-glasses","9":"product_tag-cocktail-shot-glasses","10":"product_tag-cocktail-shot-glasses-2","12":"first","13":"instock","14":"shipping-taxable","15":"purchasable","16":"product-type-variable"},"acf":[],"yoast_head":"<!-- This site is optimized with the Yoast SEO plugin v26.8 - https:\/\/yoast.com\/product\/yoast-seo-wordpress\/ -->\n<title>Cocktail shot glasses, dum dum tequila, vodka,...brandy,...<\/title>\n<meta name=\"description\" content=\"Cocktail shot glasses, glasses for dum dum tequila, vodka,...brandy,...mini cocktails and similar drinks in the catering industry, brandy glasses, price\" \/>\n<meta name=\"robots\" content=\"index, follow, max-snippet:-1, max-image-preview:large, max-video-preview:-1\" \/>\n<link rel=\"canonical\" href=\"https:\/\/pelin1971.hr\/en\/katalog\/shot-glass-3-4cl\/\" \/>\n<meta property=\"og:locale\" content=\"en_US\" \/>\n<meta property=\"og:type\" content=\"article\" \/>\n<meta property=\"og:title\" content=\"Cocktail shot glasses, dum dum tequila, vodka,...brandy,...\" \/>\n<meta property=\"og:description\" content=\"Cocktail shot glasses, glasses for dum dum tequila, vodka,...brandy,...mini cocktails and similar drinks in the catering industry, brandy glasses, price\" \/>\n<meta property=\"og:url\" content=\"https:\/\/pelin1971.hr\/en\/katalog\/shot-glass-3-4cl\/\" \/>\n<meta property=\"og:site_name\" content=\"Pelin1971\" \/>\n<meta property=\"article:modified_time\" content=\"2025-11-25T09:49:32+00:00\" \/>\n<meta property=\"og:image\" content=\"https:\/\/pelin1971.hr\/wp-content\/uploads\/2025\/11\/suterice_-2.jpg\" \/>\n\t<meta property=\"og:image:width\" content=\"500\" \/>\n\t<meta property=\"og:image:height\" content=\"500\" \/>\n\t<meta property=\"og:image:type\" content=\"image\/jpeg\" \/>\n<meta name=\"twitter:card\" content=\"summary_large_image\" \/>\n<script type=\"application\/ld+json\" class=\"yoast-schema-graph\">{\"@context\":\"https:\/\/schema.org\",\"@graph\":[{\"@type\":\"WebPage\",\"@id\":\"https:\/\/pelin1971.hr\/en\/katalog\/shot-glass-3-4cl\/\",\"url\":\"https:\/\/pelin1971.hr\/en\/katalog\/shot-glass-3-4cl\/\",\"name\":\"Cocktail shot glasses, dum dum tequila, vodka,...brandy,...\",\"isPartOf\":{\"@id\":\"https:\/\/pelin1971.hr\/en\/#website\"},\"primaryImageOfPage\":{\"@id\":\"https:\/\/pelin1971.hr\/en\/katalog\/shot-glass-3-4cl\/#primaryimage\"},\"image\":{\"@id\":\"https:\/\/pelin1971.hr\/en\/katalog\/shot-glass-3-4cl\/#primaryimage\"},\"thumbnailUrl\":\"https:\/\/pelin1971.hr\/wp-content\/uploads\/2026\/03\/suterice.jpg\",\"datePublished\":\"2025-11-18T16:18:02+00:00\",\"dateModified\":\"2025-11-25T09:49:32+00:00\",\"description\":\"Cocktail shot glasses, glasses for dum dum tequila, vodka,...brandy,...mini cocktails and similar drinks in the catering industry, brandy glasses, price\",\"breadcrumb\":{\"@id\":\"https:\/\/pelin1971.hr\/en\/katalog\/shot-glass-3-4cl\/#breadcrumb\"},\"inLanguage\":\"en-US\",\"potentialAction\":[{\"@type\":\"ReadAction\",\"target\":[\"https:\/\/pelin1971.hr\/en\/katalog\/shot-glass-3-4cl\/\"]}]},{\"@type\":\"ImageObject\",\"inLanguage\":\"en-US\",\"@id\":\"https:\/\/pelin1971.hr\/en\/katalog\/shot-glass-3-4cl\/#primaryimage\",\"url\":\"https:\/\/pelin1971.hr\/wp-content\/uploads\/2026\/03\/suterice.jpg\",\"contentUrl\":\"https:\/\/pelin1971.hr\/wp-content\/uploads\/2026\/03\/suterice.jpg\",\"width\":2074,\"height\":2080,\"caption\":\"\u010da\u0161e \u0161uterice za koktele,\u010da\u0161e \u0161uterice 4cl za koktele,rakije i sli\u010dna pi\u0107a,\u010da\u0161ice za rakiju,dum dum tequila,vodka,sklene \u010da\u0161e za poslu\u017eivanje mini koktela i rakija,cijena\"},{\"@type\":\"BreadcrumbList\",\"@id\":\"https:\/\/pelin1971.hr\/en\/katalog\/shot-glass-3-4cl\/#breadcrumb\",\"itemListElement\":[{\"@type\":\"ListItem\",\"position\":1,\"name\":\"Home\",\"item\":\"https:\/\/pelin1971.hr\/en\/\"},{\"@type\":\"ListItem\",\"position\":2,\"name\":\"Shop\",\"item\":\"https:\/\/pelin1971.hr\/en\/shop\/\"},{\"@type\":\"ListItem\",\"position\":3,\"name\":\"Glasses for catering I\",\"item\":\"https:\/\/pelin1971.hr\/en\/kategorija-proizvoda\/glasses-for-catering-i\/\"},{\"@type\":\"ListItem\",\"position\":4,\"name\":\"Cocktail glasses\",\"item\":\"https:\/\/pelin1971.hr\/en\/kategorija-proizvoda\/glasses-for-catering-i\/cocktail-glasses\/\"},{\"@type\":\"ListItem\",\"position\":5,\"name\":\"SHOT GLASS 3.4cl\"}]},{\"@type\":\"WebSite\",\"@id\":\"https:\/\/pelin1971.hr\/en\/#website\",\"url\":\"https:\/\/pelin1971.hr\/en\/\",\"name\":\"Pelin1971\",\"description\":\"\",\"potentialAction\":[{\"@type\":\"SearchAction\",\"target\":{\"@type\":\"EntryPoint\",\"urlTemplate\":\"https:\/\/pelin1971.hr\/en\/?s={search_term_string}\"},\"query-input\":{\"@type\":\"PropertyValueSpecification\",\"valueRequired\":true,\"valueName\":\"search_term_string\"}}],\"inLanguage\":\"en-US\"}]}<\/script>\n<!-- \/ Yoast SEO plugin. -->","yoast_head_json":{"title":"Cocktail shot glasses, dum dum tequila, vodka,...brandy,...","description":"Cocktail shot glasses, glasses for dum dum tequila, vodka,...brandy,...mini cocktails and similar drinks in the catering industry, brandy glasses, price","robots":{"index":"index","follow":"follow","max-snippet":"max-snippet:-1","max-image-preview":"max-image-preview:large","max-video-preview":"max-video-preview:-1"},"canonical":"https:\/\/pelin1971.hr\/en\/katalog\/shot-glass-3-4cl\/","og_locale":"en_US","og_type":"article","og_title":"Cocktail shot glasses, dum dum tequila, vodka,...brandy,...","og_description":"Cocktail shot glasses, glasses for dum dum tequila, vodka,...brandy,...mini cocktails and similar drinks in the catering industry, brandy glasses, price","og_url":"https:\/\/pelin1971.hr\/en\/katalog\/shot-glass-3-4cl\/","og_site_name":"Pelin1971","article_modified_time":"2025-11-25T09:49:32+00:00","og_image":[{"width":500,"height":500,"url":"https:\/\/pelin1971.hr\/wp-content\/uploads\/2025\/11\/suterice_-2.jpg","type":"image\/jpeg"}],"twitter_card":"summary_large_image","schema":{"@context":"https:\/\/schema.org","@graph":[{"@type":"WebPage","@id":"https:\/\/pelin1971.hr\/en\/katalog\/shot-glass-3-4cl\/","url":"https:\/\/pelin1971.hr\/en\/katalog\/shot-glass-3-4cl\/","name":"Cocktail shot glasses, dum dum tequila, vodka,...brandy,...","isPartOf":{"@id":"https:\/\/pelin1971.hr\/en\/#website"},"primaryImageOfPage":{"@id":"https:\/\/pelin1971.hr\/en\/katalog\/shot-glass-3-4cl\/#primaryimage"},"image":{"@id":"https:\/\/pelin1971.hr\/en\/katalog\/shot-glass-3-4cl\/#primaryimage"},"thumbnailUrl":"https:\/\/pelin1971.hr\/wp-content\/uploads\/2026\/03\/suterice.jpg","datePublished":"2025-11-18T16:18:02+00:00","dateModified":"2025-11-25T09:49:32+00:00","description":"Cocktail shot glasses, glasses for dum dum tequila, vodka,...brandy,...mini cocktails and similar drinks in the catering industry, brandy glasses, price","breadcrumb":{"@id":"https:\/\/pelin1971.hr\/en\/katalog\/shot-glass-3-4cl\/#breadcrumb"},"inLanguage":"en-US","potentialAction":[{"@type":"ReadAction","target":["https:\/\/pelin1971.hr\/en\/katalog\/shot-glass-3-4cl\/"]}]},{"@type":"ImageObject","inLanguage":"en-US","@id":"https:\/\/pelin1971.hr\/en\/katalog\/shot-glass-3-4cl\/#primaryimage","url":"https:\/\/pelin1971.hr\/wp-content\/uploads\/2026\/03\/suterice.jpg","contentUrl":"https:\/\/pelin1971.hr\/wp-content\/uploads\/2026\/03\/suterice.jpg","width":2074,"height":2080,"caption":"\u010da\u0161e \u0161uterice za koktele,\u010da\u0161e \u0161uterice 4cl za koktele,rakije i sli\u010dna pi\u0107a,\u010da\u0161ice za rakiju,dum dum tequila,vodka,sklene \u010da\u0161e za poslu\u017eivanje mini koktela i rakija,cijena"},{"@type":"BreadcrumbList","@id":"https:\/\/pelin1971.hr\/en\/katalog\/shot-glass-3-4cl\/#breadcrumb","itemListElement":[{"@type":"ListItem","position":1,"name":"Home","item":"https:\/\/pelin1971.hr\/en\/"},{"@type":"ListItem","position":2,"name":"Shop","item":"https:\/\/pelin1971.hr\/en\/shop\/"},{"@type":"ListItem","position":3,"name":"Glasses for catering I","item":"https:\/\/pelin1971.hr\/en\/kategorija-proizvoda\/glasses-for-catering-i\/"},{"@type":"ListItem","position":4,"name":"Cocktail glasses","item":"https:\/\/pelin1971.hr\/en\/kategorija-proizvoda\/glasses-for-catering-i\/cocktail-glasses\/"},{"@type":"ListItem","position":5,"name":"SHOT GLASS 3.4cl"}]},{"@type":"WebSite","@id":"https:\/\/pelin1971.hr\/en\/#website","url":"https:\/\/pelin1971.hr\/en\/","name":"Pelin1971","description":"","potentialAction":[{"@type":"SearchAction","target":{"@type":"EntryPoint","urlTemplate":"https:\/\/pelin1971.hr\/en\/?s={search_term_string}"},"query-input":{"@type":"PropertyValueSpecification","valueRequired":true,"valueName":"search_term_string"}}],"inLanguage":"en-US"}]}},"_links":{"self":[{"href":"https:\/\/pelin1971.hr\/en\/wp-json\/wp\/v2\/product\/7842","targetHints":{"allow":["GET"]}}],"collection":[{"href":"https:\/\/pelin1971.hr\/en\/wp-json\/wp\/v2\/product"}],"about":[{"href":"https:\/\/pelin1971.hr\/en\/wp-json\/wp\/v2\/types\/product"}],"replies":[{"embeddable":true,"href":"https:\/\/pelin1971.hr\/en\/wp-json\/wp\/v2\/comments?post=7842"}],"wp:featuredmedia":[{"embeddable":true,"href":"https:\/\/pelin1971.hr\/en\/wp-json\/wp\/v2\/media\/9922"}],"wp:attachment":[{"href":"https:\/\/pelin1971.hr\/en\/wp-json\/wp\/v2\/media?parent=7842"}],"wp:term":[{"taxonomy":"product_brand","embeddable":true,"href":"https:\/\/pelin1971.hr\/en\/wp-json\/wp\/v2\/product_brand?post=7842"},{"taxonomy":"product_cat","embeddable":true,"href":"https:\/\/pelin1971.hr\/en\/wp-json\/wp\/v2\/product_cat?post=7842"},{"taxonomy":"product_tag","embeddable":true,"href":"https:\/\/pelin1971.hr\/en\/wp-json\/wp\/v2\/product_tag?post=7842"}],"curies":[{"name":"wp","href":"https:\/\/api.w.org\/{rel}","templated":true}]}}