{"id":7814,"date":"2025-11-18T17:17:54","date_gmt":"2025-11-18T16:17:54","guid":{"rendered":"https:\/\/pelin1971.hr\/katalog\/waiter-aprons-with-inscriptions-printing-prints\/"},"modified":"2025-11-25T10:50:03","modified_gmt":"2025-11-25T09:50:03","slug":"waiter-aprons-with-inscriptions-printing-prints","status":"publish","type":"product","link":"https:\/\/pelin1971.hr\/en\/katalog\/waiter-aprons-with-inscriptions-printing-prints\/","title":{"rendered":"Waiter aprons with inscriptions, printing, prints"},"content":{"rendered":"<h1>Waiter aprons with inscriptions, printing, logotype<\/h1>\n<p>Send us an e-mail with the inscription or image you want and the aprons will arrive at your address (and that&#8217;s it&#8230; it&#8217;s that simple).<img decoding=\"async\" class=\"emoji\" draggable=\"false\" src=\"https:\/\/s.w.org\/images\/core\/emoji\/11\/svg\/1f642.svg\" alt=\"?\"> )<\/p>\n<p>-Previously, aprons were mainly used in the kitchen, but today there is almost no industry that does not use them, including kindergarten teachers, shoemakers, artists, hairdressers, chiropractors, tourism workers, waiters, chefs, etc.<br \/>\n-Our aprons are 100% cotton and easy to maintain. And in addition, they are very useful because they protect clothes, but they are also a great promotion for your company, bar, brand,..<br \/>\n&#8211; aprons for catering, waiter&#8217;s aprons, catering aprons, aprons with print, aprons with inscription, aprons with logo <\/p>\n","protected":false},"excerpt":{"rendered":"<p>Waiter aprons with inscriptions, printing, logotype Send us an e-mail with the inscription or image you want and the aprons will arrive at your address (and that&#8217;s it&#8230; it&#8217;s that simple). ) -Previously, aprons were mainly used in the kitchen, but today there is almost no industry that does not use them, including kindergarten teachers,<\/p>\n","protected":false},"featured_media":7263,"comment_status":"open","ping_status":"closed","template":"","meta":{"_acf_changed":false},"product_brand":[],"product_cat":[4583],"product_tag":[2602,2597,2613,3455,2611,2608,2606],"class_list":{"0":"post-7814","1":"product","2":"type-product","3":"status-publish","4":"has-post-thumbnail","6":"product_cat-printing-on-pens-lighters-keychains","7":"product_tag-aprons-for-catering","8":"product_tag-aprons-for-waiters","9":"product_tag-aprons-with-inscription","10":"product_tag-aprons-with-inscriptions","11":"product_tag-aprons-with-print","12":"product_tag-catering-aprons","13":"product_tag-waiters-aprons","15":"first","16":"instock","17":"shipping-taxable","18":"product-type-simple"},"acf":[],"yoast_head":"<!-- This site is optimized with the Yoast SEO plugin v26.8 - https:\/\/yoast.com\/product\/yoast-seo-wordpress\/ -->\n<title>Waiter aprons with inscription, print, logo<\/title>\n<meta name=\"description\" content=\"waiter aprons, aprons for waiters, aprons for catering, ,catering aprons, aprons with print, aprons with inscription, aprons with inscriptions\" \/>\n<meta name=\"robots\" content=\"index, follow, max-snippet:-1, max-image-preview:large, max-video-preview:-1\" \/>\n<link rel=\"canonical\" href=\"https:\/\/pelin1971.hr\/en\/katalog\/waiter-aprons-with-inscriptions-printing-prints\/\" \/>\n<meta property=\"og:locale\" content=\"en_US\" \/>\n<meta property=\"og:type\" content=\"article\" \/>\n<meta property=\"og:title\" content=\"Waiter aprons with inscription, print, logo\" \/>\n<meta property=\"og:description\" content=\"waiter aprons, aprons for waiters, aprons for catering, ,catering aprons, aprons with print, aprons with inscription, aprons with inscriptions\" \/>\n<meta property=\"og:url\" content=\"https:\/\/pelin1971.hr\/en\/katalog\/waiter-aprons-with-inscriptions-printing-prints\/\" \/>\n<meta property=\"og:site_name\" content=\"Pelin1971\" \/>\n<meta property=\"article:modified_time\" content=\"2025-11-25T09:50:03+00:00\" \/>\n<meta property=\"og:image\" content=\"https:\/\/pelin1971.hr\/wp-content\/uploads\/2025\/11\/konobarska-pregaca-s-okovratnikom-i-logotipom.jpg\" \/>\n\t<meta property=\"og:image:width\" content=\"2080\" \/>\n\t<meta property=\"og:image:height\" content=\"2079\" \/>\n\t<meta property=\"og:image:type\" content=\"image\/jpeg\" \/>\n<meta name=\"twitter:card\" content=\"summary_large_image\" \/>\n<meta name=\"twitter:label1\" content=\"Est. reading time\" \/>\n\t<meta name=\"twitter:data1\" content=\"1 minute\" \/>\n<script type=\"application\/ld+json\" class=\"yoast-schema-graph\">{\"@context\":\"https:\/\/schema.org\",\"@graph\":[{\"@type\":\"WebPage\",\"@id\":\"https:\/\/pelin1971.hr\/en\/katalog\/waiter-aprons-with-inscriptions-printing-prints\/\",\"url\":\"https:\/\/pelin1971.hr\/en\/katalog\/waiter-aprons-with-inscriptions-printing-prints\/\",\"name\":\"Waiter aprons with inscription, print, logo\",\"isPartOf\":{\"@id\":\"https:\/\/pelin1971.hr\/en\/#website\"},\"primaryImageOfPage\":{\"@id\":\"https:\/\/pelin1971.hr\/en\/katalog\/waiter-aprons-with-inscriptions-printing-prints\/#primaryimage\"},\"image\":{\"@id\":\"https:\/\/pelin1971.hr\/en\/katalog\/waiter-aprons-with-inscriptions-printing-prints\/#primaryimage\"},\"thumbnailUrl\":\"https:\/\/pelin1971.hr\/wp-content\/uploads\/2025\/11\/pregace-s-natpisom-1.jpg\",\"datePublished\":\"2025-11-18T16:17:54+00:00\",\"dateModified\":\"2025-11-25T09:50:03+00:00\",\"description\":\"waiter aprons, aprons for waiters, aprons for catering, ,catering aprons, aprons with print, aprons with inscription, aprons with inscriptions\",\"breadcrumb\":{\"@id\":\"https:\/\/pelin1971.hr\/en\/katalog\/waiter-aprons-with-inscriptions-printing-prints\/#breadcrumb\"},\"inLanguage\":\"en-US\",\"potentialAction\":[{\"@type\":\"ReadAction\",\"target\":[\"https:\/\/pelin1971.hr\/en\/katalog\/waiter-aprons-with-inscriptions-printing-prints\/\"]}]},{\"@type\":\"ImageObject\",\"inLanguage\":\"en-US\",\"@id\":\"https:\/\/pelin1971.hr\/en\/katalog\/waiter-aprons-with-inscriptions-printing-prints\/#primaryimage\",\"url\":\"https:\/\/pelin1971.hr\/wp-content\/uploads\/2025\/11\/pregace-s-natpisom-1.jpg\",\"contentUrl\":\"https:\/\/pelin1971.hr\/wp-content\/uploads\/2025\/11\/pregace-s-natpisom-1.jpg\",\"width\":600,\"height\":600,\"caption\":\"prega\u010de za konobare,konobarske prega\u010de s tiskom logotipa,natpisa,reklamne prega\u010de za konobare,cijena\"},{\"@type\":\"BreadcrumbList\",\"@id\":\"https:\/\/pelin1971.hr\/en\/katalog\/waiter-aprons-with-inscriptions-printing-prints\/#breadcrumb\",\"itemListElement\":[{\"@type\":\"ListItem\",\"position\":1,\"name\":\"Home\",\"item\":\"https:\/\/pelin1971.hr\/en\/\"},{\"@type\":\"ListItem\",\"position\":2,\"name\":\"Shop\",\"item\":\"https:\/\/pelin1971.hr\/en\/shop\/\"},{\"@type\":\"ListItem\",\"position\":3,\"name\":\"Printing on pens, lighters, keychains,\u2026\",\"item\":\"https:\/\/pelin1971.hr\/en\/kategorija-proizvoda\/printing-on-pens-lighters-keychains\/\"},{\"@type\":\"ListItem\",\"position\":4,\"name\":\"Waiter aprons with inscriptions, printing, prints\"}]},{\"@type\":\"WebSite\",\"@id\":\"https:\/\/pelin1971.hr\/en\/#website\",\"url\":\"https:\/\/pelin1971.hr\/en\/\",\"name\":\"Pelin1971\",\"description\":\"\",\"potentialAction\":[{\"@type\":\"SearchAction\",\"target\":{\"@type\":\"EntryPoint\",\"urlTemplate\":\"https:\/\/pelin1971.hr\/en\/?s={search_term_string}\"},\"query-input\":{\"@type\":\"PropertyValueSpecification\",\"valueRequired\":true,\"valueName\":\"search_term_string\"}}],\"inLanguage\":\"en-US\"}]}<\/script>\n<!-- \/ Yoast SEO plugin. -->","yoast_head_json":{"title":"Waiter aprons with inscription, print, logo","description":"waiter aprons, aprons for waiters, aprons for catering, ,catering aprons, aprons with print, aprons with inscription, aprons with inscriptions","robots":{"index":"index","follow":"follow","max-snippet":"max-snippet:-1","max-image-preview":"max-image-preview:large","max-video-preview":"max-video-preview:-1"},"canonical":"https:\/\/pelin1971.hr\/en\/katalog\/waiter-aprons-with-inscriptions-printing-prints\/","og_locale":"en_US","og_type":"article","og_title":"Waiter aprons with inscription, print, logo","og_description":"waiter aprons, aprons for waiters, aprons for catering, ,catering aprons, aprons with print, aprons with inscription, aprons with inscriptions","og_url":"https:\/\/pelin1971.hr\/en\/katalog\/waiter-aprons-with-inscriptions-printing-prints\/","og_site_name":"Pelin1971","article_modified_time":"2025-11-25T09:50:03+00:00","og_image":[{"width":2080,"height":2079,"url":"https:\/\/pelin1971.hr\/wp-content\/uploads\/2025\/11\/konobarska-pregaca-s-okovratnikom-i-logotipom.jpg","type":"image\/jpeg"}],"twitter_card":"summary_large_image","twitter_misc":{"Est. reading time":"1 minute"},"schema":{"@context":"https:\/\/schema.org","@graph":[{"@type":"WebPage","@id":"https:\/\/pelin1971.hr\/en\/katalog\/waiter-aprons-with-inscriptions-printing-prints\/","url":"https:\/\/pelin1971.hr\/en\/katalog\/waiter-aprons-with-inscriptions-printing-prints\/","name":"Waiter aprons with inscription, print, logo","isPartOf":{"@id":"https:\/\/pelin1971.hr\/en\/#website"},"primaryImageOfPage":{"@id":"https:\/\/pelin1971.hr\/en\/katalog\/waiter-aprons-with-inscriptions-printing-prints\/#primaryimage"},"image":{"@id":"https:\/\/pelin1971.hr\/en\/katalog\/waiter-aprons-with-inscriptions-printing-prints\/#primaryimage"},"thumbnailUrl":"https:\/\/pelin1971.hr\/wp-content\/uploads\/2025\/11\/pregace-s-natpisom-1.jpg","datePublished":"2025-11-18T16:17:54+00:00","dateModified":"2025-11-25T09:50:03+00:00","description":"waiter aprons, aprons for waiters, aprons for catering, ,catering aprons, aprons with print, aprons with inscription, aprons with inscriptions","breadcrumb":{"@id":"https:\/\/pelin1971.hr\/en\/katalog\/waiter-aprons-with-inscriptions-printing-prints\/#breadcrumb"},"inLanguage":"en-US","potentialAction":[{"@type":"ReadAction","target":["https:\/\/pelin1971.hr\/en\/katalog\/waiter-aprons-with-inscriptions-printing-prints\/"]}]},{"@type":"ImageObject","inLanguage":"en-US","@id":"https:\/\/pelin1971.hr\/en\/katalog\/waiter-aprons-with-inscriptions-printing-prints\/#primaryimage","url":"https:\/\/pelin1971.hr\/wp-content\/uploads\/2025\/11\/pregace-s-natpisom-1.jpg","contentUrl":"https:\/\/pelin1971.hr\/wp-content\/uploads\/2025\/11\/pregace-s-natpisom-1.jpg","width":600,"height":600,"caption":"prega\u010de za konobare,konobarske prega\u010de s tiskom logotipa,natpisa,reklamne prega\u010de za konobare,cijena"},{"@type":"BreadcrumbList","@id":"https:\/\/pelin1971.hr\/en\/katalog\/waiter-aprons-with-inscriptions-printing-prints\/#breadcrumb","itemListElement":[{"@type":"ListItem","position":1,"name":"Home","item":"https:\/\/pelin1971.hr\/en\/"},{"@type":"ListItem","position":2,"name":"Shop","item":"https:\/\/pelin1971.hr\/en\/shop\/"},{"@type":"ListItem","position":3,"name":"Printing on pens, lighters, keychains,\u2026","item":"https:\/\/pelin1971.hr\/en\/kategorija-proizvoda\/printing-on-pens-lighters-keychains\/"},{"@type":"ListItem","position":4,"name":"Waiter aprons with inscriptions, printing, prints"}]},{"@type":"WebSite","@id":"https:\/\/pelin1971.hr\/en\/#website","url":"https:\/\/pelin1971.hr\/en\/","name":"Pelin1971","description":"","potentialAction":[{"@type":"SearchAction","target":{"@type":"EntryPoint","urlTemplate":"https:\/\/pelin1971.hr\/en\/?s={search_term_string}"},"query-input":{"@type":"PropertyValueSpecification","valueRequired":true,"valueName":"search_term_string"}}],"inLanguage":"en-US"}]}},"_links":{"self":[{"href":"https:\/\/pelin1971.hr\/en\/wp-json\/wp\/v2\/product\/7814","targetHints":{"allow":["GET"]}}],"collection":[{"href":"https:\/\/pelin1971.hr\/en\/wp-json\/wp\/v2\/product"}],"about":[{"href":"https:\/\/pelin1971.hr\/en\/wp-json\/wp\/v2\/types\/product"}],"replies":[{"embeddable":true,"href":"https:\/\/pelin1971.hr\/en\/wp-json\/wp\/v2\/comments?post=7814"}],"wp:featuredmedia":[{"embeddable":true,"href":"https:\/\/pelin1971.hr\/en\/wp-json\/wp\/v2\/media\/7263"}],"wp:attachment":[{"href":"https:\/\/pelin1971.hr\/en\/wp-json\/wp\/v2\/media?parent=7814"}],"wp:term":[{"taxonomy":"product_brand","embeddable":true,"href":"https:\/\/pelin1971.hr\/en\/wp-json\/wp\/v2\/product_brand?post=7814"},{"taxonomy":"product_cat","embeddable":true,"href":"https:\/\/pelin1971.hr\/en\/wp-json\/wp\/v2\/product_cat?post=7814"},{"taxonomy":"product_tag","embeddable":true,"href":"https:\/\/pelin1971.hr\/en\/wp-json\/wp\/v2\/product_tag?post=7814"}],"curies":[{"name":"wp","href":"https:\/\/api.w.org\/{rel}","templated":true}]}}