{"id":7810,"date":"2025-11-18T17:17:54","date_gmt":"2025-11-18T16:17:54","guid":{"rendered":"https:\/\/pelin1971.hr\/katalog\/promotional-mugs-with-your-inscription-logo\/"},"modified":"2025-11-25T10:50:02","modified_gmt":"2025-11-25T09:50:02","slug":"promotional-mugs-with-your-inscription-logo","status":"publish","type":"product","link":"https:\/\/pelin1971.hr\/en\/katalog\/promotional-mugs-with-your-inscription-logo\/","title":{"rendered":"PROMOTIONAL MUGS WITH YOUR INSCRIPTION, LOGO"},"content":{"rendered":"<h1>PROMOTIONAL MUGS WITH YOUR INSCRIPTION, LOGO, PRINT<\/h1>\n<p>Send us the picture or inscription you want by e-mail and the cup will arrive at your address (and that&#8217;s it&#8230; simple \ud83d\ude42 )<\/p>\n","protected":false},"excerpt":{"rendered":"<p>PROMOTIONAL MUGS WITH YOUR INSCRIPTION, LOGO, PRINT Send us the picture or inscription you want by e-mail and the cup will arrive at your address (and that&#8217;s it&#8230; simple \ud83d\ude42 )<\/p>\n","protected":false},"featured_media":8884,"comment_status":"open","ping_status":"closed","template":"","meta":{"_acf_changed":false},"product_brand":[],"product_cat":[4583],"product_tag":[4137,4131,4130,4135,4133,2199,2198,4139,2203,4141],"class_list":{"0":"post-7810","1":"product","2":"type-product","3":"status-publish","4":"has-post-thumbnail","6":"product_cat-printing-on-pens-lighters-keychains","7":"product_tag-business-gift-mug","8":"product_tag-inscription-on-cups","9":"product_tag-photo-mugs-with-picture","10":"product_tag-photo-on-a-mug","11":"product_tag-picture-on-the-cup","12":"product_tag-print-on-cups","13":"product_tag-printing-on-cups","14":"product_tag-promotional-mug","15":"product_tag-promotional-mugs","16":"product_tag-promotional-mugs-3","18":"first","19":"instock","20":"shipping-taxable","21":"product-type-simple"},"acf":[],"yoast_head":"<!-- This site is optimized with the Yoast SEO plugin v26.8 - https:\/\/yoast.com\/product\/yoast-seo-wordpress\/ -->\n<title>printing on mugs, photo mugs with pictures, promotional, advertising<\/title>\n<meta name=\"description\" content=\"printing on mugs, photo mugs with pictures, mug printing, mug lettering, picture on mug, photo on mug, mug for business gift, advertising mug\" \/>\n<meta name=\"robots\" content=\"index, follow, max-snippet:-1, max-image-preview:large, max-video-preview:-1\" \/>\n<link rel=\"canonical\" href=\"https:\/\/pelin1971.hr\/en\/katalog\/promotional-mugs-with-your-inscription-logo\/\" \/>\n<meta property=\"og:locale\" content=\"en_US\" \/>\n<meta property=\"og:type\" content=\"article\" \/>\n<meta property=\"og:title\" content=\"printing on mugs, photo mugs with pictures, promotional, advertising\" \/>\n<meta property=\"og:description\" content=\"printing on mugs, photo mugs with pictures, mug printing, mug lettering, picture on mug, photo on mug, mug for business gift, advertising mug\" \/>\n<meta property=\"og:url\" content=\"https:\/\/pelin1971.hr\/en\/katalog\/promotional-mugs-with-your-inscription-logo\/\" \/>\n<meta property=\"og:site_name\" content=\"Pelin1971\" \/>\n<meta property=\"article:modified_time\" content=\"2025-11-25T09:50:02+00:00\" \/>\n<meta property=\"og:image\" content=\"https:\/\/pelin1971.hr\/wp-content\/uploads\/2025\/11\/salice-s-natpisom-1.jpg\" \/>\n\t<meta property=\"og:image:width\" content=\"600\" \/>\n\t<meta property=\"og:image:height\" content=\"600\" \/>\n\t<meta property=\"og:image:type\" content=\"image\/jpeg\" \/>\n<meta name=\"twitter:card\" content=\"summary_large_image\" \/>\n<script type=\"application\/ld+json\" class=\"yoast-schema-graph\">{\"@context\":\"https:\/\/schema.org\",\"@graph\":[{\"@type\":\"WebPage\",\"@id\":\"https:\/\/pelin1971.hr\/en\/katalog\/promotional-mugs-with-your-inscription-logo\/\",\"url\":\"https:\/\/pelin1971.hr\/en\/katalog\/promotional-mugs-with-your-inscription-logo\/\",\"name\":\"printing on mugs, photo mugs with pictures, promotional, advertising\",\"isPartOf\":{\"@id\":\"https:\/\/pelin1971.hr\/en\/#website\"},\"primaryImageOfPage\":{\"@id\":\"https:\/\/pelin1971.hr\/en\/katalog\/promotional-mugs-with-your-inscription-logo\/#primaryimage\"},\"image\":{\"@id\":\"https:\/\/pelin1971.hr\/en\/katalog\/promotional-mugs-with-your-inscription-logo\/#primaryimage\"},\"thumbnailUrl\":\"https:\/\/pelin1971.hr\/wp-content\/uploads\/2016\/02\/salice-s-natpisom-1.jpg\",\"datePublished\":\"2025-11-18T16:17:54+00:00\",\"dateModified\":\"2025-11-25T09:50:02+00:00\",\"description\":\"printing on mugs, photo mugs with pictures, mug printing, mug lettering, picture on mug, photo on mug, mug for business gift, advertising mug\",\"breadcrumb\":{\"@id\":\"https:\/\/pelin1971.hr\/en\/katalog\/promotional-mugs-with-your-inscription-logo\/#breadcrumb\"},\"inLanguage\":\"en-US\",\"potentialAction\":[{\"@type\":\"ReadAction\",\"target\":[\"https:\/\/pelin1971.hr\/en\/katalog\/promotional-mugs-with-your-inscription-logo\/\"]}]},{\"@type\":\"ImageObject\",\"inLanguage\":\"en-US\",\"@id\":\"https:\/\/pelin1971.hr\/en\/katalog\/promotional-mugs-with-your-inscription-logo\/#primaryimage\",\"url\":\"https:\/\/pelin1971.hr\/wp-content\/uploads\/2016\/02\/salice-s-natpisom-1.jpg\",\"contentUrl\":\"https:\/\/pelin1971.hr\/wp-content\/uploads\/2016\/02\/salice-s-natpisom-1.jpg\",\"width\":600,\"height\":600,\"caption\":\"tisak na \u0161alice,\u0161alice sa tiskom,reklamne \u0161alice,print na \u0161alice,personalizirane \u0161alice,foto \u0161alice,\u0161alice po narud\u017ebi,reklamne \u0161alice,cijena\"},{\"@type\":\"BreadcrumbList\",\"@id\":\"https:\/\/pelin1971.hr\/en\/katalog\/promotional-mugs-with-your-inscription-logo\/#breadcrumb\",\"itemListElement\":[{\"@type\":\"ListItem\",\"position\":1,\"name\":\"Home\",\"item\":\"https:\/\/pelin1971.hr\/en\/\"},{\"@type\":\"ListItem\",\"position\":2,\"name\":\"Shop\",\"item\":\"https:\/\/pelin1971.hr\/en\/shop\/\"},{\"@type\":\"ListItem\",\"position\":3,\"name\":\"Printing on pens, lighters, keychains,\u2026\",\"item\":\"https:\/\/pelin1971.hr\/en\/kategorija-proizvoda\/printing-on-pens-lighters-keychains\/\"},{\"@type\":\"ListItem\",\"position\":4,\"name\":\"PROMOTIONAL MUGS WITH YOUR INSCRIPTION, LOGO\"}]},{\"@type\":\"WebSite\",\"@id\":\"https:\/\/pelin1971.hr\/en\/#website\",\"url\":\"https:\/\/pelin1971.hr\/en\/\",\"name\":\"Pelin1971\",\"description\":\"\",\"potentialAction\":[{\"@type\":\"SearchAction\",\"target\":{\"@type\":\"EntryPoint\",\"urlTemplate\":\"https:\/\/pelin1971.hr\/en\/?s={search_term_string}\"},\"query-input\":{\"@type\":\"PropertyValueSpecification\",\"valueRequired\":true,\"valueName\":\"search_term_string\"}}],\"inLanguage\":\"en-US\"}]}<\/script>\n<!-- \/ Yoast SEO plugin. -->","yoast_head_json":{"title":"printing on mugs, photo mugs with pictures, promotional, advertising","description":"printing on mugs, photo mugs with pictures, mug printing, mug lettering, picture on mug, photo on mug, mug for business gift, advertising mug","robots":{"index":"index","follow":"follow","max-snippet":"max-snippet:-1","max-image-preview":"max-image-preview:large","max-video-preview":"max-video-preview:-1"},"canonical":"https:\/\/pelin1971.hr\/en\/katalog\/promotional-mugs-with-your-inscription-logo\/","og_locale":"en_US","og_type":"article","og_title":"printing on mugs, photo mugs with pictures, promotional, advertising","og_description":"printing on mugs, photo mugs with pictures, mug printing, mug lettering, picture on mug, photo on mug, mug for business gift, advertising mug","og_url":"https:\/\/pelin1971.hr\/en\/katalog\/promotional-mugs-with-your-inscription-logo\/","og_site_name":"Pelin1971","article_modified_time":"2025-11-25T09:50:02+00:00","og_image":[{"width":600,"height":600,"url":"https:\/\/pelin1971.hr\/wp-content\/uploads\/2025\/11\/salice-s-natpisom-1.jpg","type":"image\/jpeg"}],"twitter_card":"summary_large_image","schema":{"@context":"https:\/\/schema.org","@graph":[{"@type":"WebPage","@id":"https:\/\/pelin1971.hr\/en\/katalog\/promotional-mugs-with-your-inscription-logo\/","url":"https:\/\/pelin1971.hr\/en\/katalog\/promotional-mugs-with-your-inscription-logo\/","name":"printing on mugs, photo mugs with pictures, promotional, advertising","isPartOf":{"@id":"https:\/\/pelin1971.hr\/en\/#website"},"primaryImageOfPage":{"@id":"https:\/\/pelin1971.hr\/en\/katalog\/promotional-mugs-with-your-inscription-logo\/#primaryimage"},"image":{"@id":"https:\/\/pelin1971.hr\/en\/katalog\/promotional-mugs-with-your-inscription-logo\/#primaryimage"},"thumbnailUrl":"https:\/\/pelin1971.hr\/wp-content\/uploads\/2016\/02\/salice-s-natpisom-1.jpg","datePublished":"2025-11-18T16:17:54+00:00","dateModified":"2025-11-25T09:50:02+00:00","description":"printing on mugs, photo mugs with pictures, mug printing, mug lettering, picture on mug, photo on mug, mug for business gift, advertising mug","breadcrumb":{"@id":"https:\/\/pelin1971.hr\/en\/katalog\/promotional-mugs-with-your-inscription-logo\/#breadcrumb"},"inLanguage":"en-US","potentialAction":[{"@type":"ReadAction","target":["https:\/\/pelin1971.hr\/en\/katalog\/promotional-mugs-with-your-inscription-logo\/"]}]},{"@type":"ImageObject","inLanguage":"en-US","@id":"https:\/\/pelin1971.hr\/en\/katalog\/promotional-mugs-with-your-inscription-logo\/#primaryimage","url":"https:\/\/pelin1971.hr\/wp-content\/uploads\/2016\/02\/salice-s-natpisom-1.jpg","contentUrl":"https:\/\/pelin1971.hr\/wp-content\/uploads\/2016\/02\/salice-s-natpisom-1.jpg","width":600,"height":600,"caption":"tisak na \u0161alice,\u0161alice sa tiskom,reklamne \u0161alice,print na \u0161alice,personalizirane \u0161alice,foto \u0161alice,\u0161alice po narud\u017ebi,reklamne \u0161alice,cijena"},{"@type":"BreadcrumbList","@id":"https:\/\/pelin1971.hr\/en\/katalog\/promotional-mugs-with-your-inscription-logo\/#breadcrumb","itemListElement":[{"@type":"ListItem","position":1,"name":"Home","item":"https:\/\/pelin1971.hr\/en\/"},{"@type":"ListItem","position":2,"name":"Shop","item":"https:\/\/pelin1971.hr\/en\/shop\/"},{"@type":"ListItem","position":3,"name":"Printing on pens, lighters, keychains,\u2026","item":"https:\/\/pelin1971.hr\/en\/kategorija-proizvoda\/printing-on-pens-lighters-keychains\/"},{"@type":"ListItem","position":4,"name":"PROMOTIONAL MUGS WITH YOUR INSCRIPTION, LOGO"}]},{"@type":"WebSite","@id":"https:\/\/pelin1971.hr\/en\/#website","url":"https:\/\/pelin1971.hr\/en\/","name":"Pelin1971","description":"","potentialAction":[{"@type":"SearchAction","target":{"@type":"EntryPoint","urlTemplate":"https:\/\/pelin1971.hr\/en\/?s={search_term_string}"},"query-input":{"@type":"PropertyValueSpecification","valueRequired":true,"valueName":"search_term_string"}}],"inLanguage":"en-US"}]}},"_links":{"self":[{"href":"https:\/\/pelin1971.hr\/en\/wp-json\/wp\/v2\/product\/7810","targetHints":{"allow":["GET"]}}],"collection":[{"href":"https:\/\/pelin1971.hr\/en\/wp-json\/wp\/v2\/product"}],"about":[{"href":"https:\/\/pelin1971.hr\/en\/wp-json\/wp\/v2\/types\/product"}],"replies":[{"embeddable":true,"href":"https:\/\/pelin1971.hr\/en\/wp-json\/wp\/v2\/comments?post=7810"}],"wp:featuredmedia":[{"embeddable":true,"href":"https:\/\/pelin1971.hr\/en\/wp-json\/wp\/v2\/media\/8884"}],"wp:attachment":[{"href":"https:\/\/pelin1971.hr\/en\/wp-json\/wp\/v2\/media?parent=7810"}],"wp:term":[{"taxonomy":"product_brand","embeddable":true,"href":"https:\/\/pelin1971.hr\/en\/wp-json\/wp\/v2\/product_brand?post=7810"},{"taxonomy":"product_cat","embeddable":true,"href":"https:\/\/pelin1971.hr\/en\/wp-json\/wp\/v2\/product_cat?post=7810"},{"taxonomy":"product_tag","embeddable":true,"href":"https:\/\/pelin1971.hr\/en\/wp-json\/wp\/v2\/product_tag?post=7810"}],"curies":[{"name":"wp","href":"https:\/\/api.w.org\/{rel}","templated":true}]}}