{"id":7784,"date":"2025-11-18T17:17:01","date_gmt":"2025-11-18T16:17:01","guid":{"rendered":"https:\/\/pelin1971.hr\/katalog\/hill-27cl-whiskey-glasses-larger\/"},"modified":"2025-11-25T10:51:31","modified_gmt":"2025-11-25T09:51:31","slug":"hill-27cl-whiskey-glasses-larger","status":"publish","type":"product","link":"https:\/\/pelin1971.hr\/en\/katalog\/hill-27cl-whiskey-glasses-larger\/","title":{"rendered":"HILL 27CL WHISKEY GLASSES LARGER"},"content":{"rendered":"<h1>HILL GLASSES 27cl whiskey larger<\/h1>\n<p>-packaging: 12 pcs<br \/>\n-Capacity: 27cl<br \/>\n&#8211; purpose: serving aperitifs, liqueurs and spirits<br \/>\n-similar article:  <a href=\"https:\/\/pelin1971.hr\/katalog\/casa-hill-20-5cl-whisky-mala\/\">glass of Hill 20.50cl whiskey smaller<\/a><\/p>\n","protected":false},"excerpt":{"rendered":"<p>HILL GLASSES 27cl whiskey larger -packaging: 12 pcs -Capacity: 27cl &#8211; purpose: serving aperitifs, liqueurs and spirits -similar article: glass of Hill 20.50cl whiskey smaller<\/p>\n","protected":false},"featured_media":7785,"comment_status":"open","ping_status":"closed","template":"","meta":{"_acf_changed":false},"product_brand":[],"product_cat":[4592],"product_tag":[4067,4065],"class_list":{"0":"post-7784","1":"product","2":"type-product","3":"status-publish","4":"has-post-thumbnail","6":"product_cat-golding-glasses","7":"product_tag-the-hill-27cl","8":"product_tag-the-hill-of-the-glass","10":"first","11":"instock","12":"shipping-taxable","13":"purchasable","14":"product-type-simple"},"acf":[],"yoast_head":"<!-- This site is optimized with the Yoast SEO plugin v26.8 - https:\/\/yoast.com\/product\/yoast-seo-wordpress\/ -->\n<title>Hill 27cl glasses for whiskey and other spirits and liqueurs<\/title>\n<meta name=\"description\" content=\"Hill glasses 27cl, hill glass 0.27 for aperitifs, liqueurs and other spirits, suitable for serving in catering facilities, price\" \/>\n<meta name=\"robots\" content=\"index, follow, max-snippet:-1, max-image-preview:large, max-video-preview:-1\" \/>\n<link rel=\"canonical\" href=\"https:\/\/pelin1971.hr\/en\/katalog\/hill-27cl-whiskey-glasses-larger\/\" \/>\n<meta property=\"og:locale\" content=\"en_US\" \/>\n<meta property=\"og:type\" content=\"article\" \/>\n<meta property=\"og:title\" content=\"Hill 27cl glasses for whiskey and other spirits and liqueurs\" \/>\n<meta property=\"og:description\" content=\"Hill glasses 27cl, hill glass 0.27 for aperitifs, liqueurs and other spirits, suitable for serving in catering facilities, price\" \/>\n<meta property=\"og:url\" content=\"https:\/\/pelin1971.hr\/en\/katalog\/hill-27cl-whiskey-glasses-larger\/\" \/>\n<meta property=\"og:site_name\" content=\"Pelin1971\" \/>\n<meta property=\"article:modified_time\" content=\"2025-11-25T09:51:31+00:00\" \/>\n<meta property=\"og:image\" content=\"https:\/\/pelin1971.hr\/wp-content\/uploads\/2025\/11\/asa-Hill-27cl-wh.jpg\" \/>\n\t<meta property=\"og:image:width\" content=\"2079\" \/>\n\t<meta property=\"og:image:height\" content=\"2080\" \/>\n\t<meta property=\"og:image:type\" content=\"image\/jpeg\" \/>\n<meta name=\"twitter:card\" content=\"summary_large_image\" \/>\n<script type=\"application\/ld+json\" class=\"yoast-schema-graph\">{\"@context\":\"https:\/\/schema.org\",\"@graph\":[{\"@type\":\"WebPage\",\"@id\":\"https:\/\/pelin1971.hr\/en\/katalog\/hill-27cl-whiskey-glasses-larger\/\",\"url\":\"https:\/\/pelin1971.hr\/en\/katalog\/hill-27cl-whiskey-glasses-larger\/\",\"name\":\"Hill 27cl glasses for whiskey and other spirits and liqueurs\",\"isPartOf\":{\"@id\":\"https:\/\/pelin1971.hr\/en\/#website\"},\"primaryImageOfPage\":{\"@id\":\"https:\/\/pelin1971.hr\/en\/katalog\/hill-27cl-whiskey-glasses-larger\/#primaryimage\"},\"image\":{\"@id\":\"https:\/\/pelin1971.hr\/en\/katalog\/hill-27cl-whiskey-glasses-larger\/#primaryimage\"},\"thumbnailUrl\":\"https:\/\/pelin1971.hr\/wp-content\/uploads\/2025\/11\/asa-Hill-27cl-wh.jpg\",\"datePublished\":\"2025-11-18T16:17:01+00:00\",\"dateModified\":\"2025-11-25T09:51:31+00:00\",\"description\":\"Hill glasses 27cl, hill glass 0.27 for aperitifs, liqueurs and other spirits, suitable for serving in catering facilities, price\",\"breadcrumb\":{\"@id\":\"https:\/\/pelin1971.hr\/en\/katalog\/hill-27cl-whiskey-glasses-larger\/#breadcrumb\"},\"inLanguage\":\"en-US\",\"potentialAction\":[{\"@type\":\"ReadAction\",\"target\":[\"https:\/\/pelin1971.hr\/en\/katalog\/hill-27cl-whiskey-glasses-larger\/\"]}]},{\"@type\":\"ImageObject\",\"inLanguage\":\"en-US\",\"@id\":\"https:\/\/pelin1971.hr\/en\/katalog\/hill-27cl-whiskey-glasses-larger\/#primaryimage\",\"url\":\"https:\/\/pelin1971.hr\/wp-content\/uploads\/2025\/11\/asa-Hill-27cl-wh.jpg\",\"contentUrl\":\"https:\/\/pelin1971.hr\/wp-content\/uploads\/2025\/11\/asa-Hill-27cl-wh.jpg\",\"width\":2079,\"height\":2080,\"caption\":\"\u010da\u0161e hill 27cl za whisky,likere i ostala \u017eestoka pi\u0107a,ugostiteljska oprema,cijena\"},{\"@type\":\"BreadcrumbList\",\"@id\":\"https:\/\/pelin1971.hr\/en\/katalog\/hill-27cl-whiskey-glasses-larger\/#breadcrumb\",\"itemListElement\":[{\"@type\":\"ListItem\",\"position\":1,\"name\":\"Home\",\"item\":\"https:\/\/pelin1971.hr\/en\/\"},{\"@type\":\"ListItem\",\"position\":2,\"name\":\"Shop\",\"item\":\"https:\/\/pelin1971.hr\/en\/shop\/\"},{\"@type\":\"ListItem\",\"position\":3,\"name\":\"Catering glasses\",\"item\":\"https:\/\/pelin1971.hr\/en\/kategorija-proizvoda\/catering-glasses\/\"},{\"@type\":\"ListItem\",\"position\":4,\"name\":\"Hill glasses\",\"item\":\"https:\/\/pelin1971.hr\/en\/kategorija-proizvoda\/catering-glasses\/golding-glasses\/\"},{\"@type\":\"ListItem\",\"position\":5,\"name\":\"HILL 27CL WHISKEY GLASSES LARGER\"}]},{\"@type\":\"WebSite\",\"@id\":\"https:\/\/pelin1971.hr\/en\/#website\",\"url\":\"https:\/\/pelin1971.hr\/en\/\",\"name\":\"Pelin1971\",\"description\":\"\",\"potentialAction\":[{\"@type\":\"SearchAction\",\"target\":{\"@type\":\"EntryPoint\",\"urlTemplate\":\"https:\/\/pelin1971.hr\/en\/?s={search_term_string}\"},\"query-input\":{\"@type\":\"PropertyValueSpecification\",\"valueRequired\":true,\"valueName\":\"search_term_string\"}}],\"inLanguage\":\"en-US\"}]}<\/script>\n<!-- \/ Yoast SEO plugin. -->","yoast_head_json":{"title":"Hill 27cl glasses for whiskey and other spirits and liqueurs","description":"Hill glasses 27cl, hill glass 0.27 for aperitifs, liqueurs and other spirits, suitable for serving in catering facilities, price","robots":{"index":"index","follow":"follow","max-snippet":"max-snippet:-1","max-image-preview":"max-image-preview:large","max-video-preview":"max-video-preview:-1"},"canonical":"https:\/\/pelin1971.hr\/en\/katalog\/hill-27cl-whiskey-glasses-larger\/","og_locale":"en_US","og_type":"article","og_title":"Hill 27cl glasses for whiskey and other spirits and liqueurs","og_description":"Hill glasses 27cl, hill glass 0.27 for aperitifs, liqueurs and other spirits, suitable for serving in catering facilities, price","og_url":"https:\/\/pelin1971.hr\/en\/katalog\/hill-27cl-whiskey-glasses-larger\/","og_site_name":"Pelin1971","article_modified_time":"2025-11-25T09:51:31+00:00","og_image":[{"width":2079,"height":2080,"url":"https:\/\/pelin1971.hr\/wp-content\/uploads\/2025\/11\/asa-Hill-27cl-wh.jpg","type":"image\/jpeg"}],"twitter_card":"summary_large_image","schema":{"@context":"https:\/\/schema.org","@graph":[{"@type":"WebPage","@id":"https:\/\/pelin1971.hr\/en\/katalog\/hill-27cl-whiskey-glasses-larger\/","url":"https:\/\/pelin1971.hr\/en\/katalog\/hill-27cl-whiskey-glasses-larger\/","name":"Hill 27cl glasses for whiskey and other spirits and liqueurs","isPartOf":{"@id":"https:\/\/pelin1971.hr\/en\/#website"},"primaryImageOfPage":{"@id":"https:\/\/pelin1971.hr\/en\/katalog\/hill-27cl-whiskey-glasses-larger\/#primaryimage"},"image":{"@id":"https:\/\/pelin1971.hr\/en\/katalog\/hill-27cl-whiskey-glasses-larger\/#primaryimage"},"thumbnailUrl":"https:\/\/pelin1971.hr\/wp-content\/uploads\/2025\/11\/asa-Hill-27cl-wh.jpg","datePublished":"2025-11-18T16:17:01+00:00","dateModified":"2025-11-25T09:51:31+00:00","description":"Hill glasses 27cl, hill glass 0.27 for aperitifs, liqueurs and other spirits, suitable for serving in catering facilities, price","breadcrumb":{"@id":"https:\/\/pelin1971.hr\/en\/katalog\/hill-27cl-whiskey-glasses-larger\/#breadcrumb"},"inLanguage":"en-US","potentialAction":[{"@type":"ReadAction","target":["https:\/\/pelin1971.hr\/en\/katalog\/hill-27cl-whiskey-glasses-larger\/"]}]},{"@type":"ImageObject","inLanguage":"en-US","@id":"https:\/\/pelin1971.hr\/en\/katalog\/hill-27cl-whiskey-glasses-larger\/#primaryimage","url":"https:\/\/pelin1971.hr\/wp-content\/uploads\/2025\/11\/asa-Hill-27cl-wh.jpg","contentUrl":"https:\/\/pelin1971.hr\/wp-content\/uploads\/2025\/11\/asa-Hill-27cl-wh.jpg","width":2079,"height":2080,"caption":"\u010da\u0161e hill 27cl za whisky,likere i ostala \u017eestoka pi\u0107a,ugostiteljska oprema,cijena"},{"@type":"BreadcrumbList","@id":"https:\/\/pelin1971.hr\/en\/katalog\/hill-27cl-whiskey-glasses-larger\/#breadcrumb","itemListElement":[{"@type":"ListItem","position":1,"name":"Home","item":"https:\/\/pelin1971.hr\/en\/"},{"@type":"ListItem","position":2,"name":"Shop","item":"https:\/\/pelin1971.hr\/en\/shop\/"},{"@type":"ListItem","position":3,"name":"Catering glasses","item":"https:\/\/pelin1971.hr\/en\/kategorija-proizvoda\/catering-glasses\/"},{"@type":"ListItem","position":4,"name":"Hill glasses","item":"https:\/\/pelin1971.hr\/en\/kategorija-proizvoda\/catering-glasses\/golding-glasses\/"},{"@type":"ListItem","position":5,"name":"HILL 27CL WHISKEY GLASSES LARGER"}]},{"@type":"WebSite","@id":"https:\/\/pelin1971.hr\/en\/#website","url":"https:\/\/pelin1971.hr\/en\/","name":"Pelin1971","description":"","potentialAction":[{"@type":"SearchAction","target":{"@type":"EntryPoint","urlTemplate":"https:\/\/pelin1971.hr\/en\/?s={search_term_string}"},"query-input":{"@type":"PropertyValueSpecification","valueRequired":true,"valueName":"search_term_string"}}],"inLanguage":"en-US"}]}},"_links":{"self":[{"href":"https:\/\/pelin1971.hr\/en\/wp-json\/wp\/v2\/product\/7784","targetHints":{"allow":["GET"]}}],"collection":[{"href":"https:\/\/pelin1971.hr\/en\/wp-json\/wp\/v2\/product"}],"about":[{"href":"https:\/\/pelin1971.hr\/en\/wp-json\/wp\/v2\/types\/product"}],"replies":[{"embeddable":true,"href":"https:\/\/pelin1971.hr\/en\/wp-json\/wp\/v2\/comments?post=7784"}],"wp:featuredmedia":[{"embeddable":true,"href":"https:\/\/pelin1971.hr\/en\/wp-json\/wp\/v2\/media\/7785"}],"wp:attachment":[{"href":"https:\/\/pelin1971.hr\/en\/wp-json\/wp\/v2\/media?parent=7784"}],"wp:term":[{"taxonomy":"product_brand","embeddable":true,"href":"https:\/\/pelin1971.hr\/en\/wp-json\/wp\/v2\/product_brand?post=7784"},{"taxonomy":"product_cat","embeddable":true,"href":"https:\/\/pelin1971.hr\/en\/wp-json\/wp\/v2\/product_cat?post=7784"},{"taxonomy":"product_tag","embeddable":true,"href":"https:\/\/pelin1971.hr\/en\/wp-json\/wp\/v2\/product_tag?post=7784"}],"curies":[{"name":"wp","href":"https:\/\/api.w.org\/{rel}","templated":true}]}}