{"id":7779,"date":"2025-11-18T17:16:43","date_gmt":"2025-11-18T16:16:43","guid":{"rendered":"https:\/\/pelin1971.hr\/katalog\/allegra-wine-glass\/"},"modified":"2025-11-25T10:51:30","modified_gmt":"2025-11-25T09:51:30","slug":"allegra-wine-glass","status":"publish","type":"product","link":"https:\/\/pelin1971.hr\/en\/katalog\/allegra-wine-glass\/","title":{"rendered":"Allegra wine glass"},"content":{"rendered":"<h1>Allegra wine glass 350ml,<\/h1>\n<h1>allegra wine glass 490ml<\/h1>\n<p>-packaging: 6\/1 and 12\/1<br \/>\n-manufacturer: Pasabhce<\/p>\n","protected":false},"excerpt":{"rendered":"<p>Allegra wine glass 350ml, allegra wine glass 490ml -packaging: 6\/1 and 12\/1 -manufacturer: Pasabhce<\/p>\n","protected":false},"featured_media":8963,"comment_status":"open","ping_status":"closed","template":"","meta":{"_acf_changed":false},"product_brand":[],"product_cat":[4595,4600],"product_tag":[4060],"class_list":{"0":"post-7779","1":"product","2":"type-product","3":"status-publish","4":"has-post-thumbnail","6":"product_cat-glasses-for-bottled-wines","7":"product_cat-glasses-chalice-stand","8":"product_tag-allegra-wine-glass","10":"first","11":"instock","12":"shipping-taxable","13":"purchasable","14":"product-type-variable"},"acf":[],"yoast_head":"<!-- This site is optimized with the Yoast SEO plugin v26.8 - https:\/\/yoast.com\/product\/yoast-seo-wordpress\/ -->\n<title>allegra wine glass on stand 350ml and 490ml, Bormiolli<\/title>\n<meta name=\"description\" content=\"allegra wine glass on a stand 350ml and 490ml, glass for bottled wine, glass on a stand for white and red wine, glass stand for bottled wine, price\" \/>\n<meta name=\"robots\" content=\"index, follow, max-snippet:-1, max-image-preview:large, max-video-preview:-1\" \/>\n<link rel=\"canonical\" href=\"https:\/\/pelin1971.hr\/en\/katalog\/allegra-wine-glass\/\" \/>\n<meta property=\"og:locale\" content=\"en_US\" \/>\n<meta property=\"og:type\" content=\"article\" \/>\n<meta property=\"og:title\" content=\"allegra wine glass on stand 350ml and 490ml, Bormiolli\" \/>\n<meta property=\"og:description\" content=\"allegra wine glass on a stand 350ml and 490ml, glass for bottled wine, glass on a stand for white and red wine, glass stand for bottled wine, price\" \/>\n<meta property=\"og:url\" content=\"https:\/\/pelin1971.hr\/en\/katalog\/allegra-wine-glass\/\" \/>\n<meta property=\"og:site_name\" content=\"Pelin1971\" \/>\n<meta property=\"article:modified_time\" content=\"2025-11-25T09:51:30+00:00\" \/>\n<meta property=\"og:image\" content=\"https:\/\/pelin1971.hr\/wp-content\/uploads\/2025\/11\/asa-allegra-490-za-web.jpg\" \/>\n\t<meta property=\"og:image:width\" content=\"2082\" \/>\n\t<meta property=\"og:image:height\" content=\"2083\" \/>\n\t<meta property=\"og:image:type\" content=\"image\/jpeg\" \/>\n<meta name=\"twitter:card\" content=\"summary_large_image\" \/>\n<script type=\"application\/ld+json\" class=\"yoast-schema-graph\">{\"@context\":\"https:\/\/schema.org\",\"@graph\":[{\"@type\":\"WebPage\",\"@id\":\"https:\/\/pelin1971.hr\/en\/katalog\/allegra-wine-glass\/\",\"url\":\"https:\/\/pelin1971.hr\/en\/katalog\/allegra-wine-glass\/\",\"name\":\"allegra wine glass on stand 350ml and 490ml, Bormiolli\",\"isPartOf\":{\"@id\":\"https:\/\/pelin1971.hr\/en\/#website\"},\"primaryImageOfPage\":{\"@id\":\"https:\/\/pelin1971.hr\/en\/katalog\/allegra-wine-glass\/#primaryimage\"},\"image\":{\"@id\":\"https:\/\/pelin1971.hr\/en\/katalog\/allegra-wine-glass\/#primaryimage\"},\"thumbnailUrl\":\"https:\/\/pelin1971.hr\/wp-content\/uploads\/2016\/04\/\u010da\u0161a-allegra-490-za-web.jpg\",\"datePublished\":\"2025-11-18T16:16:43+00:00\",\"dateModified\":\"2025-11-25T09:51:30+00:00\",\"description\":\"allegra wine glass on a stand 350ml and 490ml, glass for bottled wine, glass on a stand for white and red wine, glass stand for bottled wine, price\",\"breadcrumb\":{\"@id\":\"https:\/\/pelin1971.hr\/en\/katalog\/allegra-wine-glass\/#breadcrumb\"},\"inLanguage\":\"en-US\",\"potentialAction\":[{\"@type\":\"ReadAction\",\"target\":[\"https:\/\/pelin1971.hr\/en\/katalog\/allegra-wine-glass\/\"]}]},{\"@type\":\"ImageObject\",\"inLanguage\":\"en-US\",\"@id\":\"https:\/\/pelin1971.hr\/en\/katalog\/allegra-wine-glass\/#primaryimage\",\"url\":\"https:\/\/pelin1971.hr\/wp-content\/uploads\/2016\/04\/\u010da\u0161a-allegra-490-za-web.jpg\",\"contentUrl\":\"https:\/\/pelin1971.hr\/wp-content\/uploads\/2016\/04\/\u010da\u0161a-allegra-490-za-web.jpg\",\"width\":2082,\"height\":2083,\"caption\":\"\u010da\u0161a allegra 490, \u010da\u0161e za vino,bijelo i crno,cijena\"},{\"@type\":\"BreadcrumbList\",\"@id\":\"https:\/\/pelin1971.hr\/en\/katalog\/allegra-wine-glass\/#breadcrumb\",\"itemListElement\":[{\"@type\":\"ListItem\",\"position\":1,\"name\":\"Home\",\"item\":\"https:\/\/pelin1971.hr\/en\/\"},{\"@type\":\"ListItem\",\"position\":2,\"name\":\"Shop\",\"item\":\"https:\/\/pelin1971.hr\/en\/shop\/\"},{\"@type\":\"ListItem\",\"position\":3,\"name\":\"Catering glasses\",\"item\":\"https:\/\/pelin1971.hr\/en\/kategorija-proizvoda\/catering-glasses\/\"},{\"@type\":\"ListItem\",\"position\":4,\"name\":\"Glasses for bottled wines\",\"item\":\"https:\/\/pelin1971.hr\/en\/kategorija-proizvoda\/catering-glasses\/glasses-for-bottled-wines\/\"},{\"@type\":\"ListItem\",\"position\":5,\"name\":\"Allegra wine glass\"}]},{\"@type\":\"WebSite\",\"@id\":\"https:\/\/pelin1971.hr\/en\/#website\",\"url\":\"https:\/\/pelin1971.hr\/en\/\",\"name\":\"Pelin1971\",\"description\":\"\",\"potentialAction\":[{\"@type\":\"SearchAction\",\"target\":{\"@type\":\"EntryPoint\",\"urlTemplate\":\"https:\/\/pelin1971.hr\/en\/?s={search_term_string}\"},\"query-input\":{\"@type\":\"PropertyValueSpecification\",\"valueRequired\":true,\"valueName\":\"search_term_string\"}}],\"inLanguage\":\"en-US\"}]}<\/script>\n<!-- \/ Yoast SEO plugin. -->","yoast_head_json":{"title":"allegra wine glass on stand 350ml and 490ml, Bormiolli","description":"allegra wine glass on a stand 350ml and 490ml, glass for bottled wine, glass on a stand for white and red wine, glass stand for bottled wine, price","robots":{"index":"index","follow":"follow","max-snippet":"max-snippet:-1","max-image-preview":"max-image-preview:large","max-video-preview":"max-video-preview:-1"},"canonical":"https:\/\/pelin1971.hr\/en\/katalog\/allegra-wine-glass\/","og_locale":"en_US","og_type":"article","og_title":"allegra wine glass on stand 350ml and 490ml, Bormiolli","og_description":"allegra wine glass on a stand 350ml and 490ml, glass for bottled wine, glass on a stand for white and red wine, glass stand for bottled wine, price","og_url":"https:\/\/pelin1971.hr\/en\/katalog\/allegra-wine-glass\/","og_site_name":"Pelin1971","article_modified_time":"2025-11-25T09:51:30+00:00","og_image":[{"width":2082,"height":2083,"url":"https:\/\/pelin1971.hr\/wp-content\/uploads\/2025\/11\/asa-allegra-490-za-web.jpg","type":"image\/jpeg"}],"twitter_card":"summary_large_image","schema":{"@context":"https:\/\/schema.org","@graph":[{"@type":"WebPage","@id":"https:\/\/pelin1971.hr\/en\/katalog\/allegra-wine-glass\/","url":"https:\/\/pelin1971.hr\/en\/katalog\/allegra-wine-glass\/","name":"allegra wine glass on stand 350ml and 490ml, Bormiolli","isPartOf":{"@id":"https:\/\/pelin1971.hr\/en\/#website"},"primaryImageOfPage":{"@id":"https:\/\/pelin1971.hr\/en\/katalog\/allegra-wine-glass\/#primaryimage"},"image":{"@id":"https:\/\/pelin1971.hr\/en\/katalog\/allegra-wine-glass\/#primaryimage"},"thumbnailUrl":"https:\/\/pelin1971.hr\/wp-content\/uploads\/2016\/04\/\u010da\u0161a-allegra-490-za-web.jpg","datePublished":"2025-11-18T16:16:43+00:00","dateModified":"2025-11-25T09:51:30+00:00","description":"allegra wine glass on a stand 350ml and 490ml, glass for bottled wine, glass on a stand for white and red wine, glass stand for bottled wine, price","breadcrumb":{"@id":"https:\/\/pelin1971.hr\/en\/katalog\/allegra-wine-glass\/#breadcrumb"},"inLanguage":"en-US","potentialAction":[{"@type":"ReadAction","target":["https:\/\/pelin1971.hr\/en\/katalog\/allegra-wine-glass\/"]}]},{"@type":"ImageObject","inLanguage":"en-US","@id":"https:\/\/pelin1971.hr\/en\/katalog\/allegra-wine-glass\/#primaryimage","url":"https:\/\/pelin1971.hr\/wp-content\/uploads\/2016\/04\/\u010da\u0161a-allegra-490-za-web.jpg","contentUrl":"https:\/\/pelin1971.hr\/wp-content\/uploads\/2016\/04\/\u010da\u0161a-allegra-490-za-web.jpg","width":2082,"height":2083,"caption":"\u010da\u0161a allegra 490, \u010da\u0161e za vino,bijelo i crno,cijena"},{"@type":"BreadcrumbList","@id":"https:\/\/pelin1971.hr\/en\/katalog\/allegra-wine-glass\/#breadcrumb","itemListElement":[{"@type":"ListItem","position":1,"name":"Home","item":"https:\/\/pelin1971.hr\/en\/"},{"@type":"ListItem","position":2,"name":"Shop","item":"https:\/\/pelin1971.hr\/en\/shop\/"},{"@type":"ListItem","position":3,"name":"Catering glasses","item":"https:\/\/pelin1971.hr\/en\/kategorija-proizvoda\/catering-glasses\/"},{"@type":"ListItem","position":4,"name":"Glasses for bottled wines","item":"https:\/\/pelin1971.hr\/en\/kategorija-proizvoda\/catering-glasses\/glasses-for-bottled-wines\/"},{"@type":"ListItem","position":5,"name":"Allegra wine glass"}]},{"@type":"WebSite","@id":"https:\/\/pelin1971.hr\/en\/#website","url":"https:\/\/pelin1971.hr\/en\/","name":"Pelin1971","description":"","potentialAction":[{"@type":"SearchAction","target":{"@type":"EntryPoint","urlTemplate":"https:\/\/pelin1971.hr\/en\/?s={search_term_string}"},"query-input":{"@type":"PropertyValueSpecification","valueRequired":true,"valueName":"search_term_string"}}],"inLanguage":"en-US"}]}},"_links":{"self":[{"href":"https:\/\/pelin1971.hr\/en\/wp-json\/wp\/v2\/product\/7779","targetHints":{"allow":["GET"]}}],"collection":[{"href":"https:\/\/pelin1971.hr\/en\/wp-json\/wp\/v2\/product"}],"about":[{"href":"https:\/\/pelin1971.hr\/en\/wp-json\/wp\/v2\/types\/product"}],"replies":[{"embeddable":true,"href":"https:\/\/pelin1971.hr\/en\/wp-json\/wp\/v2\/comments?post=7779"}],"wp:featuredmedia":[{"embeddable":true,"href":"https:\/\/pelin1971.hr\/en\/wp-json\/wp\/v2\/media\/8963"}],"wp:attachment":[{"href":"https:\/\/pelin1971.hr\/en\/wp-json\/wp\/v2\/media?parent=7779"}],"wp:term":[{"taxonomy":"product_brand","embeddable":true,"href":"https:\/\/pelin1971.hr\/en\/wp-json\/wp\/v2\/product_brand?post=7779"},{"taxonomy":"product_cat","embeddable":true,"href":"https:\/\/pelin1971.hr\/en\/wp-json\/wp\/v2\/product_cat?post=7779"},{"taxonomy":"product_tag","embeddable":true,"href":"https:\/\/pelin1971.hr\/en\/wp-json\/wp\/v2\/product_tag?post=7779"}],"curies":[{"name":"wp","href":"https:\/\/api.w.org\/{rel}","templated":true}]}}