{"id":7760,"date":"2025-11-18T17:16:42","date_gmt":"2025-11-18T16:16:42","guid":{"rendered":"https:\/\/pelin1971.hr\/katalog\/polycarbonate-cups-made-of-hard-plastic\/"},"modified":"2025-11-25T10:51:24","modified_gmt":"2025-11-25T09:51:24","slug":"polycarbonate-cups-made-of-hard-plastic","status":"publish","type":"product","link":"https:\/\/pelin1971.hr\/en\/katalog\/polycarbonate-cups-made-of-hard-plastic\/","title":{"rendered":"POLYCARBONATE CUPS MADE OF HARD PLASTIC"},"content":{"rendered":"<h1>Polycarbonate cups made of hard plastic,<\/h1>\n<h1>Polystyrene hard plastic cups<\/h1>\n<h4><span style=\"text-decoration: underline;\"><span style=\"color: #ff0000; text-decoration: underline;\">Polycarbonate hard plastic glasses<\/span><\/span> are crystal clear glasses that will not chip or break, making them durable and safe to use. They are dishwasher safe, microwave safe and can be frozen. They are ideal for use in hospitality settings; cocktail bars, hotels, restaurants, pool and beach bars, on boats and other places where the use of glass is dangerous and not recommended. They are stain resistant and recyclable.<\/h4>\n<p><span style=\"text-decoration: underline;\"><span style=\"color: #ff0000; text-decoration: underline;\">Polystyrene glasses<\/span><\/span> are more affordable glasses than polycarbonate glasses, they are completely identical in appearance, they can be washed in the machine and are not unbreakable like polycarbonate glasses.<\/p>\n<p>Similar article, link: <a href=\"https:\/\/pelin1971.hr\/katalog\/tvrde-plasticne-case-za-koktele\/\">Hard plastic cups<\/a><\/p>\n","protected":false},"excerpt":{"rendered":"<p>Polycarbonate cups made of hard plastic, Polystyrene hard plastic cups Polycarbonate hard plastic glasses are crystal clear glasses that will not chip or break, making them durable and safe to use. They are dishwasher safe, microwave safe and can be frozen. They are ideal for use in hospitality settings; cocktail bars, hotels, restaurants, pool and<\/p>\n","protected":false},"featured_media":7725,"comment_status":"open","ping_status":"closed","template":"","meta":{"_acf_changed":false},"product_brand":[],"product_cat":[4598],"product_tag":[3978,4043,4042,4040,4041],"class_list":{"0":"post-7760","1":"product","2":"type-product","3":"status-publish","4":"has-post-thumbnail","6":"product_cat-cocktail-glasses","7":"product_tag-cocktail-plastic-cups","8":"product_tag-hard-clear-plastic-cups","9":"product_tag-hard-plastic-cups-2","10":"product_tag-polycarbonate-glasses","11":"product_tag-polystyrene-cups","13":"first","14":"instock","15":"shipping-taxable","16":"purchasable","17":"product-type-variable"},"acf":[],"yoast_head":"<!-- This site is optimized with the Yoast SEO plugin v26.8 - https:\/\/yoast.com\/product\/yoast-seo-wordpress\/ -->\n<title>POLYCARBONATE CUPS HARD PLASTIC, POLYSTYRENE CUPS<\/title>\n<meta name=\"description\" content=\"polycarbonate cups,polystyrene hard plastic cups,hard clear plastic cups,cocktail plastic cups for pools,price\" \/>\n<meta name=\"robots\" content=\"index, follow, max-snippet:-1, max-image-preview:large, max-video-preview:-1\" \/>\n<link rel=\"canonical\" href=\"https:\/\/pelin1971.hr\/en\/katalog\/polycarbonate-cups-made-of-hard-plastic\/\" \/>\n<meta property=\"og:locale\" content=\"en_US\" \/>\n<meta property=\"og:type\" content=\"article\" \/>\n<meta property=\"og:title\" content=\"POLYCARBONATE CUPS HARD PLASTIC, POLYSTYRENE CUPS\" \/>\n<meta property=\"og:description\" content=\"polycarbonate cups,polystyrene hard plastic cups,hard clear plastic cups,cocktail plastic cups for pools,price\" \/>\n<meta property=\"og:url\" content=\"https:\/\/pelin1971.hr\/en\/katalog\/polycarbonate-cups-made-of-hard-plastic\/\" \/>\n<meta property=\"og:site_name\" content=\"Pelin1971\" \/>\n<meta property=\"article:modified_time\" content=\"2025-11-25T09:51:24+00:00\" \/>\n<meta property=\"og:image\" content=\"https:\/\/pelin1971.hr\/wp-content\/uploads\/2025\/11\/polikarbonatne-case.jpg\" \/>\n\t<meta property=\"og:image:width\" content=\"2080\" \/>\n\t<meta property=\"og:image:height\" content=\"2079\" \/>\n\t<meta property=\"og:image:type\" content=\"image\/jpeg\" \/>\n<meta name=\"twitter:card\" content=\"summary_large_image\" \/>\n<meta name=\"twitter:label1\" content=\"Est. reading time\" \/>\n\t<meta name=\"twitter:data1\" content=\"1 minute\" \/>\n<script type=\"application\/ld+json\" class=\"yoast-schema-graph\">{\"@context\":\"https:\/\/schema.org\",\"@graph\":[{\"@type\":\"WebPage\",\"@id\":\"https:\/\/pelin1971.hr\/en\/katalog\/polycarbonate-cups-made-of-hard-plastic\/\",\"url\":\"https:\/\/pelin1971.hr\/en\/katalog\/polycarbonate-cups-made-of-hard-plastic\/\",\"name\":\"POLYCARBONATE CUPS HARD PLASTIC, POLYSTYRENE CUPS\",\"isPartOf\":{\"@id\":\"https:\/\/pelin1971.hr\/en\/#website\"},\"primaryImageOfPage\":{\"@id\":\"https:\/\/pelin1971.hr\/en\/katalog\/polycarbonate-cups-made-of-hard-plastic\/#primaryimage\"},\"image\":{\"@id\":\"https:\/\/pelin1971.hr\/en\/katalog\/polycarbonate-cups-made-of-hard-plastic\/#primaryimage\"},\"thumbnailUrl\":\"https:\/\/pelin1971.hr\/wp-content\/uploads\/2025\/11\/polikarbonatne-case.jpg\",\"datePublished\":\"2025-11-18T16:16:42+00:00\",\"dateModified\":\"2025-11-25T09:51:24+00:00\",\"description\":\"polycarbonate cups,polystyrene hard plastic cups,hard clear plastic cups,cocktail plastic cups for pools,price\",\"breadcrumb\":{\"@id\":\"https:\/\/pelin1971.hr\/en\/katalog\/polycarbonate-cups-made-of-hard-plastic\/#breadcrumb\"},\"inLanguage\":\"en-US\",\"potentialAction\":[{\"@type\":\"ReadAction\",\"target\":[\"https:\/\/pelin1971.hr\/en\/katalog\/polycarbonate-cups-made-of-hard-plastic\/\"]}]},{\"@type\":\"ImageObject\",\"inLanguage\":\"en-US\",\"@id\":\"https:\/\/pelin1971.hr\/en\/katalog\/polycarbonate-cups-made-of-hard-plastic\/#primaryimage\",\"url\":\"https:\/\/pelin1971.hr\/wp-content\/uploads\/2025\/11\/polikarbonatne-case.jpg\",\"contentUrl\":\"https:\/\/pelin1971.hr\/wp-content\/uploads\/2025\/11\/polikarbonatne-case.jpg\",\"width\":2080,\"height\":2079,\"caption\":\"polikarbonatne \u010da\u0161e,plasti\u010dne \u010da\u0161e od tvrde plastike,nesalomljive plasti\u010dne \u010da\u0161e,polikarbonatna \u010da\u0161a,ugostiteljska oprema,sitni inventar za ugostiteljstvo,\u010da\u0161e za bazene i brodove,cijena\"},{\"@type\":\"BreadcrumbList\",\"@id\":\"https:\/\/pelin1971.hr\/en\/katalog\/polycarbonate-cups-made-of-hard-plastic\/#breadcrumb\",\"itemListElement\":[{\"@type\":\"ListItem\",\"position\":1,\"name\":\"Home\",\"item\":\"https:\/\/pelin1971.hr\/en\/\"},{\"@type\":\"ListItem\",\"position\":2,\"name\":\"Shop\",\"item\":\"https:\/\/pelin1971.hr\/en\/shop\/\"},{\"@type\":\"ListItem\",\"position\":3,\"name\":\"Glasses for catering I\",\"item\":\"https:\/\/pelin1971.hr\/en\/kategorija-proizvoda\/glasses-for-catering-i\/\"},{\"@type\":\"ListItem\",\"position\":4,\"name\":\"Cocktail glasses\",\"item\":\"https:\/\/pelin1971.hr\/en\/kategorija-proizvoda\/glasses-for-catering-i\/cocktail-glasses\/\"},{\"@type\":\"ListItem\",\"position\":5,\"name\":\"POLYCARBONATE CUPS MADE OF HARD PLASTIC\"}]},{\"@type\":\"WebSite\",\"@id\":\"https:\/\/pelin1971.hr\/en\/#website\",\"url\":\"https:\/\/pelin1971.hr\/en\/\",\"name\":\"Pelin1971\",\"description\":\"\",\"potentialAction\":[{\"@type\":\"SearchAction\",\"target\":{\"@type\":\"EntryPoint\",\"urlTemplate\":\"https:\/\/pelin1971.hr\/en\/?s={search_term_string}\"},\"query-input\":{\"@type\":\"PropertyValueSpecification\",\"valueRequired\":true,\"valueName\":\"search_term_string\"}}],\"inLanguage\":\"en-US\"}]}<\/script>\n<!-- \/ Yoast SEO plugin. -->","yoast_head_json":{"title":"POLYCARBONATE CUPS HARD PLASTIC, POLYSTYRENE CUPS","description":"polycarbonate cups,polystyrene hard plastic cups,hard clear plastic cups,cocktail plastic cups for pools,price","robots":{"index":"index","follow":"follow","max-snippet":"max-snippet:-1","max-image-preview":"max-image-preview:large","max-video-preview":"max-video-preview:-1"},"canonical":"https:\/\/pelin1971.hr\/en\/katalog\/polycarbonate-cups-made-of-hard-plastic\/","og_locale":"en_US","og_type":"article","og_title":"POLYCARBONATE CUPS HARD PLASTIC, POLYSTYRENE CUPS","og_description":"polycarbonate cups,polystyrene hard plastic cups,hard clear plastic cups,cocktail plastic cups for pools,price","og_url":"https:\/\/pelin1971.hr\/en\/katalog\/polycarbonate-cups-made-of-hard-plastic\/","og_site_name":"Pelin1971","article_modified_time":"2025-11-25T09:51:24+00:00","og_image":[{"width":2080,"height":2079,"url":"https:\/\/pelin1971.hr\/wp-content\/uploads\/2025\/11\/polikarbonatne-case.jpg","type":"image\/jpeg"}],"twitter_card":"summary_large_image","twitter_misc":{"Est. reading time":"1 minute"},"schema":{"@context":"https:\/\/schema.org","@graph":[{"@type":"WebPage","@id":"https:\/\/pelin1971.hr\/en\/katalog\/polycarbonate-cups-made-of-hard-plastic\/","url":"https:\/\/pelin1971.hr\/en\/katalog\/polycarbonate-cups-made-of-hard-plastic\/","name":"POLYCARBONATE CUPS HARD PLASTIC, POLYSTYRENE CUPS","isPartOf":{"@id":"https:\/\/pelin1971.hr\/en\/#website"},"primaryImageOfPage":{"@id":"https:\/\/pelin1971.hr\/en\/katalog\/polycarbonate-cups-made-of-hard-plastic\/#primaryimage"},"image":{"@id":"https:\/\/pelin1971.hr\/en\/katalog\/polycarbonate-cups-made-of-hard-plastic\/#primaryimage"},"thumbnailUrl":"https:\/\/pelin1971.hr\/wp-content\/uploads\/2025\/11\/polikarbonatne-case.jpg","datePublished":"2025-11-18T16:16:42+00:00","dateModified":"2025-11-25T09:51:24+00:00","description":"polycarbonate cups,polystyrene hard plastic cups,hard clear plastic cups,cocktail plastic cups for pools,price","breadcrumb":{"@id":"https:\/\/pelin1971.hr\/en\/katalog\/polycarbonate-cups-made-of-hard-plastic\/#breadcrumb"},"inLanguage":"en-US","potentialAction":[{"@type":"ReadAction","target":["https:\/\/pelin1971.hr\/en\/katalog\/polycarbonate-cups-made-of-hard-plastic\/"]}]},{"@type":"ImageObject","inLanguage":"en-US","@id":"https:\/\/pelin1971.hr\/en\/katalog\/polycarbonate-cups-made-of-hard-plastic\/#primaryimage","url":"https:\/\/pelin1971.hr\/wp-content\/uploads\/2025\/11\/polikarbonatne-case.jpg","contentUrl":"https:\/\/pelin1971.hr\/wp-content\/uploads\/2025\/11\/polikarbonatne-case.jpg","width":2080,"height":2079,"caption":"polikarbonatne \u010da\u0161e,plasti\u010dne \u010da\u0161e od tvrde plastike,nesalomljive plasti\u010dne \u010da\u0161e,polikarbonatna \u010da\u0161a,ugostiteljska oprema,sitni inventar za ugostiteljstvo,\u010da\u0161e za bazene i brodove,cijena"},{"@type":"BreadcrumbList","@id":"https:\/\/pelin1971.hr\/en\/katalog\/polycarbonate-cups-made-of-hard-plastic\/#breadcrumb","itemListElement":[{"@type":"ListItem","position":1,"name":"Home","item":"https:\/\/pelin1971.hr\/en\/"},{"@type":"ListItem","position":2,"name":"Shop","item":"https:\/\/pelin1971.hr\/en\/shop\/"},{"@type":"ListItem","position":3,"name":"Glasses for catering I","item":"https:\/\/pelin1971.hr\/en\/kategorija-proizvoda\/glasses-for-catering-i\/"},{"@type":"ListItem","position":4,"name":"Cocktail glasses","item":"https:\/\/pelin1971.hr\/en\/kategorija-proizvoda\/glasses-for-catering-i\/cocktail-glasses\/"},{"@type":"ListItem","position":5,"name":"POLYCARBONATE CUPS MADE OF HARD PLASTIC"}]},{"@type":"WebSite","@id":"https:\/\/pelin1971.hr\/en\/#website","url":"https:\/\/pelin1971.hr\/en\/","name":"Pelin1971","description":"","potentialAction":[{"@type":"SearchAction","target":{"@type":"EntryPoint","urlTemplate":"https:\/\/pelin1971.hr\/en\/?s={search_term_string}"},"query-input":{"@type":"PropertyValueSpecification","valueRequired":true,"valueName":"search_term_string"}}],"inLanguage":"en-US"}]}},"_links":{"self":[{"href":"https:\/\/pelin1971.hr\/en\/wp-json\/wp\/v2\/product\/7760","targetHints":{"allow":["GET"]}}],"collection":[{"href":"https:\/\/pelin1971.hr\/en\/wp-json\/wp\/v2\/product"}],"about":[{"href":"https:\/\/pelin1971.hr\/en\/wp-json\/wp\/v2\/types\/product"}],"replies":[{"embeddable":true,"href":"https:\/\/pelin1971.hr\/en\/wp-json\/wp\/v2\/comments?post=7760"}],"wp:featuredmedia":[{"embeddable":true,"href":"https:\/\/pelin1971.hr\/en\/wp-json\/wp\/v2\/media\/7725"}],"wp:attachment":[{"href":"https:\/\/pelin1971.hr\/en\/wp-json\/wp\/v2\/media?parent=7760"}],"wp:term":[{"taxonomy":"product_brand","embeddable":true,"href":"https:\/\/pelin1971.hr\/en\/wp-json\/wp\/v2\/product_brand?post=7760"},{"taxonomy":"product_cat","embeddable":true,"href":"https:\/\/pelin1971.hr\/en\/wp-json\/wp\/v2\/product_cat?post=7760"},{"taxonomy":"product_tag","embeddable":true,"href":"https:\/\/pelin1971.hr\/en\/wp-json\/wp\/v2\/product_tag?post=7760"}],"curies":[{"name":"wp","href":"https:\/\/api.w.org\/{rel}","templated":true}]}}