{"id":7729,"date":"2025-11-18T17:16:42","date_gmt":"2025-11-18T16:16:42","guid":{"rendered":"https:\/\/pelin1971.hr\/katalog\/plastic-hard-cups\/"},"modified":"2025-11-25T10:51:49","modified_gmt":"2025-11-25T09:51:49","slug":"plastic-hard-cups","status":"publish","type":"product","link":"https:\/\/pelin1971.hr\/en\/katalog\/plastic-hard-cups\/","title":{"rendered":"PLASTIC HARD CUPS"},"content":{"rendered":"<h1>Hard plastic cups<\/h1>\n<h4 data-fontsize=\"18\" data-lineheight=\"22\">&#8211; polycarbonate plastic glasses made of hard plastic are crystal clear glasses that will not chip or break and are long-lasting and safe to use. They can be used in the dishwasher, microwave and can be deep frozen. They are ideal for use in catering establishments; cocktail bars, hotels, restaurants, pool and beach bars, on ships as well as in other places where the use of glass is dangerous and not recommended. They are stain resistant and can be recycled.<\/h4>\n<h4 data-fontsize=\"18\" data-lineheight=\"22\">-Polystyrene plastic cups are more affordable than polycarbonate cups, they look completely identical, they can be washed in the dishwasher, and they are only not as unbreakable as polycarbonate cups.<\/h4>\n<p>-similar article, link:  <a href=\"https:\/\/pelin1971.hr\/katalog\/polikarbonatne-case\/\">Polycarbonate cups<\/a><\/p>\n","protected":false},"excerpt":{"rendered":"<p>Hard plastic cups &#8211; polycarbonate plastic glasses made of hard plastic are crystal clear glasses that will not chip or break and are long-lasting and safe to use. They can be used in the dishwasher, microwave and can be deep frozen. They are ideal for use in catering establishments; cocktail bars, hotels, restaurants, pool and<\/p>\n","protected":false},"featured_media":9085,"comment_status":"open","ping_status":"closed","template":"","meta":{"_acf_changed":false},"product_brand":[],"product_cat":[4543],"product_tag":[3996,4715,3994],"class_list":{"0":"post-7729","1":"product","2":"type-product","3":"status-publish","4":"has-post-thumbnail","6":"product_cat-coffee-to-go-and-pvc-cups","7":"product_tag-cocktail-bar-glasses","8":"product_tag-hard-plastic-cups-3","9":"product_tag-swimming-pool-glasses","11":"first","12":"instock","13":"shipping-taxable","14":"purchasable","15":"product-type-variable"},"acf":[],"yoast_head":"<!-- This site is optimized with the Yoast SEO plugin v26.8 - https:\/\/yoast.com\/product\/yoast-seo-wordpress\/ -->\n<title>PLASTIC HARD GLASSES, POLYCARBONATE GLASSES FOR COCKTAILS<\/title>\n<meta name=\"description\" content=\"hard plastic cups, hard plastic cups, hard plastic cups for serving drinks in cocktail bars, beaches, swimming pools, polycarbonate cups, price\" \/>\n<meta name=\"robots\" content=\"index, follow, max-snippet:-1, max-image-preview:large, max-video-preview:-1\" \/>\n<link rel=\"canonical\" href=\"https:\/\/pelin1971.hr\/en\/katalog\/plastic-hard-cups\/\" \/>\n<meta property=\"og:locale\" content=\"en_US\" \/>\n<meta property=\"og:type\" content=\"article\" \/>\n<meta property=\"og:title\" content=\"PLASTIC HARD GLASSES, POLYCARBONATE GLASSES FOR COCKTAILS\" \/>\n<meta property=\"og:description\" content=\"hard plastic cups, hard plastic cups, hard plastic cups for serving drinks in cocktail bars, beaches, swimming pools, polycarbonate cups, price\" \/>\n<meta property=\"og:url\" content=\"https:\/\/pelin1971.hr\/en\/katalog\/plastic-hard-cups\/\" \/>\n<meta property=\"og:site_name\" content=\"Pelin1971\" \/>\n<meta property=\"article:modified_time\" content=\"2025-11-25T09:51:49+00:00\" \/>\n<meta property=\"og:image\" content=\"https:\/\/pelin1971.hr\/wp-content\/uploads\/2025\/11\/polikarbonatne-case.jpg\" \/>\n\t<meta property=\"og:image:width\" content=\"2080\" \/>\n\t<meta property=\"og:image:height\" content=\"2079\" \/>\n\t<meta property=\"og:image:type\" content=\"image\/jpeg\" \/>\n<meta name=\"twitter:card\" content=\"summary_large_image\" \/>\n<meta name=\"twitter:label1\" content=\"Est. reading time\" \/>\n\t<meta name=\"twitter:data1\" content=\"1 minute\" \/>\n<script type=\"application\/ld+json\" class=\"yoast-schema-graph\">{\"@context\":\"https:\/\/schema.org\",\"@graph\":[{\"@type\":\"WebPage\",\"@id\":\"https:\/\/pelin1971.hr\/en\/katalog\/plastic-hard-cups\/\",\"url\":\"https:\/\/pelin1971.hr\/en\/katalog\/plastic-hard-cups\/\",\"name\":\"PLASTIC HARD GLASSES, POLYCARBONATE GLASSES FOR COCKTAILS\",\"isPartOf\":{\"@id\":\"https:\/\/pelin1971.hr\/en\/#website\"},\"primaryImageOfPage\":{\"@id\":\"https:\/\/pelin1971.hr\/en\/katalog\/plastic-hard-cups\/#primaryimage\"},\"image\":{\"@id\":\"https:\/\/pelin1971.hr\/en\/katalog\/plastic-hard-cups\/#primaryimage\"},\"thumbnailUrl\":\"https:\/\/pelin1971.hr\/wp-content\/uploads\/2024\/03\/polikarbonatne-\u010da\u0161e.jpg\",\"datePublished\":\"2025-11-18T16:16:42+00:00\",\"dateModified\":\"2025-11-25T09:51:49+00:00\",\"description\":\"hard plastic cups, hard plastic cups, hard plastic cups for serving drinks in cocktail bars, beaches, swimming pools, polycarbonate cups, price\",\"breadcrumb\":{\"@id\":\"https:\/\/pelin1971.hr\/en\/katalog\/plastic-hard-cups\/#breadcrumb\"},\"inLanguage\":\"en-US\",\"potentialAction\":[{\"@type\":\"ReadAction\",\"target\":[\"https:\/\/pelin1971.hr\/en\/katalog\/plastic-hard-cups\/\"]}]},{\"@type\":\"ImageObject\",\"inLanguage\":\"en-US\",\"@id\":\"https:\/\/pelin1971.hr\/en\/katalog\/plastic-hard-cups\/#primaryimage\",\"url\":\"https:\/\/pelin1971.hr\/wp-content\/uploads\/2024\/03\/polikarbonatne-\u010da\u0161e.jpg\",\"contentUrl\":\"https:\/\/pelin1971.hr\/wp-content\/uploads\/2024\/03\/polikarbonatne-\u010da\u0161e.jpg\",\"width\":2080,\"height\":2079,\"caption\":\"polikarbonatne \u010da\u0161e,plasti\u010dne \u010da\u0161e od tvrde plastike,nesalomljive plasti\u010dne \u010da\u0161e,polikarbonatna \u010da\u0161a,ugostiteljska oprema,sitni inventar za ugostiteljstvo,\u010da\u0161e za bazene i brodove,cijena\"},{\"@type\":\"BreadcrumbList\",\"@id\":\"https:\/\/pelin1971.hr\/en\/katalog\/plastic-hard-cups\/#breadcrumb\",\"itemListElement\":[{\"@type\":\"ListItem\",\"position\":1,\"name\":\"Home\",\"item\":\"https:\/\/pelin1971.hr\/en\/\"},{\"@type\":\"ListItem\",\"position\":2,\"name\":\"Shop\",\"item\":\"https:\/\/pelin1971.hr\/en\/shop\/\"},{\"@type\":\"ListItem\",\"position\":3,\"name\":\"Catering packaging\",\"item\":\"https:\/\/pelin1971.hr\/en\/kategorija-proizvoda\/catering-packaging\/\"},{\"@type\":\"ListItem\",\"position\":4,\"name\":\"Coffee to go and PVC cups\",\"item\":\"https:\/\/pelin1971.hr\/en\/kategorija-proizvoda\/catering-packaging\/coffee-to-go-and-pvc-cups\/\"},{\"@type\":\"ListItem\",\"position\":5,\"name\":\"PLASTIC HARD CUPS\"}]},{\"@type\":\"WebSite\",\"@id\":\"https:\/\/pelin1971.hr\/en\/#website\",\"url\":\"https:\/\/pelin1971.hr\/en\/\",\"name\":\"Pelin1971\",\"description\":\"\",\"potentialAction\":[{\"@type\":\"SearchAction\",\"target\":{\"@type\":\"EntryPoint\",\"urlTemplate\":\"https:\/\/pelin1971.hr\/en\/?s={search_term_string}\"},\"query-input\":{\"@type\":\"PropertyValueSpecification\",\"valueRequired\":true,\"valueName\":\"search_term_string\"}}],\"inLanguage\":\"en-US\"}]}<\/script>\n<!-- \/ Yoast SEO plugin. -->","yoast_head_json":{"title":"PLASTIC HARD GLASSES, POLYCARBONATE GLASSES FOR COCKTAILS","description":"hard plastic cups, hard plastic cups, hard plastic cups for serving drinks in cocktail bars, beaches, swimming pools, polycarbonate cups, price","robots":{"index":"index","follow":"follow","max-snippet":"max-snippet:-1","max-image-preview":"max-image-preview:large","max-video-preview":"max-video-preview:-1"},"canonical":"https:\/\/pelin1971.hr\/en\/katalog\/plastic-hard-cups\/","og_locale":"en_US","og_type":"article","og_title":"PLASTIC HARD GLASSES, POLYCARBONATE GLASSES FOR COCKTAILS","og_description":"hard plastic cups, hard plastic cups, hard plastic cups for serving drinks in cocktail bars, beaches, swimming pools, polycarbonate cups, price","og_url":"https:\/\/pelin1971.hr\/en\/katalog\/plastic-hard-cups\/","og_site_name":"Pelin1971","article_modified_time":"2025-11-25T09:51:49+00:00","og_image":[{"width":2080,"height":2079,"url":"https:\/\/pelin1971.hr\/wp-content\/uploads\/2025\/11\/polikarbonatne-case.jpg","type":"image\/jpeg"}],"twitter_card":"summary_large_image","twitter_misc":{"Est. reading time":"1 minute"},"schema":{"@context":"https:\/\/schema.org","@graph":[{"@type":"WebPage","@id":"https:\/\/pelin1971.hr\/en\/katalog\/plastic-hard-cups\/","url":"https:\/\/pelin1971.hr\/en\/katalog\/plastic-hard-cups\/","name":"PLASTIC HARD GLASSES, POLYCARBONATE GLASSES FOR COCKTAILS","isPartOf":{"@id":"https:\/\/pelin1971.hr\/en\/#website"},"primaryImageOfPage":{"@id":"https:\/\/pelin1971.hr\/en\/katalog\/plastic-hard-cups\/#primaryimage"},"image":{"@id":"https:\/\/pelin1971.hr\/en\/katalog\/plastic-hard-cups\/#primaryimage"},"thumbnailUrl":"https:\/\/pelin1971.hr\/wp-content\/uploads\/2024\/03\/polikarbonatne-\u010da\u0161e.jpg","datePublished":"2025-11-18T16:16:42+00:00","dateModified":"2025-11-25T09:51:49+00:00","description":"hard plastic cups, hard plastic cups, hard plastic cups for serving drinks in cocktail bars, beaches, swimming pools, polycarbonate cups, price","breadcrumb":{"@id":"https:\/\/pelin1971.hr\/en\/katalog\/plastic-hard-cups\/#breadcrumb"},"inLanguage":"en-US","potentialAction":[{"@type":"ReadAction","target":["https:\/\/pelin1971.hr\/en\/katalog\/plastic-hard-cups\/"]}]},{"@type":"ImageObject","inLanguage":"en-US","@id":"https:\/\/pelin1971.hr\/en\/katalog\/plastic-hard-cups\/#primaryimage","url":"https:\/\/pelin1971.hr\/wp-content\/uploads\/2024\/03\/polikarbonatne-\u010da\u0161e.jpg","contentUrl":"https:\/\/pelin1971.hr\/wp-content\/uploads\/2024\/03\/polikarbonatne-\u010da\u0161e.jpg","width":2080,"height":2079,"caption":"polikarbonatne \u010da\u0161e,plasti\u010dne \u010da\u0161e od tvrde plastike,nesalomljive plasti\u010dne \u010da\u0161e,polikarbonatna \u010da\u0161a,ugostiteljska oprema,sitni inventar za ugostiteljstvo,\u010da\u0161e za bazene i brodove,cijena"},{"@type":"BreadcrumbList","@id":"https:\/\/pelin1971.hr\/en\/katalog\/plastic-hard-cups\/#breadcrumb","itemListElement":[{"@type":"ListItem","position":1,"name":"Home","item":"https:\/\/pelin1971.hr\/en\/"},{"@type":"ListItem","position":2,"name":"Shop","item":"https:\/\/pelin1971.hr\/en\/shop\/"},{"@type":"ListItem","position":3,"name":"Catering packaging","item":"https:\/\/pelin1971.hr\/en\/kategorija-proizvoda\/catering-packaging\/"},{"@type":"ListItem","position":4,"name":"Coffee to go and PVC cups","item":"https:\/\/pelin1971.hr\/en\/kategorija-proizvoda\/catering-packaging\/coffee-to-go-and-pvc-cups\/"},{"@type":"ListItem","position":5,"name":"PLASTIC HARD CUPS"}]},{"@type":"WebSite","@id":"https:\/\/pelin1971.hr\/en\/#website","url":"https:\/\/pelin1971.hr\/en\/","name":"Pelin1971","description":"","potentialAction":[{"@type":"SearchAction","target":{"@type":"EntryPoint","urlTemplate":"https:\/\/pelin1971.hr\/en\/?s={search_term_string}"},"query-input":{"@type":"PropertyValueSpecification","valueRequired":true,"valueName":"search_term_string"}}],"inLanguage":"en-US"}]}},"_links":{"self":[{"href":"https:\/\/pelin1971.hr\/en\/wp-json\/wp\/v2\/product\/7729","targetHints":{"allow":["GET"]}}],"collection":[{"href":"https:\/\/pelin1971.hr\/en\/wp-json\/wp\/v2\/product"}],"about":[{"href":"https:\/\/pelin1971.hr\/en\/wp-json\/wp\/v2\/types\/product"}],"replies":[{"embeddable":true,"href":"https:\/\/pelin1971.hr\/en\/wp-json\/wp\/v2\/comments?post=7729"}],"wp:featuredmedia":[{"embeddable":true,"href":"https:\/\/pelin1971.hr\/en\/wp-json\/wp\/v2\/media\/9085"}],"wp:attachment":[{"href":"https:\/\/pelin1971.hr\/en\/wp-json\/wp\/v2\/media?parent=7729"}],"wp:term":[{"taxonomy":"product_brand","embeddable":true,"href":"https:\/\/pelin1971.hr\/en\/wp-json\/wp\/v2\/product_brand?post=7729"},{"taxonomy":"product_cat","embeddable":true,"href":"https:\/\/pelin1971.hr\/en\/wp-json\/wp\/v2\/product_cat?post=7729"},{"taxonomy":"product_tag","embeddable":true,"href":"https:\/\/pelin1971.hr\/en\/wp-json\/wp\/v2\/product_tag?post=7729"}],"curies":[{"name":"wp","href":"https:\/\/api.w.org\/{rel}","templated":true}]}}