{"id":7715,"date":"2025-11-18T17:16:42","date_gmt":"2025-11-18T16:16:42","guid":{"rendered":"https:\/\/pelin1971.hr\/katalog\/hard-plastic-cocktail-glasses\/"},"modified":"2025-11-25T10:51:48","modified_gmt":"2025-11-25T09:51:48","slug":"hard-plastic-cocktail-glasses","status":"publish","type":"product","link":"https:\/\/pelin1971.hr\/en\/katalog\/hard-plastic-cocktail-glasses\/","title":{"rendered":"HARD PLASTIC COCKTAIL GLASSES"},"content":{"rendered":"<h1>Hard plastic cocktail glasses<\/h1>\n<h4>&#8211; polycarbonate plastic glasses made of hard plastic are crystal clear glasses that will not chip or break and are long-lasting and safe to use. They can be used in the dishwasher, microwave and can be deep frozen. They are ideal for use in catering establishments; cocktail bars, hotels, restaurants, pool and beach bars, on ships as well as in other places where the use of glass is dangerous and not recommended. They are stain resistant and can be recycled.<\/h4>\n<h4>-Polystyrene plastic cups are more affordable than polycarbonate cups, they look completely identical, they can be washed in the dishwasher, and they are only not as unbreakable as polycarbonate cups.<\/h4>\n<p>-similar article .link:  <a href=\"https:\/\/pelin1971.hr\/katalog\/polikarbonatne-case\/\">Polycarbonate cups<\/a><\/p>\n<h1><\/h1>\n","protected":false},"excerpt":{"rendered":"<p>Hard plastic cocktail glasses &#8211; polycarbonate plastic glasses made of hard plastic are crystal clear glasses that will not chip or break and are long-lasting and safe to use. They can be used in the dishwasher, microwave and can be deep frozen. They are ideal for use in catering establishments; cocktail bars, hotels, restaurants, pool<\/p>\n","protected":false},"featured_media":7716,"comment_status":"open","ping_status":"closed","template":"","meta":{"_acf_changed":false},"product_brand":[],"product_cat":[4547],"product_tag":[3978,3982,4710,3980,3984],"class_list":{"0":"post-7715","1":"product","2":"type-product","3":"status-publish","4":"has-post-thumbnail","6":"product_cat-cocktail-bar","7":"product_tag-cocktail-plastic-cups","8":"product_tag-hard-plastic-cocktail-glasses","9":"product_tag-hard-plastic-cocktail-glasses-2","10":"product_tag-hard-plastic-cups","11":"product_tag-polycarbonate-cocktail-glasses","13":"first","14":"instock","15":"shipping-taxable","16":"purchasable","17":"product-type-variable"},"acf":[],"yoast_head":"<!-- This site is optimized with the Yoast SEO plugin v26.8 - https:\/\/yoast.com\/product\/yoast-seo-wordpress\/ -->\n<title>HARD PLASTIC GLASSES FOR COCKTAILS, POLYCARBONATE GLASSES<\/title>\n<meta name=\"description\" content=\"hard plastic glasses, cocktail glasses made of hard plastic, plastic glasses for cocktails, cocktail plastic glasses, polycarbonate glasses for cocktails, cocktail glasses, price\" \/>\n<meta name=\"robots\" content=\"index, follow, max-snippet:-1, max-image-preview:large, max-video-preview:-1\" \/>\n<link rel=\"canonical\" href=\"https:\/\/pelin1971.hr\/en\/katalog\/hard-plastic-cocktail-glasses\/\" \/>\n<meta property=\"og:locale\" content=\"en_US\" \/>\n<meta property=\"og:type\" content=\"article\" \/>\n<meta property=\"og:title\" content=\"HARD PLASTIC GLASSES FOR COCKTAILS, POLYCARBONATE GLASSES\" \/>\n<meta property=\"og:description\" content=\"hard plastic glasses, cocktail glasses made of hard plastic, plastic glasses for cocktails, cocktail plastic glasses, polycarbonate glasses for cocktails, cocktail glasses, price\" \/>\n<meta property=\"og:url\" content=\"https:\/\/pelin1971.hr\/en\/katalog\/hard-plastic-cocktail-glasses\/\" \/>\n<meta property=\"og:site_name\" content=\"Pelin1971\" \/>\n<meta property=\"article:modified_time\" content=\"2025-11-25T09:51:48+00:00\" \/>\n<meta property=\"og:image\" content=\"https:\/\/pelin1971.hr\/wp-content\/uploads\/2025\/11\/casablanca-maroco_026-za-web.jpg\" \/>\n\t<meta property=\"og:image:width\" content=\"2082\" \/>\n\t<meta property=\"og:image:height\" content=\"2082\" \/>\n\t<meta property=\"og:image:type\" content=\"image\/jpeg\" \/>\n<meta name=\"twitter:card\" content=\"summary_large_image\" \/>\n<meta name=\"twitter:label1\" content=\"Est. reading time\" \/>\n\t<meta name=\"twitter:data1\" content=\"1 minute\" \/>\n<script type=\"application\/ld+json\" class=\"yoast-schema-graph\">{\"@context\":\"https:\/\/schema.org\",\"@graph\":[{\"@type\":\"WebPage\",\"@id\":\"https:\/\/pelin1971.hr\/en\/katalog\/hard-plastic-cocktail-glasses\/\",\"url\":\"https:\/\/pelin1971.hr\/en\/katalog\/hard-plastic-cocktail-glasses\/\",\"name\":\"HARD PLASTIC GLASSES FOR COCKTAILS, POLYCARBONATE GLASSES\",\"isPartOf\":{\"@id\":\"https:\/\/pelin1971.hr\/en\/#website\"},\"primaryImageOfPage\":{\"@id\":\"https:\/\/pelin1971.hr\/en\/katalog\/hard-plastic-cocktail-glasses\/#primaryimage\"},\"image\":{\"@id\":\"https:\/\/pelin1971.hr\/en\/katalog\/hard-plastic-cocktail-glasses\/#primaryimage\"},\"thumbnailUrl\":\"https:\/\/pelin1971.hr\/wp-content\/uploads\/2025\/11\/casablanca-maroco_026-za-web.jpg\",\"datePublished\":\"2025-11-18T16:16:42+00:00\",\"dateModified\":\"2025-11-25T09:51:48+00:00\",\"description\":\"hard plastic glasses, cocktail glasses made of hard plastic, plastic glasses for cocktails, cocktail plastic glasses, polycarbonate glasses for cocktails, cocktail glasses, price\",\"breadcrumb\":{\"@id\":\"https:\/\/pelin1971.hr\/en\/katalog\/hard-plastic-cocktail-glasses\/#breadcrumb\"},\"inLanguage\":\"en-US\",\"potentialAction\":[{\"@type\":\"ReadAction\",\"target\":[\"https:\/\/pelin1971.hr\/en\/katalog\/hard-plastic-cocktail-glasses\/\"]}]},{\"@type\":\"ImageObject\",\"inLanguage\":\"en-US\",\"@id\":\"https:\/\/pelin1971.hr\/en\/katalog\/hard-plastic-cocktail-glasses\/#primaryimage\",\"url\":\"https:\/\/pelin1971.hr\/wp-content\/uploads\/2025\/11\/casablanca-maroco_026-za-web.jpg\",\"contentUrl\":\"https:\/\/pelin1971.hr\/wp-content\/uploads\/2025\/11\/casablanca-maroco_026-za-web.jpg\",\"width\":2082,\"height\":2082,\"caption\":\"tvrde plasti\u010dne \u010da\u0161e,polikarbonatne,polistirenske,cijena\"},{\"@type\":\"BreadcrumbList\",\"@id\":\"https:\/\/pelin1971.hr\/en\/katalog\/hard-plastic-cocktail-glasses\/#breadcrumb\",\"itemListElement\":[{\"@type\":\"ListItem\",\"position\":1,\"name\":\"Home\",\"item\":\"https:\/\/pelin1971.hr\/en\/\"},{\"@type\":\"ListItem\",\"position\":2,\"name\":\"Shop\",\"item\":\"https:\/\/pelin1971.hr\/en\/shop\/\"},{\"@type\":\"ListItem\",\"position\":3,\"name\":\"Cocktail bar, pastry shop, pizzeria\",\"item\":\"https:\/\/pelin1971.hr\/en\/kategorija-proizvoda\/cocktail-bar-pastry-shop-pizzeria\/\"},{\"@type\":\"ListItem\",\"position\":4,\"name\":\"Cocktail bar\",\"item\":\"https:\/\/pelin1971.hr\/en\/kategorija-proizvoda\/cocktail-bar-pastry-shop-pizzeria\/cocktail-bar\/\"},{\"@type\":\"ListItem\",\"position\":5,\"name\":\"HARD PLASTIC COCKTAIL GLASSES\"}]},{\"@type\":\"WebSite\",\"@id\":\"https:\/\/pelin1971.hr\/en\/#website\",\"url\":\"https:\/\/pelin1971.hr\/en\/\",\"name\":\"Pelin1971\",\"description\":\"\",\"potentialAction\":[{\"@type\":\"SearchAction\",\"target\":{\"@type\":\"EntryPoint\",\"urlTemplate\":\"https:\/\/pelin1971.hr\/en\/?s={search_term_string}\"},\"query-input\":{\"@type\":\"PropertyValueSpecification\",\"valueRequired\":true,\"valueName\":\"search_term_string\"}}],\"inLanguage\":\"en-US\"}]}<\/script>\n<!-- \/ Yoast SEO plugin. -->","yoast_head_json":{"title":"HARD PLASTIC GLASSES FOR COCKTAILS, POLYCARBONATE GLASSES","description":"hard plastic glasses, cocktail glasses made of hard plastic, plastic glasses for cocktails, cocktail plastic glasses, polycarbonate glasses for cocktails, cocktail glasses, price","robots":{"index":"index","follow":"follow","max-snippet":"max-snippet:-1","max-image-preview":"max-image-preview:large","max-video-preview":"max-video-preview:-1"},"canonical":"https:\/\/pelin1971.hr\/en\/katalog\/hard-plastic-cocktail-glasses\/","og_locale":"en_US","og_type":"article","og_title":"HARD PLASTIC GLASSES FOR COCKTAILS, POLYCARBONATE GLASSES","og_description":"hard plastic glasses, cocktail glasses made of hard plastic, plastic glasses for cocktails, cocktail plastic glasses, polycarbonate glasses for cocktails, cocktail glasses, price","og_url":"https:\/\/pelin1971.hr\/en\/katalog\/hard-plastic-cocktail-glasses\/","og_site_name":"Pelin1971","article_modified_time":"2025-11-25T09:51:48+00:00","og_image":[{"width":2082,"height":2082,"url":"https:\/\/pelin1971.hr\/wp-content\/uploads\/2025\/11\/casablanca-maroco_026-za-web.jpg","type":"image\/jpeg"}],"twitter_card":"summary_large_image","twitter_misc":{"Est. reading time":"1 minute"},"schema":{"@context":"https:\/\/schema.org","@graph":[{"@type":"WebPage","@id":"https:\/\/pelin1971.hr\/en\/katalog\/hard-plastic-cocktail-glasses\/","url":"https:\/\/pelin1971.hr\/en\/katalog\/hard-plastic-cocktail-glasses\/","name":"HARD PLASTIC GLASSES FOR COCKTAILS, POLYCARBONATE GLASSES","isPartOf":{"@id":"https:\/\/pelin1971.hr\/en\/#website"},"primaryImageOfPage":{"@id":"https:\/\/pelin1971.hr\/en\/katalog\/hard-plastic-cocktail-glasses\/#primaryimage"},"image":{"@id":"https:\/\/pelin1971.hr\/en\/katalog\/hard-plastic-cocktail-glasses\/#primaryimage"},"thumbnailUrl":"https:\/\/pelin1971.hr\/wp-content\/uploads\/2025\/11\/casablanca-maroco_026-za-web.jpg","datePublished":"2025-11-18T16:16:42+00:00","dateModified":"2025-11-25T09:51:48+00:00","description":"hard plastic glasses, cocktail glasses made of hard plastic, plastic glasses for cocktails, cocktail plastic glasses, polycarbonate glasses for cocktails, cocktail glasses, price","breadcrumb":{"@id":"https:\/\/pelin1971.hr\/en\/katalog\/hard-plastic-cocktail-glasses\/#breadcrumb"},"inLanguage":"en-US","potentialAction":[{"@type":"ReadAction","target":["https:\/\/pelin1971.hr\/en\/katalog\/hard-plastic-cocktail-glasses\/"]}]},{"@type":"ImageObject","inLanguage":"en-US","@id":"https:\/\/pelin1971.hr\/en\/katalog\/hard-plastic-cocktail-glasses\/#primaryimage","url":"https:\/\/pelin1971.hr\/wp-content\/uploads\/2025\/11\/casablanca-maroco_026-za-web.jpg","contentUrl":"https:\/\/pelin1971.hr\/wp-content\/uploads\/2025\/11\/casablanca-maroco_026-za-web.jpg","width":2082,"height":2082,"caption":"tvrde plasti\u010dne \u010da\u0161e,polikarbonatne,polistirenske,cijena"},{"@type":"BreadcrumbList","@id":"https:\/\/pelin1971.hr\/en\/katalog\/hard-plastic-cocktail-glasses\/#breadcrumb","itemListElement":[{"@type":"ListItem","position":1,"name":"Home","item":"https:\/\/pelin1971.hr\/en\/"},{"@type":"ListItem","position":2,"name":"Shop","item":"https:\/\/pelin1971.hr\/en\/shop\/"},{"@type":"ListItem","position":3,"name":"Cocktail bar, pastry shop, pizzeria","item":"https:\/\/pelin1971.hr\/en\/kategorija-proizvoda\/cocktail-bar-pastry-shop-pizzeria\/"},{"@type":"ListItem","position":4,"name":"Cocktail bar","item":"https:\/\/pelin1971.hr\/en\/kategorija-proizvoda\/cocktail-bar-pastry-shop-pizzeria\/cocktail-bar\/"},{"@type":"ListItem","position":5,"name":"HARD PLASTIC COCKTAIL GLASSES"}]},{"@type":"WebSite","@id":"https:\/\/pelin1971.hr\/en\/#website","url":"https:\/\/pelin1971.hr\/en\/","name":"Pelin1971","description":"","potentialAction":[{"@type":"SearchAction","target":{"@type":"EntryPoint","urlTemplate":"https:\/\/pelin1971.hr\/en\/?s={search_term_string}"},"query-input":{"@type":"PropertyValueSpecification","valueRequired":true,"valueName":"search_term_string"}}],"inLanguage":"en-US"}]}},"_links":{"self":[{"href":"https:\/\/pelin1971.hr\/en\/wp-json\/wp\/v2\/product\/7715","targetHints":{"allow":["GET"]}}],"collection":[{"href":"https:\/\/pelin1971.hr\/en\/wp-json\/wp\/v2\/product"}],"about":[{"href":"https:\/\/pelin1971.hr\/en\/wp-json\/wp\/v2\/types\/product"}],"replies":[{"embeddable":true,"href":"https:\/\/pelin1971.hr\/en\/wp-json\/wp\/v2\/comments?post=7715"}],"wp:featuredmedia":[{"embeddable":true,"href":"https:\/\/pelin1971.hr\/en\/wp-json\/wp\/v2\/media\/7716"}],"wp:attachment":[{"href":"https:\/\/pelin1971.hr\/en\/wp-json\/wp\/v2\/media?parent=7715"}],"wp:term":[{"taxonomy":"product_brand","embeddable":true,"href":"https:\/\/pelin1971.hr\/en\/wp-json\/wp\/v2\/product_brand?post=7715"},{"taxonomy":"product_cat","embeddable":true,"href":"https:\/\/pelin1971.hr\/en\/wp-json\/wp\/v2\/product_cat?post=7715"},{"taxonomy":"product_tag","embeddable":true,"href":"https:\/\/pelin1971.hr\/en\/wp-json\/wp\/v2\/product_tag?post=7715"}],"curies":[{"name":"wp","href":"https:\/\/api.w.org\/{rel}","templated":true}]}}