{"id":7697,"date":"2025-11-18T17:16:33","date_gmt":"2025-11-18T16:16:33","guid":{"rendered":"https:\/\/pelin1971.hr\/katalog\/paper-coffee-cups-for-take-out-coffee-to-go-cups\/"},"modified":"2025-11-25T10:51:48","modified_gmt":"2025-11-25T09:51:48","slug":"paper-coffee-cups-for-take-out-coffee-to-go-cups","status":"publish","type":"product","link":"https:\/\/pelin1971.hr\/en\/katalog\/paper-coffee-cups-for-take-out-coffee-to-go-cups\/","title":{"rendered":"PAPER COFFEE CUPS FOR TAKE-OUT, COFFEE TO GO CUPS"},"content":{"rendered":"<h1>Paper coffee cups for outside<\/h1>\n<p>-possibility of printing your logo on the cups<br \/>\n-coffee to go cups for coffee and other hot drinks for outside<br \/>\n-three capacities: 4oz (approx. 1.2dcl), 6oz (approx. 1.8dcl) and 8oz (approx. 2.5dcl)<br \/>\n-material: paper + PE<br \/>\n-upper diameter: 60mm, 70 mm and 80 mm<br \/>\n-bottom diameter: 44mm, 49 mm and 54 mm<br \/>\n-packing of glasses: 50\/1<br \/>\n-lid packaging: 50\/1<br \/>\n-the cups are made of high-quality paper with a plastic coating on the inside<br \/>\n-similar article:  <a href=\"https:\/\/pelin1971.hr\/katalog\/drzaci-za-coffee-to-go-salice\/\">Coffee To Go<\/a><\/p>\n","protected":false},"excerpt":{"rendered":"<p>Paper coffee cups for outside -possibility of printing your logo on the cups -coffee to go cups for coffee and other hot drinks for outside -three capacities: 4oz (approx. 1.2dcl), 6oz (approx. 1.8dcl) and 8oz (approx. 2.5dcl) -material: paper + PE -upper diameter: 60mm, 70 mm and 80 mm -bottom diameter: 44mm, 49 mm and<\/p>\n","protected":false},"featured_media":7700,"comment_status":"open","ping_status":"closed","template":"","meta":{"_acf_changed":false},"product_brand":[],"product_cat":[4543],"product_tag":[3950,3949,4711,3957,3955,3953,3954,3952,3948,3951],"class_list":{"0":"post-7697","1":"product","2":"type-product","3":"status-publish","4":"has-post-thumbnail","6":"product_cat-coffee-to-go-and-pvc-cups","7":"product_tag-coffee-mugs-for-outside","8":"product_tag-coffee-to-go-cups","9":"product_tag-coffee-to-go-cups-2","10":"product_tag-coffee-to-go-with-logo","11":"product_tag-coffee-to-go-with-print","12":"product_tag-coffee2go","13":"product_tag-coffee2go-cups","14":"product_tag-paper-coffee-cups","15":"product_tag-paper-coffee-cups-for-outside","16":"product_tag-paper-cups-for-hot-drinks","18":"first","19":"instock","20":"shipping-taxable","21":"purchasable","22":"product-type-variable"},"acf":[],"yoast_head":"<!-- This site is optimized with the Yoast SEO plugin v26.8 - https:\/\/yoast.com\/product\/yoast-seo-wordpress\/ -->\n<title>Paper coffee cups for outside with lid, coffee to go cups<\/title>\n<meta name=\"description\" content=\"paper coffee cups for takeaway, coffee to go cups with print, print, logo, coffee cups for takeaway, paper coffee cups, coffee2go cups with print, price\" \/>\n<meta name=\"robots\" content=\"index, follow, max-snippet:-1, max-image-preview:large, max-video-preview:-1\" \/>\n<link rel=\"canonical\" href=\"https:\/\/pelin1971.hr\/en\/katalog\/paper-coffee-cups-for-take-out-coffee-to-go-cups\/\" \/>\n<meta property=\"og:locale\" content=\"en_US\" \/>\n<meta property=\"og:type\" content=\"article\" \/>\n<meta property=\"og:title\" content=\"Paper coffee cups for outside with lid, coffee to go cups\" \/>\n<meta property=\"og:description\" content=\"paper coffee cups for takeaway, coffee to go cups with print, print, logo, coffee cups for takeaway, paper coffee cups, coffee2go cups with print, price\" \/>\n<meta property=\"og:url\" content=\"https:\/\/pelin1971.hr\/en\/katalog\/paper-coffee-cups-for-take-out-coffee-to-go-cups\/\" \/>\n<meta property=\"og:site_name\" content=\"Pelin1971\" \/>\n<meta property=\"article:modified_time\" content=\"2025-11-25T09:51:48+00:00\" \/>\n<meta property=\"og:image\" content=\"https:\/\/pelin1971.hr\/wp-content\/uploads\/2025\/11\/coffee-to-go-salicepapirnate-case-za-kavu-za-van.jpg\" \/>\n\t<meta property=\"og:image:width\" content=\"2057\" \/>\n\t<meta property=\"og:image:height\" content=\"2056\" \/>\n\t<meta property=\"og:image:type\" content=\"image\/jpeg\" \/>\n<meta name=\"twitter:card\" content=\"summary_large_image\" \/>\n<script type=\"application\/ld+json\" class=\"yoast-schema-graph\">{\"@context\":\"https:\/\/schema.org\",\"@graph\":[{\"@type\":\"WebPage\",\"@id\":\"https:\/\/pelin1971.hr\/en\/katalog\/paper-coffee-cups-for-take-out-coffee-to-go-cups\/\",\"url\":\"https:\/\/pelin1971.hr\/en\/katalog\/paper-coffee-cups-for-take-out-coffee-to-go-cups\/\",\"name\":\"Paper coffee cups for outside with lid, coffee to go cups\",\"isPartOf\":{\"@id\":\"https:\/\/pelin1971.hr\/en\/#website\"},\"primaryImageOfPage\":{\"@id\":\"https:\/\/pelin1971.hr\/en\/katalog\/paper-coffee-cups-for-take-out-coffee-to-go-cups\/#primaryimage\"},\"image\":{\"@id\":\"https:\/\/pelin1971.hr\/en\/katalog\/paper-coffee-cups-for-take-out-coffee-to-go-cups\/#primaryimage\"},\"thumbnailUrl\":\"https:\/\/pelin1971.hr\/wp-content\/uploads\/2025\/11\/coffee-to-go-salicepapirnate-case-za-kavu-za-van.jpg\",\"datePublished\":\"2025-11-18T16:16:33+00:00\",\"dateModified\":\"2025-11-25T09:51:48+00:00\",\"description\":\"paper coffee cups for takeaway, coffee to go cups with print, print, logo, coffee cups for takeaway, paper coffee cups, coffee2go cups with print, price\",\"breadcrumb\":{\"@id\":\"https:\/\/pelin1971.hr\/en\/katalog\/paper-coffee-cups-for-take-out-coffee-to-go-cups\/#breadcrumb\"},\"inLanguage\":\"en-US\",\"potentialAction\":[{\"@type\":\"ReadAction\",\"target\":[\"https:\/\/pelin1971.hr\/en\/katalog\/paper-coffee-cups-for-take-out-coffee-to-go-cups\/\"]}]},{\"@type\":\"ImageObject\",\"inLanguage\":\"en-US\",\"@id\":\"https:\/\/pelin1971.hr\/en\/katalog\/paper-coffee-cups-for-take-out-coffee-to-go-cups\/#primaryimage\",\"url\":\"https:\/\/pelin1971.hr\/wp-content\/uploads\/2025\/11\/coffee-to-go-salicepapirnate-case-za-kavu-za-van.jpg\",\"contentUrl\":\"https:\/\/pelin1971.hr\/wp-content\/uploads\/2025\/11\/coffee-to-go-salicepapirnate-case-za-kavu-za-van.jpg\",\"width\":2057,\"height\":2056,\"caption\":\"papirnate \u010da\u0161e za kavu,offee to go \u0161alice,take away,papirnate \u0161alice za kavu za van,za ponijeti, cijena\"},{\"@type\":\"BreadcrumbList\",\"@id\":\"https:\/\/pelin1971.hr\/en\/katalog\/paper-coffee-cups-for-take-out-coffee-to-go-cups\/#breadcrumb\",\"itemListElement\":[{\"@type\":\"ListItem\",\"position\":1,\"name\":\"Home\",\"item\":\"https:\/\/pelin1971.hr\/en\/\"},{\"@type\":\"ListItem\",\"position\":2,\"name\":\"Shop\",\"item\":\"https:\/\/pelin1971.hr\/en\/shop\/\"},{\"@type\":\"ListItem\",\"position\":3,\"name\":\"Catering packaging\",\"item\":\"https:\/\/pelin1971.hr\/en\/kategorija-proizvoda\/catering-packaging\/\"},{\"@type\":\"ListItem\",\"position\":4,\"name\":\"Coffee to go and PVC cups\",\"item\":\"https:\/\/pelin1971.hr\/en\/kategorija-proizvoda\/catering-packaging\/coffee-to-go-and-pvc-cups\/\"},{\"@type\":\"ListItem\",\"position\":5,\"name\":\"PAPER COFFEE CUPS FOR TAKE-OUT, COFFEE TO GO CUPS\"}]},{\"@type\":\"WebSite\",\"@id\":\"https:\/\/pelin1971.hr\/en\/#website\",\"url\":\"https:\/\/pelin1971.hr\/en\/\",\"name\":\"Pelin1971\",\"description\":\"\",\"potentialAction\":[{\"@type\":\"SearchAction\",\"target\":{\"@type\":\"EntryPoint\",\"urlTemplate\":\"https:\/\/pelin1971.hr\/en\/?s={search_term_string}\"},\"query-input\":{\"@type\":\"PropertyValueSpecification\",\"valueRequired\":true,\"valueName\":\"search_term_string\"}}],\"inLanguage\":\"en-US\"}]}<\/script>\n<!-- \/ Yoast SEO plugin. -->","yoast_head_json":{"title":"Paper coffee cups for outside with lid, coffee to go cups","description":"paper coffee cups for takeaway, coffee to go cups with print, print, logo, coffee cups for takeaway, paper coffee cups, coffee2go cups with print, price","robots":{"index":"index","follow":"follow","max-snippet":"max-snippet:-1","max-image-preview":"max-image-preview:large","max-video-preview":"max-video-preview:-1"},"canonical":"https:\/\/pelin1971.hr\/en\/katalog\/paper-coffee-cups-for-take-out-coffee-to-go-cups\/","og_locale":"en_US","og_type":"article","og_title":"Paper coffee cups for outside with lid, coffee to go cups","og_description":"paper coffee cups for takeaway, coffee to go cups with print, print, logo, coffee cups for takeaway, paper coffee cups, coffee2go cups with print, price","og_url":"https:\/\/pelin1971.hr\/en\/katalog\/paper-coffee-cups-for-take-out-coffee-to-go-cups\/","og_site_name":"Pelin1971","article_modified_time":"2025-11-25T09:51:48+00:00","og_image":[{"width":2057,"height":2056,"url":"https:\/\/pelin1971.hr\/wp-content\/uploads\/2025\/11\/coffee-to-go-salicepapirnate-case-za-kavu-za-van.jpg","type":"image\/jpeg"}],"twitter_card":"summary_large_image","schema":{"@context":"https:\/\/schema.org","@graph":[{"@type":"WebPage","@id":"https:\/\/pelin1971.hr\/en\/katalog\/paper-coffee-cups-for-take-out-coffee-to-go-cups\/","url":"https:\/\/pelin1971.hr\/en\/katalog\/paper-coffee-cups-for-take-out-coffee-to-go-cups\/","name":"Paper coffee cups for outside with lid, coffee to go cups","isPartOf":{"@id":"https:\/\/pelin1971.hr\/en\/#website"},"primaryImageOfPage":{"@id":"https:\/\/pelin1971.hr\/en\/katalog\/paper-coffee-cups-for-take-out-coffee-to-go-cups\/#primaryimage"},"image":{"@id":"https:\/\/pelin1971.hr\/en\/katalog\/paper-coffee-cups-for-take-out-coffee-to-go-cups\/#primaryimage"},"thumbnailUrl":"https:\/\/pelin1971.hr\/wp-content\/uploads\/2025\/11\/coffee-to-go-salicepapirnate-case-za-kavu-za-van.jpg","datePublished":"2025-11-18T16:16:33+00:00","dateModified":"2025-11-25T09:51:48+00:00","description":"paper coffee cups for takeaway, coffee to go cups with print, print, logo, coffee cups for takeaway, paper coffee cups, coffee2go cups with print, price","breadcrumb":{"@id":"https:\/\/pelin1971.hr\/en\/katalog\/paper-coffee-cups-for-take-out-coffee-to-go-cups\/#breadcrumb"},"inLanguage":"en-US","potentialAction":[{"@type":"ReadAction","target":["https:\/\/pelin1971.hr\/en\/katalog\/paper-coffee-cups-for-take-out-coffee-to-go-cups\/"]}]},{"@type":"ImageObject","inLanguage":"en-US","@id":"https:\/\/pelin1971.hr\/en\/katalog\/paper-coffee-cups-for-take-out-coffee-to-go-cups\/#primaryimage","url":"https:\/\/pelin1971.hr\/wp-content\/uploads\/2025\/11\/coffee-to-go-salicepapirnate-case-za-kavu-za-van.jpg","contentUrl":"https:\/\/pelin1971.hr\/wp-content\/uploads\/2025\/11\/coffee-to-go-salicepapirnate-case-za-kavu-za-van.jpg","width":2057,"height":2056,"caption":"papirnate \u010da\u0161e za kavu,offee to go \u0161alice,take away,papirnate \u0161alice za kavu za van,za ponijeti, cijena"},{"@type":"BreadcrumbList","@id":"https:\/\/pelin1971.hr\/en\/katalog\/paper-coffee-cups-for-take-out-coffee-to-go-cups\/#breadcrumb","itemListElement":[{"@type":"ListItem","position":1,"name":"Home","item":"https:\/\/pelin1971.hr\/en\/"},{"@type":"ListItem","position":2,"name":"Shop","item":"https:\/\/pelin1971.hr\/en\/shop\/"},{"@type":"ListItem","position":3,"name":"Catering packaging","item":"https:\/\/pelin1971.hr\/en\/kategorija-proizvoda\/catering-packaging\/"},{"@type":"ListItem","position":4,"name":"Coffee to go and PVC cups","item":"https:\/\/pelin1971.hr\/en\/kategorija-proizvoda\/catering-packaging\/coffee-to-go-and-pvc-cups\/"},{"@type":"ListItem","position":5,"name":"PAPER COFFEE CUPS FOR TAKE-OUT, COFFEE TO GO CUPS"}]},{"@type":"WebSite","@id":"https:\/\/pelin1971.hr\/en\/#website","url":"https:\/\/pelin1971.hr\/en\/","name":"Pelin1971","description":"","potentialAction":[{"@type":"SearchAction","target":{"@type":"EntryPoint","urlTemplate":"https:\/\/pelin1971.hr\/en\/?s={search_term_string}"},"query-input":{"@type":"PropertyValueSpecification","valueRequired":true,"valueName":"search_term_string"}}],"inLanguage":"en-US"}]}},"_links":{"self":[{"href":"https:\/\/pelin1971.hr\/en\/wp-json\/wp\/v2\/product\/7697","targetHints":{"allow":["GET"]}}],"collection":[{"href":"https:\/\/pelin1971.hr\/en\/wp-json\/wp\/v2\/product"}],"about":[{"href":"https:\/\/pelin1971.hr\/en\/wp-json\/wp\/v2\/types\/product"}],"replies":[{"embeddable":true,"href":"https:\/\/pelin1971.hr\/en\/wp-json\/wp\/v2\/comments?post=7697"}],"wp:featuredmedia":[{"embeddable":true,"href":"https:\/\/pelin1971.hr\/en\/wp-json\/wp\/v2\/media\/7700"}],"wp:attachment":[{"href":"https:\/\/pelin1971.hr\/en\/wp-json\/wp\/v2\/media?parent=7697"}],"wp:term":[{"taxonomy":"product_brand","embeddable":true,"href":"https:\/\/pelin1971.hr\/en\/wp-json\/wp\/v2\/product_brand?post=7697"},{"taxonomy":"product_cat","embeddable":true,"href":"https:\/\/pelin1971.hr\/en\/wp-json\/wp\/v2\/product_cat?post=7697"},{"taxonomy":"product_tag","embeddable":true,"href":"https:\/\/pelin1971.hr\/en\/wp-json\/wp\/v2\/product_tag?post=7697"}],"curies":[{"name":"wp","href":"https:\/\/api.w.org\/{rel}","templated":true}]}}