{"id":7673,"date":"2025-11-18T17:16:31","date_gmt":"2025-11-18T16:16:31","guid":{"rendered":"https:\/\/pelin1971.hr\/katalog\/glass-polishing-cloths-damask-waffle-classic\/"},"modified":"2025-11-25T10:51:47","modified_gmt":"2025-11-25T09:51:47","slug":"glass-polishing-cloths-damask-waffle-classic","status":"publish","type":"product","link":"https:\/\/pelin1971.hr\/en\/katalog\/glass-polishing-cloths-damask-waffle-classic\/","title":{"rendered":"Glass polishing cloths damask, waffle, classic"},"content":{"rendered":"<h1>Glass polishing cloths: damask and waffle<\/h1>\n<p>Dimensions:<\/p>\n<p>&#8211; damask cloths: 53x53cm and 56x56cm<br \/>\n -waffle cloths: 50cm x 70cm<\/p>\n<p>-material: 100% cotton<br \/>\n -packaging: 1\/1<\/p>\n","protected":false},"excerpt":{"rendered":"<p>Glass polishing cloths: damask and waffle Dimensions: &#8211; damask cloths: 53x53cm and 56x56cm -waffle cloths: 50cm x 70cm -material: 100% cotton -packaging: 1\/1<\/p>\n","protected":false},"featured_media":9019,"comment_status":"open","ping_status":"closed","template":"","meta":{"_acf_changed":false},"product_brand":[],"product_cat":[4552,4589],"product_tag":[3916,3918,3914,3913,3915,3917],"class_list":{"0":"post-7673","1":"product","2":"type-product","3":"status-publish","4":"has-post-thumbnail","6":"product_cat-sponges-rags-gloves","7":"product_cat-other-glasses","8":"product_tag-catering-cloths-for-glasses","9":"product_tag-damask-tea-towels","10":"product_tag-glass-cleaning-cloths","11":"product_tag-glass-polishing-cloths","12":"product_tag-restaurant-glass-cloths","13":"product_tag-waffle-cloths-for-glasses","15":"first","16":"instock","17":"shipping-taxable","18":"purchasable","19":"product-type-simple"},"acf":[],"yoast_head":"<!-- This site is optimized with the Yoast SEO plugin v26.8 - https:\/\/yoast.com\/product\/yoast-seo-wordpress\/ -->\n<title>GLASS POLISHING CLOTHES IN CATERING<\/title>\n<meta name=\"description\" content=\"glass polishing cloths in the catering industry, glass wiping cloths, damask glass polishing cloth, catering glass polishing cloth, price\" \/>\n<meta name=\"robots\" content=\"index, follow, max-snippet:-1, max-image-preview:large, max-video-preview:-1\" \/>\n<link rel=\"canonical\" href=\"https:\/\/pelin1971.hr\/en\/katalog\/glass-polishing-cloths-damask-waffle-classic\/\" \/>\n<meta property=\"og:locale\" content=\"en_US\" \/>\n<meta property=\"og:type\" content=\"article\" \/>\n<meta property=\"og:title\" content=\"GLASS POLISHING CLOTHES IN CATERING\" \/>\n<meta property=\"og:description\" content=\"glass polishing cloths in the catering industry, glass wiping cloths, damask glass polishing cloth, catering glass polishing cloth, price\" \/>\n<meta property=\"og:url\" content=\"https:\/\/pelin1971.hr\/en\/katalog\/glass-polishing-cloths-damask-waffle-classic\/\" \/>\n<meta property=\"og:site_name\" content=\"Pelin1971\" \/>\n<meta property=\"article:modified_time\" content=\"2025-11-25T09:51:47+00:00\" \/>\n<meta property=\"og:image\" content=\"https:\/\/pelin1971.hr\/wp-content\/uploads\/2025\/11\/waffle-krpa-za-poliranje-casa.jpg\" \/>\n\t<meta property=\"og:image:width\" content=\"2056\" \/>\n\t<meta property=\"og:image:height\" content=\"2056\" \/>\n\t<meta property=\"og:image:type\" content=\"image\/jpeg\" \/>\n<meta name=\"twitter:card\" content=\"summary_large_image\" \/>\n<script type=\"application\/ld+json\" class=\"yoast-schema-graph\">{\"@context\":\"https:\/\/schema.org\",\"@graph\":[{\"@type\":\"WebPage\",\"@id\":\"https:\/\/pelin1971.hr\/en\/katalog\/glass-polishing-cloths-damask-waffle-classic\/\",\"url\":\"https:\/\/pelin1971.hr\/en\/katalog\/glass-polishing-cloths-damask-waffle-classic\/\",\"name\":\"GLASS POLISHING CLOTHES IN CATERING\",\"isPartOf\":{\"@id\":\"https:\/\/pelin1971.hr\/en\/#website\"},\"primaryImageOfPage\":{\"@id\":\"https:\/\/pelin1971.hr\/en\/katalog\/glass-polishing-cloths-damask-waffle-classic\/#primaryimage\"},\"image\":{\"@id\":\"https:\/\/pelin1971.hr\/en\/katalog\/glass-polishing-cloths-damask-waffle-classic\/#primaryimage\"},\"thumbnailUrl\":\"https:\/\/pelin1971.hr\/wp-content\/uploads\/2023\/01\/waffle-krpa-za-poliranje-\u010da\u0161a.jpg\",\"datePublished\":\"2025-11-18T16:16:31+00:00\",\"dateModified\":\"2025-11-25T09:51:47+00:00\",\"description\":\"glass polishing cloths in the catering industry, glass wiping cloths, damask glass polishing cloth, catering glass polishing cloth, price\",\"breadcrumb\":{\"@id\":\"https:\/\/pelin1971.hr\/en\/katalog\/glass-polishing-cloths-damask-waffle-classic\/#breadcrumb\"},\"inLanguage\":\"en-US\",\"potentialAction\":[{\"@type\":\"ReadAction\",\"target\":[\"https:\/\/pelin1971.hr\/en\/katalog\/glass-polishing-cloths-damask-waffle-classic\/\"]}]},{\"@type\":\"ImageObject\",\"inLanguage\":\"en-US\",\"@id\":\"https:\/\/pelin1971.hr\/en\/katalog\/glass-polishing-cloths-damask-waffle-classic\/#primaryimage\",\"url\":\"https:\/\/pelin1971.hr\/wp-content\/uploads\/2023\/01\/waffle-krpa-za-poliranje-\u010da\u0161a.jpg\",\"contentUrl\":\"https:\/\/pelin1971.hr\/wp-content\/uploads\/2023\/01\/waffle-krpa-za-poliranje-\u010da\u0161a.jpg\",\"width\":2056,\"height\":2056,\"caption\":\"krpe za poliranje \u010da\u0161a waffle,krpe za brisanje \u010da\u0161a,krpe za ugostiteljstvo za caffe bar,restorane,kafi\u0107e,ugostiteljske krpe za \u010da\u0161e,cijena\"},{\"@type\":\"BreadcrumbList\",\"@id\":\"https:\/\/pelin1971.hr\/en\/katalog\/glass-polishing-cloths-damask-waffle-classic\/#breadcrumb\",\"itemListElement\":[{\"@type\":\"ListItem\",\"position\":1,\"name\":\"Home\",\"item\":\"https:\/\/pelin1971.hr\/en\/\"},{\"@type\":\"ListItem\",\"position\":2,\"name\":\"Shop\",\"item\":\"https:\/\/pelin1971.hr\/en\/shop\/\"},{\"@type\":\"ListItem\",\"position\":3,\"name\":\"Hygiene\",\"item\":\"https:\/\/pelin1971.hr\/en\/kategorija-proizvoda\/hygiene\/\"},{\"@type\":\"ListItem\",\"position\":4,\"name\":\"Sponges, rags, gloves...\",\"item\":\"https:\/\/pelin1971.hr\/en\/kategorija-proizvoda\/hygiene\/sponges-rags-gloves\/\"},{\"@type\":\"ListItem\",\"position\":5,\"name\":\"Glass polishing cloths damask, waffle, classic\"}]},{\"@type\":\"WebSite\",\"@id\":\"https:\/\/pelin1971.hr\/en\/#website\",\"url\":\"https:\/\/pelin1971.hr\/en\/\",\"name\":\"Pelin1971\",\"description\":\"\",\"potentialAction\":[{\"@type\":\"SearchAction\",\"target\":{\"@type\":\"EntryPoint\",\"urlTemplate\":\"https:\/\/pelin1971.hr\/en\/?s={search_term_string}\"},\"query-input\":{\"@type\":\"PropertyValueSpecification\",\"valueRequired\":true,\"valueName\":\"search_term_string\"}}],\"inLanguage\":\"en-US\"}]}<\/script>\n<!-- \/ Yoast SEO plugin. -->","yoast_head_json":{"title":"GLASS POLISHING CLOTHES IN CATERING","description":"glass polishing cloths in the catering industry, glass wiping cloths, damask glass polishing cloth, catering glass polishing cloth, price","robots":{"index":"index","follow":"follow","max-snippet":"max-snippet:-1","max-image-preview":"max-image-preview:large","max-video-preview":"max-video-preview:-1"},"canonical":"https:\/\/pelin1971.hr\/en\/katalog\/glass-polishing-cloths-damask-waffle-classic\/","og_locale":"en_US","og_type":"article","og_title":"GLASS POLISHING CLOTHES IN CATERING","og_description":"glass polishing cloths in the catering industry, glass wiping cloths, damask glass polishing cloth, catering glass polishing cloth, price","og_url":"https:\/\/pelin1971.hr\/en\/katalog\/glass-polishing-cloths-damask-waffle-classic\/","og_site_name":"Pelin1971","article_modified_time":"2025-11-25T09:51:47+00:00","og_image":[{"width":2056,"height":2056,"url":"https:\/\/pelin1971.hr\/wp-content\/uploads\/2025\/11\/waffle-krpa-za-poliranje-casa.jpg","type":"image\/jpeg"}],"twitter_card":"summary_large_image","schema":{"@context":"https:\/\/schema.org","@graph":[{"@type":"WebPage","@id":"https:\/\/pelin1971.hr\/en\/katalog\/glass-polishing-cloths-damask-waffle-classic\/","url":"https:\/\/pelin1971.hr\/en\/katalog\/glass-polishing-cloths-damask-waffle-classic\/","name":"GLASS POLISHING CLOTHES IN CATERING","isPartOf":{"@id":"https:\/\/pelin1971.hr\/en\/#website"},"primaryImageOfPage":{"@id":"https:\/\/pelin1971.hr\/en\/katalog\/glass-polishing-cloths-damask-waffle-classic\/#primaryimage"},"image":{"@id":"https:\/\/pelin1971.hr\/en\/katalog\/glass-polishing-cloths-damask-waffle-classic\/#primaryimage"},"thumbnailUrl":"https:\/\/pelin1971.hr\/wp-content\/uploads\/2023\/01\/waffle-krpa-za-poliranje-\u010da\u0161a.jpg","datePublished":"2025-11-18T16:16:31+00:00","dateModified":"2025-11-25T09:51:47+00:00","description":"glass polishing cloths in the catering industry, glass wiping cloths, damask glass polishing cloth, catering glass polishing cloth, price","breadcrumb":{"@id":"https:\/\/pelin1971.hr\/en\/katalog\/glass-polishing-cloths-damask-waffle-classic\/#breadcrumb"},"inLanguage":"en-US","potentialAction":[{"@type":"ReadAction","target":["https:\/\/pelin1971.hr\/en\/katalog\/glass-polishing-cloths-damask-waffle-classic\/"]}]},{"@type":"ImageObject","inLanguage":"en-US","@id":"https:\/\/pelin1971.hr\/en\/katalog\/glass-polishing-cloths-damask-waffle-classic\/#primaryimage","url":"https:\/\/pelin1971.hr\/wp-content\/uploads\/2023\/01\/waffle-krpa-za-poliranje-\u010da\u0161a.jpg","contentUrl":"https:\/\/pelin1971.hr\/wp-content\/uploads\/2023\/01\/waffle-krpa-za-poliranje-\u010da\u0161a.jpg","width":2056,"height":2056,"caption":"krpe za poliranje \u010da\u0161a waffle,krpe za brisanje \u010da\u0161a,krpe za ugostiteljstvo za caffe bar,restorane,kafi\u0107e,ugostiteljske krpe za \u010da\u0161e,cijena"},{"@type":"BreadcrumbList","@id":"https:\/\/pelin1971.hr\/en\/katalog\/glass-polishing-cloths-damask-waffle-classic\/#breadcrumb","itemListElement":[{"@type":"ListItem","position":1,"name":"Home","item":"https:\/\/pelin1971.hr\/en\/"},{"@type":"ListItem","position":2,"name":"Shop","item":"https:\/\/pelin1971.hr\/en\/shop\/"},{"@type":"ListItem","position":3,"name":"Hygiene","item":"https:\/\/pelin1971.hr\/en\/kategorija-proizvoda\/hygiene\/"},{"@type":"ListItem","position":4,"name":"Sponges, rags, gloves...","item":"https:\/\/pelin1971.hr\/en\/kategorija-proizvoda\/hygiene\/sponges-rags-gloves\/"},{"@type":"ListItem","position":5,"name":"Glass polishing cloths damask, waffle, classic"}]},{"@type":"WebSite","@id":"https:\/\/pelin1971.hr\/en\/#website","url":"https:\/\/pelin1971.hr\/en\/","name":"Pelin1971","description":"","potentialAction":[{"@type":"SearchAction","target":{"@type":"EntryPoint","urlTemplate":"https:\/\/pelin1971.hr\/en\/?s={search_term_string}"},"query-input":{"@type":"PropertyValueSpecification","valueRequired":true,"valueName":"search_term_string"}}],"inLanguage":"en-US"}]}},"_links":{"self":[{"href":"https:\/\/pelin1971.hr\/en\/wp-json\/wp\/v2\/product\/7673","targetHints":{"allow":["GET"]}}],"collection":[{"href":"https:\/\/pelin1971.hr\/en\/wp-json\/wp\/v2\/product"}],"about":[{"href":"https:\/\/pelin1971.hr\/en\/wp-json\/wp\/v2\/types\/product"}],"replies":[{"embeddable":true,"href":"https:\/\/pelin1971.hr\/en\/wp-json\/wp\/v2\/comments?post=7673"}],"wp:featuredmedia":[{"embeddable":true,"href":"https:\/\/pelin1971.hr\/en\/wp-json\/wp\/v2\/media\/9019"}],"wp:attachment":[{"href":"https:\/\/pelin1971.hr\/en\/wp-json\/wp\/v2\/media?parent=7673"}],"wp:term":[{"taxonomy":"product_brand","embeddable":true,"href":"https:\/\/pelin1971.hr\/en\/wp-json\/wp\/v2\/product_brand?post=7673"},{"taxonomy":"product_cat","embeddable":true,"href":"https:\/\/pelin1971.hr\/en\/wp-json\/wp\/v2\/product_cat?post=7673"},{"taxonomy":"product_tag","embeddable":true,"href":"https:\/\/pelin1971.hr\/en\/wp-json\/wp\/v2\/product_tag?post=7673"}],"curies":[{"name":"wp","href":"https:\/\/api.w.org\/{rel}","templated":true}]}}