{"id":7644,"date":"2025-11-18T17:17:46","date_gmt":"2025-11-18T16:17:46","guid":{"rendered":"https:\/\/pelin1971.hr\/katalog\/cardboard-cup-wrapper-thermal-wrapper\/"},"modified":"2025-11-25T10:49:54","modified_gmt":"2025-11-25T09:49:54","slug":"cardboard-cup-wrapper-thermal-wrapper","status":"publish","type":"product","link":"https:\/\/pelin1971.hr\/en\/katalog\/cardboard-cup-wrapper-thermal-wrapper\/","title":{"rendered":"CARDBOARD CUP WRAPPER, THERMAL WRAPPER"},"content":{"rendered":"<h1>Cardboard Cup Wrapper, Thermo Wrapper For Hot Drinks<\/h1>\n<p>-Material: Carton<br \/>\n-packaging : 50\/1<\/p>\n","protected":false},"excerpt":{"rendered":"<p>Cardboard Cup Wrapper, Thermo Wrapper For Hot Drinks -Material: Carton -packaging : 50\/1<\/p>\n","protected":false},"featured_media":9086,"comment_status":"open","ping_status":"closed","template":"","meta":{"_acf_changed":false},"product_brand":[],"product_cat":[4543],"product_tag":[3796,3800,3798],"class_list":{"0":"post-7644","1":"product","2":"type-product","3":"status-publish","4":"has-post-thumbnail","6":"product_cat-coffee-to-go-and-pvc-cups","7":"product_tag-cardboard-wrapper-for-glasses","8":"product_tag-paper-wrap-for-hot-drinks","9":"product_tag-thermo-wrap-glass-for-hot-drinks","11":"first","12":"outofstock","13":"shipping-taxable","14":"purchasable","15":"product-type-simple"},"acf":[],"yoast_head":"<!-- This site is optimized with the Yoast SEO plugin v26.8 - https:\/\/yoast.com\/product\/yoast-seo-wordpress\/ -->\n<title>Cardboard Cup Wrapper, Thermo Cup Wrapper For Hot Beverage<\/title>\n<meta name=\"description\" content=\"cardboard cup wrapper, thermo cup wrapper for hot drinks, paper wrapper for hot drinks, mulled wine, tea and the like, price\" \/>\n<meta name=\"robots\" content=\"index, follow, max-snippet:-1, max-image-preview:large, max-video-preview:-1\" \/>\n<link rel=\"canonical\" href=\"https:\/\/pelin1971.hr\/en\/katalog\/cardboard-cup-wrapper-thermal-wrapper\/\" \/>\n<meta property=\"og:locale\" content=\"en_US\" \/>\n<meta property=\"og:type\" content=\"article\" \/>\n<meta property=\"og:title\" content=\"Cardboard Cup Wrapper, Thermo Cup Wrapper For Hot Beverage\" \/>\n<meta property=\"og:description\" content=\"cardboard cup wrapper, thermo cup wrapper for hot drinks, paper wrapper for hot drinks, mulled wine, tea and the like, price\" \/>\n<meta property=\"og:url\" content=\"https:\/\/pelin1971.hr\/en\/katalog\/cardboard-cup-wrapper-thermal-wrapper\/\" \/>\n<meta property=\"og:site_name\" content=\"Pelin1971\" \/>\n<meta property=\"article:modified_time\" content=\"2025-11-25T09:49:54+00:00\" \/>\n<meta property=\"og:image\" content=\"https:\/\/pelin1971.hr\/wp-content\/uploads\/2025\/11\/kartonski-papirnati-omotac-za-caseza-vruce-napitke.jpg\" \/>\n\t<meta property=\"og:image:width\" content=\"2056\" \/>\n\t<meta property=\"og:image:height\" content=\"2056\" \/>\n\t<meta property=\"og:image:type\" content=\"image\/jpeg\" \/>\n<meta name=\"twitter:card\" content=\"summary_large_image\" \/>\n<script type=\"application\/ld+json\" class=\"yoast-schema-graph\">{\"@context\":\"https:\/\/schema.org\",\"@graph\":[{\"@type\":\"WebPage\",\"@id\":\"https:\/\/pelin1971.hr\/en\/katalog\/cardboard-cup-wrapper-thermal-wrapper\/\",\"url\":\"https:\/\/pelin1971.hr\/en\/katalog\/cardboard-cup-wrapper-thermal-wrapper\/\",\"name\":\"Cardboard Cup Wrapper, Thermo Cup Wrapper For Hot Beverage\",\"isPartOf\":{\"@id\":\"https:\/\/pelin1971.hr\/en\/#website\"},\"primaryImageOfPage\":{\"@id\":\"https:\/\/pelin1971.hr\/en\/katalog\/cardboard-cup-wrapper-thermal-wrapper\/#primaryimage\"},\"image\":{\"@id\":\"https:\/\/pelin1971.hr\/en\/katalog\/cardboard-cup-wrapper-thermal-wrapper\/#primaryimage\"},\"thumbnailUrl\":\"https:\/\/pelin1971.hr\/wp-content\/uploads\/2023\/04\/kartonski-papirnati-omota\u010d-za-\u010da\u0161eza-vru\u0107e-napitke.jpg\",\"datePublished\":\"2025-11-18T16:17:46+00:00\",\"dateModified\":\"2025-11-25T09:49:54+00:00\",\"description\":\"cardboard cup wrapper, thermo cup wrapper for hot drinks, paper wrapper for hot drinks, mulled wine, tea and the like, price\",\"breadcrumb\":{\"@id\":\"https:\/\/pelin1971.hr\/en\/katalog\/cardboard-cup-wrapper-thermal-wrapper\/#breadcrumb\"},\"inLanguage\":\"en-US\",\"potentialAction\":[{\"@type\":\"ReadAction\",\"target\":[\"https:\/\/pelin1971.hr\/en\/katalog\/cardboard-cup-wrapper-thermal-wrapper\/\"]}]},{\"@type\":\"ImageObject\",\"inLanguage\":\"en-US\",\"@id\":\"https:\/\/pelin1971.hr\/en\/katalog\/cardboard-cup-wrapper-thermal-wrapper\/#primaryimage\",\"url\":\"https:\/\/pelin1971.hr\/wp-content\/uploads\/2023\/04\/kartonski-papirnati-omota\u010d-za-\u010da\u0161eza-vru\u0107e-napitke.jpg\",\"contentUrl\":\"https:\/\/pelin1971.hr\/wp-content\/uploads\/2023\/04\/kartonski-papirnati-omota\u010d-za-\u010da\u0161eza-vru\u0107e-napitke.jpg\",\"width\":2056,\"height\":2056,\"caption\":\"kartonski omota\u010d za \u010da\u0161e, termo omota\u010d \u010da\u0161a za vru\u0107e napitke,papirnati omota\u010d za tople napitke,cijena\"},{\"@type\":\"BreadcrumbList\",\"@id\":\"https:\/\/pelin1971.hr\/en\/katalog\/cardboard-cup-wrapper-thermal-wrapper\/#breadcrumb\",\"itemListElement\":[{\"@type\":\"ListItem\",\"position\":1,\"name\":\"Home\",\"item\":\"https:\/\/pelin1971.hr\/en\/\"},{\"@type\":\"ListItem\",\"position\":2,\"name\":\"Shop\",\"item\":\"https:\/\/pelin1971.hr\/en\/shop\/\"},{\"@type\":\"ListItem\",\"position\":3,\"name\":\"Catering packaging\",\"item\":\"https:\/\/pelin1971.hr\/en\/kategorija-proizvoda\/catering-packaging\/\"},{\"@type\":\"ListItem\",\"position\":4,\"name\":\"Coffee to go and PVC cups\",\"item\":\"https:\/\/pelin1971.hr\/en\/kategorija-proizvoda\/catering-packaging\/coffee-to-go-and-pvc-cups\/\"},{\"@type\":\"ListItem\",\"position\":5,\"name\":\"CARDBOARD CUP WRAPPER, THERMAL WRAPPER\"}]},{\"@type\":\"WebSite\",\"@id\":\"https:\/\/pelin1971.hr\/en\/#website\",\"url\":\"https:\/\/pelin1971.hr\/en\/\",\"name\":\"Pelin1971\",\"description\":\"\",\"potentialAction\":[{\"@type\":\"SearchAction\",\"target\":{\"@type\":\"EntryPoint\",\"urlTemplate\":\"https:\/\/pelin1971.hr\/en\/?s={search_term_string}\"},\"query-input\":{\"@type\":\"PropertyValueSpecification\",\"valueRequired\":true,\"valueName\":\"search_term_string\"}}],\"inLanguage\":\"en-US\"}]}<\/script>\n<!-- \/ Yoast SEO plugin. -->","yoast_head_json":{"title":"Cardboard Cup Wrapper, Thermo Cup Wrapper For Hot Beverage","description":"cardboard cup wrapper, thermo cup wrapper for hot drinks, paper wrapper for hot drinks, mulled wine, tea and the like, price","robots":{"index":"index","follow":"follow","max-snippet":"max-snippet:-1","max-image-preview":"max-image-preview:large","max-video-preview":"max-video-preview:-1"},"canonical":"https:\/\/pelin1971.hr\/en\/katalog\/cardboard-cup-wrapper-thermal-wrapper\/","og_locale":"en_US","og_type":"article","og_title":"Cardboard Cup Wrapper, Thermo Cup Wrapper For Hot Beverage","og_description":"cardboard cup wrapper, thermo cup wrapper for hot drinks, paper wrapper for hot drinks, mulled wine, tea and the like, price","og_url":"https:\/\/pelin1971.hr\/en\/katalog\/cardboard-cup-wrapper-thermal-wrapper\/","og_site_name":"Pelin1971","article_modified_time":"2025-11-25T09:49:54+00:00","og_image":[{"width":2056,"height":2056,"url":"https:\/\/pelin1971.hr\/wp-content\/uploads\/2025\/11\/kartonski-papirnati-omotac-za-caseza-vruce-napitke.jpg","type":"image\/jpeg"}],"twitter_card":"summary_large_image","schema":{"@context":"https:\/\/schema.org","@graph":[{"@type":"WebPage","@id":"https:\/\/pelin1971.hr\/en\/katalog\/cardboard-cup-wrapper-thermal-wrapper\/","url":"https:\/\/pelin1971.hr\/en\/katalog\/cardboard-cup-wrapper-thermal-wrapper\/","name":"Cardboard Cup Wrapper, Thermo Cup Wrapper For Hot Beverage","isPartOf":{"@id":"https:\/\/pelin1971.hr\/en\/#website"},"primaryImageOfPage":{"@id":"https:\/\/pelin1971.hr\/en\/katalog\/cardboard-cup-wrapper-thermal-wrapper\/#primaryimage"},"image":{"@id":"https:\/\/pelin1971.hr\/en\/katalog\/cardboard-cup-wrapper-thermal-wrapper\/#primaryimage"},"thumbnailUrl":"https:\/\/pelin1971.hr\/wp-content\/uploads\/2023\/04\/kartonski-papirnati-omota\u010d-za-\u010da\u0161eza-vru\u0107e-napitke.jpg","datePublished":"2025-11-18T16:17:46+00:00","dateModified":"2025-11-25T09:49:54+00:00","description":"cardboard cup wrapper, thermo cup wrapper for hot drinks, paper wrapper for hot drinks, mulled wine, tea and the like, price","breadcrumb":{"@id":"https:\/\/pelin1971.hr\/en\/katalog\/cardboard-cup-wrapper-thermal-wrapper\/#breadcrumb"},"inLanguage":"en-US","potentialAction":[{"@type":"ReadAction","target":["https:\/\/pelin1971.hr\/en\/katalog\/cardboard-cup-wrapper-thermal-wrapper\/"]}]},{"@type":"ImageObject","inLanguage":"en-US","@id":"https:\/\/pelin1971.hr\/en\/katalog\/cardboard-cup-wrapper-thermal-wrapper\/#primaryimage","url":"https:\/\/pelin1971.hr\/wp-content\/uploads\/2023\/04\/kartonski-papirnati-omota\u010d-za-\u010da\u0161eza-vru\u0107e-napitke.jpg","contentUrl":"https:\/\/pelin1971.hr\/wp-content\/uploads\/2023\/04\/kartonski-papirnati-omota\u010d-za-\u010da\u0161eza-vru\u0107e-napitke.jpg","width":2056,"height":2056,"caption":"kartonski omota\u010d za \u010da\u0161e, termo omota\u010d \u010da\u0161a za vru\u0107e napitke,papirnati omota\u010d za tople napitke,cijena"},{"@type":"BreadcrumbList","@id":"https:\/\/pelin1971.hr\/en\/katalog\/cardboard-cup-wrapper-thermal-wrapper\/#breadcrumb","itemListElement":[{"@type":"ListItem","position":1,"name":"Home","item":"https:\/\/pelin1971.hr\/en\/"},{"@type":"ListItem","position":2,"name":"Shop","item":"https:\/\/pelin1971.hr\/en\/shop\/"},{"@type":"ListItem","position":3,"name":"Catering packaging","item":"https:\/\/pelin1971.hr\/en\/kategorija-proizvoda\/catering-packaging\/"},{"@type":"ListItem","position":4,"name":"Coffee to go and PVC cups","item":"https:\/\/pelin1971.hr\/en\/kategorija-proizvoda\/catering-packaging\/coffee-to-go-and-pvc-cups\/"},{"@type":"ListItem","position":5,"name":"CARDBOARD CUP WRAPPER, THERMAL WRAPPER"}]},{"@type":"WebSite","@id":"https:\/\/pelin1971.hr\/en\/#website","url":"https:\/\/pelin1971.hr\/en\/","name":"Pelin1971","description":"","potentialAction":[{"@type":"SearchAction","target":{"@type":"EntryPoint","urlTemplate":"https:\/\/pelin1971.hr\/en\/?s={search_term_string}"},"query-input":{"@type":"PropertyValueSpecification","valueRequired":true,"valueName":"search_term_string"}}],"inLanguage":"en-US"}]}},"_links":{"self":[{"href":"https:\/\/pelin1971.hr\/en\/wp-json\/wp\/v2\/product\/7644","targetHints":{"allow":["GET"]}}],"collection":[{"href":"https:\/\/pelin1971.hr\/en\/wp-json\/wp\/v2\/product"}],"about":[{"href":"https:\/\/pelin1971.hr\/en\/wp-json\/wp\/v2\/types\/product"}],"replies":[{"embeddable":true,"href":"https:\/\/pelin1971.hr\/en\/wp-json\/wp\/v2\/comments?post=7644"}],"wp:featuredmedia":[{"embeddable":true,"href":"https:\/\/pelin1971.hr\/en\/wp-json\/wp\/v2\/media\/9086"}],"wp:attachment":[{"href":"https:\/\/pelin1971.hr\/en\/wp-json\/wp\/v2\/media?parent=7644"}],"wp:term":[{"taxonomy":"product_brand","embeddable":true,"href":"https:\/\/pelin1971.hr\/en\/wp-json\/wp\/v2\/product_brand?post=7644"},{"taxonomy":"product_cat","embeddable":true,"href":"https:\/\/pelin1971.hr\/en\/wp-json\/wp\/v2\/product_cat?post=7644"},{"taxonomy":"product_tag","embeddable":true,"href":"https:\/\/pelin1971.hr\/en\/wp-json\/wp\/v2\/product_tag?post=7644"}],"curies":[{"name":"wp","href":"https:\/\/api.w.org\/{rel}","templated":true}]}}