{"id":7642,"date":"2025-11-18T17:17:39","date_gmt":"2025-11-18T16:17:39","guid":{"rendered":"https:\/\/pelin1971.hr\/katalog\/toilet-bowl-freshener\/"},"modified":"2025-11-25T10:49:50","modified_gmt":"2025-11-25T09:49:50","slug":"toilet-bowl-freshener","status":"publish","type":"product","link":"https:\/\/pelin1971.hr\/en\/katalog\/toilet-bowl-freshener\/","title":{"rendered":"Toilet bowl freshener"},"content":{"rendered":"<h1>Toilet bowl freshener<\/h1>\n<p>&#8211; toilet bowl freshener, toilet bowl clip, rubber toilet freshener<br \/>\n-scent: mango<br \/>\n-suitable for catering facilities because it makes it more difficult for the air freshener to fall into the toilet and potentially clog the toilet bowl (classic air fresheners easily break off and fall into the toilet, creating a problem)<\/p>\n","protected":false},"excerpt":{"rendered":"<p>Toilet bowl freshener &#8211; toilet bowl freshener, toilet bowl clip, rubber toilet freshener -scent: mango -suitable for catering facilities because it makes it more difficult for the air freshener to fall into the toilet and potentially clog the toilet bowl (classic air fresheners easily break off and fall into the toilet, creating a problem)<\/p>\n","protected":false},"featured_media":8935,"comment_status":"open","ping_status":"closed","template":"","meta":{"_acf_changed":false},"product_brand":[],"product_cat":[4569],"product_tag":[3791,4673,3790],"class_list":{"0":"post-7642","1":"product","2":"type-product","3":"status-publish","4":"has-post-thumbnail","6":"product_cat-air-and-toilet-fresheners","7":"product_tag-remove-term-toilet-bowl-freshener-toilet-bowl-freshener","8":"product_tag-toilet-bowl-freshener-2","9":"product_tag-toilet-bowl-freshener","11":"first","12":"instock","13":"shipping-taxable","14":"purchasable","15":"product-type-simple"},"acf":[],"yoast_head":"<!-- This site is optimized with the Yoast SEO plugin v26.8 - https:\/\/yoast.com\/product\/yoast-seo-wordpress\/ -->\n<title>Toilet bowl freshener, rubber scented toilet bowl clip<\/title>\n<meta name=\"description\" content=\"Toilet bowl freshener, a rubber scented toilet bowl clip that will give your bathroom a pleasant scent and last a long time.\" \/>\n<meta name=\"robots\" content=\"index, follow, max-snippet:-1, max-image-preview:large, max-video-preview:-1\" \/>\n<link rel=\"canonical\" href=\"https:\/\/pelin1971.hr\/en\/katalog\/toilet-bowl-freshener\/\" \/>\n<meta property=\"og:locale\" content=\"en_US\" \/>\n<meta property=\"og:type\" content=\"article\" \/>\n<meta property=\"og:title\" content=\"Toilet bowl freshener, rubber scented toilet bowl clip\" \/>\n<meta property=\"og:description\" content=\"Toilet bowl freshener, a rubber scented toilet bowl clip that will give your bathroom a pleasant scent and last a long time.\" \/>\n<meta property=\"og:url\" content=\"https:\/\/pelin1971.hr\/en\/katalog\/toilet-bowl-freshener\/\" \/>\n<meta property=\"og:site_name\" content=\"Pelin1971\" \/>\n<meta property=\"article:modified_time\" content=\"2025-11-25T09:49:50+00:00\" \/>\n<meta property=\"og:image\" content=\"https:\/\/pelin1971.hr\/wp-content\/uploads\/2025\/11\/pisoar-klipic.jpg\" \/>\n\t<meta property=\"og:image:width\" content=\"2080\" \/>\n\t<meta property=\"og:image:height\" content=\"2080\" \/>\n\t<meta property=\"og:image:type\" content=\"image\/jpeg\" \/>\n<meta name=\"twitter:card\" content=\"summary_large_image\" \/>\n<script type=\"application\/ld+json\" class=\"yoast-schema-graph\">{\"@context\":\"https:\/\/schema.org\",\"@graph\":[{\"@type\":\"WebPage\",\"@id\":\"https:\/\/pelin1971.hr\/en\/katalog\/toilet-bowl-freshener\/\",\"url\":\"https:\/\/pelin1971.hr\/en\/katalog\/toilet-bowl-freshener\/\",\"name\":\"Toilet bowl freshener, rubber scented toilet bowl clip\",\"isPartOf\":{\"@id\":\"https:\/\/pelin1971.hr\/en\/#website\"},\"primaryImageOfPage\":{\"@id\":\"https:\/\/pelin1971.hr\/en\/katalog\/toilet-bowl-freshener\/#primaryimage\"},\"image\":{\"@id\":\"https:\/\/pelin1971.hr\/en\/katalog\/toilet-bowl-freshener\/#primaryimage\"},\"thumbnailUrl\":\"https:\/\/pelin1971.hr\/wp-content\/uploads\/2020\/11\/pisoar-klipi\u0107.jpg\",\"datePublished\":\"2025-11-18T16:17:39+00:00\",\"dateModified\":\"2025-11-25T09:49:50+00:00\",\"description\":\"Toilet bowl freshener, a rubber scented toilet bowl clip that will give your bathroom a pleasant scent and last a long time.\",\"breadcrumb\":{\"@id\":\"https:\/\/pelin1971.hr\/en\/katalog\/toilet-bowl-freshener\/#breadcrumb\"},\"inLanguage\":\"en-US\",\"potentialAction\":[{\"@type\":\"ReadAction\",\"target\":[\"https:\/\/pelin1971.hr\/en\/katalog\/toilet-bowl-freshener\/\"]}]},{\"@type\":\"ImageObject\",\"inLanguage\":\"en-US\",\"@id\":\"https:\/\/pelin1971.hr\/en\/katalog\/toilet-bowl-freshener\/#primaryimage\",\"url\":\"https:\/\/pelin1971.hr\/wp-content\/uploads\/2020\/11\/pisoar-klipi\u0107.jpg\",\"contentUrl\":\"https:\/\/pelin1971.hr\/wp-content\/uploads\/2020\/11\/pisoar-klipi\u0107.jpg\",\"width\":2080,\"height\":2080,\"caption\":\"osvje\u017eiva\u010d wc \u0161koljke,wc klipi\u0107,\"},{\"@type\":\"BreadcrumbList\",\"@id\":\"https:\/\/pelin1971.hr\/en\/katalog\/toilet-bowl-freshener\/#breadcrumb\",\"itemListElement\":[{\"@type\":\"ListItem\",\"position\":1,\"name\":\"Home\",\"item\":\"https:\/\/pelin1971.hr\/en\/\"},{\"@type\":\"ListItem\",\"position\":2,\"name\":\"Shop\",\"item\":\"https:\/\/pelin1971.hr\/en\/shop\/\"},{\"@type\":\"ListItem\",\"position\":3,\"name\":\"Sanitary program\",\"item\":\"https:\/\/pelin1971.hr\/en\/kategorija-proizvoda\/sanitary-program\/\"},{\"@type\":\"ListItem\",\"position\":4,\"name\":\"Air and toilet fresheners\",\"item\":\"https:\/\/pelin1971.hr\/en\/kategorija-proizvoda\/sanitary-program\/air-and-toilet-fresheners\/\"},{\"@type\":\"ListItem\",\"position\":5,\"name\":\"Toilet bowl freshener\"}]},{\"@type\":\"WebSite\",\"@id\":\"https:\/\/pelin1971.hr\/en\/#website\",\"url\":\"https:\/\/pelin1971.hr\/en\/\",\"name\":\"Pelin1971\",\"description\":\"\",\"potentialAction\":[{\"@type\":\"SearchAction\",\"target\":{\"@type\":\"EntryPoint\",\"urlTemplate\":\"https:\/\/pelin1971.hr\/en\/?s={search_term_string}\"},\"query-input\":{\"@type\":\"PropertyValueSpecification\",\"valueRequired\":true,\"valueName\":\"search_term_string\"}}],\"inLanguage\":\"en-US\"}]}<\/script>\n<!-- \/ Yoast SEO plugin. -->","yoast_head_json":{"title":"Toilet bowl freshener, rubber scented toilet bowl clip","description":"Toilet bowl freshener, a rubber scented toilet bowl clip that will give your bathroom a pleasant scent and last a long time.","robots":{"index":"index","follow":"follow","max-snippet":"max-snippet:-1","max-image-preview":"max-image-preview:large","max-video-preview":"max-video-preview:-1"},"canonical":"https:\/\/pelin1971.hr\/en\/katalog\/toilet-bowl-freshener\/","og_locale":"en_US","og_type":"article","og_title":"Toilet bowl freshener, rubber scented toilet bowl clip","og_description":"Toilet bowl freshener, a rubber scented toilet bowl clip that will give your bathroom a pleasant scent and last a long time.","og_url":"https:\/\/pelin1971.hr\/en\/katalog\/toilet-bowl-freshener\/","og_site_name":"Pelin1971","article_modified_time":"2025-11-25T09:49:50+00:00","og_image":[{"width":2080,"height":2080,"url":"https:\/\/pelin1971.hr\/wp-content\/uploads\/2025\/11\/pisoar-klipic.jpg","type":"image\/jpeg"}],"twitter_card":"summary_large_image","schema":{"@context":"https:\/\/schema.org","@graph":[{"@type":"WebPage","@id":"https:\/\/pelin1971.hr\/en\/katalog\/toilet-bowl-freshener\/","url":"https:\/\/pelin1971.hr\/en\/katalog\/toilet-bowl-freshener\/","name":"Toilet bowl freshener, rubber scented toilet bowl clip","isPartOf":{"@id":"https:\/\/pelin1971.hr\/en\/#website"},"primaryImageOfPage":{"@id":"https:\/\/pelin1971.hr\/en\/katalog\/toilet-bowl-freshener\/#primaryimage"},"image":{"@id":"https:\/\/pelin1971.hr\/en\/katalog\/toilet-bowl-freshener\/#primaryimage"},"thumbnailUrl":"https:\/\/pelin1971.hr\/wp-content\/uploads\/2020\/11\/pisoar-klipi\u0107.jpg","datePublished":"2025-11-18T16:17:39+00:00","dateModified":"2025-11-25T09:49:50+00:00","description":"Toilet bowl freshener, a rubber scented toilet bowl clip that will give your bathroom a pleasant scent and last a long time.","breadcrumb":{"@id":"https:\/\/pelin1971.hr\/en\/katalog\/toilet-bowl-freshener\/#breadcrumb"},"inLanguage":"en-US","potentialAction":[{"@type":"ReadAction","target":["https:\/\/pelin1971.hr\/en\/katalog\/toilet-bowl-freshener\/"]}]},{"@type":"ImageObject","inLanguage":"en-US","@id":"https:\/\/pelin1971.hr\/en\/katalog\/toilet-bowl-freshener\/#primaryimage","url":"https:\/\/pelin1971.hr\/wp-content\/uploads\/2020\/11\/pisoar-klipi\u0107.jpg","contentUrl":"https:\/\/pelin1971.hr\/wp-content\/uploads\/2020\/11\/pisoar-klipi\u0107.jpg","width":2080,"height":2080,"caption":"osvje\u017eiva\u010d wc \u0161koljke,wc klipi\u0107,"},{"@type":"BreadcrumbList","@id":"https:\/\/pelin1971.hr\/en\/katalog\/toilet-bowl-freshener\/#breadcrumb","itemListElement":[{"@type":"ListItem","position":1,"name":"Home","item":"https:\/\/pelin1971.hr\/en\/"},{"@type":"ListItem","position":2,"name":"Shop","item":"https:\/\/pelin1971.hr\/en\/shop\/"},{"@type":"ListItem","position":3,"name":"Sanitary program","item":"https:\/\/pelin1971.hr\/en\/kategorija-proizvoda\/sanitary-program\/"},{"@type":"ListItem","position":4,"name":"Air and toilet fresheners","item":"https:\/\/pelin1971.hr\/en\/kategorija-proizvoda\/sanitary-program\/air-and-toilet-fresheners\/"},{"@type":"ListItem","position":5,"name":"Toilet bowl freshener"}]},{"@type":"WebSite","@id":"https:\/\/pelin1971.hr\/en\/#website","url":"https:\/\/pelin1971.hr\/en\/","name":"Pelin1971","description":"","potentialAction":[{"@type":"SearchAction","target":{"@type":"EntryPoint","urlTemplate":"https:\/\/pelin1971.hr\/en\/?s={search_term_string}"},"query-input":{"@type":"PropertyValueSpecification","valueRequired":true,"valueName":"search_term_string"}}],"inLanguage":"en-US"}]}},"_links":{"self":[{"href":"https:\/\/pelin1971.hr\/en\/wp-json\/wp\/v2\/product\/7642","targetHints":{"allow":["GET"]}}],"collection":[{"href":"https:\/\/pelin1971.hr\/en\/wp-json\/wp\/v2\/product"}],"about":[{"href":"https:\/\/pelin1971.hr\/en\/wp-json\/wp\/v2\/types\/product"}],"replies":[{"embeddable":true,"href":"https:\/\/pelin1971.hr\/en\/wp-json\/wp\/v2\/comments?post=7642"}],"wp:featuredmedia":[{"embeddable":true,"href":"https:\/\/pelin1971.hr\/en\/wp-json\/wp\/v2\/media\/8935"}],"wp:attachment":[{"href":"https:\/\/pelin1971.hr\/en\/wp-json\/wp\/v2\/media?parent=7642"}],"wp:term":[{"taxonomy":"product_brand","embeddable":true,"href":"https:\/\/pelin1971.hr\/en\/wp-json\/wp\/v2\/product_brand?post=7642"},{"taxonomy":"product_cat","embeddable":true,"href":"https:\/\/pelin1971.hr\/en\/wp-json\/wp\/v2\/product_cat?post=7642"},{"taxonomy":"product_tag","embeddable":true,"href":"https:\/\/pelin1971.hr\/en\/wp-json\/wp\/v2\/product_tag?post=7642"}],"curies":[{"name":"wp","href":"https:\/\/api.w.org\/{rel}","templated":true}]}}