{"id":7634,"date":"2025-11-18T17:17:39","date_gmt":"2025-11-18T16:17:39","guid":{"rendered":"https:\/\/pelin1971.hr\/katalog\/icelandic-spirit-glass-6cl\/"},"modified":"2025-11-25T10:49:48","modified_gmt":"2025-11-25T09:49:48","slug":"icelandic-spirit-glass-6cl","status":"publish","type":"product","link":"https:\/\/pelin1971.hr\/en\/katalog\/icelandic-spirit-glass-6cl\/","title":{"rendered":"ICELANDIC SPIRIT GLASS 6cl"},"content":{"rendered":"<h1>ICELANDIC SPIRIT GLASS 6cl<\/h1>\n<p>-glasses for spirits, also suitable for bills on tables<\/p>\n<p>-packaging: 12\/1<\/p>\n","protected":false},"excerpt":{"rendered":"<p>ICELANDIC SPIRIT GLASS 6cl -glasses for spirits, also suitable for bills on tables -packaging: 12\/1<\/p>\n","protected":false},"featured_media":9014,"comment_status":"open","ping_status":"closed","template":"","meta":{"_acf_changed":false},"product_brand":[],"product_cat":[4589],"product_tag":[3764,3765],"class_list":{"0":"post-7634","1":"product","2":"type-product","3":"status-publish","4":"has-post-thumbnail","6":"product_cat-other-glasses","7":"product_tag-bill-cups-on-tables","8":"product_tag-shot-glasses-2","10":"first","11":"instock","12":"shipping-taxable","13":"purchasable","14":"product-type-simple"},"acf":[],"yoast_head":"<!-- This site is optimized with the Yoast SEO plugin v26.8 - https:\/\/yoast.com\/product\/yoast-seo-wordpress\/ -->\n<title>Iceland 6cl spirits glasses, also suitable for table receipts<\/title>\n<meta name=\"description\" content=\"Glasses for strong drinks Iceland 6cl, also suitable for bills on tables, modern glasses for serving various strong drinks and mini cocktails, price\" \/>\n<meta name=\"robots\" content=\"index, follow, max-snippet:-1, max-image-preview:large, max-video-preview:-1\" \/>\n<link rel=\"canonical\" href=\"https:\/\/pelin1971.hr\/en\/katalog\/icelandic-spirit-glass-6cl\/\" \/>\n<meta property=\"og:locale\" content=\"en_US\" \/>\n<meta property=\"og:type\" content=\"article\" \/>\n<meta property=\"og:title\" content=\"Iceland 6cl spirits glasses, also suitable for table receipts\" \/>\n<meta property=\"og:description\" content=\"Glasses for strong drinks Iceland 6cl, also suitable for bills on tables, modern glasses for serving various strong drinks and mini cocktails, price\" \/>\n<meta property=\"og:url\" content=\"https:\/\/pelin1971.hr\/en\/katalog\/icelandic-spirit-glass-6cl\/\" \/>\n<meta property=\"og:site_name\" content=\"Pelin1971\" \/>\n<meta property=\"article:modified_time\" content=\"2025-11-25T09:49:48+00:00\" \/>\n<meta property=\"og:image\" content=\"https:\/\/pelin1971.hr\/wp-content\/uploads\/2025\/11\/asa-islande.jpg\" \/>\n\t<meta property=\"og:image:width\" content=\"2080\" \/>\n\t<meta property=\"og:image:height\" content=\"2080\" \/>\n\t<meta property=\"og:image:type\" content=\"image\/jpeg\" \/>\n<meta name=\"twitter:card\" content=\"summary_large_image\" \/>\n<script type=\"application\/ld+json\" class=\"yoast-schema-graph\">{\"@context\":\"https:\/\/schema.org\",\"@graph\":[{\"@type\":\"WebPage\",\"@id\":\"https:\/\/pelin1971.hr\/en\/katalog\/icelandic-spirit-glass-6cl\/\",\"url\":\"https:\/\/pelin1971.hr\/en\/katalog\/icelandic-spirit-glass-6cl\/\",\"name\":\"Iceland 6cl spirits glasses, also suitable for table receipts\",\"isPartOf\":{\"@id\":\"https:\/\/pelin1971.hr\/en\/#website\"},\"primaryImageOfPage\":{\"@id\":\"https:\/\/pelin1971.hr\/en\/katalog\/icelandic-spirit-glass-6cl\/#primaryimage\"},\"image\":{\"@id\":\"https:\/\/pelin1971.hr\/en\/katalog\/icelandic-spirit-glass-6cl\/#primaryimage\"},\"thumbnailUrl\":\"https:\/\/pelin1971.hr\/wp-content\/uploads\/2021\/04\/\u010da\u0161a-islande.jpg\",\"datePublished\":\"2025-11-18T16:17:39+00:00\",\"dateModified\":\"2025-11-25T09:49:48+00:00\",\"description\":\"Glasses for strong drinks Iceland 6cl, also suitable for bills on tables, modern glasses for serving various strong drinks and mini cocktails, price\",\"breadcrumb\":{\"@id\":\"https:\/\/pelin1971.hr\/en\/katalog\/icelandic-spirit-glass-6cl\/#breadcrumb\"},\"inLanguage\":\"en-US\",\"potentialAction\":[{\"@type\":\"ReadAction\",\"target\":[\"https:\/\/pelin1971.hr\/en\/katalog\/icelandic-spirit-glass-6cl\/\"]}]},{\"@type\":\"ImageObject\",\"inLanguage\":\"en-US\",\"@id\":\"https:\/\/pelin1971.hr\/en\/katalog\/icelandic-spirit-glass-6cl\/#primaryimage\",\"url\":\"https:\/\/pelin1971.hr\/wp-content\/uploads\/2021\/04\/\u010da\u0161a-islande.jpg\",\"contentUrl\":\"https:\/\/pelin1971.hr\/wp-content\/uploads\/2021\/04\/\u010da\u0161a-islande.jpg\",\"width\":2080,\"height\":2080,\"caption\":\"\u010da\u0161ice za \u017eestoka pi\u0107a islande, \u010da\u0161ice za ra\u010dune po stolovima,cijena\"},{\"@type\":\"BreadcrumbList\",\"@id\":\"https:\/\/pelin1971.hr\/en\/katalog\/icelandic-spirit-glass-6cl\/#breadcrumb\",\"itemListElement\":[{\"@type\":\"ListItem\",\"position\":1,\"name\":\"Home\",\"item\":\"https:\/\/pelin1971.hr\/en\/\"},{\"@type\":\"ListItem\",\"position\":2,\"name\":\"Shop\",\"item\":\"https:\/\/pelin1971.hr\/en\/shop\/\"},{\"@type\":\"ListItem\",\"position\":3,\"name\":\"Catering glasses\",\"item\":\"https:\/\/pelin1971.hr\/en\/kategorija-proizvoda\/catering-glasses\/\"},{\"@type\":\"ListItem\",\"position\":4,\"name\":\"Other glasses\",\"item\":\"https:\/\/pelin1971.hr\/en\/kategorija-proizvoda\/catering-glasses\/other-glasses\/\"},{\"@type\":\"ListItem\",\"position\":5,\"name\":\"ICELANDIC SPIRIT GLASS 6cl\"}]},{\"@type\":\"WebSite\",\"@id\":\"https:\/\/pelin1971.hr\/en\/#website\",\"url\":\"https:\/\/pelin1971.hr\/en\/\",\"name\":\"Pelin1971\",\"description\":\"\",\"potentialAction\":[{\"@type\":\"SearchAction\",\"target\":{\"@type\":\"EntryPoint\",\"urlTemplate\":\"https:\/\/pelin1971.hr\/en\/?s={search_term_string}\"},\"query-input\":{\"@type\":\"PropertyValueSpecification\",\"valueRequired\":true,\"valueName\":\"search_term_string\"}}],\"inLanguage\":\"en-US\"}]}<\/script>\n<!-- \/ Yoast SEO plugin. -->","yoast_head_json":{"title":"Iceland 6cl spirits glasses, also suitable for table receipts","description":"Glasses for strong drinks Iceland 6cl, also suitable for bills on tables, modern glasses for serving various strong drinks and mini cocktails, price","robots":{"index":"index","follow":"follow","max-snippet":"max-snippet:-1","max-image-preview":"max-image-preview:large","max-video-preview":"max-video-preview:-1"},"canonical":"https:\/\/pelin1971.hr\/en\/katalog\/icelandic-spirit-glass-6cl\/","og_locale":"en_US","og_type":"article","og_title":"Iceland 6cl spirits glasses, also suitable for table receipts","og_description":"Glasses for strong drinks Iceland 6cl, also suitable for bills on tables, modern glasses for serving various strong drinks and mini cocktails, price","og_url":"https:\/\/pelin1971.hr\/en\/katalog\/icelandic-spirit-glass-6cl\/","og_site_name":"Pelin1971","article_modified_time":"2025-11-25T09:49:48+00:00","og_image":[{"width":2080,"height":2080,"url":"https:\/\/pelin1971.hr\/wp-content\/uploads\/2025\/11\/asa-islande.jpg","type":"image\/jpeg"}],"twitter_card":"summary_large_image","schema":{"@context":"https:\/\/schema.org","@graph":[{"@type":"WebPage","@id":"https:\/\/pelin1971.hr\/en\/katalog\/icelandic-spirit-glass-6cl\/","url":"https:\/\/pelin1971.hr\/en\/katalog\/icelandic-spirit-glass-6cl\/","name":"Iceland 6cl spirits glasses, also suitable for table receipts","isPartOf":{"@id":"https:\/\/pelin1971.hr\/en\/#website"},"primaryImageOfPage":{"@id":"https:\/\/pelin1971.hr\/en\/katalog\/icelandic-spirit-glass-6cl\/#primaryimage"},"image":{"@id":"https:\/\/pelin1971.hr\/en\/katalog\/icelandic-spirit-glass-6cl\/#primaryimage"},"thumbnailUrl":"https:\/\/pelin1971.hr\/wp-content\/uploads\/2021\/04\/\u010da\u0161a-islande.jpg","datePublished":"2025-11-18T16:17:39+00:00","dateModified":"2025-11-25T09:49:48+00:00","description":"Glasses for strong drinks Iceland 6cl, also suitable for bills on tables, modern glasses for serving various strong drinks and mini cocktails, price","breadcrumb":{"@id":"https:\/\/pelin1971.hr\/en\/katalog\/icelandic-spirit-glass-6cl\/#breadcrumb"},"inLanguage":"en-US","potentialAction":[{"@type":"ReadAction","target":["https:\/\/pelin1971.hr\/en\/katalog\/icelandic-spirit-glass-6cl\/"]}]},{"@type":"ImageObject","inLanguage":"en-US","@id":"https:\/\/pelin1971.hr\/en\/katalog\/icelandic-spirit-glass-6cl\/#primaryimage","url":"https:\/\/pelin1971.hr\/wp-content\/uploads\/2021\/04\/\u010da\u0161a-islande.jpg","contentUrl":"https:\/\/pelin1971.hr\/wp-content\/uploads\/2021\/04\/\u010da\u0161a-islande.jpg","width":2080,"height":2080,"caption":"\u010da\u0161ice za \u017eestoka pi\u0107a islande, \u010da\u0161ice za ra\u010dune po stolovima,cijena"},{"@type":"BreadcrumbList","@id":"https:\/\/pelin1971.hr\/en\/katalog\/icelandic-spirit-glass-6cl\/#breadcrumb","itemListElement":[{"@type":"ListItem","position":1,"name":"Home","item":"https:\/\/pelin1971.hr\/en\/"},{"@type":"ListItem","position":2,"name":"Shop","item":"https:\/\/pelin1971.hr\/en\/shop\/"},{"@type":"ListItem","position":3,"name":"Catering glasses","item":"https:\/\/pelin1971.hr\/en\/kategorija-proizvoda\/catering-glasses\/"},{"@type":"ListItem","position":4,"name":"Other glasses","item":"https:\/\/pelin1971.hr\/en\/kategorija-proizvoda\/catering-glasses\/other-glasses\/"},{"@type":"ListItem","position":5,"name":"ICELANDIC SPIRIT GLASS 6cl"}]},{"@type":"WebSite","@id":"https:\/\/pelin1971.hr\/en\/#website","url":"https:\/\/pelin1971.hr\/en\/","name":"Pelin1971","description":"","potentialAction":[{"@type":"SearchAction","target":{"@type":"EntryPoint","urlTemplate":"https:\/\/pelin1971.hr\/en\/?s={search_term_string}"},"query-input":{"@type":"PropertyValueSpecification","valueRequired":true,"valueName":"search_term_string"}}],"inLanguage":"en-US"}]}},"_links":{"self":[{"href":"https:\/\/pelin1971.hr\/en\/wp-json\/wp\/v2\/product\/7634","targetHints":{"allow":["GET"]}}],"collection":[{"href":"https:\/\/pelin1971.hr\/en\/wp-json\/wp\/v2\/product"}],"about":[{"href":"https:\/\/pelin1971.hr\/en\/wp-json\/wp\/v2\/types\/product"}],"replies":[{"embeddable":true,"href":"https:\/\/pelin1971.hr\/en\/wp-json\/wp\/v2\/comments?post=7634"}],"wp:featuredmedia":[{"embeddable":true,"href":"https:\/\/pelin1971.hr\/en\/wp-json\/wp\/v2\/media\/9014"}],"wp:attachment":[{"href":"https:\/\/pelin1971.hr\/en\/wp-json\/wp\/v2\/media?parent=7634"}],"wp:term":[{"taxonomy":"product_brand","embeddable":true,"href":"https:\/\/pelin1971.hr\/en\/wp-json\/wp\/v2\/product_brand?post=7634"},{"taxonomy":"product_cat","embeddable":true,"href":"https:\/\/pelin1971.hr\/en\/wp-json\/wp\/v2\/product_cat?post=7634"},{"taxonomy":"product_tag","embeddable":true,"href":"https:\/\/pelin1971.hr\/en\/wp-json\/wp\/v2\/product_tag?post=7634"}],"curies":[{"name":"wp","href":"https:\/\/api.w.org\/{rel}","templated":true}]}}