{"id":7626,"date":"2025-11-18T17:17:38","date_gmt":"2025-11-18T16:17:38","guid":{"rendered":"https:\/\/pelin1971.hr\/katalog\/paper-massage-sheets-in-rolls-disposable-medical\/"},"modified":"2025-11-25T10:50:22","modified_gmt":"2025-11-25T09:50:22","slug":"paper-massage-sheets-in-rolls-disposable-medical","status":"publish","type":"product","link":"https:\/\/pelin1971.hr\/en\/katalog\/paper-massage-sheets-in-rolls-disposable-medical\/","title":{"rendered":"PAPER MASSAGE SHEETS IN ROLLS, DISPOSABLE MEDICAL"},"content":{"rendered":"<h1>Paper sheets for massage, surgeries and the like, in a roll<\/h1>\n<p>-roll width: 60cm<br \/>\n-roll length: 80m<br \/>\n-with perforation for separation<br \/>\n-packaging: 6 rolls<br \/>\n-disposable paper sheets, covers for cosmetic and massage tables, medical paper sheets, pads, paper covers, tissue<\/p>\n<p>&nbsp;<\/p>\n","protected":false},"excerpt":{"rendered":"<h5>Paper massage sheets for beauty salons, massage parlors, medical institutions, rehabilitation institutions,&#8230;..<\/h5>\n","protected":false},"featured_media":8938,"comment_status":"open","ping_status":"closed","template":"","meta":{"_acf_changed":false},"product_brand":[],"product_cat":[4570],"product_tag":[3734,3745,3735,3743,3738,3742,3732,3740,3744,3733,3736],"class_list":{"0":"post-7626","1":"product","2":"type-product","3":"status-publish","4":"has-post-thumbnail","6":"product_cat-paper-confection","7":"product_tag-bed","8":"product_tag-cellulose","9":"product_tag-disposable-bed-covers","10":"product_tag-disposable-paper-sheet","11":"product_tag-disposable-paper-sheets","12":"product_tag-disposable-sheet","13":"product_tag-medical-disposable-paper-sheets","14":"product_tag-medical-paper-sheets","15":"product_tag-paper-bed-sheet","16":"product_tag-paper-covers-for-cosmetic-tables","17":"product_tag-paper-sheets","19":"first","20":"instock","21":"shipping-taxable","22":"purchasable","23":"product-type-simple"},"acf":[],"yoast_head":"<!-- This site is optimized with the Yoast SEO plugin v26.8 - https:\/\/yoast.com\/product\/yoast-seo-wordpress\/ -->\n<title>PAPER MASSAGE SHEETS IN A ROLL DISPOSABLE MEDICAL<\/title>\n<meta name=\"description\" content=\"paper massage sheets in rolls, medical disposable paper sheets, paper covers for cosmetic tables, bed, disposable bed pads\" \/>\n<meta name=\"robots\" content=\"index, follow, max-snippet:-1, max-image-preview:large, max-video-preview:-1\" \/>\n<link rel=\"canonical\" href=\"https:\/\/pelin1971.hr\/en\/katalog\/paper-massage-sheets-in-rolls-disposable-medical\/\" \/>\n<meta property=\"og:locale\" content=\"en_US\" \/>\n<meta property=\"og:type\" content=\"article\" \/>\n<meta property=\"og:title\" content=\"PAPER MASSAGE SHEETS IN A ROLL DISPOSABLE MEDICAL\" \/>\n<meta property=\"og:description\" content=\"paper massage sheets in rolls, medical disposable paper sheets, paper covers for cosmetic tables, bed, disposable bed pads\" \/>\n<meta property=\"og:url\" content=\"https:\/\/pelin1971.hr\/en\/katalog\/paper-massage-sheets-in-rolls-disposable-medical\/\" \/>\n<meta property=\"og:site_name\" content=\"Pelin1971\" \/>\n<meta property=\"article:modified_time\" content=\"2025-11-25T09:50:22+00:00\" \/>\n<meta property=\"og:image\" content=\"https:\/\/pelin1971.hr\/wp-content\/uploads\/2025\/11\/papirnata-plahta.jpg\" \/>\n\t<meta property=\"og:image:width\" content=\"2080\" \/>\n\t<meta property=\"og:image:height\" content=\"2080\" \/>\n\t<meta property=\"og:image:type\" content=\"image\/jpeg\" \/>\n<meta name=\"twitter:card\" content=\"summary_large_image\" \/>\n<script type=\"application\/ld+json\" class=\"yoast-schema-graph\">{\"@context\":\"https:\/\/schema.org\",\"@graph\":[{\"@type\":\"WebPage\",\"@id\":\"https:\/\/pelin1971.hr\/en\/katalog\/paper-massage-sheets-in-rolls-disposable-medical\/\",\"url\":\"https:\/\/pelin1971.hr\/en\/katalog\/paper-massage-sheets-in-rolls-disposable-medical\/\",\"name\":\"PAPER MASSAGE SHEETS IN A ROLL DISPOSABLE MEDICAL\",\"isPartOf\":{\"@id\":\"https:\/\/pelin1971.hr\/en\/#website\"},\"primaryImageOfPage\":{\"@id\":\"https:\/\/pelin1971.hr\/en\/katalog\/paper-massage-sheets-in-rolls-disposable-medical\/#primaryimage\"},\"image\":{\"@id\":\"https:\/\/pelin1971.hr\/en\/katalog\/paper-massage-sheets-in-rolls-disposable-medical\/#primaryimage\"},\"thumbnailUrl\":\"https:\/\/pelin1971.hr\/wp-content\/uploads\/2022\/03\/papirnata-plahta.jpg\",\"datePublished\":\"2025-11-18T16:17:38+00:00\",\"dateModified\":\"2025-11-25T09:50:22+00:00\",\"description\":\"paper massage sheets in rolls, medical disposable paper sheets, paper covers for cosmetic tables, bed, disposable bed pads\",\"breadcrumb\":{\"@id\":\"https:\/\/pelin1971.hr\/en\/katalog\/paper-massage-sheets-in-rolls-disposable-medical\/#breadcrumb\"},\"inLanguage\":\"en-US\",\"potentialAction\":[{\"@type\":\"ReadAction\",\"target\":[\"https:\/\/pelin1971.hr\/en\/katalog\/paper-massage-sheets-in-rolls-disposable-medical\/\"]}]},{\"@type\":\"ImageObject\",\"inLanguage\":\"en-US\",\"@id\":\"https:\/\/pelin1971.hr\/en\/katalog\/paper-massage-sheets-in-rolls-disposable-medical\/#primaryimage\",\"url\":\"https:\/\/pelin1971.hr\/wp-content\/uploads\/2022\/03\/papirnata-plahta.jpg\",\"contentUrl\":\"https:\/\/pelin1971.hr\/wp-content\/uploads\/2022\/03\/papirnata-plahta.jpg\",\"width\":2080,\"height\":2080,\"caption\":\"papirnate plahte za masa\u017eu u roli,cijena,,papirnate navlake za kozmeti\u010dke stolove papirnate navlake za kozmeti\u010dke stoloveRemove term: krevet krevetRemove term: jednokratne navlake za krevet jednokratne navlake za krevetRemove term: papirnate plahte papirnate plahteRemove term: jednokratne papirnate plahte jednokratne papirnate plahteRemove term: medicinske papirnate plahte medicinske papirnate plahte,stani\u010devina,cijena\"},{\"@type\":\"BreadcrumbList\",\"@id\":\"https:\/\/pelin1971.hr\/en\/katalog\/paper-massage-sheets-in-rolls-disposable-medical\/#breadcrumb\",\"itemListElement\":[{\"@type\":\"ListItem\",\"position\":1,\"name\":\"Home\",\"item\":\"https:\/\/pelin1971.hr\/en\/\"},{\"@type\":\"ListItem\",\"position\":2,\"name\":\"Shop\",\"item\":\"https:\/\/pelin1971.hr\/en\/shop\/\"},{\"@type\":\"ListItem\",\"position\":3,\"name\":\"Sanitary program\",\"item\":\"https:\/\/pelin1971.hr\/en\/kategorija-proizvoda\/sanitary-program\/\"},{\"@type\":\"ListItem\",\"position\":4,\"name\":\"Paper confection\",\"item\":\"https:\/\/pelin1971.hr\/en\/kategorija-proizvoda\/sanitary-program\/paper-confection\/\"},{\"@type\":\"ListItem\",\"position\":5,\"name\":\"PAPER MASSAGE SHEETS IN ROLLS, DISPOSABLE MEDICAL\"}]},{\"@type\":\"WebSite\",\"@id\":\"https:\/\/pelin1971.hr\/en\/#website\",\"url\":\"https:\/\/pelin1971.hr\/en\/\",\"name\":\"Pelin1971\",\"description\":\"\",\"potentialAction\":[{\"@type\":\"SearchAction\",\"target\":{\"@type\":\"EntryPoint\",\"urlTemplate\":\"https:\/\/pelin1971.hr\/en\/?s={search_term_string}\"},\"query-input\":{\"@type\":\"PropertyValueSpecification\",\"valueRequired\":true,\"valueName\":\"search_term_string\"}}],\"inLanguage\":\"en-US\"}]}<\/script>\n<!-- \/ Yoast SEO plugin. -->","yoast_head_json":{"title":"PAPER MASSAGE SHEETS IN A ROLL DISPOSABLE MEDICAL","description":"paper massage sheets in rolls, medical disposable paper sheets, paper covers for cosmetic tables, bed, disposable bed pads","robots":{"index":"index","follow":"follow","max-snippet":"max-snippet:-1","max-image-preview":"max-image-preview:large","max-video-preview":"max-video-preview:-1"},"canonical":"https:\/\/pelin1971.hr\/en\/katalog\/paper-massage-sheets-in-rolls-disposable-medical\/","og_locale":"en_US","og_type":"article","og_title":"PAPER MASSAGE SHEETS IN A ROLL DISPOSABLE MEDICAL","og_description":"paper massage sheets in rolls, medical disposable paper sheets, paper covers for cosmetic tables, bed, disposable bed pads","og_url":"https:\/\/pelin1971.hr\/en\/katalog\/paper-massage-sheets-in-rolls-disposable-medical\/","og_site_name":"Pelin1971","article_modified_time":"2025-11-25T09:50:22+00:00","og_image":[{"width":2080,"height":2080,"url":"https:\/\/pelin1971.hr\/wp-content\/uploads\/2025\/11\/papirnata-plahta.jpg","type":"image\/jpeg"}],"twitter_card":"summary_large_image","schema":{"@context":"https:\/\/schema.org","@graph":[{"@type":"WebPage","@id":"https:\/\/pelin1971.hr\/en\/katalog\/paper-massage-sheets-in-rolls-disposable-medical\/","url":"https:\/\/pelin1971.hr\/en\/katalog\/paper-massage-sheets-in-rolls-disposable-medical\/","name":"PAPER MASSAGE SHEETS IN A ROLL DISPOSABLE MEDICAL","isPartOf":{"@id":"https:\/\/pelin1971.hr\/en\/#website"},"primaryImageOfPage":{"@id":"https:\/\/pelin1971.hr\/en\/katalog\/paper-massage-sheets-in-rolls-disposable-medical\/#primaryimage"},"image":{"@id":"https:\/\/pelin1971.hr\/en\/katalog\/paper-massage-sheets-in-rolls-disposable-medical\/#primaryimage"},"thumbnailUrl":"https:\/\/pelin1971.hr\/wp-content\/uploads\/2022\/03\/papirnata-plahta.jpg","datePublished":"2025-11-18T16:17:38+00:00","dateModified":"2025-11-25T09:50:22+00:00","description":"paper massage sheets in rolls, medical disposable paper sheets, paper covers for cosmetic tables, bed, disposable bed pads","breadcrumb":{"@id":"https:\/\/pelin1971.hr\/en\/katalog\/paper-massage-sheets-in-rolls-disposable-medical\/#breadcrumb"},"inLanguage":"en-US","potentialAction":[{"@type":"ReadAction","target":["https:\/\/pelin1971.hr\/en\/katalog\/paper-massage-sheets-in-rolls-disposable-medical\/"]}]},{"@type":"ImageObject","inLanguage":"en-US","@id":"https:\/\/pelin1971.hr\/en\/katalog\/paper-massage-sheets-in-rolls-disposable-medical\/#primaryimage","url":"https:\/\/pelin1971.hr\/wp-content\/uploads\/2022\/03\/papirnata-plahta.jpg","contentUrl":"https:\/\/pelin1971.hr\/wp-content\/uploads\/2022\/03\/papirnata-plahta.jpg","width":2080,"height":2080,"caption":"papirnate plahte za masa\u017eu u roli,cijena,,papirnate navlake za kozmeti\u010dke stolove papirnate navlake za kozmeti\u010dke stoloveRemove term: krevet krevetRemove term: jednokratne navlake za krevet jednokratne navlake za krevetRemove term: papirnate plahte papirnate plahteRemove term: jednokratne papirnate plahte jednokratne papirnate plahteRemove term: medicinske papirnate plahte medicinske papirnate plahte,stani\u010devina,cijena"},{"@type":"BreadcrumbList","@id":"https:\/\/pelin1971.hr\/en\/katalog\/paper-massage-sheets-in-rolls-disposable-medical\/#breadcrumb","itemListElement":[{"@type":"ListItem","position":1,"name":"Home","item":"https:\/\/pelin1971.hr\/en\/"},{"@type":"ListItem","position":2,"name":"Shop","item":"https:\/\/pelin1971.hr\/en\/shop\/"},{"@type":"ListItem","position":3,"name":"Sanitary program","item":"https:\/\/pelin1971.hr\/en\/kategorija-proizvoda\/sanitary-program\/"},{"@type":"ListItem","position":4,"name":"Paper confection","item":"https:\/\/pelin1971.hr\/en\/kategorija-proizvoda\/sanitary-program\/paper-confection\/"},{"@type":"ListItem","position":5,"name":"PAPER MASSAGE SHEETS IN ROLLS, DISPOSABLE MEDICAL"}]},{"@type":"WebSite","@id":"https:\/\/pelin1971.hr\/en\/#website","url":"https:\/\/pelin1971.hr\/en\/","name":"Pelin1971","description":"","potentialAction":[{"@type":"SearchAction","target":{"@type":"EntryPoint","urlTemplate":"https:\/\/pelin1971.hr\/en\/?s={search_term_string}"},"query-input":{"@type":"PropertyValueSpecification","valueRequired":true,"valueName":"search_term_string"}}],"inLanguage":"en-US"}]}},"_links":{"self":[{"href":"https:\/\/pelin1971.hr\/en\/wp-json\/wp\/v2\/product\/7626","targetHints":{"allow":["GET"]}}],"collection":[{"href":"https:\/\/pelin1971.hr\/en\/wp-json\/wp\/v2\/product"}],"about":[{"href":"https:\/\/pelin1971.hr\/en\/wp-json\/wp\/v2\/types\/product"}],"replies":[{"embeddable":true,"href":"https:\/\/pelin1971.hr\/en\/wp-json\/wp\/v2\/comments?post=7626"}],"wp:featuredmedia":[{"embeddable":true,"href":"https:\/\/pelin1971.hr\/en\/wp-json\/wp\/v2\/media\/8938"}],"wp:attachment":[{"href":"https:\/\/pelin1971.hr\/en\/wp-json\/wp\/v2\/media?parent=7626"}],"wp:term":[{"taxonomy":"product_brand","embeddable":true,"href":"https:\/\/pelin1971.hr\/en\/wp-json\/wp\/v2\/product_brand?post=7626"},{"taxonomy":"product_cat","embeddable":true,"href":"https:\/\/pelin1971.hr\/en\/wp-json\/wp\/v2\/product_cat?post=7626"},{"taxonomy":"product_tag","embeddable":true,"href":"https:\/\/pelin1971.hr\/en\/wp-json\/wp\/v2\/product_tag?post=7626"}],"curies":[{"name":"wp","href":"https:\/\/api.w.org\/{rel}","templated":true}]}}