{"id":7567,"date":"2025-11-18T17:17:02","date_gmt":"2025-11-18T16:17:02","guid":{"rendered":"https:\/\/pelin1971.hr\/katalog\/hill-juice-water-glasses-34cl\/"},"modified":"2025-11-25T10:50:56","modified_gmt":"2025-11-25T09:50:56","slug":"hill-juice-water-glasses-34cl","status":"publish","type":"product","link":"https:\/\/pelin1971.hr\/en\/katalog\/hill-juice-water-glasses-34cl\/","title":{"rendered":"HILL JUICE\/WATER GLASSES 34CL"},"content":{"rendered":"<h1>HILL JUICE\/WATER GLASSES 34CL<\/h1>\n<p>-packaging: 12 pcs<br \/>\n-Capacity: 34cl<br \/>\n&#8211; Purpose: serving juices, water and similar drinks<br \/>\n-similar article:  <a href=\"https:\/\/pelin1971.hr\/katalog\/case-hill-27cl-whisky-veca\/\">The Hill 27CL<\/a><\/p>\n","protected":false},"excerpt":{"rendered":"<p>HILL JUICE\/WATER GLASSES 34CL -packaging: 12 pcs -Capacity: 34cl &#8211; Purpose: serving juices, water and similar drinks -similar article: The Hill 27CL<\/p>\n","protected":false},"featured_media":7569,"comment_status":"open","ping_status":"closed","template":"","meta":{"_acf_changed":false},"product_brand":[],"product_cat":[4592],"product_tag":[3585,3582,3583,3586],"class_list":{"0":"post-7567","1":"product","2":"type-product","3":"status-publish","4":"has-post-thumbnail","6":"product_cat-golding-glasses","7":"product_tag-juice-cups","8":"product_tag-juice-glass","9":"product_tag-juice-hill-glass","10":"product_tag-juice-hill-glasses","12":"first","13":"instock","14":"shipping-taxable","15":"purchasable","16":"product-type-simple"},"acf":[],"yoast_head":"<!-- This site is optimized with the Yoast SEO plugin v26.8 - https:\/\/yoast.com\/product\/yoast-seo-wordpress\/ -->\n<title>Hill Juice\/Water Glasses 34cl for Serving in Catering<\/title>\n<meta name=\"description\" content=\"juice glasses Hill 34cl, water glasses Hill, glasses for serving juice, water, cocktails and similar beverages in the catering industry, price\" \/>\n<meta name=\"robots\" content=\"index, follow, max-snippet:-1, max-image-preview:large, max-video-preview:-1\" \/>\n<link rel=\"canonical\" href=\"https:\/\/pelin1971.hr\/en\/katalog\/hill-juice-water-glasses-34cl\/\" \/>\n<meta property=\"og:locale\" content=\"en_US\" \/>\n<meta property=\"og:type\" content=\"article\" \/>\n<meta property=\"og:title\" content=\"Hill Juice\/Water Glasses 34cl for Serving in Catering\" \/>\n<meta property=\"og:description\" content=\"juice glasses Hill 34cl, water glasses Hill, glasses for serving juice, water, cocktails and similar beverages in the catering industry, price\" \/>\n<meta property=\"og:url\" content=\"https:\/\/pelin1971.hr\/en\/katalog\/hill-juice-water-glasses-34cl\/\" \/>\n<meta property=\"og:site_name\" content=\"Pelin1971\" \/>\n<meta property=\"article:modified_time\" content=\"2025-11-25T09:50:56+00:00\" \/>\n<meta property=\"og:image\" content=\"https:\/\/pelin1971.hr\/wp-content\/uploads\/2025\/11\/asa-Hill-34cl.jpg\" \/>\n\t<meta property=\"og:image:width\" content=\"2079\" \/>\n\t<meta property=\"og:image:height\" content=\"2080\" \/>\n\t<meta property=\"og:image:type\" content=\"image\/jpeg\" \/>\n<meta name=\"twitter:card\" content=\"summary_large_image\" \/>\n<script type=\"application\/ld+json\" class=\"yoast-schema-graph\">{\"@context\":\"https:\/\/schema.org\",\"@graph\":[{\"@type\":\"WebPage\",\"@id\":\"https:\/\/pelin1971.hr\/en\/katalog\/hill-juice-water-glasses-34cl\/\",\"url\":\"https:\/\/pelin1971.hr\/en\/katalog\/hill-juice-water-glasses-34cl\/\",\"name\":\"Hill Juice\/Water Glasses 34cl for Serving in Catering\",\"isPartOf\":{\"@id\":\"https:\/\/pelin1971.hr\/en\/#website\"},\"primaryImageOfPage\":{\"@id\":\"https:\/\/pelin1971.hr\/en\/katalog\/hill-juice-water-glasses-34cl\/#primaryimage\"},\"image\":{\"@id\":\"https:\/\/pelin1971.hr\/en\/katalog\/hill-juice-water-glasses-34cl\/#primaryimage\"},\"thumbnailUrl\":\"https:\/\/pelin1971.hr\/wp-content\/uploads\/2025\/11\/asa-Hill-34cl.jpg\",\"datePublished\":\"2025-11-18T16:17:02+00:00\",\"dateModified\":\"2025-11-25T09:50:56+00:00\",\"description\":\"juice glasses Hill 34cl, water glasses Hill, glasses for serving juice, water, cocktails and similar beverages in the catering industry, price\",\"breadcrumb\":{\"@id\":\"https:\/\/pelin1971.hr\/en\/katalog\/hill-juice-water-glasses-34cl\/#breadcrumb\"},\"inLanguage\":\"en-US\",\"potentialAction\":[{\"@type\":\"ReadAction\",\"target\":[\"https:\/\/pelin1971.hr\/en\/katalog\/hill-juice-water-glasses-34cl\/\"]}]},{\"@type\":\"ImageObject\",\"inLanguage\":\"en-US\",\"@id\":\"https:\/\/pelin1971.hr\/en\/katalog\/hill-juice-water-glasses-34cl\/#primaryimage\",\"url\":\"https:\/\/pelin1971.hr\/wp-content\/uploads\/2025\/11\/asa-Hill-34cl.jpg\",\"contentUrl\":\"https:\/\/pelin1971.hr\/wp-content\/uploads\/2025\/11\/asa-Hill-34cl.jpg\",\"width\":2079,\"height\":2080,\"caption\":\"\u010da\u0161e za sok Hill 34cl,\u010da\u0161e za vodu Hill 34cl,ugostiteljska oprema,cijena\"},{\"@type\":\"BreadcrumbList\",\"@id\":\"https:\/\/pelin1971.hr\/en\/katalog\/hill-juice-water-glasses-34cl\/#breadcrumb\",\"itemListElement\":[{\"@type\":\"ListItem\",\"position\":1,\"name\":\"Home\",\"item\":\"https:\/\/pelin1971.hr\/en\/\"},{\"@type\":\"ListItem\",\"position\":2,\"name\":\"Shop\",\"item\":\"https:\/\/pelin1971.hr\/en\/shop\/\"},{\"@type\":\"ListItem\",\"position\":3,\"name\":\"Catering glasses\",\"item\":\"https:\/\/pelin1971.hr\/en\/kategorija-proizvoda\/catering-glasses\/\"},{\"@type\":\"ListItem\",\"position\":4,\"name\":\"Hill glasses\",\"item\":\"https:\/\/pelin1971.hr\/en\/kategorija-proizvoda\/catering-glasses\/golding-glasses\/\"},{\"@type\":\"ListItem\",\"position\":5,\"name\":\"HILL JUICE\/WATER GLASSES 34CL\"}]},{\"@type\":\"WebSite\",\"@id\":\"https:\/\/pelin1971.hr\/en\/#website\",\"url\":\"https:\/\/pelin1971.hr\/en\/\",\"name\":\"Pelin1971\",\"description\":\"\",\"potentialAction\":[{\"@type\":\"SearchAction\",\"target\":{\"@type\":\"EntryPoint\",\"urlTemplate\":\"https:\/\/pelin1971.hr\/en\/?s={search_term_string}\"},\"query-input\":{\"@type\":\"PropertyValueSpecification\",\"valueRequired\":true,\"valueName\":\"search_term_string\"}}],\"inLanguage\":\"en-US\"}]}<\/script>\n<!-- \/ Yoast SEO plugin. -->","yoast_head_json":{"title":"Hill Juice\/Water Glasses 34cl for Serving in Catering","description":"juice glasses Hill 34cl, water glasses Hill, glasses for serving juice, water, cocktails and similar beverages in the catering industry, price","robots":{"index":"index","follow":"follow","max-snippet":"max-snippet:-1","max-image-preview":"max-image-preview:large","max-video-preview":"max-video-preview:-1"},"canonical":"https:\/\/pelin1971.hr\/en\/katalog\/hill-juice-water-glasses-34cl\/","og_locale":"en_US","og_type":"article","og_title":"Hill Juice\/Water Glasses 34cl for Serving in Catering","og_description":"juice glasses Hill 34cl, water glasses Hill, glasses for serving juice, water, cocktails and similar beverages in the catering industry, price","og_url":"https:\/\/pelin1971.hr\/en\/katalog\/hill-juice-water-glasses-34cl\/","og_site_name":"Pelin1971","article_modified_time":"2025-11-25T09:50:56+00:00","og_image":[{"width":2079,"height":2080,"url":"https:\/\/pelin1971.hr\/wp-content\/uploads\/2025\/11\/asa-Hill-34cl.jpg","type":"image\/jpeg"}],"twitter_card":"summary_large_image","schema":{"@context":"https:\/\/schema.org","@graph":[{"@type":"WebPage","@id":"https:\/\/pelin1971.hr\/en\/katalog\/hill-juice-water-glasses-34cl\/","url":"https:\/\/pelin1971.hr\/en\/katalog\/hill-juice-water-glasses-34cl\/","name":"Hill Juice\/Water Glasses 34cl for Serving in Catering","isPartOf":{"@id":"https:\/\/pelin1971.hr\/en\/#website"},"primaryImageOfPage":{"@id":"https:\/\/pelin1971.hr\/en\/katalog\/hill-juice-water-glasses-34cl\/#primaryimage"},"image":{"@id":"https:\/\/pelin1971.hr\/en\/katalog\/hill-juice-water-glasses-34cl\/#primaryimage"},"thumbnailUrl":"https:\/\/pelin1971.hr\/wp-content\/uploads\/2025\/11\/asa-Hill-34cl.jpg","datePublished":"2025-11-18T16:17:02+00:00","dateModified":"2025-11-25T09:50:56+00:00","description":"juice glasses Hill 34cl, water glasses Hill, glasses for serving juice, water, cocktails and similar beverages in the catering industry, price","breadcrumb":{"@id":"https:\/\/pelin1971.hr\/en\/katalog\/hill-juice-water-glasses-34cl\/#breadcrumb"},"inLanguage":"en-US","potentialAction":[{"@type":"ReadAction","target":["https:\/\/pelin1971.hr\/en\/katalog\/hill-juice-water-glasses-34cl\/"]}]},{"@type":"ImageObject","inLanguage":"en-US","@id":"https:\/\/pelin1971.hr\/en\/katalog\/hill-juice-water-glasses-34cl\/#primaryimage","url":"https:\/\/pelin1971.hr\/wp-content\/uploads\/2025\/11\/asa-Hill-34cl.jpg","contentUrl":"https:\/\/pelin1971.hr\/wp-content\/uploads\/2025\/11\/asa-Hill-34cl.jpg","width":2079,"height":2080,"caption":"\u010da\u0161e za sok Hill 34cl,\u010da\u0161e za vodu Hill 34cl,ugostiteljska oprema,cijena"},{"@type":"BreadcrumbList","@id":"https:\/\/pelin1971.hr\/en\/katalog\/hill-juice-water-glasses-34cl\/#breadcrumb","itemListElement":[{"@type":"ListItem","position":1,"name":"Home","item":"https:\/\/pelin1971.hr\/en\/"},{"@type":"ListItem","position":2,"name":"Shop","item":"https:\/\/pelin1971.hr\/en\/shop\/"},{"@type":"ListItem","position":3,"name":"Catering glasses","item":"https:\/\/pelin1971.hr\/en\/kategorija-proizvoda\/catering-glasses\/"},{"@type":"ListItem","position":4,"name":"Hill glasses","item":"https:\/\/pelin1971.hr\/en\/kategorija-proizvoda\/catering-glasses\/golding-glasses\/"},{"@type":"ListItem","position":5,"name":"HILL JUICE\/WATER GLASSES 34CL"}]},{"@type":"WebSite","@id":"https:\/\/pelin1971.hr\/en\/#website","url":"https:\/\/pelin1971.hr\/en\/","name":"Pelin1971","description":"","potentialAction":[{"@type":"SearchAction","target":{"@type":"EntryPoint","urlTemplate":"https:\/\/pelin1971.hr\/en\/?s={search_term_string}"},"query-input":{"@type":"PropertyValueSpecification","valueRequired":true,"valueName":"search_term_string"}}],"inLanguage":"en-US"}]}},"_links":{"self":[{"href":"https:\/\/pelin1971.hr\/en\/wp-json\/wp\/v2\/product\/7567","targetHints":{"allow":["GET"]}}],"collection":[{"href":"https:\/\/pelin1971.hr\/en\/wp-json\/wp\/v2\/product"}],"about":[{"href":"https:\/\/pelin1971.hr\/en\/wp-json\/wp\/v2\/types\/product"}],"replies":[{"embeddable":true,"href":"https:\/\/pelin1971.hr\/en\/wp-json\/wp\/v2\/comments?post=7567"}],"wp:featuredmedia":[{"embeddable":true,"href":"https:\/\/pelin1971.hr\/en\/wp-json\/wp\/v2\/media\/7569"}],"wp:attachment":[{"href":"https:\/\/pelin1971.hr\/en\/wp-json\/wp\/v2\/media?parent=7567"}],"wp:term":[{"taxonomy":"product_brand","embeddable":true,"href":"https:\/\/pelin1971.hr\/en\/wp-json\/wp\/v2\/product_brand?post=7567"},{"taxonomy":"product_cat","embeddable":true,"href":"https:\/\/pelin1971.hr\/en\/wp-json\/wp\/v2\/product_cat?post=7567"},{"taxonomy":"product_tag","embeddable":true,"href":"https:\/\/pelin1971.hr\/en\/wp-json\/wp\/v2\/product_tag?post=7567"}],"curies":[{"name":"wp","href":"https:\/\/api.w.org\/{rel}","templated":true}]}}