{"id":7557,"date":"2025-11-18T17:17:02","date_gmt":"2025-11-18T16:17:02","guid":{"rendered":"https:\/\/pelin1971.hr\/katalog\/lighters-with-print-classic-electronic-with-logo-print\/"},"modified":"2025-11-25T10:50:54","modified_gmt":"2025-11-25T09:50:54","slug":"lighters-with-print-classic-electronic-with-logo-print","status":"publish","type":"product","link":"https:\/\/pelin1971.hr\/en\/katalog\/lighters-with-print-classic-electronic-with-logo-print\/","title":{"rendered":"LIGHTERS WITH PRINT CLASSIC ELECTRONIC WITH LOGO, PRINT"},"content":{"rendered":"<h1>LIGHTERS WITH PRINT ELECTRONIC CLASSIC, WITH LOGO, PRINT<\/h1>\n<p>&#8211; advertising lighters, promotional lighters, electronic lighters with inscription, electronic lighter with print, electronic lighter with logo, electronic lighter with inscription<\/p>\n<p>-similar items: <a href=\"https:\/\/pelin1971.hr\/katalog\/promotivni-upaljaci-reklamni\/\">ELECTRONIC ELEGANCE LIGHTERS<\/a><\/p>\n","protected":false},"excerpt":{"rendered":"<p>LIGHTERS WITH PRINT ELECTRONIC CLASSIC, WITH LOGO, PRINT &#8211; advertising lighters, promotional lighters, electronic lighters with inscription, electronic lighter with print, electronic lighter with logo, electronic lighter with inscription -similar items: ELECTRONIC ELEGANCE LIGHTERS<\/p>\n","protected":false},"featured_media":8851,"comment_status":"open","ping_status":"closed","template":"","meta":{"_acf_changed":false},"product_brand":[],"product_cat":[4583],"product_tag":[3555,3565,3566,3567,4690,3551,3834,3553],"class_list":{"0":"post-7557","1":"product","2":"type-product","3":"status-publish","4":"has-post-thumbnail","6":"product_cat-printing-on-pens-lighters-keychains","7":"product_tag-advertising-lighters","8":"product_tag-electronic-lighters-with-printing","9":"product_tag-lighters-with-inscription","10":"product_tag-lighters-with-logo","11":"product_tag-lighters-with-print-3","12":"product_tag-lighters-with-print","13":"product_tag-lighters-with-print-2","14":"product_tag-promotional-lighters","16":"first","17":"instock","18":"shipping-taxable","19":"product-type-simple"},"acf":[],"yoast_head":"<!-- This site is optimized with the Yoast SEO plugin v26.8 - https:\/\/yoast.com\/product\/yoast-seo-wordpress\/ -->\n<title>Lighters with printing, inscription, print, logo, advertising, promotional<\/title>\n<meta name=\"description\" content=\"lighters with print, electronic lighter with inscription, advertising lighters with print, with print, with logo, promotional lighters with inscription, price\" \/>\n<meta name=\"robots\" content=\"index, follow, max-snippet:-1, max-image-preview:large, max-video-preview:-1\" \/>\n<link rel=\"canonical\" href=\"https:\/\/pelin1971.hr\/en\/katalog\/lighters-with-print-classic-electronic-with-logo-print\/\" \/>\n<meta property=\"og:locale\" content=\"en_US\" \/>\n<meta property=\"og:type\" content=\"article\" \/>\n<meta property=\"og:title\" content=\"Lighters with printing, inscription, print, logo, advertising, promotional\" \/>\n<meta property=\"og:description\" content=\"lighters with print, electronic lighter with inscription, advertising lighters with print, with print, with logo, promotional lighters with inscription, price\" \/>\n<meta property=\"og:url\" content=\"https:\/\/pelin1971.hr\/en\/katalog\/lighters-with-print-classic-electronic-with-logo-print\/\" \/>\n<meta property=\"og:site_name\" content=\"Pelin1971\" \/>\n<meta property=\"article:modified_time\" content=\"2025-11-25T09:50:54+00:00\" \/>\n<meta property=\"og:image\" content=\"https:\/\/pelin1971.hr\/wp-content\/uploads\/2025\/11\/upaljac-classic-logo.jpg\" \/>\n\t<meta property=\"og:image:width\" content=\"2080\" \/>\n\t<meta property=\"og:image:height\" content=\"2080\" \/>\n\t<meta property=\"og:image:type\" content=\"image\/jpeg\" \/>\n<meta name=\"twitter:card\" content=\"summary_large_image\" \/>\n<script type=\"application\/ld+json\" class=\"yoast-schema-graph\">{\"@context\":\"https:\/\/schema.org\",\"@graph\":[{\"@type\":\"WebPage\",\"@id\":\"https:\/\/pelin1971.hr\/en\/katalog\/lighters-with-print-classic-electronic-with-logo-print\/\",\"url\":\"https:\/\/pelin1971.hr\/en\/katalog\/lighters-with-print-classic-electronic-with-logo-print\/\",\"name\":\"Lighters with printing, inscription, print, logo, advertising, promotional\",\"isPartOf\":{\"@id\":\"https:\/\/pelin1971.hr\/en\/#website\"},\"primaryImageOfPage\":{\"@id\":\"https:\/\/pelin1971.hr\/en\/katalog\/lighters-with-print-classic-electronic-with-logo-print\/#primaryimage\"},\"image\":{\"@id\":\"https:\/\/pelin1971.hr\/en\/katalog\/lighters-with-print-classic-electronic-with-logo-print\/#primaryimage\"},\"thumbnailUrl\":\"https:\/\/pelin1971.hr\/wp-content\/uploads\/2024\/11\/upaljac-classic-logo.jpg\",\"datePublished\":\"2025-11-18T16:17:02+00:00\",\"dateModified\":\"2025-11-25T09:50:54+00:00\",\"description\":\"lighters with print, electronic lighter with inscription, advertising lighters with print, with print, with logo, promotional lighters with inscription, price\",\"breadcrumb\":{\"@id\":\"https:\/\/pelin1971.hr\/en\/katalog\/lighters-with-print-classic-electronic-with-logo-print\/#breadcrumb\"},\"inLanguage\":\"en-US\",\"potentialAction\":[{\"@type\":\"ReadAction\",\"target\":[\"https:\/\/pelin1971.hr\/en\/katalog\/lighters-with-print-classic-electronic-with-logo-print\/\"]}]},{\"@type\":\"ImageObject\",\"inLanguage\":\"en-US\",\"@id\":\"https:\/\/pelin1971.hr\/en\/katalog\/lighters-with-print-classic-electronic-with-logo-print\/#primaryimage\",\"url\":\"https:\/\/pelin1971.hr\/wp-content\/uploads\/2024\/11\/upaljac-classic-logo.jpg\",\"contentUrl\":\"https:\/\/pelin1971.hr\/wp-content\/uploads\/2024\/11\/upaljac-classic-logo.jpg\",\"width\":2080,\"height\":2080,\"caption\":\"upalja\u010di sa tiskom, Tisak na upalja\u010de,print na upalja\u010de,upalja\u010di s tiskom,upalja\u010di s printom,logotipom,natpisom,personalizirani upalja\u010di,reklamni upalja\u010di,promotivni upalja\u010di,cijena\"},{\"@type\":\"BreadcrumbList\",\"@id\":\"https:\/\/pelin1971.hr\/en\/katalog\/lighters-with-print-classic-electronic-with-logo-print\/#breadcrumb\",\"itemListElement\":[{\"@type\":\"ListItem\",\"position\":1,\"name\":\"Home\",\"item\":\"https:\/\/pelin1971.hr\/en\/\"},{\"@type\":\"ListItem\",\"position\":2,\"name\":\"Shop\",\"item\":\"https:\/\/pelin1971.hr\/en\/shop\/\"},{\"@type\":\"ListItem\",\"position\":3,\"name\":\"Printing on pens, lighters, keychains,\u2026\",\"item\":\"https:\/\/pelin1971.hr\/en\/kategorija-proizvoda\/printing-on-pens-lighters-keychains\/\"},{\"@type\":\"ListItem\",\"position\":4,\"name\":\"LIGHTERS WITH PRINT CLASSIC ELECTRONIC WITH LOGO, PRINT\"}]},{\"@type\":\"WebSite\",\"@id\":\"https:\/\/pelin1971.hr\/en\/#website\",\"url\":\"https:\/\/pelin1971.hr\/en\/\",\"name\":\"Pelin1971\",\"description\":\"\",\"potentialAction\":[{\"@type\":\"SearchAction\",\"target\":{\"@type\":\"EntryPoint\",\"urlTemplate\":\"https:\/\/pelin1971.hr\/en\/?s={search_term_string}\"},\"query-input\":{\"@type\":\"PropertyValueSpecification\",\"valueRequired\":true,\"valueName\":\"search_term_string\"}}],\"inLanguage\":\"en-US\"}]}<\/script>\n<!-- \/ Yoast SEO plugin. -->","yoast_head_json":{"title":"Lighters with printing, inscription, print, logo, advertising, promotional","description":"lighters with print, electronic lighter with inscription, advertising lighters with print, with print, with logo, promotional lighters with inscription, price","robots":{"index":"index","follow":"follow","max-snippet":"max-snippet:-1","max-image-preview":"max-image-preview:large","max-video-preview":"max-video-preview:-1"},"canonical":"https:\/\/pelin1971.hr\/en\/katalog\/lighters-with-print-classic-electronic-with-logo-print\/","og_locale":"en_US","og_type":"article","og_title":"Lighters with printing, inscription, print, logo, advertising, promotional","og_description":"lighters with print, electronic lighter with inscription, advertising lighters with print, with print, with logo, promotional lighters with inscription, price","og_url":"https:\/\/pelin1971.hr\/en\/katalog\/lighters-with-print-classic-electronic-with-logo-print\/","og_site_name":"Pelin1971","article_modified_time":"2025-11-25T09:50:54+00:00","og_image":[{"width":2080,"height":2080,"url":"https:\/\/pelin1971.hr\/wp-content\/uploads\/2025\/11\/upaljac-classic-logo.jpg","type":"image\/jpeg"}],"twitter_card":"summary_large_image","schema":{"@context":"https:\/\/schema.org","@graph":[{"@type":"WebPage","@id":"https:\/\/pelin1971.hr\/en\/katalog\/lighters-with-print-classic-electronic-with-logo-print\/","url":"https:\/\/pelin1971.hr\/en\/katalog\/lighters-with-print-classic-electronic-with-logo-print\/","name":"Lighters with printing, inscription, print, logo, advertising, promotional","isPartOf":{"@id":"https:\/\/pelin1971.hr\/en\/#website"},"primaryImageOfPage":{"@id":"https:\/\/pelin1971.hr\/en\/katalog\/lighters-with-print-classic-electronic-with-logo-print\/#primaryimage"},"image":{"@id":"https:\/\/pelin1971.hr\/en\/katalog\/lighters-with-print-classic-electronic-with-logo-print\/#primaryimage"},"thumbnailUrl":"https:\/\/pelin1971.hr\/wp-content\/uploads\/2024\/11\/upaljac-classic-logo.jpg","datePublished":"2025-11-18T16:17:02+00:00","dateModified":"2025-11-25T09:50:54+00:00","description":"lighters with print, electronic lighter with inscription, advertising lighters with print, with print, with logo, promotional lighters with inscription, price","breadcrumb":{"@id":"https:\/\/pelin1971.hr\/en\/katalog\/lighters-with-print-classic-electronic-with-logo-print\/#breadcrumb"},"inLanguage":"en-US","potentialAction":[{"@type":"ReadAction","target":["https:\/\/pelin1971.hr\/en\/katalog\/lighters-with-print-classic-electronic-with-logo-print\/"]}]},{"@type":"ImageObject","inLanguage":"en-US","@id":"https:\/\/pelin1971.hr\/en\/katalog\/lighters-with-print-classic-electronic-with-logo-print\/#primaryimage","url":"https:\/\/pelin1971.hr\/wp-content\/uploads\/2024\/11\/upaljac-classic-logo.jpg","contentUrl":"https:\/\/pelin1971.hr\/wp-content\/uploads\/2024\/11\/upaljac-classic-logo.jpg","width":2080,"height":2080,"caption":"upalja\u010di sa tiskom, Tisak na upalja\u010de,print na upalja\u010de,upalja\u010di s tiskom,upalja\u010di s printom,logotipom,natpisom,personalizirani upalja\u010di,reklamni upalja\u010di,promotivni upalja\u010di,cijena"},{"@type":"BreadcrumbList","@id":"https:\/\/pelin1971.hr\/en\/katalog\/lighters-with-print-classic-electronic-with-logo-print\/#breadcrumb","itemListElement":[{"@type":"ListItem","position":1,"name":"Home","item":"https:\/\/pelin1971.hr\/en\/"},{"@type":"ListItem","position":2,"name":"Shop","item":"https:\/\/pelin1971.hr\/en\/shop\/"},{"@type":"ListItem","position":3,"name":"Printing on pens, lighters, keychains,\u2026","item":"https:\/\/pelin1971.hr\/en\/kategorija-proizvoda\/printing-on-pens-lighters-keychains\/"},{"@type":"ListItem","position":4,"name":"LIGHTERS WITH PRINT CLASSIC ELECTRONIC WITH LOGO, PRINT"}]},{"@type":"WebSite","@id":"https:\/\/pelin1971.hr\/en\/#website","url":"https:\/\/pelin1971.hr\/en\/","name":"Pelin1971","description":"","potentialAction":[{"@type":"SearchAction","target":{"@type":"EntryPoint","urlTemplate":"https:\/\/pelin1971.hr\/en\/?s={search_term_string}"},"query-input":{"@type":"PropertyValueSpecification","valueRequired":true,"valueName":"search_term_string"}}],"inLanguage":"en-US"}]}},"_links":{"self":[{"href":"https:\/\/pelin1971.hr\/en\/wp-json\/wp\/v2\/product\/7557","targetHints":{"allow":["GET"]}}],"collection":[{"href":"https:\/\/pelin1971.hr\/en\/wp-json\/wp\/v2\/product"}],"about":[{"href":"https:\/\/pelin1971.hr\/en\/wp-json\/wp\/v2\/types\/product"}],"replies":[{"embeddable":true,"href":"https:\/\/pelin1971.hr\/en\/wp-json\/wp\/v2\/comments?post=7557"}],"wp:featuredmedia":[{"embeddable":true,"href":"https:\/\/pelin1971.hr\/en\/wp-json\/wp\/v2\/media\/8851"}],"wp:attachment":[{"href":"https:\/\/pelin1971.hr\/en\/wp-json\/wp\/v2\/media?parent=7557"}],"wp:term":[{"taxonomy":"product_brand","embeddable":true,"href":"https:\/\/pelin1971.hr\/en\/wp-json\/wp\/v2\/product_brand?post=7557"},{"taxonomy":"product_cat","embeddable":true,"href":"https:\/\/pelin1971.hr\/en\/wp-json\/wp\/v2\/product_cat?post=7557"},{"taxonomy":"product_tag","embeddable":true,"href":"https:\/\/pelin1971.hr\/en\/wp-json\/wp\/v2\/product_tag?post=7557"}],"curies":[{"name":"wp","href":"https:\/\/api.w.org\/{rel}","templated":true}]}}