{"id":7556,"date":"2025-11-18T17:17:02","date_gmt":"2025-11-18T16:17:02","guid":{"rendered":"https:\/\/pelin1971.hr\/katalog\/cocktail-making-graterscraper\/"},"modified":"2025-11-25T10:50:54","modified_gmt":"2025-11-25T09:50:54","slug":"cocktail-making-graterscraper","status":"publish","type":"product","link":"https:\/\/pelin1971.hr\/en\/katalog\/cocktail-making-graterscraper\/","title":{"rendered":"COCKTAIL MAKING GRATER,SCRAPER"},"content":{"rendered":"<h1>Grater for making cocktails, scraper<\/h1>\n<p>-Packaging: 1 pc<br \/>\n-material: stainless steel<br \/>\n-purpose: grating ingredients into a cocktail<\/p>\n","protected":false},"excerpt":{"rendered":"<p>Grater for making cocktails, scraper -Packaging: 1 pc -material: stainless steel -purpose: grating ingredients into a cocktail<\/p>\n","protected":false},"featured_media":7558,"comment_status":"open","ping_status":"closed","template":"","meta":{"_acf_changed":false},"product_brand":[],"product_cat":[4547],"product_tag":[3561,3562,3563,3564],"class_list":{"0":"post-7556","1":"product","2":"type-product","3":"status-publish","4":"has-post-thumbnail","6":"product_cat-cocktail-bar","7":"product_tag-cocktail-grater","8":"product_tag-cocktail-scraper","9":"product_tag-grater-for-bartenders","10":"product_tag-grater-for-making-cocktails","12":"first","13":"instock","14":"shipping-taxable","15":"purchasable","16":"product-type-simple"},"acf":[],"yoast_head":"<!-- This site is optimized with the Yoast SEO plugin v26.8 - https:\/\/yoast.com\/product\/yoast-seo-wordpress\/ -->\n<title>Cocktail Making Grater,Cocktail Bar Scraper,Stainless Steel Grater<\/title>\n<meta name=\"description\" content=\"grater for making cocktails, scraper for help in making cocktails, for various types of catering facilities where cocktails are served, price\" \/>\n<meta name=\"robots\" content=\"index, follow, max-snippet:-1, max-image-preview:large, max-video-preview:-1\" \/>\n<link rel=\"canonical\" href=\"https:\/\/pelin1971.hr\/en\/katalog\/cocktail-making-graterscraper\/\" \/>\n<meta property=\"og:locale\" content=\"en_US\" \/>\n<meta property=\"og:type\" content=\"article\" \/>\n<meta property=\"og:title\" content=\"Cocktail Making Grater,Cocktail Bar Scraper,Stainless Steel Grater\" \/>\n<meta property=\"og:description\" content=\"grater for making cocktails, scraper for help in making cocktails, for various types of catering facilities where cocktails are served, price\" \/>\n<meta property=\"og:url\" content=\"https:\/\/pelin1971.hr\/en\/katalog\/cocktail-making-graterscraper\/\" \/>\n<meta property=\"og:site_name\" content=\"Pelin1971\" \/>\n<meta property=\"article:modified_time\" content=\"2025-11-25T09:50:54+00:00\" \/>\n<meta property=\"og:image\" content=\"https:\/\/pelin1971.hr\/wp-content\/uploads\/2025\/11\/ribez-za-barmene.jpg\" \/>\n\t<meta property=\"og:image:width\" content=\"2080\" \/>\n\t<meta property=\"og:image:height\" content=\"2080\" \/>\n\t<meta property=\"og:image:type\" content=\"image\/jpeg\" \/>\n<meta name=\"twitter:card\" content=\"summary_large_image\" \/>\n<script type=\"application\/ld+json\" class=\"yoast-schema-graph\">{\"@context\":\"https:\/\/schema.org\",\"@graph\":[{\"@type\":\"WebPage\",\"@id\":\"https:\/\/pelin1971.hr\/en\/katalog\/cocktail-making-graterscraper\/\",\"url\":\"https:\/\/pelin1971.hr\/en\/katalog\/cocktail-making-graterscraper\/\",\"name\":\"Cocktail Making Grater,Cocktail Bar Scraper,Stainless Steel Grater\",\"isPartOf\":{\"@id\":\"https:\/\/pelin1971.hr\/en\/#website\"},\"primaryImageOfPage\":{\"@id\":\"https:\/\/pelin1971.hr\/en\/katalog\/cocktail-making-graterscraper\/#primaryimage\"},\"image\":{\"@id\":\"https:\/\/pelin1971.hr\/en\/katalog\/cocktail-making-graterscraper\/#primaryimage\"},\"thumbnailUrl\":\"https:\/\/pelin1971.hr\/wp-content\/uploads\/2025\/11\/ribez-za-barmene.jpg\",\"datePublished\":\"2025-11-18T16:17:02+00:00\",\"dateModified\":\"2025-11-25T09:50:54+00:00\",\"description\":\"grater for making cocktails, scraper for help in making cocktails, for various types of catering facilities where cocktails are served, price\",\"breadcrumb\":{\"@id\":\"https:\/\/pelin1971.hr\/en\/katalog\/cocktail-making-graterscraper\/#breadcrumb\"},\"inLanguage\":\"en-US\",\"potentialAction\":[{\"@type\":\"ReadAction\",\"target\":[\"https:\/\/pelin1971.hr\/en\/katalog\/cocktail-making-graterscraper\/\"]}]},{\"@type\":\"ImageObject\",\"inLanguage\":\"en-US\",\"@id\":\"https:\/\/pelin1971.hr\/en\/katalog\/cocktail-making-graterscraper\/#primaryimage\",\"url\":\"https:\/\/pelin1971.hr\/wp-content\/uploads\/2025\/11\/ribez-za-barmene.jpg\",\"contentUrl\":\"https:\/\/pelin1971.hr\/wp-content\/uploads\/2025\/11\/ribez-za-barmene.jpg\",\"width\":2080,\"height\":2080,\"caption\":\"ribe\u017e za izradu koktela,ribe\u017e za barmene,struga\u010d za cocktail bar,cijena\"},{\"@type\":\"BreadcrumbList\",\"@id\":\"https:\/\/pelin1971.hr\/en\/katalog\/cocktail-making-graterscraper\/#breadcrumb\",\"itemListElement\":[{\"@type\":\"ListItem\",\"position\":1,\"name\":\"Home\",\"item\":\"https:\/\/pelin1971.hr\/en\/\"},{\"@type\":\"ListItem\",\"position\":2,\"name\":\"Shop\",\"item\":\"https:\/\/pelin1971.hr\/en\/shop\/\"},{\"@type\":\"ListItem\",\"position\":3,\"name\":\"Cocktail bar, pastry shop, pizzeria\",\"item\":\"https:\/\/pelin1971.hr\/en\/kategorija-proizvoda\/cocktail-bar-pastry-shop-pizzeria\/\"},{\"@type\":\"ListItem\",\"position\":4,\"name\":\"Cocktail bar\",\"item\":\"https:\/\/pelin1971.hr\/en\/kategorija-proizvoda\/cocktail-bar-pastry-shop-pizzeria\/cocktail-bar\/\"},{\"@type\":\"ListItem\",\"position\":5,\"name\":\"COCKTAIL MAKING GRATER,SCRAPER\"}]},{\"@type\":\"WebSite\",\"@id\":\"https:\/\/pelin1971.hr\/en\/#website\",\"url\":\"https:\/\/pelin1971.hr\/en\/\",\"name\":\"Pelin1971\",\"description\":\"\",\"potentialAction\":[{\"@type\":\"SearchAction\",\"target\":{\"@type\":\"EntryPoint\",\"urlTemplate\":\"https:\/\/pelin1971.hr\/en\/?s={search_term_string}\"},\"query-input\":{\"@type\":\"PropertyValueSpecification\",\"valueRequired\":true,\"valueName\":\"search_term_string\"}}],\"inLanguage\":\"en-US\"}]}<\/script>\n<!-- \/ Yoast SEO plugin. -->","yoast_head_json":{"title":"Cocktail Making Grater,Cocktail Bar Scraper,Stainless Steel Grater","description":"grater for making cocktails, scraper for help in making cocktails, for various types of catering facilities where cocktails are served, price","robots":{"index":"index","follow":"follow","max-snippet":"max-snippet:-1","max-image-preview":"max-image-preview:large","max-video-preview":"max-video-preview:-1"},"canonical":"https:\/\/pelin1971.hr\/en\/katalog\/cocktail-making-graterscraper\/","og_locale":"en_US","og_type":"article","og_title":"Cocktail Making Grater,Cocktail Bar Scraper,Stainless Steel Grater","og_description":"grater for making cocktails, scraper for help in making cocktails, for various types of catering facilities where cocktails are served, price","og_url":"https:\/\/pelin1971.hr\/en\/katalog\/cocktail-making-graterscraper\/","og_site_name":"Pelin1971","article_modified_time":"2025-11-25T09:50:54+00:00","og_image":[{"width":2080,"height":2080,"url":"https:\/\/pelin1971.hr\/wp-content\/uploads\/2025\/11\/ribez-za-barmene.jpg","type":"image\/jpeg"}],"twitter_card":"summary_large_image","schema":{"@context":"https:\/\/schema.org","@graph":[{"@type":"WebPage","@id":"https:\/\/pelin1971.hr\/en\/katalog\/cocktail-making-graterscraper\/","url":"https:\/\/pelin1971.hr\/en\/katalog\/cocktail-making-graterscraper\/","name":"Cocktail Making Grater,Cocktail Bar Scraper,Stainless Steel Grater","isPartOf":{"@id":"https:\/\/pelin1971.hr\/en\/#website"},"primaryImageOfPage":{"@id":"https:\/\/pelin1971.hr\/en\/katalog\/cocktail-making-graterscraper\/#primaryimage"},"image":{"@id":"https:\/\/pelin1971.hr\/en\/katalog\/cocktail-making-graterscraper\/#primaryimage"},"thumbnailUrl":"https:\/\/pelin1971.hr\/wp-content\/uploads\/2025\/11\/ribez-za-barmene.jpg","datePublished":"2025-11-18T16:17:02+00:00","dateModified":"2025-11-25T09:50:54+00:00","description":"grater for making cocktails, scraper for help in making cocktails, for various types of catering facilities where cocktails are served, price","breadcrumb":{"@id":"https:\/\/pelin1971.hr\/en\/katalog\/cocktail-making-graterscraper\/#breadcrumb"},"inLanguage":"en-US","potentialAction":[{"@type":"ReadAction","target":["https:\/\/pelin1971.hr\/en\/katalog\/cocktail-making-graterscraper\/"]}]},{"@type":"ImageObject","inLanguage":"en-US","@id":"https:\/\/pelin1971.hr\/en\/katalog\/cocktail-making-graterscraper\/#primaryimage","url":"https:\/\/pelin1971.hr\/wp-content\/uploads\/2025\/11\/ribez-za-barmene.jpg","contentUrl":"https:\/\/pelin1971.hr\/wp-content\/uploads\/2025\/11\/ribez-za-barmene.jpg","width":2080,"height":2080,"caption":"ribe\u017e za izradu koktela,ribe\u017e za barmene,struga\u010d za cocktail bar,cijena"},{"@type":"BreadcrumbList","@id":"https:\/\/pelin1971.hr\/en\/katalog\/cocktail-making-graterscraper\/#breadcrumb","itemListElement":[{"@type":"ListItem","position":1,"name":"Home","item":"https:\/\/pelin1971.hr\/en\/"},{"@type":"ListItem","position":2,"name":"Shop","item":"https:\/\/pelin1971.hr\/en\/shop\/"},{"@type":"ListItem","position":3,"name":"Cocktail bar, pastry shop, pizzeria","item":"https:\/\/pelin1971.hr\/en\/kategorija-proizvoda\/cocktail-bar-pastry-shop-pizzeria\/"},{"@type":"ListItem","position":4,"name":"Cocktail bar","item":"https:\/\/pelin1971.hr\/en\/kategorija-proizvoda\/cocktail-bar-pastry-shop-pizzeria\/cocktail-bar\/"},{"@type":"ListItem","position":5,"name":"COCKTAIL MAKING GRATER,SCRAPER"}]},{"@type":"WebSite","@id":"https:\/\/pelin1971.hr\/en\/#website","url":"https:\/\/pelin1971.hr\/en\/","name":"Pelin1971","description":"","potentialAction":[{"@type":"SearchAction","target":{"@type":"EntryPoint","urlTemplate":"https:\/\/pelin1971.hr\/en\/?s={search_term_string}"},"query-input":{"@type":"PropertyValueSpecification","valueRequired":true,"valueName":"search_term_string"}}],"inLanguage":"en-US"}]}},"_links":{"self":[{"href":"https:\/\/pelin1971.hr\/en\/wp-json\/wp\/v2\/product\/7556","targetHints":{"allow":["GET"]}}],"collection":[{"href":"https:\/\/pelin1971.hr\/en\/wp-json\/wp\/v2\/product"}],"about":[{"href":"https:\/\/pelin1971.hr\/en\/wp-json\/wp\/v2\/types\/product"}],"replies":[{"embeddable":true,"href":"https:\/\/pelin1971.hr\/en\/wp-json\/wp\/v2\/comments?post=7556"}],"wp:featuredmedia":[{"embeddable":true,"href":"https:\/\/pelin1971.hr\/en\/wp-json\/wp\/v2\/media\/7558"}],"wp:attachment":[{"href":"https:\/\/pelin1971.hr\/en\/wp-json\/wp\/v2\/media?parent=7556"}],"wp:term":[{"taxonomy":"product_brand","embeddable":true,"href":"https:\/\/pelin1971.hr\/en\/wp-json\/wp\/v2\/product_brand?post=7556"},{"taxonomy":"product_cat","embeddable":true,"href":"https:\/\/pelin1971.hr\/en\/wp-json\/wp\/v2\/product_cat?post=7556"},{"taxonomy":"product_tag","embeddable":true,"href":"https:\/\/pelin1971.hr\/en\/wp-json\/wp\/v2\/product_tag?post=7556"}],"curies":[{"name":"wp","href":"https:\/\/api.w.org\/{rel}","templated":true}]}}