{"id":7552,"date":"2025-11-18T17:18:47","date_gmt":"2025-11-18T16:18:47","guid":{"rendered":"https:\/\/pelin1971.hr\/katalog\/toothpicks-in-hygienic-wrapping\/"},"modified":"2025-11-25T10:48:48","modified_gmt":"2025-11-25T09:48:48","slug":"toothpicks-in-hygienic-wrapping","status":"publish","type":"product","link":"https:\/\/pelin1971.hr\/en\/katalog\/toothpicks-in-hygienic-wrapping\/","title":{"rendered":"TOOTHPICKS IN HYGIENIC WRAPPING"},"content":{"rendered":"<h1>Toothpicks in hygienic packaging 1000\/1<\/h1>\n<p>&#8211; hygienic toothpicks wrapped in transparent cellophane<br \/>\n-Packaging: 1000 pcs<br \/>\n-similar article:  <a href=\"https:\/\/pelin1971.hr\/katalog\/stapici-za-raznjice\/\">skewer sticks<\/a><\/p>\n","protected":false},"excerpt":{"rendered":"<p>Toothpicks in hygienic packaging 1000\/1 &#8211; hygienic toothpicks wrapped in transparent cellophane -Packaging: 1000 pcs -similar article: skewer sticks<\/p>\n","protected":false},"featured_media":9095,"comment_status":"open","ping_status":"closed","template":"","meta":{"_acf_changed":false},"product_brand":[],"product_cat":[4545,4548],"product_tag":[3549,3547,3546,3548],"class_list":{"0":"post-7552","1":"product","2":"type-product","3":"status-publish","4":"has-post-thumbnail","6":"product_cat-plastic-spoons","7":"product_cat-pizzeria","8":"product_tag-catering-toothpicks-in-hygienic-packaging","9":"product_tag-toothpicks-for-catering","10":"product_tag-toothpicks-in-hygienic-packaging","11":"product_tag-toothpicks-wrapped-in-cellophane","13":"first","14":"instock","15":"shipping-taxable","16":"purchasable","17":"product-type-simple"},"acf":[],"yoast_head":"<!-- This site is optimized with the Yoast SEO plugin v26.8 - https:\/\/yoast.com\/product\/yoast-seo-wordpress\/ -->\n<title>toothpicks in hygienic packaging 1000\/1, cellophane, for catering<\/title>\n<meta name=\"description\" content=\"toothpicks in hygienic packaging, toothpicks for catering, toothpicks wrapped in cellophane, catering toothpicks in hygienic packaging, price\" \/>\n<meta name=\"robots\" content=\"index, follow, max-snippet:-1, max-image-preview:large, max-video-preview:-1\" \/>\n<link rel=\"canonical\" href=\"https:\/\/pelin1971.hr\/en\/katalog\/toothpicks-in-hygienic-wrapping\/\" \/>\n<meta property=\"og:locale\" content=\"en_US\" \/>\n<meta property=\"og:type\" content=\"article\" \/>\n<meta property=\"og:title\" content=\"toothpicks in hygienic packaging 1000\/1, cellophane, for catering\" \/>\n<meta property=\"og:description\" content=\"toothpicks in hygienic packaging, toothpicks for catering, toothpicks wrapped in cellophane, catering toothpicks in hygienic packaging, price\" \/>\n<meta property=\"og:url\" content=\"https:\/\/pelin1971.hr\/en\/katalog\/toothpicks-in-hygienic-wrapping\/\" \/>\n<meta property=\"og:site_name\" content=\"Pelin1971\" \/>\n<meta property=\"article:modified_time\" content=\"2025-11-25T09:48:48+00:00\" \/>\n<meta property=\"og:image\" content=\"https:\/\/pelin1971.hr\/wp-content\/uploads\/2025\/11\/ackalice-u-higijenskom-omotu-celofanu.jpg\" \/>\n\t<meta property=\"og:image:width\" content=\"2057\" \/>\n\t<meta property=\"og:image:height\" content=\"2056\" \/>\n\t<meta property=\"og:image:type\" content=\"image\/jpeg\" \/>\n<meta name=\"twitter:card\" content=\"summary_large_image\" \/>\n<script type=\"application\/ld+json\" class=\"yoast-schema-graph\">{\"@context\":\"https:\/\/schema.org\",\"@graph\":[{\"@type\":\"WebPage\",\"@id\":\"https:\/\/pelin1971.hr\/en\/katalog\/toothpicks-in-hygienic-wrapping\/\",\"url\":\"https:\/\/pelin1971.hr\/en\/katalog\/toothpicks-in-hygienic-wrapping\/\",\"name\":\"toothpicks in hygienic packaging 1000\/1, cellophane, for catering\",\"isPartOf\":{\"@id\":\"https:\/\/pelin1971.hr\/en\/#website\"},\"primaryImageOfPage\":{\"@id\":\"https:\/\/pelin1971.hr\/en\/katalog\/toothpicks-in-hygienic-wrapping\/#primaryimage\"},\"image\":{\"@id\":\"https:\/\/pelin1971.hr\/en\/katalog\/toothpicks-in-hygienic-wrapping\/#primaryimage\"},\"thumbnailUrl\":\"https:\/\/pelin1971.hr\/wp-content\/uploads\/2023\/01\/\u010da\u010dkalice-u-higijenskom-omotu-celofanu.jpg\",\"datePublished\":\"2025-11-18T16:18:47+00:00\",\"dateModified\":\"2025-11-25T09:48:48+00:00\",\"description\":\"toothpicks in hygienic packaging, toothpicks for catering, toothpicks wrapped in cellophane, catering toothpicks in hygienic packaging, price\",\"breadcrumb\":{\"@id\":\"https:\/\/pelin1971.hr\/en\/katalog\/toothpicks-in-hygienic-wrapping\/#breadcrumb\"},\"inLanguage\":\"en-US\",\"potentialAction\":[{\"@type\":\"ReadAction\",\"target\":[\"https:\/\/pelin1971.hr\/en\/katalog\/toothpicks-in-hygienic-wrapping\/\"]}]},{\"@type\":\"ImageObject\",\"inLanguage\":\"en-US\",\"@id\":\"https:\/\/pelin1971.hr\/en\/katalog\/toothpicks-in-hygienic-wrapping\/#primaryimage\",\"url\":\"https:\/\/pelin1971.hr\/wp-content\/uploads\/2023\/01\/\u010da\u010dkalice-u-higijenskom-omotu-celofanu.jpg\",\"contentUrl\":\"https:\/\/pelin1971.hr\/wp-content\/uploads\/2023\/01\/\u010da\u010dkalice-u-higijenskom-omotu-celofanu.jpg\",\"width\":2057,\"height\":2056,\"caption\":\"drvene \u010da\u010dkalice u higijenskom omotu ,u celofanu,pojedina\u010dno zapakirane \u010da\u010dkalice,cijena\"},{\"@type\":\"BreadcrumbList\",\"@id\":\"https:\/\/pelin1971.hr\/en\/katalog\/toothpicks-in-hygienic-wrapping\/#breadcrumb\",\"itemListElement\":[{\"@type\":\"ListItem\",\"position\":1,\"name\":\"Home\",\"item\":\"https:\/\/pelin1971.hr\/en\/\"},{\"@type\":\"ListItem\",\"position\":2,\"name\":\"Shop\",\"item\":\"https:\/\/pelin1971.hr\/en\/shop\/\"},{\"@type\":\"ListItem\",\"position\":3,\"name\":\"Catering packaging\",\"item\":\"https:\/\/pelin1971.hr\/en\/kategorija-proizvoda\/catering-packaging\/\"},{\"@type\":\"ListItem\",\"position\":4,\"name\":\"Plastic spoons\",\"item\":\"https:\/\/pelin1971.hr\/en\/kategorija-proizvoda\/catering-packaging\/plastic-spoons\/\"},{\"@type\":\"ListItem\",\"position\":5,\"name\":\"TOOTHPICKS IN HYGIENIC WRAPPING\"}]},{\"@type\":\"WebSite\",\"@id\":\"https:\/\/pelin1971.hr\/en\/#website\",\"url\":\"https:\/\/pelin1971.hr\/en\/\",\"name\":\"Pelin1971\",\"description\":\"\",\"potentialAction\":[{\"@type\":\"SearchAction\",\"target\":{\"@type\":\"EntryPoint\",\"urlTemplate\":\"https:\/\/pelin1971.hr\/en\/?s={search_term_string}\"},\"query-input\":{\"@type\":\"PropertyValueSpecification\",\"valueRequired\":true,\"valueName\":\"search_term_string\"}}],\"inLanguage\":\"en-US\"}]}<\/script>\n<!-- \/ Yoast SEO plugin. -->","yoast_head_json":{"title":"toothpicks in hygienic packaging 1000\/1, cellophane, for catering","description":"toothpicks in hygienic packaging, toothpicks for catering, toothpicks wrapped in cellophane, catering toothpicks in hygienic packaging, price","robots":{"index":"index","follow":"follow","max-snippet":"max-snippet:-1","max-image-preview":"max-image-preview:large","max-video-preview":"max-video-preview:-1"},"canonical":"https:\/\/pelin1971.hr\/en\/katalog\/toothpicks-in-hygienic-wrapping\/","og_locale":"en_US","og_type":"article","og_title":"toothpicks in hygienic packaging 1000\/1, cellophane, for catering","og_description":"toothpicks in hygienic packaging, toothpicks for catering, toothpicks wrapped in cellophane, catering toothpicks in hygienic packaging, price","og_url":"https:\/\/pelin1971.hr\/en\/katalog\/toothpicks-in-hygienic-wrapping\/","og_site_name":"Pelin1971","article_modified_time":"2025-11-25T09:48:48+00:00","og_image":[{"width":2057,"height":2056,"url":"https:\/\/pelin1971.hr\/wp-content\/uploads\/2025\/11\/ackalice-u-higijenskom-omotu-celofanu.jpg","type":"image\/jpeg"}],"twitter_card":"summary_large_image","schema":{"@context":"https:\/\/schema.org","@graph":[{"@type":"WebPage","@id":"https:\/\/pelin1971.hr\/en\/katalog\/toothpicks-in-hygienic-wrapping\/","url":"https:\/\/pelin1971.hr\/en\/katalog\/toothpicks-in-hygienic-wrapping\/","name":"toothpicks in hygienic packaging 1000\/1, cellophane, for catering","isPartOf":{"@id":"https:\/\/pelin1971.hr\/en\/#website"},"primaryImageOfPage":{"@id":"https:\/\/pelin1971.hr\/en\/katalog\/toothpicks-in-hygienic-wrapping\/#primaryimage"},"image":{"@id":"https:\/\/pelin1971.hr\/en\/katalog\/toothpicks-in-hygienic-wrapping\/#primaryimage"},"thumbnailUrl":"https:\/\/pelin1971.hr\/wp-content\/uploads\/2023\/01\/\u010da\u010dkalice-u-higijenskom-omotu-celofanu.jpg","datePublished":"2025-11-18T16:18:47+00:00","dateModified":"2025-11-25T09:48:48+00:00","description":"toothpicks in hygienic packaging, toothpicks for catering, toothpicks wrapped in cellophane, catering toothpicks in hygienic packaging, price","breadcrumb":{"@id":"https:\/\/pelin1971.hr\/en\/katalog\/toothpicks-in-hygienic-wrapping\/#breadcrumb"},"inLanguage":"en-US","potentialAction":[{"@type":"ReadAction","target":["https:\/\/pelin1971.hr\/en\/katalog\/toothpicks-in-hygienic-wrapping\/"]}]},{"@type":"ImageObject","inLanguage":"en-US","@id":"https:\/\/pelin1971.hr\/en\/katalog\/toothpicks-in-hygienic-wrapping\/#primaryimage","url":"https:\/\/pelin1971.hr\/wp-content\/uploads\/2023\/01\/\u010da\u010dkalice-u-higijenskom-omotu-celofanu.jpg","contentUrl":"https:\/\/pelin1971.hr\/wp-content\/uploads\/2023\/01\/\u010da\u010dkalice-u-higijenskom-omotu-celofanu.jpg","width":2057,"height":2056,"caption":"drvene \u010da\u010dkalice u higijenskom omotu ,u celofanu,pojedina\u010dno zapakirane \u010da\u010dkalice,cijena"},{"@type":"BreadcrumbList","@id":"https:\/\/pelin1971.hr\/en\/katalog\/toothpicks-in-hygienic-wrapping\/#breadcrumb","itemListElement":[{"@type":"ListItem","position":1,"name":"Home","item":"https:\/\/pelin1971.hr\/en\/"},{"@type":"ListItem","position":2,"name":"Shop","item":"https:\/\/pelin1971.hr\/en\/shop\/"},{"@type":"ListItem","position":3,"name":"Catering packaging","item":"https:\/\/pelin1971.hr\/en\/kategorija-proizvoda\/catering-packaging\/"},{"@type":"ListItem","position":4,"name":"Plastic spoons","item":"https:\/\/pelin1971.hr\/en\/kategorija-proizvoda\/catering-packaging\/plastic-spoons\/"},{"@type":"ListItem","position":5,"name":"TOOTHPICKS IN HYGIENIC WRAPPING"}]},{"@type":"WebSite","@id":"https:\/\/pelin1971.hr\/en\/#website","url":"https:\/\/pelin1971.hr\/en\/","name":"Pelin1971","description":"","potentialAction":[{"@type":"SearchAction","target":{"@type":"EntryPoint","urlTemplate":"https:\/\/pelin1971.hr\/en\/?s={search_term_string}"},"query-input":{"@type":"PropertyValueSpecification","valueRequired":true,"valueName":"search_term_string"}}],"inLanguage":"en-US"}]}},"_links":{"self":[{"href":"https:\/\/pelin1971.hr\/en\/wp-json\/wp\/v2\/product\/7552","targetHints":{"allow":["GET"]}}],"collection":[{"href":"https:\/\/pelin1971.hr\/en\/wp-json\/wp\/v2\/product"}],"about":[{"href":"https:\/\/pelin1971.hr\/en\/wp-json\/wp\/v2\/types\/product"}],"replies":[{"embeddable":true,"href":"https:\/\/pelin1971.hr\/en\/wp-json\/wp\/v2\/comments?post=7552"}],"wp:featuredmedia":[{"embeddable":true,"href":"https:\/\/pelin1971.hr\/en\/wp-json\/wp\/v2\/media\/9095"}],"wp:attachment":[{"href":"https:\/\/pelin1971.hr\/en\/wp-json\/wp\/v2\/media?parent=7552"}],"wp:term":[{"taxonomy":"product_brand","embeddable":true,"href":"https:\/\/pelin1971.hr\/en\/wp-json\/wp\/v2\/product_brand?post=7552"},{"taxonomy":"product_cat","embeddable":true,"href":"https:\/\/pelin1971.hr\/en\/wp-json\/wp\/v2\/product_cat?post=7552"},{"taxonomy":"product_tag","embeddable":true,"href":"https:\/\/pelin1971.hr\/en\/wp-json\/wp\/v2\/product_tag?post=7552"}],"curies":[{"name":"wp","href":"https:\/\/api.w.org\/{rel}","templated":true}]}}