{"id":7517,"date":"2025-11-18T17:18:46","date_gmt":"2025-11-18T16:18:46","guid":{"rendered":"https:\/\/pelin1971.hr\/katalog\/plastic-spoons-cutlery\/"},"modified":"2025-11-25T10:48:40","modified_gmt":"2025-11-25T09:48:40","slug":"plastic-spoons-cutlery","status":"publish","type":"product","link":"https:\/\/pelin1971.hr\/en\/katalog\/plastic-spoons-cutlery\/","title":{"rendered":"Plastic spoons &#8211; cutlery"},"content":{"rendered":"<h1>Plastic spoons &#8211; catering utensils &#8211; food delivery 100\/1<\/h1>\n<p>-reusable plastic spoons<br \/>\n-material: hard plastic<br \/>\n-packing: 100 pieces<br \/>\n-similar article:  <a href=\"https:\/\/pelin1971.hr\/katalog\/plasticni-nozevi\/\">plastic knives<\/a><\/p>\n","protected":false},"excerpt":{"rendered":"<p>Plastic spoons &#8211; catering utensils &#8211; food delivery 100\/1 -reusable plastic spoons -material: hard plastic -packing: 100 pieces -similar article: plastic knives<\/p>\n","protected":false},"featured_media":9079,"comment_status":"open","ping_status":"closed","template":"","meta":{"_acf_changed":false},"product_brand":[],"product_cat":[4542],"product_tag":[3479,3482,3477,3480,3481,3483],"class_list":{"0":"post-7517","1":"product","2":"type-product","3":"status-publish","4":"has-post-thumbnail","6":"product_cat-catering-packaging-for-food-cakes-salads","7":"product_tag-catering-spoons","8":"product_tag-plastic-food-delivery-spoons","9":"product_tag-plastic-spoons-cutlery","10":"product_tag-plastic-spoons-for-food-delivery","11":"product_tag-pvc-spoons","12":"product_tag-reusable-plastic-spoons","14":"first","15":"instock","16":"shipping-taxable","17":"purchasable","18":"product-type-simple"},"acf":[],"yoast_head":"<!-- This site is optimized with the Yoast SEO plugin v26.8 - https:\/\/yoast.com\/product\/yoast-seo-wordpress\/ -->\n<title>Plastic spoons - catering utensils - food delivery, reusable<\/title>\n<meta name=\"description\" content=\"Plastic spoons cutlery, catering spoons, plastic spoons for food delivery, pvc spoons for food, plastic spoons for food delivery, price\" \/>\n<meta name=\"robots\" content=\"index, follow, max-snippet:-1, max-image-preview:large, max-video-preview:-1\" \/>\n<link rel=\"canonical\" href=\"https:\/\/pelin1971.hr\/en\/katalog\/plastic-spoons-cutlery\/\" \/>\n<meta property=\"og:locale\" content=\"en_US\" \/>\n<meta property=\"og:type\" content=\"article\" \/>\n<meta property=\"og:title\" content=\"Plastic spoons - catering utensils - food delivery, reusable\" \/>\n<meta property=\"og:description\" content=\"Plastic spoons cutlery, catering spoons, plastic spoons for food delivery, pvc spoons for food, plastic spoons for food delivery, price\" \/>\n<meta property=\"og:url\" content=\"https:\/\/pelin1971.hr\/en\/katalog\/plastic-spoons-cutlery\/\" \/>\n<meta property=\"og:site_name\" content=\"Pelin1971\" \/>\n<meta property=\"article:modified_time\" content=\"2025-11-25T09:48:40+00:00\" \/>\n<meta property=\"og:image\" content=\"https:\/\/pelin1971.hr\/wp-content\/uploads\/2025\/11\/ps-pribor-vilica-zlica-noz.jpg\" \/>\n\t<meta property=\"og:image:width\" content=\"2080\" \/>\n\t<meta property=\"og:image:height\" content=\"2080\" \/>\n\t<meta property=\"og:image:type\" content=\"image\/jpeg\" \/>\n<meta name=\"twitter:card\" content=\"summary_large_image\" \/>\n<script type=\"application\/ld+json\" class=\"yoast-schema-graph\">{\"@context\":\"https:\/\/schema.org\",\"@graph\":[{\"@type\":\"WebPage\",\"@id\":\"https:\/\/pelin1971.hr\/en\/katalog\/plastic-spoons-cutlery\/\",\"url\":\"https:\/\/pelin1971.hr\/en\/katalog\/plastic-spoons-cutlery\/\",\"name\":\"Plastic spoons - catering utensils - food delivery, reusable\",\"isPartOf\":{\"@id\":\"https:\/\/pelin1971.hr\/en\/#website\"},\"primaryImageOfPage\":{\"@id\":\"https:\/\/pelin1971.hr\/en\/katalog\/plastic-spoons-cutlery\/#primaryimage\"},\"image\":{\"@id\":\"https:\/\/pelin1971.hr\/en\/katalog\/plastic-spoons-cutlery\/#primaryimage\"},\"thumbnailUrl\":\"https:\/\/pelin1971.hr\/wp-content\/uploads\/2022\/03\/ps-pribor-vilica-\u017elica-no\u017e.jpg\",\"datePublished\":\"2025-11-18T16:18:46+00:00\",\"dateModified\":\"2025-11-25T09:48:40+00:00\",\"description\":\"Plastic spoons cutlery, catering spoons, plastic spoons for food delivery, pvc spoons for food, plastic spoons for food delivery, price\",\"breadcrumb\":{\"@id\":\"https:\/\/pelin1971.hr\/en\/katalog\/plastic-spoons-cutlery\/#breadcrumb\"},\"inLanguage\":\"en-US\",\"potentialAction\":[{\"@type\":\"ReadAction\",\"target\":[\"https:\/\/pelin1971.hr\/en\/katalog\/plastic-spoons-cutlery\/\"]}]},{\"@type\":\"ImageObject\",\"inLanguage\":\"en-US\",\"@id\":\"https:\/\/pelin1971.hr\/en\/katalog\/plastic-spoons-cutlery\/#primaryimage\",\"url\":\"https:\/\/pelin1971.hr\/wp-content\/uploads\/2022\/03\/ps-pribor-vilica-\u017elica-no\u017e.jpg\",\"contentUrl\":\"https:\/\/pelin1971.hr\/wp-content\/uploads\/2022\/03\/ps-pribor-vilica-\u017elica-no\u017e.jpg\",\"width\":2080,\"height\":2080,\"caption\":\"plasti\u010dne vilie,plasti\u010dne \u017elice,plasti\u010dni no\u017eevi,plasti\u010dni pribor,cijena\"},{\"@type\":\"BreadcrumbList\",\"@id\":\"https:\/\/pelin1971.hr\/en\/katalog\/plastic-spoons-cutlery\/#breadcrumb\",\"itemListElement\":[{\"@type\":\"ListItem\",\"position\":1,\"name\":\"Home\",\"item\":\"https:\/\/pelin1971.hr\/en\/\"},{\"@type\":\"ListItem\",\"position\":2,\"name\":\"Shop\",\"item\":\"https:\/\/pelin1971.hr\/en\/shop\/\"},{\"@type\":\"ListItem\",\"position\":3,\"name\":\"Catering packaging\",\"item\":\"https:\/\/pelin1971.hr\/en\/kategorija-proizvoda\/catering-packaging\/\"},{\"@type\":\"ListItem\",\"position\":4,\"name\":\"Catering packaging for food, cakes, salads...\",\"item\":\"https:\/\/pelin1971.hr\/en\/kategorija-proizvoda\/catering-packaging\/catering-packaging-for-food-cakes-salads\/\"},{\"@type\":\"ListItem\",\"position\":5,\"name\":\"Plastic spoons &#8211; cutlery\"}]},{\"@type\":\"WebSite\",\"@id\":\"https:\/\/pelin1971.hr\/en\/#website\",\"url\":\"https:\/\/pelin1971.hr\/en\/\",\"name\":\"Pelin1971\",\"description\":\"\",\"potentialAction\":[{\"@type\":\"SearchAction\",\"target\":{\"@type\":\"EntryPoint\",\"urlTemplate\":\"https:\/\/pelin1971.hr\/en\/?s={search_term_string}\"},\"query-input\":{\"@type\":\"PropertyValueSpecification\",\"valueRequired\":true,\"valueName\":\"search_term_string\"}}],\"inLanguage\":\"en-US\"}]}<\/script>\n<!-- \/ Yoast SEO plugin. -->","yoast_head_json":{"title":"Plastic spoons - catering utensils - food delivery, reusable","description":"Plastic spoons cutlery, catering spoons, plastic spoons for food delivery, pvc spoons for food, plastic spoons for food delivery, price","robots":{"index":"index","follow":"follow","max-snippet":"max-snippet:-1","max-image-preview":"max-image-preview:large","max-video-preview":"max-video-preview:-1"},"canonical":"https:\/\/pelin1971.hr\/en\/katalog\/plastic-spoons-cutlery\/","og_locale":"en_US","og_type":"article","og_title":"Plastic spoons - catering utensils - food delivery, reusable","og_description":"Plastic spoons cutlery, catering spoons, plastic spoons for food delivery, pvc spoons for food, plastic spoons for food delivery, price","og_url":"https:\/\/pelin1971.hr\/en\/katalog\/plastic-spoons-cutlery\/","og_site_name":"Pelin1971","article_modified_time":"2025-11-25T09:48:40+00:00","og_image":[{"width":2080,"height":2080,"url":"https:\/\/pelin1971.hr\/wp-content\/uploads\/2025\/11\/ps-pribor-vilica-zlica-noz.jpg","type":"image\/jpeg"}],"twitter_card":"summary_large_image","schema":{"@context":"https:\/\/schema.org","@graph":[{"@type":"WebPage","@id":"https:\/\/pelin1971.hr\/en\/katalog\/plastic-spoons-cutlery\/","url":"https:\/\/pelin1971.hr\/en\/katalog\/plastic-spoons-cutlery\/","name":"Plastic spoons - catering utensils - food delivery, reusable","isPartOf":{"@id":"https:\/\/pelin1971.hr\/en\/#website"},"primaryImageOfPage":{"@id":"https:\/\/pelin1971.hr\/en\/katalog\/plastic-spoons-cutlery\/#primaryimage"},"image":{"@id":"https:\/\/pelin1971.hr\/en\/katalog\/plastic-spoons-cutlery\/#primaryimage"},"thumbnailUrl":"https:\/\/pelin1971.hr\/wp-content\/uploads\/2022\/03\/ps-pribor-vilica-\u017elica-no\u017e.jpg","datePublished":"2025-11-18T16:18:46+00:00","dateModified":"2025-11-25T09:48:40+00:00","description":"Plastic spoons cutlery, catering spoons, plastic spoons for food delivery, pvc spoons for food, plastic spoons for food delivery, price","breadcrumb":{"@id":"https:\/\/pelin1971.hr\/en\/katalog\/plastic-spoons-cutlery\/#breadcrumb"},"inLanguage":"en-US","potentialAction":[{"@type":"ReadAction","target":["https:\/\/pelin1971.hr\/en\/katalog\/plastic-spoons-cutlery\/"]}]},{"@type":"ImageObject","inLanguage":"en-US","@id":"https:\/\/pelin1971.hr\/en\/katalog\/plastic-spoons-cutlery\/#primaryimage","url":"https:\/\/pelin1971.hr\/wp-content\/uploads\/2022\/03\/ps-pribor-vilica-\u017elica-no\u017e.jpg","contentUrl":"https:\/\/pelin1971.hr\/wp-content\/uploads\/2022\/03\/ps-pribor-vilica-\u017elica-no\u017e.jpg","width":2080,"height":2080,"caption":"plasti\u010dne vilie,plasti\u010dne \u017elice,plasti\u010dni no\u017eevi,plasti\u010dni pribor,cijena"},{"@type":"BreadcrumbList","@id":"https:\/\/pelin1971.hr\/en\/katalog\/plastic-spoons-cutlery\/#breadcrumb","itemListElement":[{"@type":"ListItem","position":1,"name":"Home","item":"https:\/\/pelin1971.hr\/en\/"},{"@type":"ListItem","position":2,"name":"Shop","item":"https:\/\/pelin1971.hr\/en\/shop\/"},{"@type":"ListItem","position":3,"name":"Catering packaging","item":"https:\/\/pelin1971.hr\/en\/kategorija-proizvoda\/catering-packaging\/"},{"@type":"ListItem","position":4,"name":"Catering packaging for food, cakes, salads...","item":"https:\/\/pelin1971.hr\/en\/kategorija-proizvoda\/catering-packaging\/catering-packaging-for-food-cakes-salads\/"},{"@type":"ListItem","position":5,"name":"Plastic spoons &#8211; cutlery"}]},{"@type":"WebSite","@id":"https:\/\/pelin1971.hr\/en\/#website","url":"https:\/\/pelin1971.hr\/en\/","name":"Pelin1971","description":"","potentialAction":[{"@type":"SearchAction","target":{"@type":"EntryPoint","urlTemplate":"https:\/\/pelin1971.hr\/en\/?s={search_term_string}"},"query-input":{"@type":"PropertyValueSpecification","valueRequired":true,"valueName":"search_term_string"}}],"inLanguage":"en-US"}]}},"_links":{"self":[{"href":"https:\/\/pelin1971.hr\/en\/wp-json\/wp\/v2\/product\/7517","targetHints":{"allow":["GET"]}}],"collection":[{"href":"https:\/\/pelin1971.hr\/en\/wp-json\/wp\/v2\/product"}],"about":[{"href":"https:\/\/pelin1971.hr\/en\/wp-json\/wp\/v2\/types\/product"}],"replies":[{"embeddable":true,"href":"https:\/\/pelin1971.hr\/en\/wp-json\/wp\/v2\/comments?post=7517"}],"wp:featuredmedia":[{"embeddable":true,"href":"https:\/\/pelin1971.hr\/en\/wp-json\/wp\/v2\/media\/9079"}],"wp:attachment":[{"href":"https:\/\/pelin1971.hr\/en\/wp-json\/wp\/v2\/media?parent=7517"}],"wp:term":[{"taxonomy":"product_brand","embeddable":true,"href":"https:\/\/pelin1971.hr\/en\/wp-json\/wp\/v2\/product_brand?post=7517"},{"taxonomy":"product_cat","embeddable":true,"href":"https:\/\/pelin1971.hr\/en\/wp-json\/wp\/v2\/product_cat?post=7517"},{"taxonomy":"product_tag","embeddable":true,"href":"https:\/\/pelin1971.hr\/en\/wp-json\/wp\/v2\/product_tag?post=7517"}],"curies":[{"name":"wp","href":"https:\/\/api.w.org\/{rel}","templated":true}]}}