{"id":7465,"date":"2025-11-18T17:18:29","date_gmt":"2025-11-18T16:18:29","guid":{"rendered":"https:\/\/pelin1971.hr\/katalog\/gift-magic-mug-with-your-picture\/"},"modified":"2025-11-25T10:48:20","modified_gmt":"2025-11-25T09:48:20","slug":"gift-magic-mug-with-your-picture","status":"publish","type":"product","link":"https:\/\/pelin1971.hr\/en\/katalog\/gift-magic-mug-with-your-picture\/","title":{"rendered":"Gift magic mug with your picture"},"content":{"rendered":"<h1>Magic mug with your picture<\/h1>\n<p>-Send us the picture you want by e-mail and the magic mug will arrive at your address (and that&#8217;s it&#8230; simple)<\/p>\n<p>-magic mugs with print,magic mug with inscription,personalized magic mug<\/p>\n<p>-The magic cup is black on the outside and when a hot drink is poured into it, it begins to change color, the black color disappears and the desired image or inscription appears. When the cup cools down, the cup becomes black on the outside again and the image or inscription remains hidden under the color<\/p>\n<p>&nbsp;<\/p>\n","protected":false},"excerpt":{"rendered":"<p>Magic mug with your picture -Send us the picture you want by e-mail and the magic mug will arrive at your address (and that&#8217;s it&#8230; simple) -magic mugs with print,magic mug with inscription,personalized magic mug -The magic cup is black on the outside and when a hot drink is poured into it, it begins to<\/p>\n","protected":false},"featured_media":8833,"comment_status":"open","ping_status":"closed","template":"","meta":{"_acf_changed":false},"product_brand":[],"product_cat":[4565],"product_tag":[2897,2898,3345,4653,3349,4652,3347,3350],"class_list":{"0":"post-7465","1":"product","2":"type-product","3":"status-publish","4":"has-post-thumbnail","6":"product_cat-gift-items","7":"product_tag-magic-cup","8":"product_tag-magic-cups","9":"product_tag-magic-mug-with-a-picture","10":"product_tag-magic-mug-with-inscription-2","11":"product_tag-magic-mug-with-inscription","12":"product_tag-magic-mug-with-print-2","13":"product_tag-magic-mug-with-print","14":"product_tag-magic-mugs-with-print-2","16":"first","17":"instock","18":"shipping-taxable","19":"product-type-simple"},"acf":[],"yoast_head":"<!-- This site is optimized with the Yoast SEO plugin v26.8 - https:\/\/yoast.com\/product\/yoast-seo-wordpress\/ -->\n<title>Magic mug with inscription, print, or custom print<\/title>\n<meta name=\"description\" content=\"magic mug, magic mugs, magic mug, magic mug with picture, with print, magic mug with inscription, magic mugs with print\" \/>\n<meta name=\"robots\" content=\"index, follow, max-snippet:-1, max-image-preview:large, max-video-preview:-1\" \/>\n<link rel=\"canonical\" href=\"https:\/\/pelin1971.hr\/en\/katalog\/gift-magic-mug-with-your-picture\/\" \/>\n<meta property=\"og:locale\" content=\"en_US\" \/>\n<meta property=\"og:type\" content=\"article\" \/>\n<meta property=\"og:title\" content=\"Magic mug with inscription, print, or custom print\" \/>\n<meta property=\"og:description\" content=\"magic mug, magic mugs, magic mug, magic mug with picture, with print, magic mug with inscription, magic mugs with print\" \/>\n<meta property=\"og:url\" content=\"https:\/\/pelin1971.hr\/en\/katalog\/gift-magic-mug-with-your-picture\/\" \/>\n<meta property=\"og:site_name\" content=\"Pelin1971\" \/>\n<meta property=\"article:modified_time\" content=\"2025-11-25T09:48:20+00:00\" \/>\n<meta property=\"og:image\" content=\"https:\/\/pelin1971.hr\/wp-content\/uploads\/2025\/11\/Magic-za-web_3.jpg\" \/>\n\t<meta property=\"og:image:width\" content=\"499\" \/>\n\t<meta property=\"og:image:height\" content=\"499\" \/>\n\t<meta property=\"og:image:type\" content=\"image\/jpeg\" \/>\n<meta name=\"twitter:card\" content=\"summary_large_image\" \/>\n<script type=\"application\/ld+json\" class=\"yoast-schema-graph\">{\"@context\":\"https:\/\/schema.org\",\"@graph\":[{\"@type\":\"WebPage\",\"@id\":\"https:\/\/pelin1971.hr\/en\/katalog\/gift-magic-mug-with-your-picture\/\",\"url\":\"https:\/\/pelin1971.hr\/en\/katalog\/gift-magic-mug-with-your-picture\/\",\"name\":\"Magic mug with inscription, print, or custom print\",\"isPartOf\":{\"@id\":\"https:\/\/pelin1971.hr\/en\/#website\"},\"primaryImageOfPage\":{\"@id\":\"https:\/\/pelin1971.hr\/en\/katalog\/gift-magic-mug-with-your-picture\/#primaryimage\"},\"image\":{\"@id\":\"https:\/\/pelin1971.hr\/en\/katalog\/gift-magic-mug-with-your-picture\/#primaryimage\"},\"thumbnailUrl\":\"https:\/\/pelin1971.hr\/wp-content\/uploads\/2017\/03\/Magic-za-web_3.jpg\",\"datePublished\":\"2025-11-18T16:18:29+00:00\",\"dateModified\":\"2025-11-25T09:48:20+00:00\",\"description\":\"magic mug, magic mugs, magic mug, magic mug with picture, with print, magic mug with inscription, magic mugs with print\",\"breadcrumb\":{\"@id\":\"https:\/\/pelin1971.hr\/en\/katalog\/gift-magic-mug-with-your-picture\/#breadcrumb\"},\"inLanguage\":\"en-US\",\"potentialAction\":[{\"@type\":\"ReadAction\",\"target\":[\"https:\/\/pelin1971.hr\/en\/katalog\/gift-magic-mug-with-your-picture\/\"]}]},{\"@type\":\"ImageObject\",\"inLanguage\":\"en-US\",\"@id\":\"https:\/\/pelin1971.hr\/en\/katalog\/gift-magic-mug-with-your-picture\/#primaryimage\",\"url\":\"https:\/\/pelin1971.hr\/wp-content\/uploads\/2017\/03\/Magic-za-web_3.jpg\",\"contentUrl\":\"https:\/\/pelin1971.hr\/wp-content\/uploads\/2017\/03\/Magic-za-web_3.jpg\",\"width\":499,\"height\":499,\"caption\":\"magi\u010dna \u0161alica,magi\u010dne \u0161alice,\u010darobna \u0161alica,\u010darobne \u0161alice\"},{\"@type\":\"BreadcrumbList\",\"@id\":\"https:\/\/pelin1971.hr\/en\/katalog\/gift-magic-mug-with-your-picture\/#breadcrumb\",\"itemListElement\":[{\"@type\":\"ListItem\",\"position\":1,\"name\":\"Home\",\"item\":\"https:\/\/pelin1971.hr\/en\/\"},{\"@type\":\"ListItem\",\"position\":2,\"name\":\"Shop\",\"item\":\"https:\/\/pelin1971.hr\/en\/shop\/\"},{\"@type\":\"ListItem\",\"position\":3,\"name\":\"Gift items\",\"item\":\"https:\/\/pelin1971.hr\/en\/kategorija-proizvoda\/gift-items\/\"},{\"@type\":\"ListItem\",\"position\":4,\"name\":\"Gift magic mug with your picture\"}]},{\"@type\":\"WebSite\",\"@id\":\"https:\/\/pelin1971.hr\/en\/#website\",\"url\":\"https:\/\/pelin1971.hr\/en\/\",\"name\":\"Pelin1971\",\"description\":\"\",\"potentialAction\":[{\"@type\":\"SearchAction\",\"target\":{\"@type\":\"EntryPoint\",\"urlTemplate\":\"https:\/\/pelin1971.hr\/en\/?s={search_term_string}\"},\"query-input\":{\"@type\":\"PropertyValueSpecification\",\"valueRequired\":true,\"valueName\":\"search_term_string\"}}],\"inLanguage\":\"en-US\"}]}<\/script>\n<!-- \/ Yoast SEO plugin. -->","yoast_head_json":{"title":"Magic mug with inscription, print, or custom print","description":"magic mug, magic mugs, magic mug, magic mug with picture, with print, magic mug with inscription, magic mugs with print","robots":{"index":"index","follow":"follow","max-snippet":"max-snippet:-1","max-image-preview":"max-image-preview:large","max-video-preview":"max-video-preview:-1"},"canonical":"https:\/\/pelin1971.hr\/en\/katalog\/gift-magic-mug-with-your-picture\/","og_locale":"en_US","og_type":"article","og_title":"Magic mug with inscription, print, or custom print","og_description":"magic mug, magic mugs, magic mug, magic mug with picture, with print, magic mug with inscription, magic mugs with print","og_url":"https:\/\/pelin1971.hr\/en\/katalog\/gift-magic-mug-with-your-picture\/","og_site_name":"Pelin1971","article_modified_time":"2025-11-25T09:48:20+00:00","og_image":[{"width":499,"height":499,"url":"https:\/\/pelin1971.hr\/wp-content\/uploads\/2025\/11\/Magic-za-web_3.jpg","type":"image\/jpeg"}],"twitter_card":"summary_large_image","schema":{"@context":"https:\/\/schema.org","@graph":[{"@type":"WebPage","@id":"https:\/\/pelin1971.hr\/en\/katalog\/gift-magic-mug-with-your-picture\/","url":"https:\/\/pelin1971.hr\/en\/katalog\/gift-magic-mug-with-your-picture\/","name":"Magic mug with inscription, print, or custom print","isPartOf":{"@id":"https:\/\/pelin1971.hr\/en\/#website"},"primaryImageOfPage":{"@id":"https:\/\/pelin1971.hr\/en\/katalog\/gift-magic-mug-with-your-picture\/#primaryimage"},"image":{"@id":"https:\/\/pelin1971.hr\/en\/katalog\/gift-magic-mug-with-your-picture\/#primaryimage"},"thumbnailUrl":"https:\/\/pelin1971.hr\/wp-content\/uploads\/2017\/03\/Magic-za-web_3.jpg","datePublished":"2025-11-18T16:18:29+00:00","dateModified":"2025-11-25T09:48:20+00:00","description":"magic mug, magic mugs, magic mug, magic mug with picture, with print, magic mug with inscription, magic mugs with print","breadcrumb":{"@id":"https:\/\/pelin1971.hr\/en\/katalog\/gift-magic-mug-with-your-picture\/#breadcrumb"},"inLanguage":"en-US","potentialAction":[{"@type":"ReadAction","target":["https:\/\/pelin1971.hr\/en\/katalog\/gift-magic-mug-with-your-picture\/"]}]},{"@type":"ImageObject","inLanguage":"en-US","@id":"https:\/\/pelin1971.hr\/en\/katalog\/gift-magic-mug-with-your-picture\/#primaryimage","url":"https:\/\/pelin1971.hr\/wp-content\/uploads\/2017\/03\/Magic-za-web_3.jpg","contentUrl":"https:\/\/pelin1971.hr\/wp-content\/uploads\/2017\/03\/Magic-za-web_3.jpg","width":499,"height":499,"caption":"magi\u010dna \u0161alica,magi\u010dne \u0161alice,\u010darobna \u0161alica,\u010darobne \u0161alice"},{"@type":"BreadcrumbList","@id":"https:\/\/pelin1971.hr\/en\/katalog\/gift-magic-mug-with-your-picture\/#breadcrumb","itemListElement":[{"@type":"ListItem","position":1,"name":"Home","item":"https:\/\/pelin1971.hr\/en\/"},{"@type":"ListItem","position":2,"name":"Shop","item":"https:\/\/pelin1971.hr\/en\/shop\/"},{"@type":"ListItem","position":3,"name":"Gift items","item":"https:\/\/pelin1971.hr\/en\/kategorija-proizvoda\/gift-items\/"},{"@type":"ListItem","position":4,"name":"Gift magic mug with your picture"}]},{"@type":"WebSite","@id":"https:\/\/pelin1971.hr\/en\/#website","url":"https:\/\/pelin1971.hr\/en\/","name":"Pelin1971","description":"","potentialAction":[{"@type":"SearchAction","target":{"@type":"EntryPoint","urlTemplate":"https:\/\/pelin1971.hr\/en\/?s={search_term_string}"},"query-input":{"@type":"PropertyValueSpecification","valueRequired":true,"valueName":"search_term_string"}}],"inLanguage":"en-US"}]}},"_links":{"self":[{"href":"https:\/\/pelin1971.hr\/en\/wp-json\/wp\/v2\/product\/7465","targetHints":{"allow":["GET"]}}],"collection":[{"href":"https:\/\/pelin1971.hr\/en\/wp-json\/wp\/v2\/product"}],"about":[{"href":"https:\/\/pelin1971.hr\/en\/wp-json\/wp\/v2\/types\/product"}],"replies":[{"embeddable":true,"href":"https:\/\/pelin1971.hr\/en\/wp-json\/wp\/v2\/comments?post=7465"}],"wp:featuredmedia":[{"embeddable":true,"href":"https:\/\/pelin1971.hr\/en\/wp-json\/wp\/v2\/media\/8833"}],"wp:attachment":[{"href":"https:\/\/pelin1971.hr\/en\/wp-json\/wp\/v2\/media?parent=7465"}],"wp:term":[{"taxonomy":"product_brand","embeddable":true,"href":"https:\/\/pelin1971.hr\/en\/wp-json\/wp\/v2\/product_brand?post=7465"},{"taxonomy":"product_cat","embeddable":true,"href":"https:\/\/pelin1971.hr\/en\/wp-json\/wp\/v2\/product_cat?post=7465"},{"taxonomy":"product_tag","embeddable":true,"href":"https:\/\/pelin1971.hr\/en\/wp-json\/wp\/v2\/product_tag?post=7465"}],"curies":[{"name":"wp","href":"https:\/\/api.w.org\/{rel}","templated":true}]}}