{"id":7463,"date":"2025-11-18T17:18:29","date_gmt":"2025-11-18T16:18:29","guid":{"rendered":"https:\/\/pelin1971.hr\/katalog\/gift-cooking-apron-with-your-inscription\/"},"modified":"2025-11-25T10:48:22","modified_gmt":"2025-11-25T09:48:22","slug":"gift-cooking-apron-with-your-inscription","status":"publish","type":"product","link":"https:\/\/pelin1971.hr\/en\/katalog\/gift-cooking-apron-with-your-inscription\/","title":{"rendered":"Gift cooking apron with your inscription"},"content":{"rendered":"<h1>Gift chef&#8217;s apron with your inscription printed on it<\/h1>\n<p>Send us the inscription or image you want by e-mail and the apron will arrive at your address (and that&#8217;s it&#8230;.simple)<\/p>\n","protected":false},"excerpt":{"rendered":"<p>Gift chef&#8217;s apron with your inscription printed on it Send us the inscription or image you want by e-mail and the apron will arrive at your address (and that&#8217;s it&#8230;.simple)<\/p>\n","protected":false},"featured_media":9025,"comment_status":"open","ping_status":"closed","template":"","meta":{"_acf_changed":false},"product_brand":[],"product_cat":[4565],"product_tag":[3337,3339,3338,3340],"class_list":{"0":"post-7463","1":"product","2":"type-product","3":"status-publish","4":"has-post-thumbnail","6":"product_cat-gift-items","7":"product_tag-chefs-apron-with-your-inscription-as-a-gift","8":"product_tag-chefs-aprons-with-funny-inscriptions","9":"product_tag-personalized-chefs-apron","10":"product_tag-with-funny-captions","12":"first","13":"instock","14":"shipping-taxable","15":"product-type-simple"},"acf":[],"yoast_head":"<!-- This site is optimized with the Yoast SEO plugin v26.8 - https:\/\/yoast.com\/product\/yoast-seo-wordpress\/ -->\n<title>Chef&#039;s apron with your inscription or picture for an original gift<\/title>\n<meta name=\"description\" content=\"chef&#039;s apron with your inscription as a gift, personalized chef&#039;s apron, chef&#039;s aprons with humorous inscriptions, with funny inscriptions, price\" \/>\n<meta name=\"robots\" content=\"index, follow, max-snippet:-1, max-image-preview:large, max-video-preview:-1\" \/>\n<link rel=\"canonical\" href=\"https:\/\/pelin1971.hr\/en\/katalog\/gift-cooking-apron-with-your-inscription\/\" \/>\n<meta property=\"og:locale\" content=\"en_US\" \/>\n<meta property=\"og:type\" content=\"article\" \/>\n<meta property=\"og:title\" content=\"Chef&#039;s apron with your inscription or picture for an original gift\" \/>\n<meta property=\"og:description\" content=\"chef&#039;s apron with your inscription as a gift, personalized chef&#039;s apron, chef&#039;s aprons with humorous inscriptions, with funny inscriptions, price\" \/>\n<meta property=\"og:url\" content=\"https:\/\/pelin1971.hr\/en\/katalog\/gift-cooking-apron-with-your-inscription\/\" \/>\n<meta property=\"og:site_name\" content=\"Pelin1971\" \/>\n<meta property=\"article:modified_time\" content=\"2025-11-25T09:48:22+00:00\" \/>\n<meta property=\"og:image\" content=\"https:\/\/pelin1971.hr\/wp-content\/uploads\/2025\/11\/poklon-pregace.jpg\" \/>\n\t<meta property=\"og:image:width\" content=\"499\" \/>\n\t<meta property=\"og:image:height\" content=\"499\" \/>\n\t<meta property=\"og:image:type\" content=\"image\/jpeg\" \/>\n<meta name=\"twitter:card\" content=\"summary_large_image\" \/>\n<script type=\"application\/ld+json\" class=\"yoast-schema-graph\">{\"@context\":\"https:\/\/schema.org\",\"@graph\":[{\"@type\":\"WebPage\",\"@id\":\"https:\/\/pelin1971.hr\/en\/katalog\/gift-cooking-apron-with-your-inscription\/\",\"url\":\"https:\/\/pelin1971.hr\/en\/katalog\/gift-cooking-apron-with-your-inscription\/\",\"name\":\"Chef's apron with your inscription or picture for an original gift\",\"isPartOf\":{\"@id\":\"https:\/\/pelin1971.hr\/en\/#website\"},\"primaryImageOfPage\":{\"@id\":\"https:\/\/pelin1971.hr\/en\/katalog\/gift-cooking-apron-with-your-inscription\/#primaryimage\"},\"image\":{\"@id\":\"https:\/\/pelin1971.hr\/en\/katalog\/gift-cooking-apron-with-your-inscription\/#primaryimage\"},\"thumbnailUrl\":\"https:\/\/pelin1971.hr\/wp-content\/uploads\/2017\/04\/poklon-prega\u010de.jpg\",\"datePublished\":\"2025-11-18T16:18:29+00:00\",\"dateModified\":\"2025-11-25T09:48:22+00:00\",\"description\":\"chef's apron with your inscription as a gift, personalized chef's apron, chef's aprons with humorous inscriptions, with funny inscriptions, price\",\"breadcrumb\":{\"@id\":\"https:\/\/pelin1971.hr\/en\/katalog\/gift-cooking-apron-with-your-inscription\/#breadcrumb\"},\"inLanguage\":\"en-US\",\"potentialAction\":[{\"@type\":\"ReadAction\",\"target\":[\"https:\/\/pelin1971.hr\/en\/katalog\/gift-cooking-apron-with-your-inscription\/\"]}]},{\"@type\":\"ImageObject\",\"inLanguage\":\"en-US\",\"@id\":\"https:\/\/pelin1971.hr\/en\/katalog\/gift-cooking-apron-with-your-inscription\/#primaryimage\",\"url\":\"https:\/\/pelin1971.hr\/wp-content\/uploads\/2017\/04\/poklon-prega\u010de.jpg\",\"contentUrl\":\"https:\/\/pelin1971.hr\/wp-content\/uploads\/2017\/04\/poklon-prega\u010de.jpg\",\"width\":499,\"height\":499,\"caption\":\"prega\u010da kuharska sa va\u0161im natpisom\"},{\"@type\":\"BreadcrumbList\",\"@id\":\"https:\/\/pelin1971.hr\/en\/katalog\/gift-cooking-apron-with-your-inscription\/#breadcrumb\",\"itemListElement\":[{\"@type\":\"ListItem\",\"position\":1,\"name\":\"Home\",\"item\":\"https:\/\/pelin1971.hr\/en\/\"},{\"@type\":\"ListItem\",\"position\":2,\"name\":\"Shop\",\"item\":\"https:\/\/pelin1971.hr\/en\/shop\/\"},{\"@type\":\"ListItem\",\"position\":3,\"name\":\"Gift items\",\"item\":\"https:\/\/pelin1971.hr\/en\/kategorija-proizvoda\/gift-items\/\"},{\"@type\":\"ListItem\",\"position\":4,\"name\":\"Gift cooking apron with your inscription\"}]},{\"@type\":\"WebSite\",\"@id\":\"https:\/\/pelin1971.hr\/en\/#website\",\"url\":\"https:\/\/pelin1971.hr\/en\/\",\"name\":\"Pelin1971\",\"description\":\"\",\"potentialAction\":[{\"@type\":\"SearchAction\",\"target\":{\"@type\":\"EntryPoint\",\"urlTemplate\":\"https:\/\/pelin1971.hr\/en\/?s={search_term_string}\"},\"query-input\":{\"@type\":\"PropertyValueSpecification\",\"valueRequired\":true,\"valueName\":\"search_term_string\"}}],\"inLanguage\":\"en-US\"}]}<\/script>\n<!-- \/ Yoast SEO plugin. -->","yoast_head_json":{"title":"Chef's apron with your inscription or picture for an original gift","description":"chef's apron with your inscription as a gift, personalized chef's apron, chef's aprons with humorous inscriptions, with funny inscriptions, price","robots":{"index":"index","follow":"follow","max-snippet":"max-snippet:-1","max-image-preview":"max-image-preview:large","max-video-preview":"max-video-preview:-1"},"canonical":"https:\/\/pelin1971.hr\/en\/katalog\/gift-cooking-apron-with-your-inscription\/","og_locale":"en_US","og_type":"article","og_title":"Chef's apron with your inscription or picture for an original gift","og_description":"chef's apron with your inscription as a gift, personalized chef's apron, chef's aprons with humorous inscriptions, with funny inscriptions, price","og_url":"https:\/\/pelin1971.hr\/en\/katalog\/gift-cooking-apron-with-your-inscription\/","og_site_name":"Pelin1971","article_modified_time":"2025-11-25T09:48:22+00:00","og_image":[{"width":499,"height":499,"url":"https:\/\/pelin1971.hr\/wp-content\/uploads\/2025\/11\/poklon-pregace.jpg","type":"image\/jpeg"}],"twitter_card":"summary_large_image","schema":{"@context":"https:\/\/schema.org","@graph":[{"@type":"WebPage","@id":"https:\/\/pelin1971.hr\/en\/katalog\/gift-cooking-apron-with-your-inscription\/","url":"https:\/\/pelin1971.hr\/en\/katalog\/gift-cooking-apron-with-your-inscription\/","name":"Chef's apron with your inscription or picture for an original gift","isPartOf":{"@id":"https:\/\/pelin1971.hr\/en\/#website"},"primaryImageOfPage":{"@id":"https:\/\/pelin1971.hr\/en\/katalog\/gift-cooking-apron-with-your-inscription\/#primaryimage"},"image":{"@id":"https:\/\/pelin1971.hr\/en\/katalog\/gift-cooking-apron-with-your-inscription\/#primaryimage"},"thumbnailUrl":"https:\/\/pelin1971.hr\/wp-content\/uploads\/2017\/04\/poklon-prega\u010de.jpg","datePublished":"2025-11-18T16:18:29+00:00","dateModified":"2025-11-25T09:48:22+00:00","description":"chef's apron with your inscription as a gift, personalized chef's apron, chef's aprons with humorous inscriptions, with funny inscriptions, price","breadcrumb":{"@id":"https:\/\/pelin1971.hr\/en\/katalog\/gift-cooking-apron-with-your-inscription\/#breadcrumb"},"inLanguage":"en-US","potentialAction":[{"@type":"ReadAction","target":["https:\/\/pelin1971.hr\/en\/katalog\/gift-cooking-apron-with-your-inscription\/"]}]},{"@type":"ImageObject","inLanguage":"en-US","@id":"https:\/\/pelin1971.hr\/en\/katalog\/gift-cooking-apron-with-your-inscription\/#primaryimage","url":"https:\/\/pelin1971.hr\/wp-content\/uploads\/2017\/04\/poklon-prega\u010de.jpg","contentUrl":"https:\/\/pelin1971.hr\/wp-content\/uploads\/2017\/04\/poklon-prega\u010de.jpg","width":499,"height":499,"caption":"prega\u010da kuharska sa va\u0161im natpisom"},{"@type":"BreadcrumbList","@id":"https:\/\/pelin1971.hr\/en\/katalog\/gift-cooking-apron-with-your-inscription\/#breadcrumb","itemListElement":[{"@type":"ListItem","position":1,"name":"Home","item":"https:\/\/pelin1971.hr\/en\/"},{"@type":"ListItem","position":2,"name":"Shop","item":"https:\/\/pelin1971.hr\/en\/shop\/"},{"@type":"ListItem","position":3,"name":"Gift items","item":"https:\/\/pelin1971.hr\/en\/kategorija-proizvoda\/gift-items\/"},{"@type":"ListItem","position":4,"name":"Gift cooking apron with your inscription"}]},{"@type":"WebSite","@id":"https:\/\/pelin1971.hr\/en\/#website","url":"https:\/\/pelin1971.hr\/en\/","name":"Pelin1971","description":"","potentialAction":[{"@type":"SearchAction","target":{"@type":"EntryPoint","urlTemplate":"https:\/\/pelin1971.hr\/en\/?s={search_term_string}"},"query-input":{"@type":"PropertyValueSpecification","valueRequired":true,"valueName":"search_term_string"}}],"inLanguage":"en-US"}]}},"_links":{"self":[{"href":"https:\/\/pelin1971.hr\/en\/wp-json\/wp\/v2\/product\/7463","targetHints":{"allow":["GET"]}}],"collection":[{"href":"https:\/\/pelin1971.hr\/en\/wp-json\/wp\/v2\/product"}],"about":[{"href":"https:\/\/pelin1971.hr\/en\/wp-json\/wp\/v2\/types\/product"}],"replies":[{"embeddable":true,"href":"https:\/\/pelin1971.hr\/en\/wp-json\/wp\/v2\/comments?post=7463"}],"wp:featuredmedia":[{"embeddable":true,"href":"https:\/\/pelin1971.hr\/en\/wp-json\/wp\/v2\/media\/9025"}],"wp:attachment":[{"href":"https:\/\/pelin1971.hr\/en\/wp-json\/wp\/v2\/media?parent=7463"}],"wp:term":[{"taxonomy":"product_brand","embeddable":true,"href":"https:\/\/pelin1971.hr\/en\/wp-json\/wp\/v2\/product_brand?post=7463"},{"taxonomy":"product_cat","embeddable":true,"href":"https:\/\/pelin1971.hr\/en\/wp-json\/wp\/v2\/product_cat?post=7463"},{"taxonomy":"product_tag","embeddable":true,"href":"https:\/\/pelin1971.hr\/en\/wp-json\/wp\/v2\/product_tag?post=7463"}],"curies":[{"name":"wp","href":"https:\/\/api.w.org\/{rel}","templated":true}]}}