{"id":7458,"date":"2025-11-18T17:18:28","date_gmt":"2025-11-18T16:18:28","guid":{"rendered":"https:\/\/pelin1971.hr\/katalog\/gondola-banana-split-container\/"},"modified":"2025-11-25T10:48:21","modified_gmt":"2025-11-25T09:48:21","slug":"gondola-banana-split-container","status":"publish","type":"product","link":"https:\/\/pelin1971.hr\/en\/katalog\/gondola-banana-split-container\/","title":{"rendered":"Gondola &#8211; banana split container"},"content":{"rendered":"<h1>GONDOLA &#8211; containers for banana split cups<\/h1>\n","protected":false},"excerpt":{"rendered":"<p>GONDOLA &#8211; containers for banana split cups<\/p>\n","protected":false},"featured_media":9206,"comment_status":"open","ping_status":"closed","template":"","meta":{"_acf_changed":false},"product_brand":[],"product_cat":[4549],"product_tag":[3331,3333,3329],"class_list":{"0":"post-7458","1":"product","2":"type-product","3":"status-publish","4":"has-post-thumbnail","6":"product_cat-pastry-shop","7":"product_tag-banana-split-bowl","8":"product_tag-banana-split-cup-bowls","9":"product_tag-split-banana-cups","11":"first","12":"instock","13":"shipping-taxable","14":"purchasable","15":"product-type-simple"},"acf":[],"yoast_head":"<!-- This site is optimized with the Yoast SEO plugin v26.8 - https:\/\/yoast.com\/product\/yoast-seo-wordpress\/ -->\n<title>Containers for banana split cups for confectionery.catering,...<\/title>\n<meta name=\"description\" content=\"Banana Split Containers, Ice Cream Cup Container, Banana Split Ice Cream Cups, Banana Split Glass Containers, Banana Split Glass\" \/>\n<meta name=\"robots\" content=\"index, follow, max-snippet:-1, max-image-preview:large, max-video-preview:-1\" \/>\n<link rel=\"canonical\" href=\"https:\/\/pelin1971.hr\/en\/katalog\/gondola-banana-split-container\/\" \/>\n<meta property=\"og:locale\" content=\"en_US\" \/>\n<meta property=\"og:type\" content=\"article\" \/>\n<meta property=\"og:title\" content=\"Containers for banana split cups for confectionery.catering,...\" \/>\n<meta property=\"og:description\" content=\"Banana Split Containers, Ice Cream Cup Container, Banana Split Ice Cream Cups, Banana Split Glass Containers, Banana Split Glass\" \/>\n<meta property=\"og:url\" content=\"https:\/\/pelin1971.hr\/en\/katalog\/gondola-banana-split-container\/\" \/>\n<meta property=\"og:site_name\" content=\"Pelin1971\" \/>\n<meta property=\"article:modified_time\" content=\"2025-11-25T09:48:21+00:00\" \/>\n<meta property=\"og:image\" content=\"https:\/\/pelin1971.hr\/wp-content\/uploads\/2025\/11\/gondola-banana-split-za-web.jpg\" \/>\n\t<meta property=\"og:image:width\" content=\"470\" \/>\n\t<meta property=\"og:image:height\" content=\"470\" \/>\n\t<meta property=\"og:image:type\" content=\"image\/jpeg\" \/>\n<meta name=\"twitter:card\" content=\"summary_large_image\" \/>\n<script type=\"application\/ld+json\" class=\"yoast-schema-graph\">{\"@context\":\"https:\/\/schema.org\",\"@graph\":[{\"@type\":\"WebPage\",\"@id\":\"https:\/\/pelin1971.hr\/en\/katalog\/gondola-banana-split-container\/\",\"url\":\"https:\/\/pelin1971.hr\/en\/katalog\/gondola-banana-split-container\/\",\"name\":\"Containers for banana split cups for confectionery.catering,...\",\"isPartOf\":{\"@id\":\"https:\/\/pelin1971.hr\/en\/#website\"},\"primaryImageOfPage\":{\"@id\":\"https:\/\/pelin1971.hr\/en\/katalog\/gondola-banana-split-container\/#primaryimage\"},\"image\":{\"@id\":\"https:\/\/pelin1971.hr\/en\/katalog\/gondola-banana-split-container\/#primaryimage\"},\"thumbnailUrl\":\"https:\/\/pelin1971.hr\/wp-content\/uploads\/2018\/09\/gondola-banana-split-za-web.jpg\",\"datePublished\":\"2025-11-18T16:18:28+00:00\",\"dateModified\":\"2025-11-25T09:48:21+00:00\",\"description\":\"Banana Split Containers, Ice Cream Cup Container, Banana Split Ice Cream Cups, Banana Split Glass Containers, Banana Split Glass\",\"breadcrumb\":{\"@id\":\"https:\/\/pelin1971.hr\/en\/katalog\/gondola-banana-split-container\/#breadcrumb\"},\"inLanguage\":\"en-US\",\"potentialAction\":[{\"@type\":\"ReadAction\",\"target\":[\"https:\/\/pelin1971.hr\/en\/katalog\/gondola-banana-split-container\/\"]}]},{\"@type\":\"ImageObject\",\"inLanguage\":\"en-US\",\"@id\":\"https:\/\/pelin1971.hr\/en\/katalog\/gondola-banana-split-container\/#primaryimage\",\"url\":\"https:\/\/pelin1971.hr\/wp-content\/uploads\/2018\/09\/gondola-banana-split-za-web.jpg\",\"contentUrl\":\"https:\/\/pelin1971.hr\/wp-content\/uploads\/2018\/09\/gondola-banana-split-za-web.jpg\",\"width\":470,\"height\":470,\"caption\":\"posude za banana split kupove,\u010da\u0161e za banana split,slasti\u010darnica,cijena\"},{\"@type\":\"BreadcrumbList\",\"@id\":\"https:\/\/pelin1971.hr\/en\/katalog\/gondola-banana-split-container\/#breadcrumb\",\"itemListElement\":[{\"@type\":\"ListItem\",\"position\":1,\"name\":\"Home\",\"item\":\"https:\/\/pelin1971.hr\/en\/\"},{\"@type\":\"ListItem\",\"position\":2,\"name\":\"Shop\",\"item\":\"https:\/\/pelin1971.hr\/en\/shop\/\"},{\"@type\":\"ListItem\",\"position\":3,\"name\":\"Cocktail bar, pastry shop, pizzeria\",\"item\":\"https:\/\/pelin1971.hr\/en\/kategorija-proizvoda\/cocktail-bar-pastry-shop-pizzeria\/\"},{\"@type\":\"ListItem\",\"position\":4,\"name\":\"Pastry shop\",\"item\":\"https:\/\/pelin1971.hr\/en\/kategorija-proizvoda\/cocktail-bar-pastry-shop-pizzeria\/pastry-shop\/\"},{\"@type\":\"ListItem\",\"position\":5,\"name\":\"Gondola &#8211; banana split container\"}]},{\"@type\":\"WebSite\",\"@id\":\"https:\/\/pelin1971.hr\/en\/#website\",\"url\":\"https:\/\/pelin1971.hr\/en\/\",\"name\":\"Pelin1971\",\"description\":\"\",\"potentialAction\":[{\"@type\":\"SearchAction\",\"target\":{\"@type\":\"EntryPoint\",\"urlTemplate\":\"https:\/\/pelin1971.hr\/en\/?s={search_term_string}\"},\"query-input\":{\"@type\":\"PropertyValueSpecification\",\"valueRequired\":true,\"valueName\":\"search_term_string\"}}],\"inLanguage\":\"en-US\"}]}<\/script>\n<!-- \/ Yoast SEO plugin. -->","yoast_head_json":{"title":"Containers for banana split cups for confectionery.catering,...","description":"Banana Split Containers, Ice Cream Cup Container, Banana Split Ice Cream Cups, Banana Split Glass Containers, Banana Split Glass","robots":{"index":"index","follow":"follow","max-snippet":"max-snippet:-1","max-image-preview":"max-image-preview:large","max-video-preview":"max-video-preview:-1"},"canonical":"https:\/\/pelin1971.hr\/en\/katalog\/gondola-banana-split-container\/","og_locale":"en_US","og_type":"article","og_title":"Containers for banana split cups for confectionery.catering,...","og_description":"Banana Split Containers, Ice Cream Cup Container, Banana Split Ice Cream Cups, Banana Split Glass Containers, Banana Split Glass","og_url":"https:\/\/pelin1971.hr\/en\/katalog\/gondola-banana-split-container\/","og_site_name":"Pelin1971","article_modified_time":"2025-11-25T09:48:21+00:00","og_image":[{"width":470,"height":470,"url":"https:\/\/pelin1971.hr\/wp-content\/uploads\/2025\/11\/gondola-banana-split-za-web.jpg","type":"image\/jpeg"}],"twitter_card":"summary_large_image","schema":{"@context":"https:\/\/schema.org","@graph":[{"@type":"WebPage","@id":"https:\/\/pelin1971.hr\/en\/katalog\/gondola-banana-split-container\/","url":"https:\/\/pelin1971.hr\/en\/katalog\/gondola-banana-split-container\/","name":"Containers for banana split cups for confectionery.catering,...","isPartOf":{"@id":"https:\/\/pelin1971.hr\/en\/#website"},"primaryImageOfPage":{"@id":"https:\/\/pelin1971.hr\/en\/katalog\/gondola-banana-split-container\/#primaryimage"},"image":{"@id":"https:\/\/pelin1971.hr\/en\/katalog\/gondola-banana-split-container\/#primaryimage"},"thumbnailUrl":"https:\/\/pelin1971.hr\/wp-content\/uploads\/2018\/09\/gondola-banana-split-za-web.jpg","datePublished":"2025-11-18T16:18:28+00:00","dateModified":"2025-11-25T09:48:21+00:00","description":"Banana Split Containers, Ice Cream Cup Container, Banana Split Ice Cream Cups, Banana Split Glass Containers, Banana Split Glass","breadcrumb":{"@id":"https:\/\/pelin1971.hr\/en\/katalog\/gondola-banana-split-container\/#breadcrumb"},"inLanguage":"en-US","potentialAction":[{"@type":"ReadAction","target":["https:\/\/pelin1971.hr\/en\/katalog\/gondola-banana-split-container\/"]}]},{"@type":"ImageObject","inLanguage":"en-US","@id":"https:\/\/pelin1971.hr\/en\/katalog\/gondola-banana-split-container\/#primaryimage","url":"https:\/\/pelin1971.hr\/wp-content\/uploads\/2018\/09\/gondola-banana-split-za-web.jpg","contentUrl":"https:\/\/pelin1971.hr\/wp-content\/uploads\/2018\/09\/gondola-banana-split-za-web.jpg","width":470,"height":470,"caption":"posude za banana split kupove,\u010da\u0161e za banana split,slasti\u010darnica,cijena"},{"@type":"BreadcrumbList","@id":"https:\/\/pelin1971.hr\/en\/katalog\/gondola-banana-split-container\/#breadcrumb","itemListElement":[{"@type":"ListItem","position":1,"name":"Home","item":"https:\/\/pelin1971.hr\/en\/"},{"@type":"ListItem","position":2,"name":"Shop","item":"https:\/\/pelin1971.hr\/en\/shop\/"},{"@type":"ListItem","position":3,"name":"Cocktail bar, pastry shop, pizzeria","item":"https:\/\/pelin1971.hr\/en\/kategorija-proizvoda\/cocktail-bar-pastry-shop-pizzeria\/"},{"@type":"ListItem","position":4,"name":"Pastry shop","item":"https:\/\/pelin1971.hr\/en\/kategorija-proizvoda\/cocktail-bar-pastry-shop-pizzeria\/pastry-shop\/"},{"@type":"ListItem","position":5,"name":"Gondola &#8211; banana split container"}]},{"@type":"WebSite","@id":"https:\/\/pelin1971.hr\/en\/#website","url":"https:\/\/pelin1971.hr\/en\/","name":"Pelin1971","description":"","potentialAction":[{"@type":"SearchAction","target":{"@type":"EntryPoint","urlTemplate":"https:\/\/pelin1971.hr\/en\/?s={search_term_string}"},"query-input":{"@type":"PropertyValueSpecification","valueRequired":true,"valueName":"search_term_string"}}],"inLanguage":"en-US"}]}},"_links":{"self":[{"href":"https:\/\/pelin1971.hr\/en\/wp-json\/wp\/v2\/product\/7458","targetHints":{"allow":["GET"]}}],"collection":[{"href":"https:\/\/pelin1971.hr\/en\/wp-json\/wp\/v2\/product"}],"about":[{"href":"https:\/\/pelin1971.hr\/en\/wp-json\/wp\/v2\/types\/product"}],"replies":[{"embeddable":true,"href":"https:\/\/pelin1971.hr\/en\/wp-json\/wp\/v2\/comments?post=7458"}],"wp:featuredmedia":[{"embeddable":true,"href":"https:\/\/pelin1971.hr\/en\/wp-json\/wp\/v2\/media\/9206"}],"wp:attachment":[{"href":"https:\/\/pelin1971.hr\/en\/wp-json\/wp\/v2\/media?parent=7458"}],"wp:term":[{"taxonomy":"product_brand","embeddable":true,"href":"https:\/\/pelin1971.hr\/en\/wp-json\/wp\/v2\/product_brand?post=7458"},{"taxonomy":"product_cat","embeddable":true,"href":"https:\/\/pelin1971.hr\/en\/wp-json\/wp\/v2\/product_cat?post=7458"},{"taxonomy":"product_tag","embeddable":true,"href":"https:\/\/pelin1971.hr\/en\/wp-json\/wp\/v2\/product_tag?post=7458"}],"curies":[{"name":"wp","href":"https:\/\/api.w.org\/{rel}","templated":true}]}}