{"id":7456,"date":"2025-11-18T17:18:28","date_gmt":"2025-11-18T16:18:28","guid":{"rendered":"https:\/\/pelin1971.hr\/katalog\/bottle-rack\/"},"modified":"2025-11-25T10:48:15","modified_gmt":"2025-11-25T09:48:15","slug":"bottle-rack","status":"publish","type":"product","link":"https:\/\/pelin1971.hr\/en\/katalog\/bottle-rack\/","title":{"rendered":"Bottle rack"},"content":{"rendered":"<h1>Bottle rack<\/h1>\n<p>-material: stainless steel<br \/>\n-packaging: 1 pc<br \/>\n-purpose: bottle cooling<br \/>\n-similar article:  <a href=\"https:\/\/pelin1971.hr\/katalog\/kible-za-butelje-vino\/\">PVC bucket for bottles<\/a><\/p>\n","protected":false},"excerpt":{"rendered":"<p>Bottle rack -material: stainless steel -packaging: 1 pc -purpose: bottle cooling -similar article: PVC bucket for bottles<\/p>\n","protected":false},"featured_media":8285,"comment_status":"open","ping_status":"closed","template":"","meta":{"_acf_changed":false},"product_brand":[],"product_cat":[4566],"product_tag":[3324,3326,3323,3325,3327,3328],"class_list":{"0":"post-7456","1":"product","2":"type-product","3":"status-publish","4":"has-post-thumbnail","6":"product_cat-stainless-steel-for-catering","7":"product_tag-bottle-cap-2","8":"product_tag-catering-qibla","9":"product_tag-champagne-cooler","10":"product_tag-stainless-steel-bottle-cooling-container","11":"product_tag-stainless-steel-champagne","12":"product_tag-stainless-steel-qibla","14":"first","15":"instock","16":"shipping-taxable","17":"purchasable","18":"product-type-simple"},"acf":[],"yoast_head":"<!-- This site is optimized with the Yoast SEO plugin v26.8 - https:\/\/yoast.com\/product\/yoast-seo-wordpress\/ -->\n<title>BOTTLE CUPBOARD, STAINLESS STEEL BOTTLES COOLING CONTAINER<\/title>\n<meta name=\"description\" content=\"bottle rack, stainless steel bottle cooler, champagne cooler, catering rack, stainless steel champagne cooler, stainless steel rack, price\" \/>\n<meta name=\"robots\" content=\"index, follow, max-snippet:-1, max-image-preview:large, max-video-preview:-1\" \/>\n<link rel=\"canonical\" href=\"https:\/\/pelin1971.hr\/en\/katalog\/bottle-rack\/\" \/>\n<meta property=\"og:locale\" content=\"en_US\" \/>\n<meta property=\"og:type\" content=\"article\" \/>\n<meta property=\"og:title\" content=\"BOTTLE CUPBOARD, STAINLESS STEEL BOTTLES COOLING CONTAINER\" \/>\n<meta property=\"og:description\" content=\"bottle rack, stainless steel bottle cooler, champagne cooler, catering rack, stainless steel champagne cooler, stainless steel rack, price\" \/>\n<meta property=\"og:url\" content=\"https:\/\/pelin1971.hr\/en\/katalog\/bottle-rack\/\" \/>\n<meta property=\"og:site_name\" content=\"Pelin1971\" \/>\n<meta property=\"article:modified_time\" content=\"2025-11-25T09:48:15+00:00\" \/>\n<meta property=\"og:image\" content=\"https:\/\/pelin1971.hr\/wp-content\/uploads\/2025\/11\/inox-posuda-za-led.jpg\" \/>\n\t<meta property=\"og:image:width\" content=\"2080\" \/>\n\t<meta property=\"og:image:height\" content=\"2080\" \/>\n\t<meta property=\"og:image:type\" content=\"image\/jpeg\" \/>\n<meta name=\"twitter:card\" content=\"summary_large_image\" \/>\n<script type=\"application\/ld+json\" class=\"yoast-schema-graph\">{\"@context\":\"https:\/\/schema.org\",\"@graph\":[{\"@type\":\"WebPage\",\"@id\":\"https:\/\/pelin1971.hr\/en\/katalog\/bottle-rack\/\",\"url\":\"https:\/\/pelin1971.hr\/en\/katalog\/bottle-rack\/\",\"name\":\"BOTTLE CUPBOARD, STAINLESS STEEL BOTTLES COOLING CONTAINER\",\"isPartOf\":{\"@id\":\"https:\/\/pelin1971.hr\/en\/#website\"},\"primaryImageOfPage\":{\"@id\":\"https:\/\/pelin1971.hr\/en\/katalog\/bottle-rack\/#primaryimage\"},\"image\":{\"@id\":\"https:\/\/pelin1971.hr\/en\/katalog\/bottle-rack\/#primaryimage\"},\"thumbnailUrl\":\"https:\/\/pelin1971.hr\/wp-content\/uploads\/2025\/11\/inox-posuda-za-led.jpg\",\"datePublished\":\"2025-11-18T16:18:28+00:00\",\"dateModified\":\"2025-11-25T09:48:15+00:00\",\"description\":\"bottle rack, stainless steel bottle cooler, champagne cooler, catering rack, stainless steel champagne cooler, stainless steel rack, price\",\"breadcrumb\":{\"@id\":\"https:\/\/pelin1971.hr\/en\/katalog\/bottle-rack\/#breadcrumb\"},\"inLanguage\":\"en-US\",\"potentialAction\":[{\"@type\":\"ReadAction\",\"target\":[\"https:\/\/pelin1971.hr\/en\/katalog\/bottle-rack\/\"]}]},{\"@type\":\"ImageObject\",\"inLanguage\":\"en-US\",\"@id\":\"https:\/\/pelin1971.hr\/en\/katalog\/bottle-rack\/#primaryimage\",\"url\":\"https:\/\/pelin1971.hr\/wp-content\/uploads\/2025\/11\/inox-posuda-za-led.jpg\",\"contentUrl\":\"https:\/\/pelin1971.hr\/wp-content\/uploads\/2025\/11\/inox-posuda-za-led.jpg\",\"width\":2080,\"height\":2080,\"caption\":\"posuda za \u0161ampanjac,kibla za hla\u0111enje boca,pi\u0107a inox posuda za hla\u0111enje,cijena\"},{\"@type\":\"BreadcrumbList\",\"@id\":\"https:\/\/pelin1971.hr\/en\/katalog\/bottle-rack\/#breadcrumb\",\"itemListElement\":[{\"@type\":\"ListItem\",\"position\":1,\"name\":\"Home\",\"item\":\"https:\/\/pelin1971.hr\/en\/\"},{\"@type\":\"ListItem\",\"position\":2,\"name\":\"Shop\",\"item\":\"https:\/\/pelin1971.hr\/en\/shop\/\"},{\"@type\":\"ListItem\",\"position\":3,\"name\":\"Stainless steel for catering\",\"item\":\"https:\/\/pelin1971.hr\/en\/kategorija-proizvoda\/stainless-steel-for-catering\/\"},{\"@type\":\"ListItem\",\"position\":4,\"name\":\"Bottle rack\"}]},{\"@type\":\"WebSite\",\"@id\":\"https:\/\/pelin1971.hr\/en\/#website\",\"url\":\"https:\/\/pelin1971.hr\/en\/\",\"name\":\"Pelin1971\",\"description\":\"\",\"potentialAction\":[{\"@type\":\"SearchAction\",\"target\":{\"@type\":\"EntryPoint\",\"urlTemplate\":\"https:\/\/pelin1971.hr\/en\/?s={search_term_string}\"},\"query-input\":{\"@type\":\"PropertyValueSpecification\",\"valueRequired\":true,\"valueName\":\"search_term_string\"}}],\"inLanguage\":\"en-US\"}]}<\/script>\n<!-- \/ Yoast SEO plugin. -->","yoast_head_json":{"title":"BOTTLE CUPBOARD, STAINLESS STEEL BOTTLES COOLING CONTAINER","description":"bottle rack, stainless steel bottle cooler, champagne cooler, catering rack, stainless steel champagne cooler, stainless steel rack, price","robots":{"index":"index","follow":"follow","max-snippet":"max-snippet:-1","max-image-preview":"max-image-preview:large","max-video-preview":"max-video-preview:-1"},"canonical":"https:\/\/pelin1971.hr\/en\/katalog\/bottle-rack\/","og_locale":"en_US","og_type":"article","og_title":"BOTTLE CUPBOARD, STAINLESS STEEL BOTTLES COOLING CONTAINER","og_description":"bottle rack, stainless steel bottle cooler, champagne cooler, catering rack, stainless steel champagne cooler, stainless steel rack, price","og_url":"https:\/\/pelin1971.hr\/en\/katalog\/bottle-rack\/","og_site_name":"Pelin1971","article_modified_time":"2025-11-25T09:48:15+00:00","og_image":[{"width":2080,"height":2080,"url":"https:\/\/pelin1971.hr\/wp-content\/uploads\/2025\/11\/inox-posuda-za-led.jpg","type":"image\/jpeg"}],"twitter_card":"summary_large_image","schema":{"@context":"https:\/\/schema.org","@graph":[{"@type":"WebPage","@id":"https:\/\/pelin1971.hr\/en\/katalog\/bottle-rack\/","url":"https:\/\/pelin1971.hr\/en\/katalog\/bottle-rack\/","name":"BOTTLE CUPBOARD, STAINLESS STEEL BOTTLES COOLING CONTAINER","isPartOf":{"@id":"https:\/\/pelin1971.hr\/en\/#website"},"primaryImageOfPage":{"@id":"https:\/\/pelin1971.hr\/en\/katalog\/bottle-rack\/#primaryimage"},"image":{"@id":"https:\/\/pelin1971.hr\/en\/katalog\/bottle-rack\/#primaryimage"},"thumbnailUrl":"https:\/\/pelin1971.hr\/wp-content\/uploads\/2025\/11\/inox-posuda-za-led.jpg","datePublished":"2025-11-18T16:18:28+00:00","dateModified":"2025-11-25T09:48:15+00:00","description":"bottle rack, stainless steel bottle cooler, champagne cooler, catering rack, stainless steel champagne cooler, stainless steel rack, price","breadcrumb":{"@id":"https:\/\/pelin1971.hr\/en\/katalog\/bottle-rack\/#breadcrumb"},"inLanguage":"en-US","potentialAction":[{"@type":"ReadAction","target":["https:\/\/pelin1971.hr\/en\/katalog\/bottle-rack\/"]}]},{"@type":"ImageObject","inLanguage":"en-US","@id":"https:\/\/pelin1971.hr\/en\/katalog\/bottle-rack\/#primaryimage","url":"https:\/\/pelin1971.hr\/wp-content\/uploads\/2025\/11\/inox-posuda-za-led.jpg","contentUrl":"https:\/\/pelin1971.hr\/wp-content\/uploads\/2025\/11\/inox-posuda-za-led.jpg","width":2080,"height":2080,"caption":"posuda za \u0161ampanjac,kibla za hla\u0111enje boca,pi\u0107a inox posuda za hla\u0111enje,cijena"},{"@type":"BreadcrumbList","@id":"https:\/\/pelin1971.hr\/en\/katalog\/bottle-rack\/#breadcrumb","itemListElement":[{"@type":"ListItem","position":1,"name":"Home","item":"https:\/\/pelin1971.hr\/en\/"},{"@type":"ListItem","position":2,"name":"Shop","item":"https:\/\/pelin1971.hr\/en\/shop\/"},{"@type":"ListItem","position":3,"name":"Stainless steel for catering","item":"https:\/\/pelin1971.hr\/en\/kategorija-proizvoda\/stainless-steel-for-catering\/"},{"@type":"ListItem","position":4,"name":"Bottle rack"}]},{"@type":"WebSite","@id":"https:\/\/pelin1971.hr\/en\/#website","url":"https:\/\/pelin1971.hr\/en\/","name":"Pelin1971","description":"","potentialAction":[{"@type":"SearchAction","target":{"@type":"EntryPoint","urlTemplate":"https:\/\/pelin1971.hr\/en\/?s={search_term_string}"},"query-input":{"@type":"PropertyValueSpecification","valueRequired":true,"valueName":"search_term_string"}}],"inLanguage":"en-US"}]}},"_links":{"self":[{"href":"https:\/\/pelin1971.hr\/en\/wp-json\/wp\/v2\/product\/7456","targetHints":{"allow":["GET"]}}],"collection":[{"href":"https:\/\/pelin1971.hr\/en\/wp-json\/wp\/v2\/product"}],"about":[{"href":"https:\/\/pelin1971.hr\/en\/wp-json\/wp\/v2\/types\/product"}],"replies":[{"embeddable":true,"href":"https:\/\/pelin1971.hr\/en\/wp-json\/wp\/v2\/comments?post=7456"}],"wp:featuredmedia":[{"embeddable":true,"href":"https:\/\/pelin1971.hr\/en\/wp-json\/wp\/v2\/media\/8285"}],"wp:attachment":[{"href":"https:\/\/pelin1971.hr\/en\/wp-json\/wp\/v2\/media?parent=7456"}],"wp:term":[{"taxonomy":"product_brand","embeddable":true,"href":"https:\/\/pelin1971.hr\/en\/wp-json\/wp\/v2\/product_brand?post=7456"},{"taxonomy":"product_cat","embeddable":true,"href":"https:\/\/pelin1971.hr\/en\/wp-json\/wp\/v2\/product_cat?post=7456"},{"taxonomy":"product_tag","embeddable":true,"href":"https:\/\/pelin1971.hr\/en\/wp-json\/wp\/v2\/product_tag?post=7456"}],"curies":[{"name":"wp","href":"https:\/\/api.w.org\/{rel}","templated":true}]}}