{"id":7448,"date":"2025-11-18T17:18:28","date_gmt":"2025-11-18T16:18:28","guid":{"rendered":"https:\/\/pelin1971.hr\/katalog\/allegra-sparkling-wine-glasses\/"},"modified":"2025-11-25T10:48:16","modified_gmt":"2025-11-25T09:48:16","slug":"allegra-sparkling-wine-glasses","status":"publish","type":"product","link":"https:\/\/pelin1971.hr\/en\/katalog\/allegra-sparkling-wine-glasses\/","title":{"rendered":"ALLEGRA SPARKLING WINE GLASSES"},"content":{"rendered":"<h1>Allegra 195cc sparkling wine glasses<\/h1>\n<p>-glasses for serving champagne, sparkling wine and similar drinks<br \/>\n-packaging 6\/1 and 12\/1<br \/>\n-Capacity: 195ml<br \/>\n-Dimensions: height 226mm, diameter 70mm<br \/>\n-manufacturer: Pasabache<br \/>\n-similar article:  <a href=\"https:\/\/pelin1971.hr\/katalog\/case-za-sampanjac\/\">Champagne glasses<\/a><\/p>\n","protected":false},"excerpt":{"rendered":"<p>Allegra 195cc sparkling wine glasses -glasses for serving champagne, sparkling wine and similar drinks -packaging 6\/1 and 12\/1 -Capacity: 195ml -Dimensions: height 226mm, diameter 70mm -manufacturer: Pasabache -similar article: Champagne glasses<\/p>\n","protected":false},"featured_media":8960,"comment_status":"open","ping_status":"closed","template":"","meta":{"_acf_changed":false},"product_brand":[],"product_cat":[4600],"product_tag":[3308],"class_list":{"0":"post-7448","1":"product","2":"type-product","3":"status-publish","4":"has-post-thumbnail","6":"product_cat-glasses-chalice-stand","7":"product_tag-champagne-glasses","9":"first","10":"instock","11":"shipping-taxable","12":"purchasable","13":"product-type-simple"},"acf":[],"yoast_head":"<!-- This site is optimized with the Yoast SEO plugin v26.8 - https:\/\/yoast.com\/product\/yoast-seo-wordpress\/ -->\n<title>Allegra sparkling wine glasses, champagne glasses, prosseco<\/title>\n<meta name=\"description\" content=\"sparkling wine glasses, champagne glasses on stand, sparkling wine serving glasses, champagne glasses on stand, sparkling wine serving glasses, sparkling wine glass, prosseco, price\" \/>\n<meta name=\"robots\" content=\"index, follow, max-snippet:-1, max-image-preview:large, max-video-preview:-1\" \/>\n<link rel=\"canonical\" href=\"https:\/\/pelin1971.hr\/en\/katalog\/allegra-sparkling-wine-glasses\/\" \/>\n<meta property=\"og:locale\" content=\"en_US\" \/>\n<meta property=\"og:type\" content=\"article\" \/>\n<meta property=\"og:title\" content=\"Allegra sparkling wine glasses, champagne glasses, prosseco\" \/>\n<meta property=\"og:description\" content=\"sparkling wine glasses, champagne glasses on stand, sparkling wine serving glasses, champagne glasses on stand, sparkling wine serving glasses, sparkling wine glass, prosseco, price\" \/>\n<meta property=\"og:url\" content=\"https:\/\/pelin1971.hr\/en\/katalog\/allegra-sparkling-wine-glasses\/\" \/>\n<meta property=\"og:site_name\" content=\"Pelin1971\" \/>\n<meta property=\"article:modified_time\" content=\"2025-11-25T09:48:16+00:00\" \/>\n<meta property=\"og:image\" content=\"https:\/\/pelin1971.hr\/wp-content\/uploads\/2025\/11\/asa-allegra-sampanj-195cc.jpg\" \/>\n\t<meta property=\"og:image:width\" content=\"2080\" \/>\n\t<meta property=\"og:image:height\" content=\"2080\" \/>\n\t<meta property=\"og:image:type\" content=\"image\/jpeg\" \/>\n<meta name=\"twitter:card\" content=\"summary_large_image\" \/>\n<script type=\"application\/ld+json\" class=\"yoast-schema-graph\">{\"@context\":\"https:\/\/schema.org\",\"@graph\":[{\"@type\":\"WebPage\",\"@id\":\"https:\/\/pelin1971.hr\/en\/katalog\/allegra-sparkling-wine-glasses\/\",\"url\":\"https:\/\/pelin1971.hr\/en\/katalog\/allegra-sparkling-wine-glasses\/\",\"name\":\"Allegra sparkling wine glasses, champagne glasses, prosseco\",\"isPartOf\":{\"@id\":\"https:\/\/pelin1971.hr\/en\/#website\"},\"primaryImageOfPage\":{\"@id\":\"https:\/\/pelin1971.hr\/en\/katalog\/allegra-sparkling-wine-glasses\/#primaryimage\"},\"image\":{\"@id\":\"https:\/\/pelin1971.hr\/en\/katalog\/allegra-sparkling-wine-glasses\/#primaryimage\"},\"thumbnailUrl\":\"https:\/\/pelin1971.hr\/wp-content\/uploads\/2025\/02\/\u010da\u0161a-allegra-\u0161ampanj-195cc.jpg\",\"datePublished\":\"2025-11-18T16:18:28+00:00\",\"dateModified\":\"2025-11-25T09:48:16+00:00\",\"description\":\"sparkling wine glasses, champagne glasses on stand, sparkling wine serving glasses, champagne glasses on stand, sparkling wine serving glasses, sparkling wine glass, prosseco, price\",\"breadcrumb\":{\"@id\":\"https:\/\/pelin1971.hr\/en\/katalog\/allegra-sparkling-wine-glasses\/#breadcrumb\"},\"inLanguage\":\"en-US\",\"potentialAction\":[{\"@type\":\"ReadAction\",\"target\":[\"https:\/\/pelin1971.hr\/en\/katalog\/allegra-sparkling-wine-glasses\/\"]}]},{\"@type\":\"ImageObject\",\"inLanguage\":\"en-US\",\"@id\":\"https:\/\/pelin1971.hr\/en\/katalog\/allegra-sparkling-wine-glasses\/#primaryimage\",\"url\":\"https:\/\/pelin1971.hr\/wp-content\/uploads\/2025\/02\/\u010da\u0161a-allegra-\u0161ampanj-195cc.jpg\",\"contentUrl\":\"https:\/\/pelin1971.hr\/wp-content\/uploads\/2025\/02\/\u010da\u0161a-allegra-\u0161ampanj-195cc.jpg\",\"width\":2080,\"height\":2080,\"caption\":\"\u010da\u0161e za pjenu\u0161ac,\u010da\u0161e za \u0161ampanjac,champagne \u010da\u0161e,\u0161ampanj \u010da\u0161e,\u010da\u0161e za prosecco,ugostiteljske \u010da\u0161e,\u010da\u0161e za ugostiteljstvo,ugostiteljska oprema,cijena\"},{\"@type\":\"BreadcrumbList\",\"@id\":\"https:\/\/pelin1971.hr\/en\/katalog\/allegra-sparkling-wine-glasses\/#breadcrumb\",\"itemListElement\":[{\"@type\":\"ListItem\",\"position\":1,\"name\":\"Home\",\"item\":\"https:\/\/pelin1971.hr\/en\/\"},{\"@type\":\"ListItem\",\"position\":2,\"name\":\"Shop\",\"item\":\"https:\/\/pelin1971.hr\/en\/shop\/\"},{\"@type\":\"ListItem\",\"position\":3,\"name\":\"Glasses for catering I\",\"item\":\"https:\/\/pelin1971.hr\/en\/kategorija-proizvoda\/glasses-for-catering-i\/\"},{\"@type\":\"ListItem\",\"position\":4,\"name\":\"Glasses Chalice - Stand\",\"item\":\"https:\/\/pelin1971.hr\/en\/kategorija-proizvoda\/glasses-for-catering-i\/glasses-chalice-stand\/\"},{\"@type\":\"ListItem\",\"position\":5,\"name\":\"ALLEGRA SPARKLING WINE GLASSES\"}]},{\"@type\":\"WebSite\",\"@id\":\"https:\/\/pelin1971.hr\/en\/#website\",\"url\":\"https:\/\/pelin1971.hr\/en\/\",\"name\":\"Pelin1971\",\"description\":\"\",\"potentialAction\":[{\"@type\":\"SearchAction\",\"target\":{\"@type\":\"EntryPoint\",\"urlTemplate\":\"https:\/\/pelin1971.hr\/en\/?s={search_term_string}\"},\"query-input\":{\"@type\":\"PropertyValueSpecification\",\"valueRequired\":true,\"valueName\":\"search_term_string\"}}],\"inLanguage\":\"en-US\"}]}<\/script>\n<!-- \/ Yoast SEO plugin. -->","yoast_head_json":{"title":"Allegra sparkling wine glasses, champagne glasses, prosseco","description":"sparkling wine glasses, champagne glasses on stand, sparkling wine serving glasses, champagne glasses on stand, sparkling wine serving glasses, sparkling wine glass, prosseco, price","robots":{"index":"index","follow":"follow","max-snippet":"max-snippet:-1","max-image-preview":"max-image-preview:large","max-video-preview":"max-video-preview:-1"},"canonical":"https:\/\/pelin1971.hr\/en\/katalog\/allegra-sparkling-wine-glasses\/","og_locale":"en_US","og_type":"article","og_title":"Allegra sparkling wine glasses, champagne glasses, prosseco","og_description":"sparkling wine glasses, champagne glasses on stand, sparkling wine serving glasses, champagne glasses on stand, sparkling wine serving glasses, sparkling wine glass, prosseco, price","og_url":"https:\/\/pelin1971.hr\/en\/katalog\/allegra-sparkling-wine-glasses\/","og_site_name":"Pelin1971","article_modified_time":"2025-11-25T09:48:16+00:00","og_image":[{"width":2080,"height":2080,"url":"https:\/\/pelin1971.hr\/wp-content\/uploads\/2025\/11\/asa-allegra-sampanj-195cc.jpg","type":"image\/jpeg"}],"twitter_card":"summary_large_image","schema":{"@context":"https:\/\/schema.org","@graph":[{"@type":"WebPage","@id":"https:\/\/pelin1971.hr\/en\/katalog\/allegra-sparkling-wine-glasses\/","url":"https:\/\/pelin1971.hr\/en\/katalog\/allegra-sparkling-wine-glasses\/","name":"Allegra sparkling wine glasses, champagne glasses, prosseco","isPartOf":{"@id":"https:\/\/pelin1971.hr\/en\/#website"},"primaryImageOfPage":{"@id":"https:\/\/pelin1971.hr\/en\/katalog\/allegra-sparkling-wine-glasses\/#primaryimage"},"image":{"@id":"https:\/\/pelin1971.hr\/en\/katalog\/allegra-sparkling-wine-glasses\/#primaryimage"},"thumbnailUrl":"https:\/\/pelin1971.hr\/wp-content\/uploads\/2025\/02\/\u010da\u0161a-allegra-\u0161ampanj-195cc.jpg","datePublished":"2025-11-18T16:18:28+00:00","dateModified":"2025-11-25T09:48:16+00:00","description":"sparkling wine glasses, champagne glasses on stand, sparkling wine serving glasses, champagne glasses on stand, sparkling wine serving glasses, sparkling wine glass, prosseco, price","breadcrumb":{"@id":"https:\/\/pelin1971.hr\/en\/katalog\/allegra-sparkling-wine-glasses\/#breadcrumb"},"inLanguage":"en-US","potentialAction":[{"@type":"ReadAction","target":["https:\/\/pelin1971.hr\/en\/katalog\/allegra-sparkling-wine-glasses\/"]}]},{"@type":"ImageObject","inLanguage":"en-US","@id":"https:\/\/pelin1971.hr\/en\/katalog\/allegra-sparkling-wine-glasses\/#primaryimage","url":"https:\/\/pelin1971.hr\/wp-content\/uploads\/2025\/02\/\u010da\u0161a-allegra-\u0161ampanj-195cc.jpg","contentUrl":"https:\/\/pelin1971.hr\/wp-content\/uploads\/2025\/02\/\u010da\u0161a-allegra-\u0161ampanj-195cc.jpg","width":2080,"height":2080,"caption":"\u010da\u0161e za pjenu\u0161ac,\u010da\u0161e za \u0161ampanjac,champagne \u010da\u0161e,\u0161ampanj \u010da\u0161e,\u010da\u0161e za prosecco,ugostiteljske \u010da\u0161e,\u010da\u0161e za ugostiteljstvo,ugostiteljska oprema,cijena"},{"@type":"BreadcrumbList","@id":"https:\/\/pelin1971.hr\/en\/katalog\/allegra-sparkling-wine-glasses\/#breadcrumb","itemListElement":[{"@type":"ListItem","position":1,"name":"Home","item":"https:\/\/pelin1971.hr\/en\/"},{"@type":"ListItem","position":2,"name":"Shop","item":"https:\/\/pelin1971.hr\/en\/shop\/"},{"@type":"ListItem","position":3,"name":"Glasses for catering I","item":"https:\/\/pelin1971.hr\/en\/kategorija-proizvoda\/glasses-for-catering-i\/"},{"@type":"ListItem","position":4,"name":"Glasses Chalice - Stand","item":"https:\/\/pelin1971.hr\/en\/kategorija-proizvoda\/glasses-for-catering-i\/glasses-chalice-stand\/"},{"@type":"ListItem","position":5,"name":"ALLEGRA SPARKLING WINE GLASSES"}]},{"@type":"WebSite","@id":"https:\/\/pelin1971.hr\/en\/#website","url":"https:\/\/pelin1971.hr\/en\/","name":"Pelin1971","description":"","potentialAction":[{"@type":"SearchAction","target":{"@type":"EntryPoint","urlTemplate":"https:\/\/pelin1971.hr\/en\/?s={search_term_string}"},"query-input":{"@type":"PropertyValueSpecification","valueRequired":true,"valueName":"search_term_string"}}],"inLanguage":"en-US"}]}},"_links":{"self":[{"href":"https:\/\/pelin1971.hr\/en\/wp-json\/wp\/v2\/product\/7448","targetHints":{"allow":["GET"]}}],"collection":[{"href":"https:\/\/pelin1971.hr\/en\/wp-json\/wp\/v2\/product"}],"about":[{"href":"https:\/\/pelin1971.hr\/en\/wp-json\/wp\/v2\/types\/product"}],"replies":[{"embeddable":true,"href":"https:\/\/pelin1971.hr\/en\/wp-json\/wp\/v2\/comments?post=7448"}],"wp:featuredmedia":[{"embeddable":true,"href":"https:\/\/pelin1971.hr\/en\/wp-json\/wp\/v2\/media\/8960"}],"wp:attachment":[{"href":"https:\/\/pelin1971.hr\/en\/wp-json\/wp\/v2\/media?parent=7448"}],"wp:term":[{"taxonomy":"product_brand","embeddable":true,"href":"https:\/\/pelin1971.hr\/en\/wp-json\/wp\/v2\/product_brand?post=7448"},{"taxonomy":"product_cat","embeddable":true,"href":"https:\/\/pelin1971.hr\/en\/wp-json\/wp\/v2\/product_cat?post=7448"},{"taxonomy":"product_tag","embeddable":true,"href":"https:\/\/pelin1971.hr\/en\/wp-json\/wp\/v2\/product_tag?post=7448"}],"curies":[{"name":"wp","href":"https:\/\/api.w.org\/{rel}","templated":true}]}}