{"id":7445,"date":"2025-11-18T17:18:28","date_gmt":"2025-11-18T16:18:28","guid":{"rendered":"https:\/\/pelin1971.hr\/katalog\/monte-carlo-prosecco-glasses\/"},"modified":"2025-11-25T10:48:15","modified_gmt":"2025-11-25T09:48:15","slug":"monte-carlo-prosecco-glasses","status":"publish","type":"product","link":"https:\/\/pelin1971.hr\/en\/katalog\/monte-carlo-prosecco-glasses\/","title":{"rendered":"MONTE CARLO PROSECCO GLASSES"},"content":{"rendered":"<h1>MonteCarlo Prosecco Glasses 225cc<\/h1>\n<p>&#8211; glasses for serving prosecco, champagne, sparkling wine and similar drinks<br \/>\n-packaging 6\/1 and 12\/1<br \/>\n-Capacity: 225ml<br \/>\n-Dimensions: height 252mm, diameter 75mm<br \/>\n-manufacturer: Pasabache<br \/>\n-similar article:  <a href=\"https:\/\/pelin1971.hr\/katalog\/case-za-sampanjac\/\">Champagne glasses<\/a><\/p>\n","protected":false},"excerpt":{"rendered":"<p>MonteCarlo Prosecco Glasses 225cc &#8211; glasses for serving prosecco, champagne, sparkling wine and similar drinks -packaging 6\/1 and 12\/1 -Capacity: 225ml -Dimensions: height 252mm, diameter 75mm -manufacturer: Pasabache -similar article: Champagne glasses<\/p>\n","protected":false},"featured_media":8962,"comment_status":"open","ping_status":"closed","template":"","meta":{"_acf_changed":false},"product_brand":[],"product_cat":[4600],"product_tag":[3306],"class_list":{"0":"post-7445","1":"product","2":"type-product","3":"status-publish","4":"has-post-thumbnail","6":"product_cat-glasses-chalice-stand","7":"product_tag-prosecco-glasses","9":"first","10":"instock","11":"shipping-taxable","12":"purchasable","13":"product-type-simple"},"acf":[],"yoast_head":"<!-- This site is optimized with the Yoast SEO plugin v26.8 - https:\/\/yoast.com\/product\/yoast-seo-wordpress\/ -->\n<title>MonteCarlo Prosecco Glasses 225-Champagne Glasses,Sparkling Wine<\/title>\n<meta name=\"description\" content=\"prosecco glasses,sparkling wine glasses,champagne glasses,champagne glasses,champagne glasses,prosecco glass,catering glasses,catering glasses,price\" \/>\n<meta name=\"robots\" content=\"index, follow, max-snippet:-1, max-image-preview:large, max-video-preview:-1\" \/>\n<link rel=\"canonical\" href=\"https:\/\/pelin1971.hr\/en\/katalog\/monte-carlo-prosecco-glasses\/\" \/>\n<meta property=\"og:locale\" content=\"en_US\" \/>\n<meta property=\"og:type\" content=\"article\" \/>\n<meta property=\"og:title\" content=\"MonteCarlo Prosecco Glasses 225-Champagne Glasses,Sparkling Wine\" \/>\n<meta property=\"og:description\" content=\"prosecco glasses,sparkling wine glasses,champagne glasses,champagne glasses,champagne glasses,prosecco glass,catering glasses,catering glasses,price\" \/>\n<meta property=\"og:url\" content=\"https:\/\/pelin1971.hr\/en\/katalog\/monte-carlo-prosecco-glasses\/\" \/>\n<meta property=\"og:site_name\" content=\"Pelin1971\" \/>\n<meta property=\"article:modified_time\" content=\"2025-11-25T09:48:15+00:00\" \/>\n<meta property=\"og:image\" content=\"https:\/\/pelin1971.hr\/wp-content\/uploads\/2025\/11\/asa-Monte-Carlo-prosecco-sampanj-225cc.jpg\" \/>\n\t<meta property=\"og:image:width\" content=\"2079\" \/>\n\t<meta property=\"og:image:height\" content=\"2080\" \/>\n\t<meta property=\"og:image:type\" content=\"image\/jpeg\" \/>\n<meta name=\"twitter:card\" content=\"summary_large_image\" \/>\n<script type=\"application\/ld+json\" class=\"yoast-schema-graph\">{\"@context\":\"https:\/\/schema.org\",\"@graph\":[{\"@type\":\"WebPage\",\"@id\":\"https:\/\/pelin1971.hr\/en\/katalog\/monte-carlo-prosecco-glasses\/\",\"url\":\"https:\/\/pelin1971.hr\/en\/katalog\/monte-carlo-prosecco-glasses\/\",\"name\":\"MonteCarlo Prosecco Glasses 225-Champagne Glasses,Sparkling Wine\",\"isPartOf\":{\"@id\":\"https:\/\/pelin1971.hr\/en\/#website\"},\"primaryImageOfPage\":{\"@id\":\"https:\/\/pelin1971.hr\/en\/katalog\/monte-carlo-prosecco-glasses\/#primaryimage\"},\"image\":{\"@id\":\"https:\/\/pelin1971.hr\/en\/katalog\/monte-carlo-prosecco-glasses\/#primaryimage\"},\"thumbnailUrl\":\"https:\/\/pelin1971.hr\/wp-content\/uploads\/2025\/02\/\u010da\u0161a-Monte-Carlo-prosecco-\u0161ampanj-225cc.jpg\",\"datePublished\":\"2025-11-18T16:18:28+00:00\",\"dateModified\":\"2025-11-25T09:48:15+00:00\",\"description\":\"prosecco glasses,sparkling wine glasses,champagne glasses,champagne glasses,champagne glasses,prosecco glass,catering glasses,catering glasses,price\",\"breadcrumb\":{\"@id\":\"https:\/\/pelin1971.hr\/en\/katalog\/monte-carlo-prosecco-glasses\/#breadcrumb\"},\"inLanguage\":\"en-US\",\"potentialAction\":[{\"@type\":\"ReadAction\",\"target\":[\"https:\/\/pelin1971.hr\/en\/katalog\/monte-carlo-prosecco-glasses\/\"]}]},{\"@type\":\"ImageObject\",\"inLanguage\":\"en-US\",\"@id\":\"https:\/\/pelin1971.hr\/en\/katalog\/monte-carlo-prosecco-glasses\/#primaryimage\",\"url\":\"https:\/\/pelin1971.hr\/wp-content\/uploads\/2025\/02\/\u010da\u0161a-Monte-Carlo-prosecco-\u0161ampanj-225cc.jpg\",\"contentUrl\":\"https:\/\/pelin1971.hr\/wp-content\/uploads\/2025\/02\/\u010da\u0161a-Monte-Carlo-prosecco-\u0161ampanj-225cc.jpg\",\"width\":2079,\"height\":2080,\"caption\":\"\u010da\u0161e za prosseco,\u010da\u0161e za pjenu\u0161ac,\u010da\u0161e za \u0161ampanjac,champagne \u010da\u0161e,\u0161ampanj \u010da\u0161e,\u010da\u0161a za prosecco,ugostiteljske \u010da\u0161e,\u010da\u0161e za ugostiteljstvo,ugostiteljska oprema,cijena\"},{\"@type\":\"BreadcrumbList\",\"@id\":\"https:\/\/pelin1971.hr\/en\/katalog\/monte-carlo-prosecco-glasses\/#breadcrumb\",\"itemListElement\":[{\"@type\":\"ListItem\",\"position\":1,\"name\":\"Home\",\"item\":\"https:\/\/pelin1971.hr\/en\/\"},{\"@type\":\"ListItem\",\"position\":2,\"name\":\"Shop\",\"item\":\"https:\/\/pelin1971.hr\/en\/shop\/\"},{\"@type\":\"ListItem\",\"position\":3,\"name\":\"Glasses for catering I\",\"item\":\"https:\/\/pelin1971.hr\/en\/kategorija-proizvoda\/glasses-for-catering-i\/\"},{\"@type\":\"ListItem\",\"position\":4,\"name\":\"Glasses Chalice - Stand\",\"item\":\"https:\/\/pelin1971.hr\/en\/kategorija-proizvoda\/glasses-for-catering-i\/glasses-chalice-stand\/\"},{\"@type\":\"ListItem\",\"position\":5,\"name\":\"MONTE CARLO PROSECCO GLASSES\"}]},{\"@type\":\"WebSite\",\"@id\":\"https:\/\/pelin1971.hr\/en\/#website\",\"url\":\"https:\/\/pelin1971.hr\/en\/\",\"name\":\"Pelin1971\",\"description\":\"\",\"potentialAction\":[{\"@type\":\"SearchAction\",\"target\":{\"@type\":\"EntryPoint\",\"urlTemplate\":\"https:\/\/pelin1971.hr\/en\/?s={search_term_string}\"},\"query-input\":{\"@type\":\"PropertyValueSpecification\",\"valueRequired\":true,\"valueName\":\"search_term_string\"}}],\"inLanguage\":\"en-US\"}]}<\/script>\n<!-- \/ Yoast SEO plugin. -->","yoast_head_json":{"title":"MonteCarlo Prosecco Glasses 225-Champagne Glasses,Sparkling Wine","description":"prosecco glasses,sparkling wine glasses,champagne glasses,champagne glasses,champagne glasses,prosecco glass,catering glasses,catering glasses,price","robots":{"index":"index","follow":"follow","max-snippet":"max-snippet:-1","max-image-preview":"max-image-preview:large","max-video-preview":"max-video-preview:-1"},"canonical":"https:\/\/pelin1971.hr\/en\/katalog\/monte-carlo-prosecco-glasses\/","og_locale":"en_US","og_type":"article","og_title":"MonteCarlo Prosecco Glasses 225-Champagne Glasses,Sparkling Wine","og_description":"prosecco glasses,sparkling wine glasses,champagne glasses,champagne glasses,champagne glasses,prosecco glass,catering glasses,catering glasses,price","og_url":"https:\/\/pelin1971.hr\/en\/katalog\/monte-carlo-prosecco-glasses\/","og_site_name":"Pelin1971","article_modified_time":"2025-11-25T09:48:15+00:00","og_image":[{"width":2079,"height":2080,"url":"https:\/\/pelin1971.hr\/wp-content\/uploads\/2025\/11\/asa-Monte-Carlo-prosecco-sampanj-225cc.jpg","type":"image\/jpeg"}],"twitter_card":"summary_large_image","schema":{"@context":"https:\/\/schema.org","@graph":[{"@type":"WebPage","@id":"https:\/\/pelin1971.hr\/en\/katalog\/monte-carlo-prosecco-glasses\/","url":"https:\/\/pelin1971.hr\/en\/katalog\/monte-carlo-prosecco-glasses\/","name":"MonteCarlo Prosecco Glasses 225-Champagne Glasses,Sparkling Wine","isPartOf":{"@id":"https:\/\/pelin1971.hr\/en\/#website"},"primaryImageOfPage":{"@id":"https:\/\/pelin1971.hr\/en\/katalog\/monte-carlo-prosecco-glasses\/#primaryimage"},"image":{"@id":"https:\/\/pelin1971.hr\/en\/katalog\/monte-carlo-prosecco-glasses\/#primaryimage"},"thumbnailUrl":"https:\/\/pelin1971.hr\/wp-content\/uploads\/2025\/02\/\u010da\u0161a-Monte-Carlo-prosecco-\u0161ampanj-225cc.jpg","datePublished":"2025-11-18T16:18:28+00:00","dateModified":"2025-11-25T09:48:15+00:00","description":"prosecco glasses,sparkling wine glasses,champagne glasses,champagne glasses,champagne glasses,prosecco glass,catering glasses,catering glasses,price","breadcrumb":{"@id":"https:\/\/pelin1971.hr\/en\/katalog\/monte-carlo-prosecco-glasses\/#breadcrumb"},"inLanguage":"en-US","potentialAction":[{"@type":"ReadAction","target":["https:\/\/pelin1971.hr\/en\/katalog\/monte-carlo-prosecco-glasses\/"]}]},{"@type":"ImageObject","inLanguage":"en-US","@id":"https:\/\/pelin1971.hr\/en\/katalog\/monte-carlo-prosecco-glasses\/#primaryimage","url":"https:\/\/pelin1971.hr\/wp-content\/uploads\/2025\/02\/\u010da\u0161a-Monte-Carlo-prosecco-\u0161ampanj-225cc.jpg","contentUrl":"https:\/\/pelin1971.hr\/wp-content\/uploads\/2025\/02\/\u010da\u0161a-Monte-Carlo-prosecco-\u0161ampanj-225cc.jpg","width":2079,"height":2080,"caption":"\u010da\u0161e za prosseco,\u010da\u0161e za pjenu\u0161ac,\u010da\u0161e za \u0161ampanjac,champagne \u010da\u0161e,\u0161ampanj \u010da\u0161e,\u010da\u0161a za prosecco,ugostiteljske \u010da\u0161e,\u010da\u0161e za ugostiteljstvo,ugostiteljska oprema,cijena"},{"@type":"BreadcrumbList","@id":"https:\/\/pelin1971.hr\/en\/katalog\/monte-carlo-prosecco-glasses\/#breadcrumb","itemListElement":[{"@type":"ListItem","position":1,"name":"Home","item":"https:\/\/pelin1971.hr\/en\/"},{"@type":"ListItem","position":2,"name":"Shop","item":"https:\/\/pelin1971.hr\/en\/shop\/"},{"@type":"ListItem","position":3,"name":"Glasses for catering I","item":"https:\/\/pelin1971.hr\/en\/kategorija-proizvoda\/glasses-for-catering-i\/"},{"@type":"ListItem","position":4,"name":"Glasses Chalice - Stand","item":"https:\/\/pelin1971.hr\/en\/kategorija-proizvoda\/glasses-for-catering-i\/glasses-chalice-stand\/"},{"@type":"ListItem","position":5,"name":"MONTE CARLO PROSECCO GLASSES"}]},{"@type":"WebSite","@id":"https:\/\/pelin1971.hr\/en\/#website","url":"https:\/\/pelin1971.hr\/en\/","name":"Pelin1971","description":"","potentialAction":[{"@type":"SearchAction","target":{"@type":"EntryPoint","urlTemplate":"https:\/\/pelin1971.hr\/en\/?s={search_term_string}"},"query-input":{"@type":"PropertyValueSpecification","valueRequired":true,"valueName":"search_term_string"}}],"inLanguage":"en-US"}]}},"_links":{"self":[{"href":"https:\/\/pelin1971.hr\/en\/wp-json\/wp\/v2\/product\/7445","targetHints":{"allow":["GET"]}}],"collection":[{"href":"https:\/\/pelin1971.hr\/en\/wp-json\/wp\/v2\/product"}],"about":[{"href":"https:\/\/pelin1971.hr\/en\/wp-json\/wp\/v2\/types\/product"}],"replies":[{"embeddable":true,"href":"https:\/\/pelin1971.hr\/en\/wp-json\/wp\/v2\/comments?post=7445"}],"wp:featuredmedia":[{"embeddable":true,"href":"https:\/\/pelin1971.hr\/en\/wp-json\/wp\/v2\/media\/8962"}],"wp:attachment":[{"href":"https:\/\/pelin1971.hr\/en\/wp-json\/wp\/v2\/media?parent=7445"}],"wp:term":[{"taxonomy":"product_brand","embeddable":true,"href":"https:\/\/pelin1971.hr\/en\/wp-json\/wp\/v2\/product_brand?post=7445"},{"taxonomy":"product_cat","embeddable":true,"href":"https:\/\/pelin1971.hr\/en\/wp-json\/wp\/v2\/product_cat?post=7445"},{"taxonomy":"product_tag","embeddable":true,"href":"https:\/\/pelin1971.hr\/en\/wp-json\/wp\/v2\/product_tag?post=7445"}],"curies":[{"name":"wp","href":"https:\/\/api.w.org\/{rel}","templated":true}]}}