{"id":7438,"date":"2025-11-18T17:18:27","date_gmt":"2025-11-18T16:18:27","guid":{"rendered":"https:\/\/pelin1971.hr\/katalog\/iceville-200-ice-cream-glasses\/"},"modified":"2025-11-25T10:48:12","modified_gmt":"2025-11-25T09:48:12","slug":"iceville-200-ice-cream-glasses","status":"publish","type":"product","link":"https:\/\/pelin1971.hr\/en\/katalog\/iceville-200-ice-cream-glasses\/","title":{"rendered":"Iceville 200 Ice Cream Glasses"},"content":{"rendered":"<h1>Iceville ice cream cups<\/h1>\n<p>-capacity 200 ml<br \/>\n-dimensions: 11.9 cm x 12.5 cm (\u00d8xH)<br \/>\n-packaging: 24 pieces \/ 2 pcs<br \/>\n-manufacturer: Pasabahce<\/p>\n","protected":false},"excerpt":{"rendered":"<p>Iceville ice cream cups -capacity 200 ml -dimensions: 11.9 cm x 12.5 cm (\u00d8xH) -packaging: 24 pieces \/ 2 pcs -manufacturer: Pasabahce<\/p>\n","protected":false},"featured_media":9205,"comment_status":"open","ping_status":"closed","template":"","meta":{"_acf_changed":false},"product_brand":[],"product_cat":[4549],"product_tag":[3299,3309],"class_list":{"0":"post-7438","1":"product","2":"type-product","3":"status-publish","4":"has-post-thumbnail","6":"product_cat-pastry-shop","7":"product_tag-ice-cream-cups","8":"product_tag-ice-cream-cups-2","10":"first","11":"instock","12":"shipping-taxable","13":"purchasable","14":"product-type-simple"},"acf":[],"yoast_head":"<!-- This site is optimized with the Yoast SEO plugin v26.8 - https:\/\/yoast.com\/product\/yoast-seo-wordpress\/ -->\n<title>Iceville ice cream cups, catering ice cream containers<\/title>\n<meta name=\"description\" content=\"ice cream cups, ice cream containers, containers for serving ice cream in catering establishments, pastry shops, ice cream portions, price\" \/>\n<meta name=\"robots\" content=\"index, follow, max-snippet:-1, max-image-preview:large, max-video-preview:-1\" \/>\n<link rel=\"canonical\" href=\"https:\/\/pelin1971.hr\/en\/katalog\/iceville-200-ice-cream-glasses\/\" \/>\n<meta property=\"og:locale\" content=\"en_US\" \/>\n<meta property=\"og:type\" content=\"article\" \/>\n<meta property=\"og:title\" content=\"Iceville ice cream cups, catering ice cream containers\" \/>\n<meta property=\"og:description\" content=\"ice cream cups, ice cream containers, containers for serving ice cream in catering establishments, pastry shops, ice cream portions, price\" \/>\n<meta property=\"og:url\" content=\"https:\/\/pelin1971.hr\/en\/katalog\/iceville-200-ice-cream-glasses\/\" \/>\n<meta property=\"og:site_name\" content=\"Pelin1971\" \/>\n<meta property=\"article:modified_time\" content=\"2025-11-25T09:48:12+00:00\" \/>\n<meta property=\"og:image\" content=\"https:\/\/pelin1971.hr\/wp-content\/uploads\/2025\/11\/posudice-za-sladole-Ice-ville.jpg\" \/>\n\t<meta property=\"og:image:width\" content=\"2080\" \/>\n\t<meta property=\"og:image:height\" content=\"2079\" \/>\n\t<meta property=\"og:image:type\" content=\"image\/jpeg\" \/>\n<meta name=\"twitter:card\" content=\"summary_large_image\" \/>\n<script type=\"application\/ld+json\" class=\"yoast-schema-graph\">{\"@context\":\"https:\/\/schema.org\",\"@graph\":[{\"@type\":\"WebPage\",\"@id\":\"https:\/\/pelin1971.hr\/en\/katalog\/iceville-200-ice-cream-glasses\/\",\"url\":\"https:\/\/pelin1971.hr\/en\/katalog\/iceville-200-ice-cream-glasses\/\",\"name\":\"Iceville ice cream cups, catering ice cream containers\",\"isPartOf\":{\"@id\":\"https:\/\/pelin1971.hr\/en\/#website\"},\"primaryImageOfPage\":{\"@id\":\"https:\/\/pelin1971.hr\/en\/katalog\/iceville-200-ice-cream-glasses\/#primaryimage\"},\"image\":{\"@id\":\"https:\/\/pelin1971.hr\/en\/katalog\/iceville-200-ice-cream-glasses\/#primaryimage\"},\"thumbnailUrl\":\"https:\/\/pelin1971.hr\/wp-content\/uploads\/2024\/03\/posudice-za-sladole-Ice-ville.jpg\",\"datePublished\":\"2025-11-18T16:18:27+00:00\",\"dateModified\":\"2025-11-25T09:48:12+00:00\",\"description\":\"ice cream cups, ice cream containers, containers for serving ice cream in catering establishments, pastry shops, ice cream portions, price\",\"breadcrumb\":{\"@id\":\"https:\/\/pelin1971.hr\/en\/katalog\/iceville-200-ice-cream-glasses\/#breadcrumb\"},\"inLanguage\":\"en-US\",\"potentialAction\":[{\"@type\":\"ReadAction\",\"target\":[\"https:\/\/pelin1971.hr\/en\/katalog\/iceville-200-ice-cream-glasses\/\"]}]},{\"@type\":\"ImageObject\",\"inLanguage\":\"en-US\",\"@id\":\"https:\/\/pelin1971.hr\/en\/katalog\/iceville-200-ice-cream-glasses\/#primaryimage\",\"url\":\"https:\/\/pelin1971.hr\/wp-content\/uploads\/2024\/03\/posudice-za-sladole-Ice-ville.jpg\",\"contentUrl\":\"https:\/\/pelin1971.hr\/wp-content\/uploads\/2024\/03\/posudice-za-sladole-Ice-ville.jpg\",\"width\":2080,\"height\":2079,\"caption\":\"\u010da\u0161e za sladoled,posude za sladoled,\u010da\u0161ice za sladoled,posudice za sladoled,oprema za ugostiteljstvo,sitni ugostiteljski inventar,ugostiteljska oprema,cijena\"},{\"@type\":\"BreadcrumbList\",\"@id\":\"https:\/\/pelin1971.hr\/en\/katalog\/iceville-200-ice-cream-glasses\/#breadcrumb\",\"itemListElement\":[{\"@type\":\"ListItem\",\"position\":1,\"name\":\"Home\",\"item\":\"https:\/\/pelin1971.hr\/en\/\"},{\"@type\":\"ListItem\",\"position\":2,\"name\":\"Shop\",\"item\":\"https:\/\/pelin1971.hr\/en\/shop\/\"},{\"@type\":\"ListItem\",\"position\":3,\"name\":\"Cocktail bar, pastry shop, pizzeria\",\"item\":\"https:\/\/pelin1971.hr\/en\/kategorija-proizvoda\/cocktail-bar-pastry-shop-pizzeria\/\"},{\"@type\":\"ListItem\",\"position\":4,\"name\":\"Pastry shop\",\"item\":\"https:\/\/pelin1971.hr\/en\/kategorija-proizvoda\/cocktail-bar-pastry-shop-pizzeria\/pastry-shop\/\"},{\"@type\":\"ListItem\",\"position\":5,\"name\":\"Iceville 200 Ice Cream Glasses\"}]},{\"@type\":\"WebSite\",\"@id\":\"https:\/\/pelin1971.hr\/en\/#website\",\"url\":\"https:\/\/pelin1971.hr\/en\/\",\"name\":\"Pelin1971\",\"description\":\"\",\"potentialAction\":[{\"@type\":\"SearchAction\",\"target\":{\"@type\":\"EntryPoint\",\"urlTemplate\":\"https:\/\/pelin1971.hr\/en\/?s={search_term_string}\"},\"query-input\":{\"@type\":\"PropertyValueSpecification\",\"valueRequired\":true,\"valueName\":\"search_term_string\"}}],\"inLanguage\":\"en-US\"}]}<\/script>\n<!-- \/ Yoast SEO plugin. -->","yoast_head_json":{"title":"Iceville ice cream cups, catering ice cream containers","description":"ice cream cups, ice cream containers, containers for serving ice cream in catering establishments, pastry shops, ice cream portions, price","robots":{"index":"index","follow":"follow","max-snippet":"max-snippet:-1","max-image-preview":"max-image-preview:large","max-video-preview":"max-video-preview:-1"},"canonical":"https:\/\/pelin1971.hr\/en\/katalog\/iceville-200-ice-cream-glasses\/","og_locale":"en_US","og_type":"article","og_title":"Iceville ice cream cups, catering ice cream containers","og_description":"ice cream cups, ice cream containers, containers for serving ice cream in catering establishments, pastry shops, ice cream portions, price","og_url":"https:\/\/pelin1971.hr\/en\/katalog\/iceville-200-ice-cream-glasses\/","og_site_name":"Pelin1971","article_modified_time":"2025-11-25T09:48:12+00:00","og_image":[{"width":2080,"height":2079,"url":"https:\/\/pelin1971.hr\/wp-content\/uploads\/2025\/11\/posudice-za-sladole-Ice-ville.jpg","type":"image\/jpeg"}],"twitter_card":"summary_large_image","schema":{"@context":"https:\/\/schema.org","@graph":[{"@type":"WebPage","@id":"https:\/\/pelin1971.hr\/en\/katalog\/iceville-200-ice-cream-glasses\/","url":"https:\/\/pelin1971.hr\/en\/katalog\/iceville-200-ice-cream-glasses\/","name":"Iceville ice cream cups, catering ice cream containers","isPartOf":{"@id":"https:\/\/pelin1971.hr\/en\/#website"},"primaryImageOfPage":{"@id":"https:\/\/pelin1971.hr\/en\/katalog\/iceville-200-ice-cream-glasses\/#primaryimage"},"image":{"@id":"https:\/\/pelin1971.hr\/en\/katalog\/iceville-200-ice-cream-glasses\/#primaryimage"},"thumbnailUrl":"https:\/\/pelin1971.hr\/wp-content\/uploads\/2024\/03\/posudice-za-sladole-Ice-ville.jpg","datePublished":"2025-11-18T16:18:27+00:00","dateModified":"2025-11-25T09:48:12+00:00","description":"ice cream cups, ice cream containers, containers for serving ice cream in catering establishments, pastry shops, ice cream portions, price","breadcrumb":{"@id":"https:\/\/pelin1971.hr\/en\/katalog\/iceville-200-ice-cream-glasses\/#breadcrumb"},"inLanguage":"en-US","potentialAction":[{"@type":"ReadAction","target":["https:\/\/pelin1971.hr\/en\/katalog\/iceville-200-ice-cream-glasses\/"]}]},{"@type":"ImageObject","inLanguage":"en-US","@id":"https:\/\/pelin1971.hr\/en\/katalog\/iceville-200-ice-cream-glasses\/#primaryimage","url":"https:\/\/pelin1971.hr\/wp-content\/uploads\/2024\/03\/posudice-za-sladole-Ice-ville.jpg","contentUrl":"https:\/\/pelin1971.hr\/wp-content\/uploads\/2024\/03\/posudice-za-sladole-Ice-ville.jpg","width":2080,"height":2079,"caption":"\u010da\u0161e za sladoled,posude za sladoled,\u010da\u0161ice za sladoled,posudice za sladoled,oprema za ugostiteljstvo,sitni ugostiteljski inventar,ugostiteljska oprema,cijena"},{"@type":"BreadcrumbList","@id":"https:\/\/pelin1971.hr\/en\/katalog\/iceville-200-ice-cream-glasses\/#breadcrumb","itemListElement":[{"@type":"ListItem","position":1,"name":"Home","item":"https:\/\/pelin1971.hr\/en\/"},{"@type":"ListItem","position":2,"name":"Shop","item":"https:\/\/pelin1971.hr\/en\/shop\/"},{"@type":"ListItem","position":3,"name":"Cocktail bar, pastry shop, pizzeria","item":"https:\/\/pelin1971.hr\/en\/kategorija-proizvoda\/cocktail-bar-pastry-shop-pizzeria\/"},{"@type":"ListItem","position":4,"name":"Pastry shop","item":"https:\/\/pelin1971.hr\/en\/kategorija-proizvoda\/cocktail-bar-pastry-shop-pizzeria\/pastry-shop\/"},{"@type":"ListItem","position":5,"name":"Iceville 200 Ice Cream Glasses"}]},{"@type":"WebSite","@id":"https:\/\/pelin1971.hr\/en\/#website","url":"https:\/\/pelin1971.hr\/en\/","name":"Pelin1971","description":"","potentialAction":[{"@type":"SearchAction","target":{"@type":"EntryPoint","urlTemplate":"https:\/\/pelin1971.hr\/en\/?s={search_term_string}"},"query-input":{"@type":"PropertyValueSpecification","valueRequired":true,"valueName":"search_term_string"}}],"inLanguage":"en-US"}]}},"_links":{"self":[{"href":"https:\/\/pelin1971.hr\/en\/wp-json\/wp\/v2\/product\/7438","targetHints":{"allow":["GET"]}}],"collection":[{"href":"https:\/\/pelin1971.hr\/en\/wp-json\/wp\/v2\/product"}],"about":[{"href":"https:\/\/pelin1971.hr\/en\/wp-json\/wp\/v2\/types\/product"}],"replies":[{"embeddable":true,"href":"https:\/\/pelin1971.hr\/en\/wp-json\/wp\/v2\/comments?post=7438"}],"wp:featuredmedia":[{"embeddable":true,"href":"https:\/\/pelin1971.hr\/en\/wp-json\/wp\/v2\/media\/9205"}],"wp:attachment":[{"href":"https:\/\/pelin1971.hr\/en\/wp-json\/wp\/v2\/media?parent=7438"}],"wp:term":[{"taxonomy":"product_brand","embeddable":true,"href":"https:\/\/pelin1971.hr\/en\/wp-json\/wp\/v2\/product_brand?post=7438"},{"taxonomy":"product_cat","embeddable":true,"href":"https:\/\/pelin1971.hr\/en\/wp-json\/wp\/v2\/product_cat?post=7438"},{"taxonomy":"product_tag","embeddable":true,"href":"https:\/\/pelin1971.hr\/en\/wp-json\/wp\/v2\/product_tag?post=7438"}],"curies":[{"name":"wp","href":"https:\/\/api.w.org\/{rel}","templated":true}]}}