{"id":7437,"date":"2025-11-18T17:18:14","date_gmt":"2025-11-18T16:18:14","guid":{"rendered":"https:\/\/pelin1971.hr\/katalog\/catering-brown-sugar-with-logo-letter-print\/"},"modified":"2025-11-25T10:48:07","modified_gmt":"2025-11-25T09:48:07","slug":"catering-brown-sugar-with-logo-letter-print","status":"publish","type":"product","link":"https:\/\/pelin1971.hr\/en\/katalog\/catering-brown-sugar-with-logo-letter-print\/","title":{"rendered":"CATERING BROWN SUGAR WITH LOGO, LETTER, PRINT"},"content":{"rendered":"<h1>Catering brown sugar with your logo, inscription<\/h1>\n<p>-free printing of your logo on sugar bags<br \/>\n-use sugar bags for branding your premises, products, etc.<br \/>\n-brown advertising sugar, promotional brown sugar, serving brown sugar, catering brown sugar in bags with custom printing<br \/>\n-packaged in bags of 3g, 4g and 5g<br \/>\n-similar item in our assortment:  <a href=\"https:\/\/pelin1971.hr\/katalog\/ugostiteljski-bijeli-secer-5g\/\">white catering sugar<\/a><\/p>\n","protected":false},"excerpt":{"rendered":"<p>Catering brown sugar with your logo, inscription -free printing of your logo on sugar bags -use sugar bags for branding your premises, products, etc. -brown advertising sugar, promotional brown sugar, serving brown sugar, catering brown sugar in bags with custom printing -packaged in bags of 3g, 4g and 5g -similar item in our assortment: white<\/p>\n","protected":false},"featured_media":8122,"comment_status":"open","ping_status":"closed","template":"","meta":{"_acf_changed":false},"product_brand":[],"product_cat":[4581],"product_tag":[3298,3300,3301,3302,3297],"class_list":{"0":"post-7437","1":"product","2":"type-product","3":"status-publish","4":"has-post-thumbnail","6":"product_cat-printing-and-packaging","7":"product_tag-brown-sugar-for-catering","8":"product_tag-brown-sugar-in-bags","9":"product_tag-brown-sugar-with-logo","10":"product_tag-brown-sugar-with-print","11":"product_tag-catering-brown-sugar","13":"first","14":"instock","15":"shipping-taxable","16":"purchasable","17":"product-type-simple"},"acf":[],"yoast_head":"<!-- This site is optimized with the Yoast SEO plugin v26.8 - https:\/\/yoast.com\/product\/yoast-seo-wordpress\/ -->\n<title>Catering brown sugar in bags with logo<\/title>\n<meta name=\"description\" content=\"We pack and print catering brown sugar in bags with a logo, inscription, and print and deliver it to your address as soon as possible, price\" \/>\n<meta name=\"robots\" content=\"index, follow, max-snippet:-1, max-image-preview:large, max-video-preview:-1\" \/>\n<link rel=\"canonical\" href=\"https:\/\/pelin1971.hr\/en\/katalog\/catering-brown-sugar-with-logo-letter-print\/\" \/>\n<meta property=\"og:locale\" content=\"en_US\" \/>\n<meta property=\"og:type\" content=\"article\" \/>\n<meta property=\"og:title\" content=\"Catering brown sugar in bags with logo\" \/>\n<meta property=\"og:description\" content=\"We pack and print catering brown sugar in bags with a logo, inscription, and print and deliver it to your address as soon as possible, price\" \/>\n<meta property=\"og:url\" content=\"https:\/\/pelin1971.hr\/en\/katalog\/catering-brown-sugar-with-logo-letter-print\/\" \/>\n<meta property=\"og:site_name\" content=\"Pelin1971\" \/>\n<meta property=\"article:modified_time\" content=\"2025-11-25T09:48:07+00:00\" \/>\n<meta property=\"og:image\" content=\"https:\/\/pelin1971.hr\/wp-content\/uploads\/2025\/11\/smedi-secer-glavna-slika.jpg\" \/>\n\t<meta property=\"og:image:width\" content=\"2080\" \/>\n\t<meta property=\"og:image:height\" content=\"2080\" \/>\n\t<meta property=\"og:image:type\" content=\"image\/jpeg\" \/>\n<meta name=\"twitter:card\" content=\"summary_large_image\" \/>\n<script type=\"application\/ld+json\" class=\"yoast-schema-graph\">{\"@context\":\"https:\/\/schema.org\",\"@graph\":[{\"@type\":\"WebPage\",\"@id\":\"https:\/\/pelin1971.hr\/en\/katalog\/catering-brown-sugar-with-logo-letter-print\/\",\"url\":\"https:\/\/pelin1971.hr\/en\/katalog\/catering-brown-sugar-with-logo-letter-print\/\",\"name\":\"Catering brown sugar in bags with logo\",\"isPartOf\":{\"@id\":\"https:\/\/pelin1971.hr\/en\/#website\"},\"primaryImageOfPage\":{\"@id\":\"https:\/\/pelin1971.hr\/en\/katalog\/catering-brown-sugar-with-logo-letter-print\/#primaryimage\"},\"image\":{\"@id\":\"https:\/\/pelin1971.hr\/en\/katalog\/catering-brown-sugar-with-logo-letter-print\/#primaryimage\"},\"thumbnailUrl\":\"https:\/\/pelin1971.hr\/wp-content\/uploads\/2025\/11\/smedi-secer-glavna-slika.jpg\",\"datePublished\":\"2025-11-18T16:18:14+00:00\",\"dateModified\":\"2025-11-25T09:48:07+00:00\",\"description\":\"We pack and print catering brown sugar in bags with a logo, inscription, and print and deliver it to your address as soon as possible, price\",\"breadcrumb\":{\"@id\":\"https:\/\/pelin1971.hr\/en\/katalog\/catering-brown-sugar-with-logo-letter-print\/#breadcrumb\"},\"inLanguage\":\"en-US\",\"potentialAction\":[{\"@type\":\"ReadAction\",\"target\":[\"https:\/\/pelin1971.hr\/en\/katalog\/catering-brown-sugar-with-logo-letter-print\/\"]}]},{\"@type\":\"ImageObject\",\"inLanguage\":\"en-US\",\"@id\":\"https:\/\/pelin1971.hr\/en\/katalog\/catering-brown-sugar-with-logo-letter-print\/#primaryimage\",\"url\":\"https:\/\/pelin1971.hr\/wp-content\/uploads\/2025\/11\/smedi-secer-glavna-slika.jpg\",\"contentUrl\":\"https:\/\/pelin1971.hr\/wp-content\/uploads\/2025\/11\/smedi-secer-glavna-slika.jpg\",\"width\":2080,\"height\":2080,\"caption\":\"sme\u0111i ugostiteljski \u0161e\u0107er s tiskom logotipa,sme\u0111i reklamni \u0161e\u0107er s tiskom,printom,natpisom,sme\u0111i promotivni \u0161e\u0107er u vre\u0107icama za ugostiteljstvo,restorane i kafi\u0107e,caffe barove,cijena\"},{\"@type\":\"BreadcrumbList\",\"@id\":\"https:\/\/pelin1971.hr\/en\/katalog\/catering-brown-sugar-with-logo-letter-print\/#breadcrumb\",\"itemListElement\":[{\"@type\":\"ListItem\",\"position\":1,\"name\":\"Home\",\"item\":\"https:\/\/pelin1971.hr\/en\/\"},{\"@type\":\"ListItem\",\"position\":2,\"name\":\"Shop\",\"item\":\"https:\/\/pelin1971.hr\/en\/shop\/\"},{\"@type\":\"ListItem\",\"position\":3,\"name\":\"Printing and packaging\",\"item\":\"https:\/\/pelin1971.hr\/en\/kategorija-proizvoda\/printing-and-packaging\/\"},{\"@type\":\"ListItem\",\"position\":4,\"name\":\"CATERING BROWN SUGAR WITH LOGO, LETTER, PRINT\"}]},{\"@type\":\"WebSite\",\"@id\":\"https:\/\/pelin1971.hr\/en\/#website\",\"url\":\"https:\/\/pelin1971.hr\/en\/\",\"name\":\"Pelin1971\",\"description\":\"\",\"potentialAction\":[{\"@type\":\"SearchAction\",\"target\":{\"@type\":\"EntryPoint\",\"urlTemplate\":\"https:\/\/pelin1971.hr\/en\/?s={search_term_string}\"},\"query-input\":{\"@type\":\"PropertyValueSpecification\",\"valueRequired\":true,\"valueName\":\"search_term_string\"}}],\"inLanguage\":\"en-US\"}]}<\/script>\n<!-- \/ Yoast SEO plugin. -->","yoast_head_json":{"title":"Catering brown sugar in bags with logo","description":"We pack and print catering brown sugar in bags with a logo, inscription, and print and deliver it to your address as soon as possible, price","robots":{"index":"index","follow":"follow","max-snippet":"max-snippet:-1","max-image-preview":"max-image-preview:large","max-video-preview":"max-video-preview:-1"},"canonical":"https:\/\/pelin1971.hr\/en\/katalog\/catering-brown-sugar-with-logo-letter-print\/","og_locale":"en_US","og_type":"article","og_title":"Catering brown sugar in bags with logo","og_description":"We pack and print catering brown sugar in bags with a logo, inscription, and print and deliver it to your address as soon as possible, price","og_url":"https:\/\/pelin1971.hr\/en\/katalog\/catering-brown-sugar-with-logo-letter-print\/","og_site_name":"Pelin1971","article_modified_time":"2025-11-25T09:48:07+00:00","og_image":[{"width":2080,"height":2080,"url":"https:\/\/pelin1971.hr\/wp-content\/uploads\/2025\/11\/smedi-secer-glavna-slika.jpg","type":"image\/jpeg"}],"twitter_card":"summary_large_image","schema":{"@context":"https:\/\/schema.org","@graph":[{"@type":"WebPage","@id":"https:\/\/pelin1971.hr\/en\/katalog\/catering-brown-sugar-with-logo-letter-print\/","url":"https:\/\/pelin1971.hr\/en\/katalog\/catering-brown-sugar-with-logo-letter-print\/","name":"Catering brown sugar in bags with logo","isPartOf":{"@id":"https:\/\/pelin1971.hr\/en\/#website"},"primaryImageOfPage":{"@id":"https:\/\/pelin1971.hr\/en\/katalog\/catering-brown-sugar-with-logo-letter-print\/#primaryimage"},"image":{"@id":"https:\/\/pelin1971.hr\/en\/katalog\/catering-brown-sugar-with-logo-letter-print\/#primaryimage"},"thumbnailUrl":"https:\/\/pelin1971.hr\/wp-content\/uploads\/2025\/11\/smedi-secer-glavna-slika.jpg","datePublished":"2025-11-18T16:18:14+00:00","dateModified":"2025-11-25T09:48:07+00:00","description":"We pack and print catering brown sugar in bags with a logo, inscription, and print and deliver it to your address as soon as possible, price","breadcrumb":{"@id":"https:\/\/pelin1971.hr\/en\/katalog\/catering-brown-sugar-with-logo-letter-print\/#breadcrumb"},"inLanguage":"en-US","potentialAction":[{"@type":"ReadAction","target":["https:\/\/pelin1971.hr\/en\/katalog\/catering-brown-sugar-with-logo-letter-print\/"]}]},{"@type":"ImageObject","inLanguage":"en-US","@id":"https:\/\/pelin1971.hr\/en\/katalog\/catering-brown-sugar-with-logo-letter-print\/#primaryimage","url":"https:\/\/pelin1971.hr\/wp-content\/uploads\/2025\/11\/smedi-secer-glavna-slika.jpg","contentUrl":"https:\/\/pelin1971.hr\/wp-content\/uploads\/2025\/11\/smedi-secer-glavna-slika.jpg","width":2080,"height":2080,"caption":"sme\u0111i ugostiteljski \u0161e\u0107er s tiskom logotipa,sme\u0111i reklamni \u0161e\u0107er s tiskom,printom,natpisom,sme\u0111i promotivni \u0161e\u0107er u vre\u0107icama za ugostiteljstvo,restorane i kafi\u0107e,caffe barove,cijena"},{"@type":"BreadcrumbList","@id":"https:\/\/pelin1971.hr\/en\/katalog\/catering-brown-sugar-with-logo-letter-print\/#breadcrumb","itemListElement":[{"@type":"ListItem","position":1,"name":"Home","item":"https:\/\/pelin1971.hr\/en\/"},{"@type":"ListItem","position":2,"name":"Shop","item":"https:\/\/pelin1971.hr\/en\/shop\/"},{"@type":"ListItem","position":3,"name":"Printing and packaging","item":"https:\/\/pelin1971.hr\/en\/kategorija-proizvoda\/printing-and-packaging\/"},{"@type":"ListItem","position":4,"name":"CATERING BROWN SUGAR WITH LOGO, LETTER, PRINT"}]},{"@type":"WebSite","@id":"https:\/\/pelin1971.hr\/en\/#website","url":"https:\/\/pelin1971.hr\/en\/","name":"Pelin1971","description":"","potentialAction":[{"@type":"SearchAction","target":{"@type":"EntryPoint","urlTemplate":"https:\/\/pelin1971.hr\/en\/?s={search_term_string}"},"query-input":{"@type":"PropertyValueSpecification","valueRequired":true,"valueName":"search_term_string"}}],"inLanguage":"en-US"}]}},"_links":{"self":[{"href":"https:\/\/pelin1971.hr\/en\/wp-json\/wp\/v2\/product\/7437","targetHints":{"allow":["GET"]}}],"collection":[{"href":"https:\/\/pelin1971.hr\/en\/wp-json\/wp\/v2\/product"}],"about":[{"href":"https:\/\/pelin1971.hr\/en\/wp-json\/wp\/v2\/types\/product"}],"replies":[{"embeddable":true,"href":"https:\/\/pelin1971.hr\/en\/wp-json\/wp\/v2\/comments?post=7437"}],"wp:featuredmedia":[{"embeddable":true,"href":"https:\/\/pelin1971.hr\/en\/wp-json\/wp\/v2\/media\/8122"}],"wp:attachment":[{"href":"https:\/\/pelin1971.hr\/en\/wp-json\/wp\/v2\/media?parent=7437"}],"wp:term":[{"taxonomy":"product_brand","embeddable":true,"href":"https:\/\/pelin1971.hr\/en\/wp-json\/wp\/v2\/product_brand?post=7437"},{"taxonomy":"product_cat","embeddable":true,"href":"https:\/\/pelin1971.hr\/en\/wp-json\/wp\/v2\/product_cat?post=7437"},{"taxonomy":"product_tag","embeddable":true,"href":"https:\/\/pelin1971.hr\/en\/wp-json\/wp\/v2\/product_tag?post=7437"}],"curies":[{"name":"wp","href":"https:\/\/api.w.org\/{rel}","templated":true}]}}