{"id":7435,"date":"2025-11-18T17:18:27","date_gmt":"2025-11-18T16:18:27","guid":{"rendered":"https:\/\/pelin1971.hr\/katalog\/ice-cream-containers-iceville-270\/"},"modified":"2025-11-25T10:48:11","modified_gmt":"2025-11-25T09:48:11","slug":"ice-cream-containers-iceville-270","status":"publish","type":"product","link":"https:\/\/pelin1971.hr\/en\/katalog\/ice-cream-containers-iceville-270\/","title":{"rendered":"Ice cream containers Iceville 270"},"content":{"rendered":"<h1>Ice cream containers Iceville 270<\/h1>\n<ul>\n<li><strong>Capacity<\/strong>: approx. 265 ml<\/li>\n<li><strong>Material<\/strong>: Glass<\/li>\n<li><strong>Design<\/strong>: Tulip shape<\/li>\n<li><strong>Color<\/strong>: Transparent<\/li>\n<li><strong>Height<\/strong>: 124 mm (top), 95 mm (edge)<\/li>\n<li><strong>Bottom diameter<\/strong>: 68 mm<\/li>\n<li><strong>Packaging<\/strong>: 6 pieces<\/li>\n<li>Similar item : <a href=\"https:\/\/pelin1971.hr\/katalog\/case-za-sladoled\/\">Iceville 200 ice cream glasses<\/a><\/li>\n<\/ul>\n","protected":false},"excerpt":{"rendered":"<p>Ice cream containers Iceville 270 Capacity: approx. 265 ml Material: Glass Design: Tulip shape Color: Transparent Height: 124 mm (top), 95 mm (edge) Bottom diameter: 68 mm Packaging: 6 pieces Similar item : Iceville 200 ice cream glasses<\/p>\n","protected":false},"featured_media":7436,"comment_status":"open","ping_status":"closed","template":"","meta":{"_acf_changed":false},"product_brand":[],"product_cat":[4549],"product_tag":[3296,3307],"class_list":{"0":"post-7435","1":"product","2":"type-product","3":"status-publish","4":"has-post-thumbnail","6":"product_cat-pastry-shop","7":"product_tag-ice-cream-containers","8":"product_tag-ice-cream-containers-2","10":"first","11":"instock","12":"shipping-taxable","13":"purchasable","14":"product-type-simple"},"acf":[],"yoast_head":"<!-- This site is optimized with the Yoast SEO plugin v26.8 - https:\/\/yoast.com\/product\/yoast-seo-wordpress\/ -->\n<title>Iceville 270 ice cream containers for pastry shops and catering<\/title>\n<meta name=\"description\" content=\"ice cream containers Iceville, for serving ice cream in pastry shops and similar catering facilities, ice cream containers, price\" \/>\n<meta name=\"robots\" content=\"index, follow, max-snippet:-1, max-image-preview:large, max-video-preview:-1\" \/>\n<link rel=\"canonical\" href=\"https:\/\/pelin1971.hr\/en\/katalog\/ice-cream-containers-iceville-270\/\" \/>\n<meta property=\"og:locale\" content=\"en_US\" \/>\n<meta property=\"og:type\" content=\"article\" \/>\n<meta property=\"og:title\" content=\"Iceville 270 ice cream containers for pastry shops and catering\" \/>\n<meta property=\"og:description\" content=\"ice cream containers Iceville, for serving ice cream in pastry shops and similar catering facilities, ice cream containers, price\" \/>\n<meta property=\"og:url\" content=\"https:\/\/pelin1971.hr\/en\/katalog\/ice-cream-containers-iceville-270\/\" \/>\n<meta property=\"og:site_name\" content=\"Pelin1971\" \/>\n<meta property=\"article:modified_time\" content=\"2025-11-25T09:48:11+00:00\" \/>\n<meta property=\"og:image\" content=\"https:\/\/pelin1971.hr\/wp-content\/uploads\/2025\/11\/iceville-sladoled.jpg\" \/>\n\t<meta property=\"og:image:width\" content=\"2080\" \/>\n\t<meta property=\"og:image:height\" content=\"2079\" \/>\n\t<meta property=\"og:image:type\" content=\"image\/jpeg\" \/>\n<meta name=\"twitter:card\" content=\"summary_large_image\" \/>\n<script type=\"application\/ld+json\" class=\"yoast-schema-graph\">{\"@context\":\"https:\/\/schema.org\",\"@graph\":[{\"@type\":\"WebPage\",\"@id\":\"https:\/\/pelin1971.hr\/en\/katalog\/ice-cream-containers-iceville-270\/\",\"url\":\"https:\/\/pelin1971.hr\/en\/katalog\/ice-cream-containers-iceville-270\/\",\"name\":\"Iceville 270 ice cream containers for pastry shops and catering\",\"isPartOf\":{\"@id\":\"https:\/\/pelin1971.hr\/en\/#website\"},\"primaryImageOfPage\":{\"@id\":\"https:\/\/pelin1971.hr\/en\/katalog\/ice-cream-containers-iceville-270\/#primaryimage\"},\"image\":{\"@id\":\"https:\/\/pelin1971.hr\/en\/katalog\/ice-cream-containers-iceville-270\/#primaryimage\"},\"thumbnailUrl\":\"https:\/\/pelin1971.hr\/wp-content\/uploads\/2025\/11\/iceville-sladoled.jpg\",\"datePublished\":\"2025-11-18T16:18:27+00:00\",\"dateModified\":\"2025-11-25T09:48:11+00:00\",\"description\":\"ice cream containers Iceville, for serving ice cream in pastry shops and similar catering facilities, ice cream containers, price\",\"breadcrumb\":{\"@id\":\"https:\/\/pelin1971.hr\/en\/katalog\/ice-cream-containers-iceville-270\/#breadcrumb\"},\"inLanguage\":\"en-US\",\"potentialAction\":[{\"@type\":\"ReadAction\",\"target\":[\"https:\/\/pelin1971.hr\/en\/katalog\/ice-cream-containers-iceville-270\/\"]}]},{\"@type\":\"ImageObject\",\"inLanguage\":\"en-US\",\"@id\":\"https:\/\/pelin1971.hr\/en\/katalog\/ice-cream-containers-iceville-270\/#primaryimage\",\"url\":\"https:\/\/pelin1971.hr\/wp-content\/uploads\/2025\/11\/iceville-sladoled.jpg\",\"contentUrl\":\"https:\/\/pelin1971.hr\/wp-content\/uploads\/2025\/11\/iceville-sladoled.jpg\",\"width\":2080,\"height\":2079,\"caption\":\"posude za sladoled , \u010da\u0161e za sladoled , posudice za slasti\u010darnicu za poslu\u017eivanje sladoleda , ugostiteljska oprema , cijena\"},{\"@type\":\"BreadcrumbList\",\"@id\":\"https:\/\/pelin1971.hr\/en\/katalog\/ice-cream-containers-iceville-270\/#breadcrumb\",\"itemListElement\":[{\"@type\":\"ListItem\",\"position\":1,\"name\":\"Home\",\"item\":\"https:\/\/pelin1971.hr\/en\/\"},{\"@type\":\"ListItem\",\"position\":2,\"name\":\"Shop\",\"item\":\"https:\/\/pelin1971.hr\/en\/shop\/\"},{\"@type\":\"ListItem\",\"position\":3,\"name\":\"Cocktail bar, pastry shop, pizzeria\",\"item\":\"https:\/\/pelin1971.hr\/en\/kategorija-proizvoda\/cocktail-bar-pastry-shop-pizzeria\/\"},{\"@type\":\"ListItem\",\"position\":4,\"name\":\"Pastry shop\",\"item\":\"https:\/\/pelin1971.hr\/en\/kategorija-proizvoda\/cocktail-bar-pastry-shop-pizzeria\/pastry-shop\/\"},{\"@type\":\"ListItem\",\"position\":5,\"name\":\"Ice cream containers Iceville 270\"}]},{\"@type\":\"WebSite\",\"@id\":\"https:\/\/pelin1971.hr\/en\/#website\",\"url\":\"https:\/\/pelin1971.hr\/en\/\",\"name\":\"Pelin1971\",\"description\":\"\",\"potentialAction\":[{\"@type\":\"SearchAction\",\"target\":{\"@type\":\"EntryPoint\",\"urlTemplate\":\"https:\/\/pelin1971.hr\/en\/?s={search_term_string}\"},\"query-input\":{\"@type\":\"PropertyValueSpecification\",\"valueRequired\":true,\"valueName\":\"search_term_string\"}}],\"inLanguage\":\"en-US\"}]}<\/script>\n<!-- \/ Yoast SEO plugin. -->","yoast_head_json":{"title":"Iceville 270 ice cream containers for pastry shops and catering","description":"ice cream containers Iceville, for serving ice cream in pastry shops and similar catering facilities, ice cream containers, price","robots":{"index":"index","follow":"follow","max-snippet":"max-snippet:-1","max-image-preview":"max-image-preview:large","max-video-preview":"max-video-preview:-1"},"canonical":"https:\/\/pelin1971.hr\/en\/katalog\/ice-cream-containers-iceville-270\/","og_locale":"en_US","og_type":"article","og_title":"Iceville 270 ice cream containers for pastry shops and catering","og_description":"ice cream containers Iceville, for serving ice cream in pastry shops and similar catering facilities, ice cream containers, price","og_url":"https:\/\/pelin1971.hr\/en\/katalog\/ice-cream-containers-iceville-270\/","og_site_name":"Pelin1971","article_modified_time":"2025-11-25T09:48:11+00:00","og_image":[{"width":2080,"height":2079,"url":"https:\/\/pelin1971.hr\/wp-content\/uploads\/2025\/11\/iceville-sladoled.jpg","type":"image\/jpeg"}],"twitter_card":"summary_large_image","schema":{"@context":"https:\/\/schema.org","@graph":[{"@type":"WebPage","@id":"https:\/\/pelin1971.hr\/en\/katalog\/ice-cream-containers-iceville-270\/","url":"https:\/\/pelin1971.hr\/en\/katalog\/ice-cream-containers-iceville-270\/","name":"Iceville 270 ice cream containers for pastry shops and catering","isPartOf":{"@id":"https:\/\/pelin1971.hr\/en\/#website"},"primaryImageOfPage":{"@id":"https:\/\/pelin1971.hr\/en\/katalog\/ice-cream-containers-iceville-270\/#primaryimage"},"image":{"@id":"https:\/\/pelin1971.hr\/en\/katalog\/ice-cream-containers-iceville-270\/#primaryimage"},"thumbnailUrl":"https:\/\/pelin1971.hr\/wp-content\/uploads\/2025\/11\/iceville-sladoled.jpg","datePublished":"2025-11-18T16:18:27+00:00","dateModified":"2025-11-25T09:48:11+00:00","description":"ice cream containers Iceville, for serving ice cream in pastry shops and similar catering facilities, ice cream containers, price","breadcrumb":{"@id":"https:\/\/pelin1971.hr\/en\/katalog\/ice-cream-containers-iceville-270\/#breadcrumb"},"inLanguage":"en-US","potentialAction":[{"@type":"ReadAction","target":["https:\/\/pelin1971.hr\/en\/katalog\/ice-cream-containers-iceville-270\/"]}]},{"@type":"ImageObject","inLanguage":"en-US","@id":"https:\/\/pelin1971.hr\/en\/katalog\/ice-cream-containers-iceville-270\/#primaryimage","url":"https:\/\/pelin1971.hr\/wp-content\/uploads\/2025\/11\/iceville-sladoled.jpg","contentUrl":"https:\/\/pelin1971.hr\/wp-content\/uploads\/2025\/11\/iceville-sladoled.jpg","width":2080,"height":2079,"caption":"posude za sladoled , \u010da\u0161e za sladoled , posudice za slasti\u010darnicu za poslu\u017eivanje sladoleda , ugostiteljska oprema , cijena"},{"@type":"BreadcrumbList","@id":"https:\/\/pelin1971.hr\/en\/katalog\/ice-cream-containers-iceville-270\/#breadcrumb","itemListElement":[{"@type":"ListItem","position":1,"name":"Home","item":"https:\/\/pelin1971.hr\/en\/"},{"@type":"ListItem","position":2,"name":"Shop","item":"https:\/\/pelin1971.hr\/en\/shop\/"},{"@type":"ListItem","position":3,"name":"Cocktail bar, pastry shop, pizzeria","item":"https:\/\/pelin1971.hr\/en\/kategorija-proizvoda\/cocktail-bar-pastry-shop-pizzeria\/"},{"@type":"ListItem","position":4,"name":"Pastry shop","item":"https:\/\/pelin1971.hr\/en\/kategorija-proizvoda\/cocktail-bar-pastry-shop-pizzeria\/pastry-shop\/"},{"@type":"ListItem","position":5,"name":"Ice cream containers Iceville 270"}]},{"@type":"WebSite","@id":"https:\/\/pelin1971.hr\/en\/#website","url":"https:\/\/pelin1971.hr\/en\/","name":"Pelin1971","description":"","potentialAction":[{"@type":"SearchAction","target":{"@type":"EntryPoint","urlTemplate":"https:\/\/pelin1971.hr\/en\/?s={search_term_string}"},"query-input":{"@type":"PropertyValueSpecification","valueRequired":true,"valueName":"search_term_string"}}],"inLanguage":"en-US"}]}},"_links":{"self":[{"href":"https:\/\/pelin1971.hr\/en\/wp-json\/wp\/v2\/product\/7435","targetHints":{"allow":["GET"]}}],"collection":[{"href":"https:\/\/pelin1971.hr\/en\/wp-json\/wp\/v2\/product"}],"about":[{"href":"https:\/\/pelin1971.hr\/en\/wp-json\/wp\/v2\/types\/product"}],"replies":[{"embeddable":true,"href":"https:\/\/pelin1971.hr\/en\/wp-json\/wp\/v2\/comments?post=7435"}],"wp:featuredmedia":[{"embeddable":true,"href":"https:\/\/pelin1971.hr\/en\/wp-json\/wp\/v2\/media\/7436"}],"wp:attachment":[{"href":"https:\/\/pelin1971.hr\/en\/wp-json\/wp\/v2\/media?parent=7435"}],"wp:term":[{"taxonomy":"product_brand","embeddable":true,"href":"https:\/\/pelin1971.hr\/en\/wp-json\/wp\/v2\/product_brand?post=7435"},{"taxonomy":"product_cat","embeddable":true,"href":"https:\/\/pelin1971.hr\/en\/wp-json\/wp\/v2\/product_cat?post=7435"},{"taxonomy":"product_tag","embeddable":true,"href":"https:\/\/pelin1971.hr\/en\/wp-json\/wp\/v2\/product_tag?post=7435"}],"curies":[{"name":"wp","href":"https:\/\/api.w.org\/{rel}","templated":true}]}}