{"id":7433,"date":"2025-11-18T17:18:14","date_gmt":"2025-11-18T16:18:14","guid":{"rendered":"https:\/\/pelin1971.hr\/katalog\/sponge-3-1\/"},"modified":"2025-11-25T10:48:06","modified_gmt":"2025-11-25T09:48:06","slug":"sponge-3-1","status":"publish","type":"product","link":"https:\/\/pelin1971.hr\/en\/katalog\/sponge-3-1\/","title":{"rendered":"Sponge 3\/1"},"content":{"rendered":"<h1>Cleaning sponges with rough side and groove<\/h1>\n<p>-packaging: 3\/1<br \/>\n-material: sponge with abrasive<\/p>\n","protected":false},"excerpt":{"rendered":"<p>Cleaning sponges with rough side and groove -packaging: 3\/1 -material: sponge with abrasive<\/p>\n","protected":false},"featured_media":9048,"comment_status":"open","ping_status":"closed","template":"","meta":{"_acf_changed":false},"product_brand":[],"product_cat":[4552],"product_tag":[3287,3284,3285],"class_list":{"0":"post-7433","1":"product","2":"type-product","3":"status-publish","4":"has-post-thumbnail","6":"product_cat-sponges-rags-gloves","7":"product_tag-abrasive-sponges","8":"product_tag-cleaning-sponges","9":"product_tag-sponges-with-a-rough-side","11":"first","12":"instock","13":"shipping-taxable","14":"purchasable","15":"product-type-simple"},"acf":[],"yoast_head":"<!-- This site is optimized with the Yoast SEO plugin v26.8 - https:\/\/yoast.com\/product\/yoast-seo-wordpress\/ -->\n<title>CLEANING SPONGES WITH ROUGH SIDE AND GROOVES<\/title>\n<meta name=\"description\" content=\"Cleaning sponges, with an abrasive, i.e. rough, side for scrubbing and a recessed groove for better grip when cleaning\" \/>\n<meta name=\"robots\" content=\"index, follow, max-snippet:-1, max-image-preview:large, max-video-preview:-1\" \/>\n<link rel=\"canonical\" href=\"https:\/\/pelin1971.hr\/en\/katalog\/sponge-3-1\/\" \/>\n<meta property=\"og:locale\" content=\"en_US\" \/>\n<meta property=\"og:type\" content=\"article\" \/>\n<meta property=\"og:title\" content=\"CLEANING SPONGES WITH ROUGH SIDE AND GROOVES\" \/>\n<meta property=\"og:description\" content=\"Cleaning sponges, with an abrasive, i.e. rough, side for scrubbing and a recessed groove for better grip when cleaning\" \/>\n<meta property=\"og:url\" content=\"https:\/\/pelin1971.hr\/en\/katalog\/sponge-3-1\/\" \/>\n<meta property=\"og:site_name\" content=\"Pelin1971\" \/>\n<meta property=\"article:modified_time\" content=\"2025-11-25T09:48:06+00:00\" \/>\n<meta property=\"og:image\" content=\"https:\/\/pelin1971.hr\/wp-content\/uploads\/2025\/11\/spuzvice-3-12.jpg\" \/>\n\t<meta property=\"og:image:width\" content=\"2080\" \/>\n\t<meta property=\"og:image:height\" content=\"2080\" \/>\n\t<meta property=\"og:image:type\" content=\"image\/jpeg\" \/>\n<meta name=\"twitter:card\" content=\"summary_large_image\" \/>\n<script type=\"application\/ld+json\" class=\"yoast-schema-graph\">{\"@context\":\"https:\/\/schema.org\",\"@graph\":[{\"@type\":\"WebPage\",\"@id\":\"https:\/\/pelin1971.hr\/en\/katalog\/sponge-3-1\/\",\"url\":\"https:\/\/pelin1971.hr\/en\/katalog\/sponge-3-1\/\",\"name\":\"CLEANING SPONGES WITH ROUGH SIDE AND GROOVES\",\"isPartOf\":{\"@id\":\"https:\/\/pelin1971.hr\/en\/#website\"},\"primaryImageOfPage\":{\"@id\":\"https:\/\/pelin1971.hr\/en\/katalog\/sponge-3-1\/#primaryimage\"},\"image\":{\"@id\":\"https:\/\/pelin1971.hr\/en\/katalog\/sponge-3-1\/#primaryimage\"},\"thumbnailUrl\":\"https:\/\/pelin1971.hr\/wp-content\/uploads\/2022\/03\/spu\u017evice-3-12.jpg\",\"datePublished\":\"2025-11-18T16:18:14+00:00\",\"dateModified\":\"2025-11-25T09:48:06+00:00\",\"description\":\"Cleaning sponges, with an abrasive, i.e. rough, side for scrubbing and a recessed groove for better grip when cleaning\",\"breadcrumb\":{\"@id\":\"https:\/\/pelin1971.hr\/en\/katalog\/sponge-3-1\/#breadcrumb\"},\"inLanguage\":\"en-US\",\"potentialAction\":[{\"@type\":\"ReadAction\",\"target\":[\"https:\/\/pelin1971.hr\/en\/katalog\/sponge-3-1\/\"]}]},{\"@type\":\"ImageObject\",\"inLanguage\":\"en-US\",\"@id\":\"https:\/\/pelin1971.hr\/en\/katalog\/sponge-3-1\/#primaryimage\",\"url\":\"https:\/\/pelin1971.hr\/wp-content\/uploads\/2022\/03\/spu\u017evice-3-12.jpg\",\"contentUrl\":\"https:\/\/pelin1971.hr\/wp-content\/uploads\/2022\/03\/spu\u017evice-3-12.jpg\",\"width\":2080,\"height\":2080,\"caption\":\"spu\u017evice za \u010di\u0161\u0107enje sa grubom stranom i utorom\"},{\"@type\":\"BreadcrumbList\",\"@id\":\"https:\/\/pelin1971.hr\/en\/katalog\/sponge-3-1\/#breadcrumb\",\"itemListElement\":[{\"@type\":\"ListItem\",\"position\":1,\"name\":\"Home\",\"item\":\"https:\/\/pelin1971.hr\/en\/\"},{\"@type\":\"ListItem\",\"position\":2,\"name\":\"Shop\",\"item\":\"https:\/\/pelin1971.hr\/en\/shop\/\"},{\"@type\":\"ListItem\",\"position\":3,\"name\":\"Hygiene\",\"item\":\"https:\/\/pelin1971.hr\/en\/kategorija-proizvoda\/hygiene\/\"},{\"@type\":\"ListItem\",\"position\":4,\"name\":\"Sponges, rags, gloves...\",\"item\":\"https:\/\/pelin1971.hr\/en\/kategorija-proizvoda\/hygiene\/sponges-rags-gloves\/\"},{\"@type\":\"ListItem\",\"position\":5,\"name\":\"Sponge 3\/1\"}]},{\"@type\":\"WebSite\",\"@id\":\"https:\/\/pelin1971.hr\/en\/#website\",\"url\":\"https:\/\/pelin1971.hr\/en\/\",\"name\":\"Pelin1971\",\"description\":\"\",\"potentialAction\":[{\"@type\":\"SearchAction\",\"target\":{\"@type\":\"EntryPoint\",\"urlTemplate\":\"https:\/\/pelin1971.hr\/en\/?s={search_term_string}\"},\"query-input\":{\"@type\":\"PropertyValueSpecification\",\"valueRequired\":true,\"valueName\":\"search_term_string\"}}],\"inLanguage\":\"en-US\"}]}<\/script>\n<!-- \/ Yoast SEO plugin. -->","yoast_head_json":{"title":"CLEANING SPONGES WITH ROUGH SIDE AND GROOVES","description":"Cleaning sponges, with an abrasive, i.e. rough, side for scrubbing and a recessed groove for better grip when cleaning","robots":{"index":"index","follow":"follow","max-snippet":"max-snippet:-1","max-image-preview":"max-image-preview:large","max-video-preview":"max-video-preview:-1"},"canonical":"https:\/\/pelin1971.hr\/en\/katalog\/sponge-3-1\/","og_locale":"en_US","og_type":"article","og_title":"CLEANING SPONGES WITH ROUGH SIDE AND GROOVES","og_description":"Cleaning sponges, with an abrasive, i.e. rough, side for scrubbing and a recessed groove for better grip when cleaning","og_url":"https:\/\/pelin1971.hr\/en\/katalog\/sponge-3-1\/","og_site_name":"Pelin1971","article_modified_time":"2025-11-25T09:48:06+00:00","og_image":[{"width":2080,"height":2080,"url":"https:\/\/pelin1971.hr\/wp-content\/uploads\/2025\/11\/spuzvice-3-12.jpg","type":"image\/jpeg"}],"twitter_card":"summary_large_image","schema":{"@context":"https:\/\/schema.org","@graph":[{"@type":"WebPage","@id":"https:\/\/pelin1971.hr\/en\/katalog\/sponge-3-1\/","url":"https:\/\/pelin1971.hr\/en\/katalog\/sponge-3-1\/","name":"CLEANING SPONGES WITH ROUGH SIDE AND GROOVES","isPartOf":{"@id":"https:\/\/pelin1971.hr\/en\/#website"},"primaryImageOfPage":{"@id":"https:\/\/pelin1971.hr\/en\/katalog\/sponge-3-1\/#primaryimage"},"image":{"@id":"https:\/\/pelin1971.hr\/en\/katalog\/sponge-3-1\/#primaryimage"},"thumbnailUrl":"https:\/\/pelin1971.hr\/wp-content\/uploads\/2022\/03\/spu\u017evice-3-12.jpg","datePublished":"2025-11-18T16:18:14+00:00","dateModified":"2025-11-25T09:48:06+00:00","description":"Cleaning sponges, with an abrasive, i.e. rough, side for scrubbing and a recessed groove for better grip when cleaning","breadcrumb":{"@id":"https:\/\/pelin1971.hr\/en\/katalog\/sponge-3-1\/#breadcrumb"},"inLanguage":"en-US","potentialAction":[{"@type":"ReadAction","target":["https:\/\/pelin1971.hr\/en\/katalog\/sponge-3-1\/"]}]},{"@type":"ImageObject","inLanguage":"en-US","@id":"https:\/\/pelin1971.hr\/en\/katalog\/sponge-3-1\/#primaryimage","url":"https:\/\/pelin1971.hr\/wp-content\/uploads\/2022\/03\/spu\u017evice-3-12.jpg","contentUrl":"https:\/\/pelin1971.hr\/wp-content\/uploads\/2022\/03\/spu\u017evice-3-12.jpg","width":2080,"height":2080,"caption":"spu\u017evice za \u010di\u0161\u0107enje sa grubom stranom i utorom"},{"@type":"BreadcrumbList","@id":"https:\/\/pelin1971.hr\/en\/katalog\/sponge-3-1\/#breadcrumb","itemListElement":[{"@type":"ListItem","position":1,"name":"Home","item":"https:\/\/pelin1971.hr\/en\/"},{"@type":"ListItem","position":2,"name":"Shop","item":"https:\/\/pelin1971.hr\/en\/shop\/"},{"@type":"ListItem","position":3,"name":"Hygiene","item":"https:\/\/pelin1971.hr\/en\/kategorija-proizvoda\/hygiene\/"},{"@type":"ListItem","position":4,"name":"Sponges, rags, gloves...","item":"https:\/\/pelin1971.hr\/en\/kategorija-proizvoda\/hygiene\/sponges-rags-gloves\/"},{"@type":"ListItem","position":5,"name":"Sponge 3\/1"}]},{"@type":"WebSite","@id":"https:\/\/pelin1971.hr\/en\/#website","url":"https:\/\/pelin1971.hr\/en\/","name":"Pelin1971","description":"","potentialAction":[{"@type":"SearchAction","target":{"@type":"EntryPoint","urlTemplate":"https:\/\/pelin1971.hr\/en\/?s={search_term_string}"},"query-input":{"@type":"PropertyValueSpecification","valueRequired":true,"valueName":"search_term_string"}}],"inLanguage":"en-US"}]}},"_links":{"self":[{"href":"https:\/\/pelin1971.hr\/en\/wp-json\/wp\/v2\/product\/7433","targetHints":{"allow":["GET"]}}],"collection":[{"href":"https:\/\/pelin1971.hr\/en\/wp-json\/wp\/v2\/product"}],"about":[{"href":"https:\/\/pelin1971.hr\/en\/wp-json\/wp\/v2\/types\/product"}],"replies":[{"embeddable":true,"href":"https:\/\/pelin1971.hr\/en\/wp-json\/wp\/v2\/comments?post=7433"}],"wp:featuredmedia":[{"embeddable":true,"href":"https:\/\/pelin1971.hr\/en\/wp-json\/wp\/v2\/media\/9048"}],"wp:attachment":[{"href":"https:\/\/pelin1971.hr\/en\/wp-json\/wp\/v2\/media?parent=7433"}],"wp:term":[{"taxonomy":"product_brand","embeddable":true,"href":"https:\/\/pelin1971.hr\/en\/wp-json\/wp\/v2\/product_brand?post=7433"},{"taxonomy":"product_cat","embeddable":true,"href":"https:\/\/pelin1971.hr\/en\/wp-json\/wp\/v2\/product_cat?post=7433"},{"taxonomy":"product_tag","embeddable":true,"href":"https:\/\/pelin1971.hr\/en\/wp-json\/wp\/v2\/product_tag?post=7433"}],"curies":[{"name":"wp","href":"https:\/\/api.w.org\/{rel}","templated":true}]}}