{"id":7424,"date":"2025-11-18T17:18:14","date_gmt":"2025-11-18T16:18:14","guid":{"rendered":"https:\/\/pelin1971.hr\/katalog\/beverage-meter-for-caterers\/"},"modified":"2025-11-25T10:49:02","modified_gmt":"2025-11-25T09:49:02","slug":"beverage-meter-for-caterers","status":"publish","type":"product","link":"https:\/\/pelin1971.hr\/en\/katalog\/beverage-meter-for-caterers\/","title":{"rendered":"Beverage meter for caterers"},"content":{"rendered":"<h1>Beverage meter for caterers<\/h1>\n<p>-individual drink meter<\/p>\n<p>-one gauge for one bottle shape<\/p>\n<p>-we send you a complete list of all available meters by e-mail, you let us know which ones you need and we deliver them to your address (&#8230;and that&#8217;s it&#8230;)<\/p>\n<p>-similar item: <a href=\"https:\/\/pelin1971.hr\/katalog\/bokal-za-mjerenje\/\">measuring jug<\/a><\/p>\n","protected":false},"excerpt":{"rendered":"<p>Beverage meter for caterers -individual drink meter -one gauge for one bottle shape -we send you a complete list of all available meters by e-mail, you let us know which ones you need and we deliver them to your address (&#8230;and that&#8217;s it&#8230;) -similar item: measuring jug<\/p>\n","protected":false},"featured_media":9137,"comment_status":"open","ping_status":"closed","template":"","meta":{"_acf_changed":false},"product_brand":[],"product_cat":[4579],"product_tag":[3264,3261,3262,4662,3260,3263],"class_list":{"0":"post-7424","1":"product","2":"type-product","3":"status-publish","4":"has-post-thumbnail","6":"product_cat-drink-dispensers","7":"product_tag-beverage-meter-for-caterers","8":"product_tag-beverage-meter-for-catering-mushroom","9":"product_tag-catering-drink-meter-complete-set","10":"product_tag-drink-meter-2","11":"product_tag-drink-meter","12":"product_tag-drink-meter-for-domestic-and-imported-alcoholic-beverages","14":"first","15":"instock","16":"shipping-taxable","17":"product-type-simple"},"acf":[],"yoast_head":"<!-- This site is optimized with the Yoast SEO plugin v26.8 - https:\/\/yoast.com\/product\/yoast-seo-wordpress\/ -->\n<title>DRINK METER FOR CATERERS, FOR VARIOUS BOTTLES SHAPES<\/title>\n<meta name=\"description\" content=\"beverage meter for caterers, beverage meters for catering, catering meter for bottled beverages, beverage meter for all bottled alcoholic beverages, price\" \/>\n<meta name=\"robots\" content=\"index, follow, max-snippet:-1, max-image-preview:large, max-video-preview:-1\" \/>\n<link rel=\"canonical\" href=\"https:\/\/pelin1971.hr\/en\/katalog\/beverage-meter-for-caterers\/\" \/>\n<meta property=\"og:locale\" content=\"en_US\" \/>\n<meta property=\"og:type\" content=\"article\" \/>\n<meta property=\"og:title\" content=\"DRINK METER FOR CATERERS, FOR VARIOUS BOTTLES SHAPES\" \/>\n<meta property=\"og:description\" content=\"beverage meter for caterers, beverage meters for catering, catering meter for bottled beverages, beverage meter for all bottled alcoholic beverages, price\" \/>\n<meta property=\"og:url\" content=\"https:\/\/pelin1971.hr\/en\/katalog\/beverage-meter-for-caterers\/\" \/>\n<meta property=\"og:site_name\" content=\"Pelin1971\" \/>\n<meta property=\"article:modified_time\" content=\"2025-11-25T09:49:02+00:00\" \/>\n<meta property=\"og:image\" content=\"https:\/\/pelin1971.hr\/wp-content\/uploads\/2025\/11\/mjerac-lepeza.jpg\" \/>\n\t<meta property=\"og:image:width\" content=\"2068\" \/>\n\t<meta property=\"og:image:height\" content=\"2068\" \/>\n\t<meta property=\"og:image:type\" content=\"image\/jpeg\" \/>\n<meta name=\"twitter:card\" content=\"summary_large_image\" \/>\n<script type=\"application\/ld+json\" class=\"yoast-schema-graph\">{\"@context\":\"https:\/\/schema.org\",\"@graph\":[{\"@type\":\"WebPage\",\"@id\":\"https:\/\/pelin1971.hr\/en\/katalog\/beverage-meter-for-caterers\/\",\"url\":\"https:\/\/pelin1971.hr\/en\/katalog\/beverage-meter-for-caterers\/\",\"name\":\"DRINK METER FOR CATERERS, FOR VARIOUS BOTTLES SHAPES\",\"isPartOf\":{\"@id\":\"https:\/\/pelin1971.hr\/en\/#website\"},\"primaryImageOfPage\":{\"@id\":\"https:\/\/pelin1971.hr\/en\/katalog\/beverage-meter-for-caterers\/#primaryimage\"},\"image\":{\"@id\":\"https:\/\/pelin1971.hr\/en\/katalog\/beverage-meter-for-caterers\/#primaryimage\"},\"thumbnailUrl\":\"https:\/\/pelin1971.hr\/wp-content\/uploads\/2022\/01\/mjera\u010d-lepeza.jpg\",\"datePublished\":\"2025-11-18T16:18:14+00:00\",\"dateModified\":\"2025-11-25T09:49:02+00:00\",\"description\":\"beverage meter for caterers, beverage meters for catering, catering meter for bottled beverages, beverage meter for all bottled alcoholic beverages, price\",\"breadcrumb\":{\"@id\":\"https:\/\/pelin1971.hr\/en\/katalog\/beverage-meter-for-caterers\/#breadcrumb\"},\"inLanguage\":\"en-US\",\"potentialAction\":[{\"@type\":\"ReadAction\",\"target\":[\"https:\/\/pelin1971.hr\/en\/katalog\/beverage-meter-for-caterers\/\"]}]},{\"@type\":\"ImageObject\",\"inLanguage\":\"en-US\",\"@id\":\"https:\/\/pelin1971.hr\/en\/katalog\/beverage-meter-for-caterers\/#primaryimage\",\"url\":\"https:\/\/pelin1971.hr\/wp-content\/uploads\/2022\/01\/mjera\u010d-lepeza.jpg\",\"contentUrl\":\"https:\/\/pelin1971.hr\/wp-content\/uploads\/2022\/01\/mjera\u010d-lepeza.jpg\",\"width\":2068,\"height\":2068,\"caption\":\"mjera\u010d pi\u0107a za ugostitelje,za obra\u010dun\"},{\"@type\":\"BreadcrumbList\",\"@id\":\"https:\/\/pelin1971.hr\/en\/katalog\/beverage-meter-for-caterers\/#breadcrumb\",\"itemListElement\":[{\"@type\":\"ListItem\",\"position\":1,\"name\":\"Home\",\"item\":\"https:\/\/pelin1971.hr\/en\/\"},{\"@type\":\"ListItem\",\"position\":2,\"name\":\"Shop\",\"item\":\"https:\/\/pelin1971.hr\/en\/shop\/\"},{\"@type\":\"ListItem\",\"position\":3,\"name\":\"Small inventory\",\"item\":\"https:\/\/pelin1971.hr\/en\/kategorija-proizvoda\/small-inventory\/\"},{\"@type\":\"ListItem\",\"position\":4,\"name\":\"Drink dispensers\",\"item\":\"https:\/\/pelin1971.hr\/en\/kategorija-proizvoda\/small-inventory\/drink-dispensers\/\"},{\"@type\":\"ListItem\",\"position\":5,\"name\":\"Beverage meter for caterers\"}]},{\"@type\":\"WebSite\",\"@id\":\"https:\/\/pelin1971.hr\/en\/#website\",\"url\":\"https:\/\/pelin1971.hr\/en\/\",\"name\":\"Pelin1971\",\"description\":\"\",\"potentialAction\":[{\"@type\":\"SearchAction\",\"target\":{\"@type\":\"EntryPoint\",\"urlTemplate\":\"https:\/\/pelin1971.hr\/en\/?s={search_term_string}\"},\"query-input\":{\"@type\":\"PropertyValueSpecification\",\"valueRequired\":true,\"valueName\":\"search_term_string\"}}],\"inLanguage\":\"en-US\"}]}<\/script>\n<!-- \/ Yoast SEO plugin. -->","yoast_head_json":{"title":"DRINK METER FOR CATERERS, FOR VARIOUS BOTTLES SHAPES","description":"beverage meter for caterers, beverage meters for catering, catering meter for bottled beverages, beverage meter for all bottled alcoholic beverages, price","robots":{"index":"index","follow":"follow","max-snippet":"max-snippet:-1","max-image-preview":"max-image-preview:large","max-video-preview":"max-video-preview:-1"},"canonical":"https:\/\/pelin1971.hr\/en\/katalog\/beverage-meter-for-caterers\/","og_locale":"en_US","og_type":"article","og_title":"DRINK METER FOR CATERERS, FOR VARIOUS BOTTLES SHAPES","og_description":"beverage meter for caterers, beverage meters for catering, catering meter for bottled beverages, beverage meter for all bottled alcoholic beverages, price","og_url":"https:\/\/pelin1971.hr\/en\/katalog\/beverage-meter-for-caterers\/","og_site_name":"Pelin1971","article_modified_time":"2025-11-25T09:49:02+00:00","og_image":[{"width":2068,"height":2068,"url":"https:\/\/pelin1971.hr\/wp-content\/uploads\/2025\/11\/mjerac-lepeza.jpg","type":"image\/jpeg"}],"twitter_card":"summary_large_image","schema":{"@context":"https:\/\/schema.org","@graph":[{"@type":"WebPage","@id":"https:\/\/pelin1971.hr\/en\/katalog\/beverage-meter-for-caterers\/","url":"https:\/\/pelin1971.hr\/en\/katalog\/beverage-meter-for-caterers\/","name":"DRINK METER FOR CATERERS, FOR VARIOUS BOTTLES SHAPES","isPartOf":{"@id":"https:\/\/pelin1971.hr\/en\/#website"},"primaryImageOfPage":{"@id":"https:\/\/pelin1971.hr\/en\/katalog\/beverage-meter-for-caterers\/#primaryimage"},"image":{"@id":"https:\/\/pelin1971.hr\/en\/katalog\/beverage-meter-for-caterers\/#primaryimage"},"thumbnailUrl":"https:\/\/pelin1971.hr\/wp-content\/uploads\/2022\/01\/mjera\u010d-lepeza.jpg","datePublished":"2025-11-18T16:18:14+00:00","dateModified":"2025-11-25T09:49:02+00:00","description":"beverage meter for caterers, beverage meters for catering, catering meter for bottled beverages, beverage meter for all bottled alcoholic beverages, price","breadcrumb":{"@id":"https:\/\/pelin1971.hr\/en\/katalog\/beverage-meter-for-caterers\/#breadcrumb"},"inLanguage":"en-US","potentialAction":[{"@type":"ReadAction","target":["https:\/\/pelin1971.hr\/en\/katalog\/beverage-meter-for-caterers\/"]}]},{"@type":"ImageObject","inLanguage":"en-US","@id":"https:\/\/pelin1971.hr\/en\/katalog\/beverage-meter-for-caterers\/#primaryimage","url":"https:\/\/pelin1971.hr\/wp-content\/uploads\/2022\/01\/mjera\u010d-lepeza.jpg","contentUrl":"https:\/\/pelin1971.hr\/wp-content\/uploads\/2022\/01\/mjera\u010d-lepeza.jpg","width":2068,"height":2068,"caption":"mjera\u010d pi\u0107a za ugostitelje,za obra\u010dun"},{"@type":"BreadcrumbList","@id":"https:\/\/pelin1971.hr\/en\/katalog\/beverage-meter-for-caterers\/#breadcrumb","itemListElement":[{"@type":"ListItem","position":1,"name":"Home","item":"https:\/\/pelin1971.hr\/en\/"},{"@type":"ListItem","position":2,"name":"Shop","item":"https:\/\/pelin1971.hr\/en\/shop\/"},{"@type":"ListItem","position":3,"name":"Small inventory","item":"https:\/\/pelin1971.hr\/en\/kategorija-proizvoda\/small-inventory\/"},{"@type":"ListItem","position":4,"name":"Drink dispensers","item":"https:\/\/pelin1971.hr\/en\/kategorija-proizvoda\/small-inventory\/drink-dispensers\/"},{"@type":"ListItem","position":5,"name":"Beverage meter for caterers"}]},{"@type":"WebSite","@id":"https:\/\/pelin1971.hr\/en\/#website","url":"https:\/\/pelin1971.hr\/en\/","name":"Pelin1971","description":"","potentialAction":[{"@type":"SearchAction","target":{"@type":"EntryPoint","urlTemplate":"https:\/\/pelin1971.hr\/en\/?s={search_term_string}"},"query-input":{"@type":"PropertyValueSpecification","valueRequired":true,"valueName":"search_term_string"}}],"inLanguage":"en-US"}]}},"_links":{"self":[{"href":"https:\/\/pelin1971.hr\/en\/wp-json\/wp\/v2\/product\/7424","targetHints":{"allow":["GET"]}}],"collection":[{"href":"https:\/\/pelin1971.hr\/en\/wp-json\/wp\/v2\/product"}],"about":[{"href":"https:\/\/pelin1971.hr\/en\/wp-json\/wp\/v2\/types\/product"}],"replies":[{"embeddable":true,"href":"https:\/\/pelin1971.hr\/en\/wp-json\/wp\/v2\/comments?post=7424"}],"wp:featuredmedia":[{"embeddable":true,"href":"https:\/\/pelin1971.hr\/en\/wp-json\/wp\/v2\/media\/9137"}],"wp:attachment":[{"href":"https:\/\/pelin1971.hr\/en\/wp-json\/wp\/v2\/media?parent=7424"}],"wp:term":[{"taxonomy":"product_brand","embeddable":true,"href":"https:\/\/pelin1971.hr\/en\/wp-json\/wp\/v2\/product_brand?post=7424"},{"taxonomy":"product_cat","embeddable":true,"href":"https:\/\/pelin1971.hr\/en\/wp-json\/wp\/v2\/product_cat?post=7424"},{"taxonomy":"product_tag","embeddable":true,"href":"https:\/\/pelin1971.hr\/en\/wp-json\/wp\/v2\/product_tag?post=7424"}],"curies":[{"name":"wp","href":"https:\/\/api.w.org\/{rel}","templated":true}]}}