{"id":7423,"date":"2025-11-18T17:18:14","date_gmt":"2025-11-18T16:18:14","guid":{"rendered":"https:\/\/pelin1971.hr\/katalog\/measuring-drinks-individually\/"},"modified":"2025-11-25T10:48:07","modified_gmt":"2025-11-25T09:48:07","slug":"measuring-drinks-individually","status":"publish","type":"product","link":"https:\/\/pelin1971.hr\/en\/katalog\/measuring-drinks-individually\/","title":{"rendered":"Measuring drinks individually"},"content":{"rendered":"<h1>Measuring drinks individually<\/h1>\n<p>-individual drink meter<\/p>\n<p>-one gauge for one bottle shape<\/p>\n<p>-we send you a complete list of all available meters by e-mail, you let us know which ones you need and we deliver them to your address (&#8230;and that&#8217;s it&#8230;)<\/p>\n","protected":false},"excerpt":{"rendered":"<p>Measuring drinks individually -individual drink meter -one gauge for one bottle shape -we send you a complete list of all available meters by e-mail, you let us know which ones you need and we deliver them to your address (&#8230;and that&#8217;s it&#8230;)<\/p>\n","protected":false},"featured_media":9138,"comment_status":"open","ping_status":"closed","template":"","meta":{"_acf_changed":false},"product_brand":[],"product_cat":[4579],"product_tag":[],"class_list":{"0":"post-7423","1":"product","2":"type-product","3":"status-publish","4":"has-post-thumbnail","6":"product_cat-drink-dispensers","8":"first","9":"instock","10":"shipping-taxable","11":"product-type-simple"},"acf":[],"yoast_head":"<!-- This site is optimized with the Yoast SEO plugin v26.8 - https:\/\/yoast.com\/product\/yoast-seo-wordpress\/ -->\n<title>Measuring drinks individually - Pelin1971<\/title>\n<meta name=\"robots\" content=\"index, follow, max-snippet:-1, max-image-preview:large, max-video-preview:-1\" \/>\n<link rel=\"canonical\" href=\"https:\/\/pelin1971.hr\/en\/katalog\/measuring-drinks-individually\/\" \/>\n<meta property=\"og:locale\" content=\"en_US\" \/>\n<meta property=\"og:type\" content=\"article\" \/>\n<meta property=\"og:title\" content=\"Measuring drinks individually - Pelin1971\" \/>\n<meta property=\"og:description\" content=\"Measuring drinks individually -individual drink meter -one gauge for one bottle shape -we send you a complete list of all available meters by e-mail, you let us know which ones you need and we deliver them to your address (&#8230;and that&#8217;s it&#8230;)\" \/>\n<meta property=\"og:url\" content=\"https:\/\/pelin1971.hr\/en\/katalog\/measuring-drinks-individually\/\" \/>\n<meta property=\"og:site_name\" content=\"Pelin1971\" \/>\n<meta property=\"article:modified_time\" content=\"2025-11-25T09:48:07+00:00\" \/>\n<meta property=\"og:image\" content=\"https:\/\/pelin1971.hr\/wp-content\/uploads\/2025\/11\/mjerac-solo.jpg\" \/>\n\t<meta property=\"og:image:width\" content=\"2068\" \/>\n\t<meta property=\"og:image:height\" content=\"2068\" \/>\n\t<meta property=\"og:image:type\" content=\"image\/jpeg\" \/>\n<meta name=\"twitter:card\" content=\"summary_large_image\" \/>\n<script type=\"application\/ld+json\" class=\"yoast-schema-graph\">{\"@context\":\"https:\/\/schema.org\",\"@graph\":[{\"@type\":\"WebPage\",\"@id\":\"https:\/\/pelin1971.hr\/en\/katalog\/measuring-drinks-individually\/\",\"url\":\"https:\/\/pelin1971.hr\/en\/katalog\/measuring-drinks-individually\/\",\"name\":\"Measuring drinks individually - Pelin1971\",\"isPartOf\":{\"@id\":\"https:\/\/pelin1971.hr\/en\/#website\"},\"primaryImageOfPage\":{\"@id\":\"https:\/\/pelin1971.hr\/en\/katalog\/measuring-drinks-individually\/#primaryimage\"},\"image\":{\"@id\":\"https:\/\/pelin1971.hr\/en\/katalog\/measuring-drinks-individually\/#primaryimage\"},\"thumbnailUrl\":\"https:\/\/pelin1971.hr\/wp-content\/uploads\/2022\/01\/mjera\u010d-solo.jpg\",\"datePublished\":\"2025-11-18T16:18:14+00:00\",\"dateModified\":\"2025-11-25T09:48:07+00:00\",\"breadcrumb\":{\"@id\":\"https:\/\/pelin1971.hr\/en\/katalog\/measuring-drinks-individually\/#breadcrumb\"},\"inLanguage\":\"en-US\",\"potentialAction\":[{\"@type\":\"ReadAction\",\"target\":[\"https:\/\/pelin1971.hr\/en\/katalog\/measuring-drinks-individually\/\"]}]},{\"@type\":\"ImageObject\",\"inLanguage\":\"en-US\",\"@id\":\"https:\/\/pelin1971.hr\/en\/katalog\/measuring-drinks-individually\/#primaryimage\",\"url\":\"https:\/\/pelin1971.hr\/wp-content\/uploads\/2022\/01\/mjera\u010d-solo.jpg\",\"contentUrl\":\"https:\/\/pelin1971.hr\/wp-content\/uploads\/2022\/01\/mjera\u010d-solo.jpg\",\"width\":2068,\"height\":2068,\"caption\":\"mjera\u010d pi\u0107a pojedina\u010dno,mjera\u010d za pi\u0107e\"},{\"@type\":\"BreadcrumbList\",\"@id\":\"https:\/\/pelin1971.hr\/en\/katalog\/measuring-drinks-individually\/#breadcrumb\",\"itemListElement\":[{\"@type\":\"ListItem\",\"position\":1,\"name\":\"Home\",\"item\":\"https:\/\/pelin1971.hr\/en\/\"},{\"@type\":\"ListItem\",\"position\":2,\"name\":\"Shop\",\"item\":\"https:\/\/pelin1971.hr\/en\/shop\/\"},{\"@type\":\"ListItem\",\"position\":3,\"name\":\"Small inventory\",\"item\":\"https:\/\/pelin1971.hr\/en\/kategorija-proizvoda\/small-inventory\/\"},{\"@type\":\"ListItem\",\"position\":4,\"name\":\"Drink dispensers\",\"item\":\"https:\/\/pelin1971.hr\/en\/kategorija-proizvoda\/small-inventory\/drink-dispensers\/\"},{\"@type\":\"ListItem\",\"position\":5,\"name\":\"Measuring drinks individually\"}]},{\"@type\":\"WebSite\",\"@id\":\"https:\/\/pelin1971.hr\/en\/#website\",\"url\":\"https:\/\/pelin1971.hr\/en\/\",\"name\":\"Pelin1971\",\"description\":\"\",\"potentialAction\":[{\"@type\":\"SearchAction\",\"target\":{\"@type\":\"EntryPoint\",\"urlTemplate\":\"https:\/\/pelin1971.hr\/en\/?s={search_term_string}\"},\"query-input\":{\"@type\":\"PropertyValueSpecification\",\"valueRequired\":true,\"valueName\":\"search_term_string\"}}],\"inLanguage\":\"en-US\"}]}<\/script>\n<!-- \/ Yoast SEO plugin. -->","yoast_head_json":{"title":"Measuring drinks individually - Pelin1971","robots":{"index":"index","follow":"follow","max-snippet":"max-snippet:-1","max-image-preview":"max-image-preview:large","max-video-preview":"max-video-preview:-1"},"canonical":"https:\/\/pelin1971.hr\/en\/katalog\/measuring-drinks-individually\/","og_locale":"en_US","og_type":"article","og_title":"Measuring drinks individually - Pelin1971","og_description":"Measuring drinks individually -individual drink meter -one gauge for one bottle shape -we send you a complete list of all available meters by e-mail, you let us know which ones you need and we deliver them to your address (&#8230;and that&#8217;s it&#8230;)","og_url":"https:\/\/pelin1971.hr\/en\/katalog\/measuring-drinks-individually\/","og_site_name":"Pelin1971","article_modified_time":"2025-11-25T09:48:07+00:00","og_image":[{"width":2068,"height":2068,"url":"https:\/\/pelin1971.hr\/wp-content\/uploads\/2025\/11\/mjerac-solo.jpg","type":"image\/jpeg"}],"twitter_card":"summary_large_image","schema":{"@context":"https:\/\/schema.org","@graph":[{"@type":"WebPage","@id":"https:\/\/pelin1971.hr\/en\/katalog\/measuring-drinks-individually\/","url":"https:\/\/pelin1971.hr\/en\/katalog\/measuring-drinks-individually\/","name":"Measuring drinks individually - Pelin1971","isPartOf":{"@id":"https:\/\/pelin1971.hr\/en\/#website"},"primaryImageOfPage":{"@id":"https:\/\/pelin1971.hr\/en\/katalog\/measuring-drinks-individually\/#primaryimage"},"image":{"@id":"https:\/\/pelin1971.hr\/en\/katalog\/measuring-drinks-individually\/#primaryimage"},"thumbnailUrl":"https:\/\/pelin1971.hr\/wp-content\/uploads\/2022\/01\/mjera\u010d-solo.jpg","datePublished":"2025-11-18T16:18:14+00:00","dateModified":"2025-11-25T09:48:07+00:00","breadcrumb":{"@id":"https:\/\/pelin1971.hr\/en\/katalog\/measuring-drinks-individually\/#breadcrumb"},"inLanguage":"en-US","potentialAction":[{"@type":"ReadAction","target":["https:\/\/pelin1971.hr\/en\/katalog\/measuring-drinks-individually\/"]}]},{"@type":"ImageObject","inLanguage":"en-US","@id":"https:\/\/pelin1971.hr\/en\/katalog\/measuring-drinks-individually\/#primaryimage","url":"https:\/\/pelin1971.hr\/wp-content\/uploads\/2022\/01\/mjera\u010d-solo.jpg","contentUrl":"https:\/\/pelin1971.hr\/wp-content\/uploads\/2022\/01\/mjera\u010d-solo.jpg","width":2068,"height":2068,"caption":"mjera\u010d pi\u0107a pojedina\u010dno,mjera\u010d za pi\u0107e"},{"@type":"BreadcrumbList","@id":"https:\/\/pelin1971.hr\/en\/katalog\/measuring-drinks-individually\/#breadcrumb","itemListElement":[{"@type":"ListItem","position":1,"name":"Home","item":"https:\/\/pelin1971.hr\/en\/"},{"@type":"ListItem","position":2,"name":"Shop","item":"https:\/\/pelin1971.hr\/en\/shop\/"},{"@type":"ListItem","position":3,"name":"Small inventory","item":"https:\/\/pelin1971.hr\/en\/kategorija-proizvoda\/small-inventory\/"},{"@type":"ListItem","position":4,"name":"Drink dispensers","item":"https:\/\/pelin1971.hr\/en\/kategorija-proizvoda\/small-inventory\/drink-dispensers\/"},{"@type":"ListItem","position":5,"name":"Measuring drinks individually"}]},{"@type":"WebSite","@id":"https:\/\/pelin1971.hr\/en\/#website","url":"https:\/\/pelin1971.hr\/en\/","name":"Pelin1971","description":"","potentialAction":[{"@type":"SearchAction","target":{"@type":"EntryPoint","urlTemplate":"https:\/\/pelin1971.hr\/en\/?s={search_term_string}"},"query-input":{"@type":"PropertyValueSpecification","valueRequired":true,"valueName":"search_term_string"}}],"inLanguage":"en-US"}]}},"_links":{"self":[{"href":"https:\/\/pelin1971.hr\/en\/wp-json\/wp\/v2\/product\/7423","targetHints":{"allow":["GET"]}}],"collection":[{"href":"https:\/\/pelin1971.hr\/en\/wp-json\/wp\/v2\/product"}],"about":[{"href":"https:\/\/pelin1971.hr\/en\/wp-json\/wp\/v2\/types\/product"}],"replies":[{"embeddable":true,"href":"https:\/\/pelin1971.hr\/en\/wp-json\/wp\/v2\/comments?post=7423"}],"wp:featuredmedia":[{"embeddable":true,"href":"https:\/\/pelin1971.hr\/en\/wp-json\/wp\/v2\/media\/9138"}],"wp:attachment":[{"href":"https:\/\/pelin1971.hr\/en\/wp-json\/wp\/v2\/media?parent=7423"}],"wp:term":[{"taxonomy":"product_brand","embeddable":true,"href":"https:\/\/pelin1971.hr\/en\/wp-json\/wp\/v2\/product_brand?post=7423"},{"taxonomy":"product_cat","embeddable":true,"href":"https:\/\/pelin1971.hr\/en\/wp-json\/wp\/v2\/product_cat?post=7423"},{"taxonomy":"product_tag","embeddable":true,"href":"https:\/\/pelin1971.hr\/en\/wp-json\/wp\/v2\/product_tag?post=7423"}],"curies":[{"name":"wp","href":"https:\/\/api.w.org\/{rel}","templated":true}]}}