{"id":7412,"date":"2025-11-18T17:18:56","date_gmt":"2025-11-18T16:18:56","guid":{"rendered":"https:\/\/pelin1971.hr\/katalog\/domestos\/"},"modified":"2025-11-25T10:46:00","modified_gmt":"2025-11-25T09:46:00","slug":"domestos","status":"publish","type":"product","link":"https:\/\/pelin1971.hr\/en\/katalog\/domestos\/","title":{"rendered":"Domestos"},"content":{"rendered":"<h1>Domestos 750ml<\/h1>\n<p>-purpose: cleaning of toilets and similar surfaces<br \/>\n-volume: 750ml<\/p>\n","protected":false},"excerpt":{"rendered":"<p>Domestos 750ml -purpose: cleaning of toilets and similar surfaces -volume: 750ml<\/p>\n","protected":false},"featured_media":9106,"comment_status":"open","ping_status":"closed","template":"","meta":{"_acf_changed":false},"product_brand":[],"product_cat":[4557],"product_tag":[3224],"class_list":{"0":"post-7412","1":"product","2":"type-product","3":"status-publish","4":"has-post-thumbnail","6":"product_cat-cleaning-products","7":"product_tag-homestead","9":"first","10":"instock","11":"shipping-taxable","12":"purchasable","13":"product-type-simple"},"acf":[],"yoast_head":"<!-- This site is optimized with the Yoast SEO plugin v26.8 - https:\/\/yoast.com\/product\/yoast-seo-wordpress\/ -->\n<title>Domestos 750ml cleaner for toilets and similar surfaces<\/title>\n<meta name=\"description\" content=\"Domestos means for cleaning sanitary ware and similar surfaces, cleans and disinfects surfaces, suitable for various types of rooms, price\" \/>\n<meta name=\"robots\" content=\"index, follow, max-snippet:-1, max-image-preview:large, max-video-preview:-1\" \/>\n<link rel=\"canonical\" href=\"https:\/\/pelin1971.hr\/en\/katalog\/domestos\/\" \/>\n<meta property=\"og:locale\" content=\"en_US\" \/>\n<meta property=\"og:type\" content=\"article\" \/>\n<meta property=\"og:title\" content=\"Domestos 750ml cleaner for toilets and similar surfaces\" \/>\n<meta property=\"og:description\" content=\"Domestos means for cleaning sanitary ware and similar surfaces, cleans and disinfects surfaces, suitable for various types of rooms, price\" \/>\n<meta property=\"og:url\" content=\"https:\/\/pelin1971.hr\/en\/katalog\/domestos\/\" \/>\n<meta property=\"og:site_name\" content=\"Pelin1971\" \/>\n<meta property=\"article:modified_time\" content=\"2025-11-25T09:46:00+00:00\" \/>\n<meta property=\"og:image\" content=\"https:\/\/pelin1971.hr\/wp-content\/uploads\/2025\/11\/domestos.jpg\" \/>\n\t<meta property=\"og:image:width\" content=\"500\" \/>\n\t<meta property=\"og:image:height\" content=\"500\" \/>\n\t<meta property=\"og:image:type\" content=\"image\/jpeg\" \/>\n<meta name=\"twitter:card\" content=\"summary_large_image\" \/>\n<script type=\"application\/ld+json\" class=\"yoast-schema-graph\">{\"@context\":\"https:\/\/schema.org\",\"@graph\":[{\"@type\":\"WebPage\",\"@id\":\"https:\/\/pelin1971.hr\/en\/katalog\/domestos\/\",\"url\":\"https:\/\/pelin1971.hr\/en\/katalog\/domestos\/\",\"name\":\"Domestos 750ml cleaner for toilets and similar surfaces\",\"isPartOf\":{\"@id\":\"https:\/\/pelin1971.hr\/en\/#website\"},\"primaryImageOfPage\":{\"@id\":\"https:\/\/pelin1971.hr\/en\/katalog\/domestos\/#primaryimage\"},\"image\":{\"@id\":\"https:\/\/pelin1971.hr\/en\/katalog\/domestos\/#primaryimage\"},\"thumbnailUrl\":\"https:\/\/pelin1971.hr\/wp-content\/uploads\/2016\/02\/domestos.jpg\",\"datePublished\":\"2025-11-18T16:18:56+00:00\",\"dateModified\":\"2025-11-25T09:46:00+00:00\",\"description\":\"Domestos means for cleaning sanitary ware and similar surfaces, cleans and disinfects surfaces, suitable for various types of rooms, price\",\"breadcrumb\":{\"@id\":\"https:\/\/pelin1971.hr\/en\/katalog\/domestos\/#breadcrumb\"},\"inLanguage\":\"en-US\",\"potentialAction\":[{\"@type\":\"ReadAction\",\"target\":[\"https:\/\/pelin1971.hr\/en\/katalog\/domestos\/\"]}]},{\"@type\":\"ImageObject\",\"inLanguage\":\"en-US\",\"@id\":\"https:\/\/pelin1971.hr\/en\/katalog\/domestos\/#primaryimage\",\"url\":\"https:\/\/pelin1971.hr\/wp-content\/uploads\/2016\/02\/domestos.jpg\",\"contentUrl\":\"https:\/\/pelin1971.hr\/wp-content\/uploads\/2016\/02\/domestos.jpg\",\"width\":500,\"height\":500,\"caption\":\"domestos 750ml za \u010di\u0161\u0107enje sanitarija i sli\u010dnih povr\u0161ina,cijena\"},{\"@type\":\"BreadcrumbList\",\"@id\":\"https:\/\/pelin1971.hr\/en\/katalog\/domestos\/#breadcrumb\",\"itemListElement\":[{\"@type\":\"ListItem\",\"position\":1,\"name\":\"Home\",\"item\":\"https:\/\/pelin1971.hr\/en\/\"},{\"@type\":\"ListItem\",\"position\":2,\"name\":\"Shop\",\"item\":\"https:\/\/pelin1971.hr\/en\/shop\/\"},{\"@type\":\"ListItem\",\"position\":3,\"name\":\"Chemistry\",\"item\":\"https:\/\/pelin1971.hr\/en\/kategorija-proizvoda\/chemistry\/\"},{\"@type\":\"ListItem\",\"position\":4,\"name\":\"Cleaning products\",\"item\":\"https:\/\/pelin1971.hr\/en\/kategorija-proizvoda\/chemistry\/cleaning-products\/\"},{\"@type\":\"ListItem\",\"position\":5,\"name\":\"Domestos\"}]},{\"@type\":\"WebSite\",\"@id\":\"https:\/\/pelin1971.hr\/en\/#website\",\"url\":\"https:\/\/pelin1971.hr\/en\/\",\"name\":\"Pelin1971\",\"description\":\"\",\"potentialAction\":[{\"@type\":\"SearchAction\",\"target\":{\"@type\":\"EntryPoint\",\"urlTemplate\":\"https:\/\/pelin1971.hr\/en\/?s={search_term_string}\"},\"query-input\":{\"@type\":\"PropertyValueSpecification\",\"valueRequired\":true,\"valueName\":\"search_term_string\"}}],\"inLanguage\":\"en-US\"}]}<\/script>\n<!-- \/ Yoast SEO plugin. -->","yoast_head_json":{"title":"Domestos 750ml cleaner for toilets and similar surfaces","description":"Domestos means for cleaning sanitary ware and similar surfaces, cleans and disinfects surfaces, suitable for various types of rooms, price","robots":{"index":"index","follow":"follow","max-snippet":"max-snippet:-1","max-image-preview":"max-image-preview:large","max-video-preview":"max-video-preview:-1"},"canonical":"https:\/\/pelin1971.hr\/en\/katalog\/domestos\/","og_locale":"en_US","og_type":"article","og_title":"Domestos 750ml cleaner for toilets and similar surfaces","og_description":"Domestos means for cleaning sanitary ware and similar surfaces, cleans and disinfects surfaces, suitable for various types of rooms, price","og_url":"https:\/\/pelin1971.hr\/en\/katalog\/domestos\/","og_site_name":"Pelin1971","article_modified_time":"2025-11-25T09:46:00+00:00","og_image":[{"width":500,"height":500,"url":"https:\/\/pelin1971.hr\/wp-content\/uploads\/2025\/11\/domestos.jpg","type":"image\/jpeg"}],"twitter_card":"summary_large_image","schema":{"@context":"https:\/\/schema.org","@graph":[{"@type":"WebPage","@id":"https:\/\/pelin1971.hr\/en\/katalog\/domestos\/","url":"https:\/\/pelin1971.hr\/en\/katalog\/domestos\/","name":"Domestos 750ml cleaner for toilets and similar surfaces","isPartOf":{"@id":"https:\/\/pelin1971.hr\/en\/#website"},"primaryImageOfPage":{"@id":"https:\/\/pelin1971.hr\/en\/katalog\/domestos\/#primaryimage"},"image":{"@id":"https:\/\/pelin1971.hr\/en\/katalog\/domestos\/#primaryimage"},"thumbnailUrl":"https:\/\/pelin1971.hr\/wp-content\/uploads\/2016\/02\/domestos.jpg","datePublished":"2025-11-18T16:18:56+00:00","dateModified":"2025-11-25T09:46:00+00:00","description":"Domestos means for cleaning sanitary ware and similar surfaces, cleans and disinfects surfaces, suitable for various types of rooms, price","breadcrumb":{"@id":"https:\/\/pelin1971.hr\/en\/katalog\/domestos\/#breadcrumb"},"inLanguage":"en-US","potentialAction":[{"@type":"ReadAction","target":["https:\/\/pelin1971.hr\/en\/katalog\/domestos\/"]}]},{"@type":"ImageObject","inLanguage":"en-US","@id":"https:\/\/pelin1971.hr\/en\/katalog\/domestos\/#primaryimage","url":"https:\/\/pelin1971.hr\/wp-content\/uploads\/2016\/02\/domestos.jpg","contentUrl":"https:\/\/pelin1971.hr\/wp-content\/uploads\/2016\/02\/domestos.jpg","width":500,"height":500,"caption":"domestos 750ml za \u010di\u0161\u0107enje sanitarija i sli\u010dnih povr\u0161ina,cijena"},{"@type":"BreadcrumbList","@id":"https:\/\/pelin1971.hr\/en\/katalog\/domestos\/#breadcrumb","itemListElement":[{"@type":"ListItem","position":1,"name":"Home","item":"https:\/\/pelin1971.hr\/en\/"},{"@type":"ListItem","position":2,"name":"Shop","item":"https:\/\/pelin1971.hr\/en\/shop\/"},{"@type":"ListItem","position":3,"name":"Chemistry","item":"https:\/\/pelin1971.hr\/en\/kategorija-proizvoda\/chemistry\/"},{"@type":"ListItem","position":4,"name":"Cleaning products","item":"https:\/\/pelin1971.hr\/en\/kategorija-proizvoda\/chemistry\/cleaning-products\/"},{"@type":"ListItem","position":5,"name":"Domestos"}]},{"@type":"WebSite","@id":"https:\/\/pelin1971.hr\/en\/#website","url":"https:\/\/pelin1971.hr\/en\/","name":"Pelin1971","description":"","potentialAction":[{"@type":"SearchAction","target":{"@type":"EntryPoint","urlTemplate":"https:\/\/pelin1971.hr\/en\/?s={search_term_string}"},"query-input":{"@type":"PropertyValueSpecification","valueRequired":true,"valueName":"search_term_string"}}],"inLanguage":"en-US"}]}},"_links":{"self":[{"href":"https:\/\/pelin1971.hr\/en\/wp-json\/wp\/v2\/product\/7412","targetHints":{"allow":["GET"]}}],"collection":[{"href":"https:\/\/pelin1971.hr\/en\/wp-json\/wp\/v2\/product"}],"about":[{"href":"https:\/\/pelin1971.hr\/en\/wp-json\/wp\/v2\/types\/product"}],"replies":[{"embeddable":true,"href":"https:\/\/pelin1971.hr\/en\/wp-json\/wp\/v2\/comments?post=7412"}],"wp:featuredmedia":[{"embeddable":true,"href":"https:\/\/pelin1971.hr\/en\/wp-json\/wp\/v2\/media\/9106"}],"wp:attachment":[{"href":"https:\/\/pelin1971.hr\/en\/wp-json\/wp\/v2\/media?parent=7412"}],"wp:term":[{"taxonomy":"product_brand","embeddable":true,"href":"https:\/\/pelin1971.hr\/en\/wp-json\/wp\/v2\/product_brand?post=7412"},{"taxonomy":"product_cat","embeddable":true,"href":"https:\/\/pelin1971.hr\/en\/wp-json\/wp\/v2\/product_cat?post=7412"},{"taxonomy":"product_tag","embeddable":true,"href":"https:\/\/pelin1971.hr\/en\/wp-json\/wp\/v2\/product_tag?post=7412"}],"curies":[{"name":"wp","href":"https:\/\/api.w.org\/{rel}","templated":true}]}}