{"id":7372,"date":"2025-11-18T17:19:18","date_gmt":"2025-11-18T16:19:18","guid":{"rendered":"https:\/\/pelin1971.hr\/katalog\/paper-towels-in-rolls-for-autocut-devices\/"},"modified":"2025-11-25T10:45:03","modified_gmt":"2025-11-25T09:45:03","slug":"paper-towels-in-rolls-for-autocut-devices","status":"publish","type":"product","link":"https:\/\/pelin1971.hr\/en\/katalog\/paper-towels-in-rolls-for-autocut-devices\/","title":{"rendered":"PAPER TOWELS IN ROLLS FOR AUTOCUT DEVICES"},"content":{"rendered":"<h1>PAPER TOWELS IN ROLLS FOR AUTOCUT DEVICES<\/h1>\n<p>-roll width 20.5cm<br \/>\n-roll diameter 19cm<br \/>\n-roll length 130m<br \/>\n-100% cellulose<br \/>\n-packaging 6\/1<\/p>\n","protected":false},"excerpt":{"rendered":"<p>PAPER TOWELS IN ROLLS FOR AUTOCUT DEVICES -roll width 20.5cm -roll diameter 19cm -roll length 130m -100% cellulose -packaging 6\/1<\/p>\n","protected":false},"featured_media":8920,"comment_status":"open","ping_status":"closed","template":"","meta":{"_acf_changed":false},"product_brand":[],"product_cat":[4573],"product_tag":[3145,3140,3141,3143],"class_list":{"0":"post-7372","1":"product","2":"type-product","3":"status-publish","4":"has-post-thumbnail","6":"product_cat-towels","7":"product_tag-hand-towels-in-rolls-for-autocut-dispensers","8":"product_tag-paper-towels-for-autocut","9":"product_tag-paper-towels-for-autocut-holders","10":"product_tag-towels-for-autocut-machines","12":"first","13":"onbackorder","14":"shipping-taxable","15":"product-type-simple"},"acf":[],"yoast_head":"<!-- This site is optimized with the Yoast SEO plugin v26.8 - https:\/\/yoast.com\/product\/yoast-seo-wordpress\/ -->\n<title>Paper towels for autocut holders, machines, dispensers in the toilet, in rolls<\/title>\n<meta name=\"description\" content=\"paper towels for autocut holders, towel rolls for autocut dispensers, paper rolls for autocut holders in sanitary areas, price\" \/>\n<meta name=\"robots\" content=\"index, follow, max-snippet:-1, max-image-preview:large, max-video-preview:-1\" \/>\n<link rel=\"canonical\" href=\"https:\/\/pelin1971.hr\/en\/katalog\/paper-towels-in-rolls-for-autocut-devices\/\" \/>\n<meta property=\"og:locale\" content=\"en_US\" \/>\n<meta property=\"og:type\" content=\"article\" \/>\n<meta property=\"og:title\" content=\"Paper towels for autocut holders, machines, dispensers in the toilet, in rolls\" \/>\n<meta property=\"og:description\" content=\"paper towels for autocut holders, towel rolls for autocut dispensers, paper rolls for autocut holders in sanitary areas, price\" \/>\n<meta property=\"og:url\" content=\"https:\/\/pelin1971.hr\/en\/katalog\/paper-towels-in-rolls-for-autocut-devices\/\" \/>\n<meta property=\"og:site_name\" content=\"Pelin1971\" \/>\n<meta property=\"article:modified_time\" content=\"2025-11-25T09:45:03+00:00\" \/>\n<meta property=\"og:image\" content=\"https:\/\/pelin1971.hr\/wp-content\/uploads\/2025\/11\/papir_u_roli-autocut-1.jpg\" \/>\n\t<meta property=\"og:image:width\" content=\"500\" \/>\n\t<meta property=\"og:image:height\" content=\"500\" \/>\n\t<meta property=\"og:image:type\" content=\"image\/jpeg\" \/>\n<meta name=\"twitter:card\" content=\"summary_large_image\" \/>\n<script type=\"application\/ld+json\" class=\"yoast-schema-graph\">{\"@context\":\"https:\/\/schema.org\",\"@graph\":[{\"@type\":\"WebPage\",\"@id\":\"https:\/\/pelin1971.hr\/en\/katalog\/paper-towels-in-rolls-for-autocut-devices\/\",\"url\":\"https:\/\/pelin1971.hr\/en\/katalog\/paper-towels-in-rolls-for-autocut-devices\/\",\"name\":\"Paper towels for autocut holders, machines, dispensers in the toilet, in rolls\",\"isPartOf\":{\"@id\":\"https:\/\/pelin1971.hr\/en\/#website\"},\"primaryImageOfPage\":{\"@id\":\"https:\/\/pelin1971.hr\/en\/katalog\/paper-towels-in-rolls-for-autocut-devices\/#primaryimage\"},\"image\":{\"@id\":\"https:\/\/pelin1971.hr\/en\/katalog\/paper-towels-in-rolls-for-autocut-devices\/#primaryimage\"},\"thumbnailUrl\":\"https:\/\/pelin1971.hr\/wp-content\/uploads\/2016\/02\/papir_u_roli-autocut-1.jpg\",\"datePublished\":\"2025-11-18T16:19:18+00:00\",\"dateModified\":\"2025-11-25T09:45:03+00:00\",\"description\":\"paper towels for autocut holders, towel rolls for autocut dispensers, paper rolls for autocut holders in sanitary areas, price\",\"breadcrumb\":{\"@id\":\"https:\/\/pelin1971.hr\/en\/katalog\/paper-towels-in-rolls-for-autocut-devices\/#breadcrumb\"},\"inLanguage\":\"en-US\",\"potentialAction\":[{\"@type\":\"ReadAction\",\"target\":[\"https:\/\/pelin1971.hr\/en\/katalog\/paper-towels-in-rolls-for-autocut-devices\/\"]}]},{\"@type\":\"ImageObject\",\"inLanguage\":\"en-US\",\"@id\":\"https:\/\/pelin1971.hr\/en\/katalog\/paper-towels-in-rolls-for-autocut-devices\/#primaryimage\",\"url\":\"https:\/\/pelin1971.hr\/wp-content\/uploads\/2016\/02\/papir_u_roli-autocut-1.jpg\",\"contentUrl\":\"https:\/\/pelin1971.hr\/wp-content\/uploads\/2016\/02\/papir_u_roli-autocut-1.jpg\",\"width\":500,\"height\":500,\"caption\":\"papirnati ru\u010dnici u roli za autocut dr\u017ea\u010de,aparate,dispenzere,autocut papiri za dr\u017ea\u010de u sanitarnim prostorima,cijena\"},{\"@type\":\"BreadcrumbList\",\"@id\":\"https:\/\/pelin1971.hr\/en\/katalog\/paper-towels-in-rolls-for-autocut-devices\/#breadcrumb\",\"itemListElement\":[{\"@type\":\"ListItem\",\"position\":1,\"name\":\"Home\",\"item\":\"https:\/\/pelin1971.hr\/en\/\"},{\"@type\":\"ListItem\",\"position\":2,\"name\":\"Shop\",\"item\":\"https:\/\/pelin1971.hr\/en\/shop\/\"},{\"@type\":\"ListItem\",\"position\":3,\"name\":\"Sanitary program\",\"item\":\"https:\/\/pelin1971.hr\/en\/kategorija-proizvoda\/sanitary-program\/\"},{\"@type\":\"ListItem\",\"position\":4,\"name\":\"Towels\",\"item\":\"https:\/\/pelin1971.hr\/en\/kategorija-proizvoda\/sanitary-program\/towels\/\"},{\"@type\":\"ListItem\",\"position\":5,\"name\":\"PAPER TOWELS IN ROLLS FOR AUTOCUT DEVICES\"}]},{\"@type\":\"WebSite\",\"@id\":\"https:\/\/pelin1971.hr\/en\/#website\",\"url\":\"https:\/\/pelin1971.hr\/en\/\",\"name\":\"Pelin1971\",\"description\":\"\",\"potentialAction\":[{\"@type\":\"SearchAction\",\"target\":{\"@type\":\"EntryPoint\",\"urlTemplate\":\"https:\/\/pelin1971.hr\/en\/?s={search_term_string}\"},\"query-input\":{\"@type\":\"PropertyValueSpecification\",\"valueRequired\":true,\"valueName\":\"search_term_string\"}}],\"inLanguage\":\"en-US\"}]}<\/script>\n<!-- \/ Yoast SEO plugin. -->","yoast_head_json":{"title":"Paper towels for autocut holders, machines, dispensers in the toilet, in rolls","description":"paper towels for autocut holders, towel rolls for autocut dispensers, paper rolls for autocut holders in sanitary areas, price","robots":{"index":"index","follow":"follow","max-snippet":"max-snippet:-1","max-image-preview":"max-image-preview:large","max-video-preview":"max-video-preview:-1"},"canonical":"https:\/\/pelin1971.hr\/en\/katalog\/paper-towels-in-rolls-for-autocut-devices\/","og_locale":"en_US","og_type":"article","og_title":"Paper towels for autocut holders, machines, dispensers in the toilet, in rolls","og_description":"paper towels for autocut holders, towel rolls for autocut dispensers, paper rolls for autocut holders in sanitary areas, price","og_url":"https:\/\/pelin1971.hr\/en\/katalog\/paper-towels-in-rolls-for-autocut-devices\/","og_site_name":"Pelin1971","article_modified_time":"2025-11-25T09:45:03+00:00","og_image":[{"width":500,"height":500,"url":"https:\/\/pelin1971.hr\/wp-content\/uploads\/2025\/11\/papir_u_roli-autocut-1.jpg","type":"image\/jpeg"}],"twitter_card":"summary_large_image","schema":{"@context":"https:\/\/schema.org","@graph":[{"@type":"WebPage","@id":"https:\/\/pelin1971.hr\/en\/katalog\/paper-towels-in-rolls-for-autocut-devices\/","url":"https:\/\/pelin1971.hr\/en\/katalog\/paper-towels-in-rolls-for-autocut-devices\/","name":"Paper towels for autocut holders, machines, dispensers in the toilet, in rolls","isPartOf":{"@id":"https:\/\/pelin1971.hr\/en\/#website"},"primaryImageOfPage":{"@id":"https:\/\/pelin1971.hr\/en\/katalog\/paper-towels-in-rolls-for-autocut-devices\/#primaryimage"},"image":{"@id":"https:\/\/pelin1971.hr\/en\/katalog\/paper-towels-in-rolls-for-autocut-devices\/#primaryimage"},"thumbnailUrl":"https:\/\/pelin1971.hr\/wp-content\/uploads\/2016\/02\/papir_u_roli-autocut-1.jpg","datePublished":"2025-11-18T16:19:18+00:00","dateModified":"2025-11-25T09:45:03+00:00","description":"paper towels for autocut holders, towel rolls for autocut dispensers, paper rolls for autocut holders in sanitary areas, price","breadcrumb":{"@id":"https:\/\/pelin1971.hr\/en\/katalog\/paper-towels-in-rolls-for-autocut-devices\/#breadcrumb"},"inLanguage":"en-US","potentialAction":[{"@type":"ReadAction","target":["https:\/\/pelin1971.hr\/en\/katalog\/paper-towels-in-rolls-for-autocut-devices\/"]}]},{"@type":"ImageObject","inLanguage":"en-US","@id":"https:\/\/pelin1971.hr\/en\/katalog\/paper-towels-in-rolls-for-autocut-devices\/#primaryimage","url":"https:\/\/pelin1971.hr\/wp-content\/uploads\/2016\/02\/papir_u_roli-autocut-1.jpg","contentUrl":"https:\/\/pelin1971.hr\/wp-content\/uploads\/2016\/02\/papir_u_roli-autocut-1.jpg","width":500,"height":500,"caption":"papirnati ru\u010dnici u roli za autocut dr\u017ea\u010de,aparate,dispenzere,autocut papiri za dr\u017ea\u010de u sanitarnim prostorima,cijena"},{"@type":"BreadcrumbList","@id":"https:\/\/pelin1971.hr\/en\/katalog\/paper-towels-in-rolls-for-autocut-devices\/#breadcrumb","itemListElement":[{"@type":"ListItem","position":1,"name":"Home","item":"https:\/\/pelin1971.hr\/en\/"},{"@type":"ListItem","position":2,"name":"Shop","item":"https:\/\/pelin1971.hr\/en\/shop\/"},{"@type":"ListItem","position":3,"name":"Sanitary program","item":"https:\/\/pelin1971.hr\/en\/kategorija-proizvoda\/sanitary-program\/"},{"@type":"ListItem","position":4,"name":"Towels","item":"https:\/\/pelin1971.hr\/en\/kategorija-proizvoda\/sanitary-program\/towels\/"},{"@type":"ListItem","position":5,"name":"PAPER TOWELS IN ROLLS FOR AUTOCUT DEVICES"}]},{"@type":"WebSite","@id":"https:\/\/pelin1971.hr\/en\/#website","url":"https:\/\/pelin1971.hr\/en\/","name":"Pelin1971","description":"","potentialAction":[{"@type":"SearchAction","target":{"@type":"EntryPoint","urlTemplate":"https:\/\/pelin1971.hr\/en\/?s={search_term_string}"},"query-input":{"@type":"PropertyValueSpecification","valueRequired":true,"valueName":"search_term_string"}}],"inLanguage":"en-US"}]}},"_links":{"self":[{"href":"https:\/\/pelin1971.hr\/en\/wp-json\/wp\/v2\/product\/7372","targetHints":{"allow":["GET"]}}],"collection":[{"href":"https:\/\/pelin1971.hr\/en\/wp-json\/wp\/v2\/product"}],"about":[{"href":"https:\/\/pelin1971.hr\/en\/wp-json\/wp\/v2\/types\/product"}],"replies":[{"embeddable":true,"href":"https:\/\/pelin1971.hr\/en\/wp-json\/wp\/v2\/comments?post=7372"}],"wp:featuredmedia":[{"embeddable":true,"href":"https:\/\/pelin1971.hr\/en\/wp-json\/wp\/v2\/media\/8920"}],"wp:attachment":[{"href":"https:\/\/pelin1971.hr\/en\/wp-json\/wp\/v2\/media?parent=7372"}],"wp:term":[{"taxonomy":"product_brand","embeddable":true,"href":"https:\/\/pelin1971.hr\/en\/wp-json\/wp\/v2\/product_brand?post=7372"},{"taxonomy":"product_cat","embeddable":true,"href":"https:\/\/pelin1971.hr\/en\/wp-json\/wp\/v2\/product_cat?post=7372"},{"taxonomy":"product_tag","embeddable":true,"href":"https:\/\/pelin1971.hr\/en\/wp-json\/wp\/v2\/product_tag?post=7372"}],"curies":[{"name":"wp","href":"https:\/\/api.w.org\/{rel}","templated":true}]}}