{"id":7367,"date":"2025-11-18T17:19:18","date_gmt":"2025-11-18T16:19:18","guid":{"rendered":"https:\/\/pelin1971.hr\/katalog\/aunt-violeta-jumbo-rolls-xxl-kitchen-towels-in-a-roll\/"},"modified":"2025-11-25T10:45:02","modified_gmt":"2025-11-25T09:45:02","slug":"aunt-violeta-jumbo-rolls-xxl-kitchen-towels-in-a-roll","status":"publish","type":"product","link":"https:\/\/pelin1971.hr\/en\/katalog\/aunt-violeta-jumbo-rolls-xxl-kitchen-towels-in-a-roll\/","title":{"rendered":"AUNT VIOLETA JUMBO ROLLS, XXL KITCHEN TOWELS IN A ROLL"},"content":{"rendered":"<h1>AUNT VIOLETA JUMBO ROLLS, XXL KITCHEN TOWELS IN A ROLL<\/h1>\n<p>-packaging 2\/1<br \/>\n-bale: 12 packages of 2\/1 = 24 rolls<br \/>\n-100% cellulose<br \/>\n-3 layers<\/p>\n","protected":false},"excerpt":{"rendered":"<p>AUNT VIOLETA JUMBO ROLLS, XXL KITCHEN TOWELS IN A ROLL -packaging 2\/1 -bale: 12 packages of 2\/1 = 24 rolls -100% cellulose -3 layers<\/p>\n","protected":false},"featured_media":8918,"comment_status":"open","ping_status":"closed","template":"","meta":{"_acf_changed":false},"product_brand":[],"product_cat":[4573],"product_tag":[3132,3130,3131],"class_list":{"0":"post-7367","1":"product","2":"type-product","3":"status-publish","4":"has-post-thumbnail","6":"product_cat-towels","7":"product_tag-aunt-violeta-jumbo-rolls","8":"product_tag-aunt-violeta-xxl-towels","9":"product_tag-teta-violeta-xxl-roll-towels","11":"first","12":"instock","13":"shipping-taxable","14":"purchasable","15":"product-type-simple"},"acf":[],"yoast_head":"<!-- This site is optimized with the Yoast SEO plugin v26.8 - https:\/\/yoast.com\/product\/yoast-seo-wordpress\/ -->\n<title>Teta violet jumbo roll xxl roll towels for wiping hands and surfaces<\/title>\n<meta name=\"description\" content=\"Teta violeta jumbo rolls xxl towels in rolls for wiping hands and surfaces, paper towels in jumbo rolls xxl for wiping, paper towels, price\" \/>\n<meta name=\"robots\" content=\"index, follow, max-snippet:-1, max-image-preview:large, max-video-preview:-1\" \/>\n<link rel=\"canonical\" href=\"https:\/\/pelin1971.hr\/en\/katalog\/aunt-violeta-jumbo-rolls-xxl-kitchen-towels-in-a-roll\/\" \/>\n<meta property=\"og:locale\" content=\"en_US\" \/>\n<meta property=\"og:type\" content=\"article\" \/>\n<meta property=\"og:title\" content=\"Teta violet jumbo roll xxl roll towels for wiping hands and surfaces\" \/>\n<meta property=\"og:description\" content=\"Teta violeta jumbo rolls xxl towels in rolls for wiping hands and surfaces, paper towels in jumbo rolls xxl for wiping, paper towels, price\" \/>\n<meta property=\"og:url\" content=\"https:\/\/pelin1971.hr\/en\/katalog\/aunt-violeta-jumbo-rolls-xxl-kitchen-towels-in-a-roll\/\" \/>\n<meta property=\"og:site_name\" content=\"Pelin1971\" \/>\n<meta property=\"article:modified_time\" content=\"2025-11-25T09:45:02+00:00\" \/>\n<meta property=\"og:image\" content=\"https:\/\/pelin1971.hr\/wp-content\/uploads\/2025\/11\/teta-violeta-xxl-role-rucnici.jpg\" \/>\n\t<meta property=\"og:image:width\" content=\"2057\" \/>\n\t<meta property=\"og:image:height\" content=\"2056\" \/>\n\t<meta property=\"og:image:type\" content=\"image\/jpeg\" \/>\n<meta name=\"twitter:card\" content=\"summary_large_image\" \/>\n<script type=\"application\/ld+json\" class=\"yoast-schema-graph\">{\"@context\":\"https:\/\/schema.org\",\"@graph\":[{\"@type\":\"WebPage\",\"@id\":\"https:\/\/pelin1971.hr\/en\/katalog\/aunt-violeta-jumbo-rolls-xxl-kitchen-towels-in-a-roll\/\",\"url\":\"https:\/\/pelin1971.hr\/en\/katalog\/aunt-violeta-jumbo-rolls-xxl-kitchen-towels-in-a-roll\/\",\"name\":\"Teta violet jumbo roll xxl roll towels for wiping hands and surfaces\",\"isPartOf\":{\"@id\":\"https:\/\/pelin1971.hr\/en\/#website\"},\"primaryImageOfPage\":{\"@id\":\"https:\/\/pelin1971.hr\/en\/katalog\/aunt-violeta-jumbo-rolls-xxl-kitchen-towels-in-a-roll\/#primaryimage\"},\"image\":{\"@id\":\"https:\/\/pelin1971.hr\/en\/katalog\/aunt-violeta-jumbo-rolls-xxl-kitchen-towels-in-a-roll\/#primaryimage\"},\"thumbnailUrl\":\"https:\/\/pelin1971.hr\/wp-content\/uploads\/2023\/01\/teta-violeta-xxl-role-ru\u010dnici.jpg\",\"datePublished\":\"2025-11-18T16:19:18+00:00\",\"dateModified\":\"2025-11-25T09:45:02+00:00\",\"description\":\"Teta violeta jumbo rolls xxl towels in rolls for wiping hands and surfaces, paper towels in jumbo rolls xxl for wiping, paper towels, price\",\"breadcrumb\":{\"@id\":\"https:\/\/pelin1971.hr\/en\/katalog\/aunt-violeta-jumbo-rolls-xxl-kitchen-towels-in-a-roll\/#breadcrumb\"},\"inLanguage\":\"en-US\",\"potentialAction\":[{\"@type\":\"ReadAction\",\"target\":[\"https:\/\/pelin1971.hr\/en\/katalog\/aunt-violeta-jumbo-rolls-xxl-kitchen-towels-in-a-roll\/\"]}]},{\"@type\":\"ImageObject\",\"inLanguage\":\"en-US\",\"@id\":\"https:\/\/pelin1971.hr\/en\/katalog\/aunt-violeta-jumbo-rolls-xxl-kitchen-towels-in-a-roll\/#primaryimage\",\"url\":\"https:\/\/pelin1971.hr\/wp-content\/uploads\/2023\/01\/teta-violeta-xxl-role-ru\u010dnici.jpg\",\"contentUrl\":\"https:\/\/pelin1971.hr\/wp-content\/uploads\/2023\/01\/teta-violeta-xxl-role-ru\u010dnici.jpg\",\"width\":2057,\"height\":2056,\"caption\":\"teta violeta xxl role ru\u010dnici,ru\u010dnici u roli xxl teta violeta za brisanje ruku,jumbo role za brisanje ruku,jumbo papirnati ru\u010dnici,cijena\"},{\"@type\":\"BreadcrumbList\",\"@id\":\"https:\/\/pelin1971.hr\/en\/katalog\/aunt-violeta-jumbo-rolls-xxl-kitchen-towels-in-a-roll\/#breadcrumb\",\"itemListElement\":[{\"@type\":\"ListItem\",\"position\":1,\"name\":\"Home\",\"item\":\"https:\/\/pelin1971.hr\/en\/\"},{\"@type\":\"ListItem\",\"position\":2,\"name\":\"Shop\",\"item\":\"https:\/\/pelin1971.hr\/en\/shop\/\"},{\"@type\":\"ListItem\",\"position\":3,\"name\":\"Sanitary program\",\"item\":\"https:\/\/pelin1971.hr\/en\/kategorija-proizvoda\/sanitary-program\/\"},{\"@type\":\"ListItem\",\"position\":4,\"name\":\"Towels\",\"item\":\"https:\/\/pelin1971.hr\/en\/kategorija-proizvoda\/sanitary-program\/towels\/\"},{\"@type\":\"ListItem\",\"position\":5,\"name\":\"AUNT VIOLETA JUMBO ROLLS, XXL KITCHEN TOWELS IN A ROLL\"}]},{\"@type\":\"WebSite\",\"@id\":\"https:\/\/pelin1971.hr\/en\/#website\",\"url\":\"https:\/\/pelin1971.hr\/en\/\",\"name\":\"Pelin1971\",\"description\":\"\",\"potentialAction\":[{\"@type\":\"SearchAction\",\"target\":{\"@type\":\"EntryPoint\",\"urlTemplate\":\"https:\/\/pelin1971.hr\/en\/?s={search_term_string}\"},\"query-input\":{\"@type\":\"PropertyValueSpecification\",\"valueRequired\":true,\"valueName\":\"search_term_string\"}}],\"inLanguage\":\"en-US\"}]}<\/script>\n<!-- \/ Yoast SEO plugin. -->","yoast_head_json":{"title":"Teta violet jumbo roll xxl roll towels for wiping hands and surfaces","description":"Teta violeta jumbo rolls xxl towels in rolls for wiping hands and surfaces, paper towels in jumbo rolls xxl for wiping, paper towels, price","robots":{"index":"index","follow":"follow","max-snippet":"max-snippet:-1","max-image-preview":"max-image-preview:large","max-video-preview":"max-video-preview:-1"},"canonical":"https:\/\/pelin1971.hr\/en\/katalog\/aunt-violeta-jumbo-rolls-xxl-kitchen-towels-in-a-roll\/","og_locale":"en_US","og_type":"article","og_title":"Teta violet jumbo roll xxl roll towels for wiping hands and surfaces","og_description":"Teta violeta jumbo rolls xxl towels in rolls for wiping hands and surfaces, paper towels in jumbo rolls xxl for wiping, paper towels, price","og_url":"https:\/\/pelin1971.hr\/en\/katalog\/aunt-violeta-jumbo-rolls-xxl-kitchen-towels-in-a-roll\/","og_site_name":"Pelin1971","article_modified_time":"2025-11-25T09:45:02+00:00","og_image":[{"width":2057,"height":2056,"url":"https:\/\/pelin1971.hr\/wp-content\/uploads\/2025\/11\/teta-violeta-xxl-role-rucnici.jpg","type":"image\/jpeg"}],"twitter_card":"summary_large_image","schema":{"@context":"https:\/\/schema.org","@graph":[{"@type":"WebPage","@id":"https:\/\/pelin1971.hr\/en\/katalog\/aunt-violeta-jumbo-rolls-xxl-kitchen-towels-in-a-roll\/","url":"https:\/\/pelin1971.hr\/en\/katalog\/aunt-violeta-jumbo-rolls-xxl-kitchen-towels-in-a-roll\/","name":"Teta violet jumbo roll xxl roll towels for wiping hands and surfaces","isPartOf":{"@id":"https:\/\/pelin1971.hr\/en\/#website"},"primaryImageOfPage":{"@id":"https:\/\/pelin1971.hr\/en\/katalog\/aunt-violeta-jumbo-rolls-xxl-kitchen-towels-in-a-roll\/#primaryimage"},"image":{"@id":"https:\/\/pelin1971.hr\/en\/katalog\/aunt-violeta-jumbo-rolls-xxl-kitchen-towels-in-a-roll\/#primaryimage"},"thumbnailUrl":"https:\/\/pelin1971.hr\/wp-content\/uploads\/2023\/01\/teta-violeta-xxl-role-ru\u010dnici.jpg","datePublished":"2025-11-18T16:19:18+00:00","dateModified":"2025-11-25T09:45:02+00:00","description":"Teta violeta jumbo rolls xxl towels in rolls for wiping hands and surfaces, paper towels in jumbo rolls xxl for wiping, paper towels, price","breadcrumb":{"@id":"https:\/\/pelin1971.hr\/en\/katalog\/aunt-violeta-jumbo-rolls-xxl-kitchen-towels-in-a-roll\/#breadcrumb"},"inLanguage":"en-US","potentialAction":[{"@type":"ReadAction","target":["https:\/\/pelin1971.hr\/en\/katalog\/aunt-violeta-jumbo-rolls-xxl-kitchen-towels-in-a-roll\/"]}]},{"@type":"ImageObject","inLanguage":"en-US","@id":"https:\/\/pelin1971.hr\/en\/katalog\/aunt-violeta-jumbo-rolls-xxl-kitchen-towels-in-a-roll\/#primaryimage","url":"https:\/\/pelin1971.hr\/wp-content\/uploads\/2023\/01\/teta-violeta-xxl-role-ru\u010dnici.jpg","contentUrl":"https:\/\/pelin1971.hr\/wp-content\/uploads\/2023\/01\/teta-violeta-xxl-role-ru\u010dnici.jpg","width":2057,"height":2056,"caption":"teta violeta xxl role ru\u010dnici,ru\u010dnici u roli xxl teta violeta za brisanje ruku,jumbo role za brisanje ruku,jumbo papirnati ru\u010dnici,cijena"},{"@type":"BreadcrumbList","@id":"https:\/\/pelin1971.hr\/en\/katalog\/aunt-violeta-jumbo-rolls-xxl-kitchen-towels-in-a-roll\/#breadcrumb","itemListElement":[{"@type":"ListItem","position":1,"name":"Home","item":"https:\/\/pelin1971.hr\/en\/"},{"@type":"ListItem","position":2,"name":"Shop","item":"https:\/\/pelin1971.hr\/en\/shop\/"},{"@type":"ListItem","position":3,"name":"Sanitary program","item":"https:\/\/pelin1971.hr\/en\/kategorija-proizvoda\/sanitary-program\/"},{"@type":"ListItem","position":4,"name":"Towels","item":"https:\/\/pelin1971.hr\/en\/kategorija-proizvoda\/sanitary-program\/towels\/"},{"@type":"ListItem","position":5,"name":"AUNT VIOLETA JUMBO ROLLS, XXL KITCHEN TOWELS IN A ROLL"}]},{"@type":"WebSite","@id":"https:\/\/pelin1971.hr\/en\/#website","url":"https:\/\/pelin1971.hr\/en\/","name":"Pelin1971","description":"","potentialAction":[{"@type":"SearchAction","target":{"@type":"EntryPoint","urlTemplate":"https:\/\/pelin1971.hr\/en\/?s={search_term_string}"},"query-input":{"@type":"PropertyValueSpecification","valueRequired":true,"valueName":"search_term_string"}}],"inLanguage":"en-US"}]}},"_links":{"self":[{"href":"https:\/\/pelin1971.hr\/en\/wp-json\/wp\/v2\/product\/7367","targetHints":{"allow":["GET"]}}],"collection":[{"href":"https:\/\/pelin1971.hr\/en\/wp-json\/wp\/v2\/product"}],"about":[{"href":"https:\/\/pelin1971.hr\/en\/wp-json\/wp\/v2\/types\/product"}],"replies":[{"embeddable":true,"href":"https:\/\/pelin1971.hr\/en\/wp-json\/wp\/v2\/comments?post=7367"}],"wp:featuredmedia":[{"embeddable":true,"href":"https:\/\/pelin1971.hr\/en\/wp-json\/wp\/v2\/media\/8918"}],"wp:attachment":[{"href":"https:\/\/pelin1971.hr\/en\/wp-json\/wp\/v2\/media?parent=7367"}],"wp:term":[{"taxonomy":"product_brand","embeddable":true,"href":"https:\/\/pelin1971.hr\/en\/wp-json\/wp\/v2\/product_brand?post=7367"},{"taxonomy":"product_cat","embeddable":true,"href":"https:\/\/pelin1971.hr\/en\/wp-json\/wp\/v2\/product_cat?post=7367"},{"taxonomy":"product_tag","embeddable":true,"href":"https:\/\/pelin1971.hr\/en\/wp-json\/wp\/v2\/product_tag?post=7367"}],"curies":[{"name":"wp","href":"https:\/\/api.w.org\/{rel}","templated":true}]}}