{"id":7354,"date":"2025-11-18T17:19:17","date_gmt":"2025-11-18T16:19:17","guid":{"rendered":"https:\/\/pelin1971.hr\/katalog\/paper-folded-towels-zigzag-sheets-white-wider\/"},"modified":"2025-11-25T10:45:46","modified_gmt":"2025-11-25T09:45:46","slug":"paper-folded-towels-zigzag-sheets-white-wider","status":"publish","type":"product","link":"https:\/\/pelin1971.hr\/en\/katalog\/paper-folded-towels-zigzag-sheets-white-wider\/","title":{"rendered":"Paper folded towels, zigzag sheets, white, wider"},"content":{"rendered":"<h1>Paper folded towels, sheets, zigzag towels, width 24x21cm<\/h1>\n<p>&#8211; paper folding towels in sheets for holders in sanitary areas<br \/>\n&#8211; white, 100% cellulose<br \/>\n&#8211; Packaging: 3000 sheets (15 cobs x 200)<br \/>\n&#8211; Leaf dimensions: 24x21cm (V folded 10.5x24cm)<br \/>\n&#8211; suitable for almost all folding towel holders<\/p>\n","protected":false},"excerpt":{"rendered":"<p>Paper folded towels, sheets, zigzag towels, width 24x21cm &#8211; paper folding towels in sheets for holders in sanitary areas &#8211; white, 100% cellulose &#8211; Packaging: 3000 sheets (15 cobs x 200) &#8211; Leaf dimensions: 24x21cm (V folded 10.5x24cm) &#8211; suitable for almost all folding towel holders<\/p>\n","protected":false},"featured_media":8171,"comment_status":"open","ping_status":"closed","template":"","meta":{"_acf_changed":false},"product_brand":[],"product_cat":[4573],"product_tag":[3095,3090,3093],"class_list":{"0":"post-7354","1":"product","2":"type-product","3":"status-publish","4":"has-post-thumbnail","6":"product_cat-towels","7":"product_tag-hand-towels-in-sheets","8":"product_tag-paper-folding-towels","9":"product_tag-zig-zag-towel-for-dispenser-holders","11":"first","12":"instock","13":"shipping-taxable","14":"purchasable","15":"product-type-simple"},"acf":[],"yoast_head":"<!-- This site is optimized with the Yoast SEO plugin v26.8 - https:\/\/yoast.com\/product\/yoast-seo-wordpress\/ -->\n<title>Paper folding towels, sheets, zigzag towels in sheets for holders, appliances<\/title>\n<meta name=\"description\" content=\"paper folding towels sheets, zigzag towels in sheets, paper hand towels in sheets, folding hand towels for dispenser holders, price\" \/>\n<meta name=\"robots\" content=\"index, follow, max-snippet:-1, max-image-preview:large, max-video-preview:-1\" \/>\n<link rel=\"canonical\" href=\"https:\/\/pelin1971.hr\/en\/katalog\/paper-folded-towels-zigzag-sheets-white-wider\/\" \/>\n<meta property=\"og:locale\" content=\"en_US\" \/>\n<meta property=\"og:type\" content=\"article\" \/>\n<meta property=\"og:title\" content=\"Paper folding towels, sheets, zigzag towels in sheets for holders, appliances\" \/>\n<meta property=\"og:description\" content=\"paper folding towels sheets, zigzag towels in sheets, paper hand towels in sheets, folding hand towels for dispenser holders, price\" \/>\n<meta property=\"og:url\" content=\"https:\/\/pelin1971.hr\/en\/katalog\/paper-folded-towels-zigzag-sheets-white-wider\/\" \/>\n<meta property=\"og:site_name\" content=\"Pelin1971\" \/>\n<meta property=\"article:modified_time\" content=\"2025-11-25T09:45:46+00:00\" \/>\n<meta property=\"og:image\" content=\"https:\/\/pelin1971.hr\/wp-content\/uploads\/2025\/11\/slozivi-papirnati-rucnici-cik-cak-za-drzaceaparate.jpg\" \/>\n\t<meta property=\"og:image:width\" content=\"2079\" \/>\n\t<meta property=\"og:image:height\" content=\"2079\" \/>\n\t<meta property=\"og:image:type\" content=\"image\/jpeg\" \/>\n<meta name=\"twitter:card\" content=\"summary_large_image\" \/>\n<script type=\"application\/ld+json\" class=\"yoast-schema-graph\">{\"@context\":\"https:\/\/schema.org\",\"@graph\":[{\"@type\":\"WebPage\",\"@id\":\"https:\/\/pelin1971.hr\/en\/katalog\/paper-folded-towels-zigzag-sheets-white-wider\/\",\"url\":\"https:\/\/pelin1971.hr\/en\/katalog\/paper-folded-towels-zigzag-sheets-white-wider\/\",\"name\":\"Paper folding towels, sheets, zigzag towels in sheets for holders, appliances\",\"isPartOf\":{\"@id\":\"https:\/\/pelin1971.hr\/en\/#website\"},\"primaryImageOfPage\":{\"@id\":\"https:\/\/pelin1971.hr\/en\/katalog\/paper-folded-towels-zigzag-sheets-white-wider\/#primaryimage\"},\"image\":{\"@id\":\"https:\/\/pelin1971.hr\/en\/katalog\/paper-folded-towels-zigzag-sheets-white-wider\/#primaryimage\"},\"thumbnailUrl\":\"https:\/\/pelin1971.hr\/wp-content\/uploads\/2025\/11\/slozivi-papirnati-rucnici-cik-cak-za-drzaceaparate.jpg\",\"datePublished\":\"2025-11-18T16:19:17+00:00\",\"dateModified\":\"2025-11-25T09:45:46+00:00\",\"description\":\"paper folding towels sheets, zigzag towels in sheets, paper hand towels in sheets, folding hand towels for dispenser holders, price\",\"breadcrumb\":{\"@id\":\"https:\/\/pelin1971.hr\/en\/katalog\/paper-folded-towels-zigzag-sheets-white-wider\/#breadcrumb\"},\"inLanguage\":\"en-US\",\"potentialAction\":[{\"@type\":\"ReadAction\",\"target\":[\"https:\/\/pelin1971.hr\/en\/katalog\/paper-folded-towels-zigzag-sheets-white-wider\/\"]}]},{\"@type\":\"ImageObject\",\"inLanguage\":\"en-US\",\"@id\":\"https:\/\/pelin1971.hr\/en\/katalog\/paper-folded-towels-zigzag-sheets-white-wider\/#primaryimage\",\"url\":\"https:\/\/pelin1971.hr\/wp-content\/uploads\/2025\/11\/slozivi-papirnati-rucnici-cik-cak-za-drzaceaparate.jpg\",\"contentUrl\":\"https:\/\/pelin1971.hr\/wp-content\/uploads\/2025\/11\/slozivi-papirnati-rucnici-cik-cak-za-drzaceaparate.jpg\",\"width\":2079,\"height\":2079,\"caption\":\"papirnati slo\u017eivi ru\u010dnici listi\u0107i , cik cak ru\u010dnici , papirnati ru\u010dnici na izvla\u010danej za dr\u017ea\u010da,aparate,dispenzere, cijena\"},{\"@type\":\"BreadcrumbList\",\"@id\":\"https:\/\/pelin1971.hr\/en\/katalog\/paper-folded-towels-zigzag-sheets-white-wider\/#breadcrumb\",\"itemListElement\":[{\"@type\":\"ListItem\",\"position\":1,\"name\":\"Home\",\"item\":\"https:\/\/pelin1971.hr\/en\/\"},{\"@type\":\"ListItem\",\"position\":2,\"name\":\"Shop\",\"item\":\"https:\/\/pelin1971.hr\/en\/shop\/\"},{\"@type\":\"ListItem\",\"position\":3,\"name\":\"Sanitary program\",\"item\":\"https:\/\/pelin1971.hr\/en\/kategorija-proizvoda\/sanitary-program\/\"},{\"@type\":\"ListItem\",\"position\":4,\"name\":\"Towels\",\"item\":\"https:\/\/pelin1971.hr\/en\/kategorija-proizvoda\/sanitary-program\/towels\/\"},{\"@type\":\"ListItem\",\"position\":5,\"name\":\"Paper folded towels, zigzag sheets, white, wider\"}]},{\"@type\":\"WebSite\",\"@id\":\"https:\/\/pelin1971.hr\/en\/#website\",\"url\":\"https:\/\/pelin1971.hr\/en\/\",\"name\":\"Pelin1971\",\"description\":\"\",\"potentialAction\":[{\"@type\":\"SearchAction\",\"target\":{\"@type\":\"EntryPoint\",\"urlTemplate\":\"https:\/\/pelin1971.hr\/en\/?s={search_term_string}\"},\"query-input\":{\"@type\":\"PropertyValueSpecification\",\"valueRequired\":true,\"valueName\":\"search_term_string\"}}],\"inLanguage\":\"en-US\"}]}<\/script>\n<!-- \/ Yoast SEO plugin. -->","yoast_head_json":{"title":"Paper folding towels, sheets, zigzag towels in sheets for holders, appliances","description":"paper folding towels sheets, zigzag towels in sheets, paper hand towels in sheets, folding hand towels for dispenser holders, price","robots":{"index":"index","follow":"follow","max-snippet":"max-snippet:-1","max-image-preview":"max-image-preview:large","max-video-preview":"max-video-preview:-1"},"canonical":"https:\/\/pelin1971.hr\/en\/katalog\/paper-folded-towels-zigzag-sheets-white-wider\/","og_locale":"en_US","og_type":"article","og_title":"Paper folding towels, sheets, zigzag towels in sheets for holders, appliances","og_description":"paper folding towels sheets, zigzag towels in sheets, paper hand towels in sheets, folding hand towels for dispenser holders, price","og_url":"https:\/\/pelin1971.hr\/en\/katalog\/paper-folded-towels-zigzag-sheets-white-wider\/","og_site_name":"Pelin1971","article_modified_time":"2025-11-25T09:45:46+00:00","og_image":[{"width":2079,"height":2079,"url":"https:\/\/pelin1971.hr\/wp-content\/uploads\/2025\/11\/slozivi-papirnati-rucnici-cik-cak-za-drzaceaparate.jpg","type":"image\/jpeg"}],"twitter_card":"summary_large_image","schema":{"@context":"https:\/\/schema.org","@graph":[{"@type":"WebPage","@id":"https:\/\/pelin1971.hr\/en\/katalog\/paper-folded-towels-zigzag-sheets-white-wider\/","url":"https:\/\/pelin1971.hr\/en\/katalog\/paper-folded-towels-zigzag-sheets-white-wider\/","name":"Paper folding towels, sheets, zigzag towels in sheets for holders, appliances","isPartOf":{"@id":"https:\/\/pelin1971.hr\/en\/#website"},"primaryImageOfPage":{"@id":"https:\/\/pelin1971.hr\/en\/katalog\/paper-folded-towels-zigzag-sheets-white-wider\/#primaryimage"},"image":{"@id":"https:\/\/pelin1971.hr\/en\/katalog\/paper-folded-towels-zigzag-sheets-white-wider\/#primaryimage"},"thumbnailUrl":"https:\/\/pelin1971.hr\/wp-content\/uploads\/2025\/11\/slozivi-papirnati-rucnici-cik-cak-za-drzaceaparate.jpg","datePublished":"2025-11-18T16:19:17+00:00","dateModified":"2025-11-25T09:45:46+00:00","description":"paper folding towels sheets, zigzag towels in sheets, paper hand towels in sheets, folding hand towels for dispenser holders, price","breadcrumb":{"@id":"https:\/\/pelin1971.hr\/en\/katalog\/paper-folded-towels-zigzag-sheets-white-wider\/#breadcrumb"},"inLanguage":"en-US","potentialAction":[{"@type":"ReadAction","target":["https:\/\/pelin1971.hr\/en\/katalog\/paper-folded-towels-zigzag-sheets-white-wider\/"]}]},{"@type":"ImageObject","inLanguage":"en-US","@id":"https:\/\/pelin1971.hr\/en\/katalog\/paper-folded-towels-zigzag-sheets-white-wider\/#primaryimage","url":"https:\/\/pelin1971.hr\/wp-content\/uploads\/2025\/11\/slozivi-papirnati-rucnici-cik-cak-za-drzaceaparate.jpg","contentUrl":"https:\/\/pelin1971.hr\/wp-content\/uploads\/2025\/11\/slozivi-papirnati-rucnici-cik-cak-za-drzaceaparate.jpg","width":2079,"height":2079,"caption":"papirnati slo\u017eivi ru\u010dnici listi\u0107i , cik cak ru\u010dnici , papirnati ru\u010dnici na izvla\u010danej za dr\u017ea\u010da,aparate,dispenzere, cijena"},{"@type":"BreadcrumbList","@id":"https:\/\/pelin1971.hr\/en\/katalog\/paper-folded-towels-zigzag-sheets-white-wider\/#breadcrumb","itemListElement":[{"@type":"ListItem","position":1,"name":"Home","item":"https:\/\/pelin1971.hr\/en\/"},{"@type":"ListItem","position":2,"name":"Shop","item":"https:\/\/pelin1971.hr\/en\/shop\/"},{"@type":"ListItem","position":3,"name":"Sanitary program","item":"https:\/\/pelin1971.hr\/en\/kategorija-proizvoda\/sanitary-program\/"},{"@type":"ListItem","position":4,"name":"Towels","item":"https:\/\/pelin1971.hr\/en\/kategorija-proizvoda\/sanitary-program\/towels\/"},{"@type":"ListItem","position":5,"name":"Paper folded towels, zigzag sheets, white, wider"}]},{"@type":"WebSite","@id":"https:\/\/pelin1971.hr\/en\/#website","url":"https:\/\/pelin1971.hr\/en\/","name":"Pelin1971","description":"","potentialAction":[{"@type":"SearchAction","target":{"@type":"EntryPoint","urlTemplate":"https:\/\/pelin1971.hr\/en\/?s={search_term_string}"},"query-input":{"@type":"PropertyValueSpecification","valueRequired":true,"valueName":"search_term_string"}}],"inLanguage":"en-US"}]}},"_links":{"self":[{"href":"https:\/\/pelin1971.hr\/en\/wp-json\/wp\/v2\/product\/7354","targetHints":{"allow":["GET"]}}],"collection":[{"href":"https:\/\/pelin1971.hr\/en\/wp-json\/wp\/v2\/product"}],"about":[{"href":"https:\/\/pelin1971.hr\/en\/wp-json\/wp\/v2\/types\/product"}],"replies":[{"embeddable":true,"href":"https:\/\/pelin1971.hr\/en\/wp-json\/wp\/v2\/comments?post=7354"}],"wp:featuredmedia":[{"embeddable":true,"href":"https:\/\/pelin1971.hr\/en\/wp-json\/wp\/v2\/media\/8171"}],"wp:attachment":[{"href":"https:\/\/pelin1971.hr\/en\/wp-json\/wp\/v2\/media?parent=7354"}],"wp:term":[{"taxonomy":"product_brand","embeddable":true,"href":"https:\/\/pelin1971.hr\/en\/wp-json\/wp\/v2\/product_brand?post=7354"},{"taxonomy":"product_cat","embeddable":true,"href":"https:\/\/pelin1971.hr\/en\/wp-json\/wp\/v2\/product_cat?post=7354"},{"taxonomy":"product_tag","embeddable":true,"href":"https:\/\/pelin1971.hr\/en\/wp-json\/wp\/v2\/product_tag?post=7354"}],"curies":[{"name":"wp","href":"https:\/\/api.w.org\/{rel}","templated":true}]}}