{"id":7353,"date":"2025-11-18T17:19:17","date_gmt":"2025-11-18T16:19:17","guid":{"rendered":"https:\/\/pelin1971.hr\/katalog\/toilet-jumbo-rolls-for-central-extraction\/"},"modified":"2025-11-25T10:44:56","modified_gmt":"2025-11-25T09:44:56","slug":"toilet-jumbo-rolls-for-central-extraction","status":"publish","type":"product","link":"https:\/\/pelin1971.hr\/en\/katalog\/toilet-jumbo-rolls-for-central-extraction\/","title":{"rendered":"TOILET JUMBO ROLLS FOR CENTRAL EXTRACTION"},"content":{"rendered":"<h1>WC JUMBO ROLLS FOR CENTRAL \/ SPIRAL EXTRACTION<\/h1>\n<p>-toilet paper for spiral\/central pull holders\/dispensers<br \/>\n&#8211; white, double layer, 100% cellulose<br \/>\n-roll width 13cm<br \/>\n-roll diameter 20cm<br \/>\n-roll length 160m<\/p>\n","protected":false},"excerpt":{"rendered":"<p>WC JUMBO ROLLS FOR CENTRAL \/ SPIRAL EXTRACTION -toilet paper for spiral\/central pull holders\/dispensers &#8211; white, double layer, 100% cellulose -roll width 13cm -roll diameter 20cm -roll length 160m<\/p>\n","protected":false},"featured_media":8923,"comment_status":"open","ping_status":"closed","template":"","meta":{"_acf_changed":false},"product_brand":[],"product_cat":[4575],"product_tag":[3096,3091,3089,3094,3097,3092],"class_list":{"0":"post-7353","1":"product","2":"type-product","3":"status-publish","4":"has-post-thumbnail","6":"product_cat-toilet-paper","7":"product_tag-central-pull-out-toilet-roll","8":"product_tag-central-pull-out-toilet-rolls","9":"product_tag-jumbo-rolls-for-central-extraction","10":"product_tag-jumbo-toilet-rolls-for-pulling-out-from-the-middle","11":"product_tag-spiral-toilet-roll","12":"product_tag-toilet-rolls-for-lotus-appliance-holders","14":"first","15":"instock","16":"shipping-taxable","17":"purchasable","18":"product-type-simple"},"acf":[],"yoast_head":"<!-- This site is optimized with the Yoast SEO plugin v26.8 - https:\/\/yoast.com\/product\/yoast-seo-wordpress\/ -->\n<title>Jumbo rolls for central extraction, toilet rolls central extraction<\/title>\n<meta name=\"description\" content=\"jumbo central pull-out toilet rolls, central pull-out toilet rolls, spiral pull-out toilet rolls, jumbo central pull-out toilet rolls for holders, price\" \/>\n<meta name=\"robots\" content=\"index, follow, max-snippet:-1, max-image-preview:large, max-video-preview:-1\" \/>\n<link rel=\"canonical\" href=\"https:\/\/pelin1971.hr\/en\/katalog\/toilet-jumbo-rolls-for-central-extraction\/\" \/>\n<meta property=\"og:locale\" content=\"en_US\" \/>\n<meta property=\"og:type\" content=\"article\" \/>\n<meta property=\"og:title\" content=\"Jumbo rolls for central extraction, toilet rolls central extraction\" \/>\n<meta property=\"og:description\" content=\"jumbo central pull-out toilet rolls, central pull-out toilet rolls, spiral pull-out toilet rolls, jumbo central pull-out toilet rolls for holders, price\" \/>\n<meta property=\"og:url\" content=\"https:\/\/pelin1971.hr\/en\/katalog\/toilet-jumbo-rolls-for-central-extraction\/\" \/>\n<meta property=\"og:site_name\" content=\"Pelin1971\" \/>\n<meta property=\"article:modified_time\" content=\"2025-11-25T09:44:56+00:00\" \/>\n<meta property=\"og:image\" content=\"https:\/\/pelin1971.hr\/wp-content\/uploads\/2025\/11\/WC-centralno-2.jpg\" \/>\n\t<meta property=\"og:image:width\" content=\"2080\" \/>\n\t<meta property=\"og:image:height\" content=\"2079\" \/>\n\t<meta property=\"og:image:type\" content=\"image\/jpeg\" \/>\n<meta name=\"twitter:card\" content=\"summary_large_image\" \/>\n<script type=\"application\/ld+json\" class=\"yoast-schema-graph\">{\"@context\":\"https:\/\/schema.org\",\"@graph\":[{\"@type\":\"WebPage\",\"@id\":\"https:\/\/pelin1971.hr\/en\/katalog\/toilet-jumbo-rolls-for-central-extraction\/\",\"url\":\"https:\/\/pelin1971.hr\/en\/katalog\/toilet-jumbo-rolls-for-central-extraction\/\",\"name\":\"Jumbo rolls for central extraction, toilet rolls central extraction\",\"isPartOf\":{\"@id\":\"https:\/\/pelin1971.hr\/en\/#website\"},\"primaryImageOfPage\":{\"@id\":\"https:\/\/pelin1971.hr\/en\/katalog\/toilet-jumbo-rolls-for-central-extraction\/#primaryimage\"},\"image\":{\"@id\":\"https:\/\/pelin1971.hr\/en\/katalog\/toilet-jumbo-rolls-for-central-extraction\/#primaryimage\"},\"thumbnailUrl\":\"https:\/\/pelin1971.hr\/wp-content\/uploads\/2024\/01\/WC-centralno-2.jpg\",\"datePublished\":\"2025-11-18T16:19:17+00:00\",\"dateModified\":\"2025-11-25T09:44:56+00:00\",\"description\":\"jumbo central pull-out toilet rolls, central pull-out toilet rolls, spiral pull-out toilet rolls, jumbo central pull-out toilet rolls for holders, price\",\"breadcrumb\":{\"@id\":\"https:\/\/pelin1971.hr\/en\/katalog\/toilet-jumbo-rolls-for-central-extraction\/#breadcrumb\"},\"inLanguage\":\"en-US\",\"potentialAction\":[{\"@type\":\"ReadAction\",\"target\":[\"https:\/\/pelin1971.hr\/en\/katalog\/toilet-jumbo-rolls-for-central-extraction\/\"]}]},{\"@type\":\"ImageObject\",\"inLanguage\":\"en-US\",\"@id\":\"https:\/\/pelin1971.hr\/en\/katalog\/toilet-jumbo-rolls-for-central-extraction\/#primaryimage\",\"url\":\"https:\/\/pelin1971.hr\/wp-content\/uploads\/2024\/01\/WC-centralno-2.jpg\",\"contentUrl\":\"https:\/\/pelin1971.hr\/wp-content\/uploads\/2024\/01\/WC-centralno-2.jpg\",\"width\":2080,\"height\":2079,\"caption\":\"wc jumbo role za spiralno izvla\u010denje,toalet wc jumbo role na centralno izvla\u010denje,Tork toalet papir,Tork wc papir za dr\u017ea\u010de,aparate,cijena\"},{\"@type\":\"BreadcrumbList\",\"@id\":\"https:\/\/pelin1971.hr\/en\/katalog\/toilet-jumbo-rolls-for-central-extraction\/#breadcrumb\",\"itemListElement\":[{\"@type\":\"ListItem\",\"position\":1,\"name\":\"Home\",\"item\":\"https:\/\/pelin1971.hr\/en\/\"},{\"@type\":\"ListItem\",\"position\":2,\"name\":\"Shop\",\"item\":\"https:\/\/pelin1971.hr\/en\/shop\/\"},{\"@type\":\"ListItem\",\"position\":3,\"name\":\"Sanitary program\",\"item\":\"https:\/\/pelin1971.hr\/en\/kategorija-proizvoda\/sanitary-program\/\"},{\"@type\":\"ListItem\",\"position\":4,\"name\":\"Toilet paper\",\"item\":\"https:\/\/pelin1971.hr\/en\/kategorija-proizvoda\/sanitary-program\/toilet-paper\/\"},{\"@type\":\"ListItem\",\"position\":5,\"name\":\"TOILET JUMBO ROLLS FOR CENTRAL EXTRACTION\"}]},{\"@type\":\"WebSite\",\"@id\":\"https:\/\/pelin1971.hr\/en\/#website\",\"url\":\"https:\/\/pelin1971.hr\/en\/\",\"name\":\"Pelin1971\",\"description\":\"\",\"potentialAction\":[{\"@type\":\"SearchAction\",\"target\":{\"@type\":\"EntryPoint\",\"urlTemplate\":\"https:\/\/pelin1971.hr\/en\/?s={search_term_string}\"},\"query-input\":{\"@type\":\"PropertyValueSpecification\",\"valueRequired\":true,\"valueName\":\"search_term_string\"}}],\"inLanguage\":\"en-US\"}]}<\/script>\n<!-- \/ Yoast SEO plugin. -->","yoast_head_json":{"title":"Jumbo rolls for central extraction, toilet rolls central extraction","description":"jumbo central pull-out toilet rolls, central pull-out toilet rolls, spiral pull-out toilet rolls, jumbo central pull-out toilet rolls for holders, price","robots":{"index":"index","follow":"follow","max-snippet":"max-snippet:-1","max-image-preview":"max-image-preview:large","max-video-preview":"max-video-preview:-1"},"canonical":"https:\/\/pelin1971.hr\/en\/katalog\/toilet-jumbo-rolls-for-central-extraction\/","og_locale":"en_US","og_type":"article","og_title":"Jumbo rolls for central extraction, toilet rolls central extraction","og_description":"jumbo central pull-out toilet rolls, central pull-out toilet rolls, spiral pull-out toilet rolls, jumbo central pull-out toilet rolls for holders, price","og_url":"https:\/\/pelin1971.hr\/en\/katalog\/toilet-jumbo-rolls-for-central-extraction\/","og_site_name":"Pelin1971","article_modified_time":"2025-11-25T09:44:56+00:00","og_image":[{"width":2080,"height":2079,"url":"https:\/\/pelin1971.hr\/wp-content\/uploads\/2025\/11\/WC-centralno-2.jpg","type":"image\/jpeg"}],"twitter_card":"summary_large_image","schema":{"@context":"https:\/\/schema.org","@graph":[{"@type":"WebPage","@id":"https:\/\/pelin1971.hr\/en\/katalog\/toilet-jumbo-rolls-for-central-extraction\/","url":"https:\/\/pelin1971.hr\/en\/katalog\/toilet-jumbo-rolls-for-central-extraction\/","name":"Jumbo rolls for central extraction, toilet rolls central extraction","isPartOf":{"@id":"https:\/\/pelin1971.hr\/en\/#website"},"primaryImageOfPage":{"@id":"https:\/\/pelin1971.hr\/en\/katalog\/toilet-jumbo-rolls-for-central-extraction\/#primaryimage"},"image":{"@id":"https:\/\/pelin1971.hr\/en\/katalog\/toilet-jumbo-rolls-for-central-extraction\/#primaryimage"},"thumbnailUrl":"https:\/\/pelin1971.hr\/wp-content\/uploads\/2024\/01\/WC-centralno-2.jpg","datePublished":"2025-11-18T16:19:17+00:00","dateModified":"2025-11-25T09:44:56+00:00","description":"jumbo central pull-out toilet rolls, central pull-out toilet rolls, spiral pull-out toilet rolls, jumbo central pull-out toilet rolls for holders, price","breadcrumb":{"@id":"https:\/\/pelin1971.hr\/en\/katalog\/toilet-jumbo-rolls-for-central-extraction\/#breadcrumb"},"inLanguage":"en-US","potentialAction":[{"@type":"ReadAction","target":["https:\/\/pelin1971.hr\/en\/katalog\/toilet-jumbo-rolls-for-central-extraction\/"]}]},{"@type":"ImageObject","inLanguage":"en-US","@id":"https:\/\/pelin1971.hr\/en\/katalog\/toilet-jumbo-rolls-for-central-extraction\/#primaryimage","url":"https:\/\/pelin1971.hr\/wp-content\/uploads\/2024\/01\/WC-centralno-2.jpg","contentUrl":"https:\/\/pelin1971.hr\/wp-content\/uploads\/2024\/01\/WC-centralno-2.jpg","width":2080,"height":2079,"caption":"wc jumbo role za spiralno izvla\u010denje,toalet wc jumbo role na centralno izvla\u010denje,Tork toalet papir,Tork wc papir za dr\u017ea\u010de,aparate,cijena"},{"@type":"BreadcrumbList","@id":"https:\/\/pelin1971.hr\/en\/katalog\/toilet-jumbo-rolls-for-central-extraction\/#breadcrumb","itemListElement":[{"@type":"ListItem","position":1,"name":"Home","item":"https:\/\/pelin1971.hr\/en\/"},{"@type":"ListItem","position":2,"name":"Shop","item":"https:\/\/pelin1971.hr\/en\/shop\/"},{"@type":"ListItem","position":3,"name":"Sanitary program","item":"https:\/\/pelin1971.hr\/en\/kategorija-proizvoda\/sanitary-program\/"},{"@type":"ListItem","position":4,"name":"Toilet paper","item":"https:\/\/pelin1971.hr\/en\/kategorija-proizvoda\/sanitary-program\/toilet-paper\/"},{"@type":"ListItem","position":5,"name":"TOILET JUMBO ROLLS FOR CENTRAL EXTRACTION"}]},{"@type":"WebSite","@id":"https:\/\/pelin1971.hr\/en\/#website","url":"https:\/\/pelin1971.hr\/en\/","name":"Pelin1971","description":"","potentialAction":[{"@type":"SearchAction","target":{"@type":"EntryPoint","urlTemplate":"https:\/\/pelin1971.hr\/en\/?s={search_term_string}"},"query-input":{"@type":"PropertyValueSpecification","valueRequired":true,"valueName":"search_term_string"}}],"inLanguage":"en-US"}]}},"_links":{"self":[{"href":"https:\/\/pelin1971.hr\/en\/wp-json\/wp\/v2\/product\/7353","targetHints":{"allow":["GET"]}}],"collection":[{"href":"https:\/\/pelin1971.hr\/en\/wp-json\/wp\/v2\/product"}],"about":[{"href":"https:\/\/pelin1971.hr\/en\/wp-json\/wp\/v2\/types\/product"}],"replies":[{"embeddable":true,"href":"https:\/\/pelin1971.hr\/en\/wp-json\/wp\/v2\/comments?post=7353"}],"wp:featuredmedia":[{"embeddable":true,"href":"https:\/\/pelin1971.hr\/en\/wp-json\/wp\/v2\/media\/8923"}],"wp:attachment":[{"href":"https:\/\/pelin1971.hr\/en\/wp-json\/wp\/v2\/media?parent=7353"}],"wp:term":[{"taxonomy":"product_brand","embeddable":true,"href":"https:\/\/pelin1971.hr\/en\/wp-json\/wp\/v2\/product_brand?post=7353"},{"taxonomy":"product_cat","embeddable":true,"href":"https:\/\/pelin1971.hr\/en\/wp-json\/wp\/v2\/product_cat?post=7353"},{"taxonomy":"product_tag","embeddable":true,"href":"https:\/\/pelin1971.hr\/en\/wp-json\/wp\/v2\/product_tag?post=7353"}],"curies":[{"name":"wp","href":"https:\/\/api.w.org\/{rel}","templated":true}]}}