{"id":7348,"date":"2025-11-18T17:19:17","date_gmt":"2025-11-18T16:19:17","guid":{"rendered":"https:\/\/pelin1971.hr\/katalog\/folding-paper-towels-in-sheets-white-zigzag\/"},"modified":"2025-11-25T10:45:49","modified_gmt":"2025-11-25T09:45:49","slug":"folding-paper-towels-in-sheets-white-zigzag","status":"publish","type":"product","link":"https:\/\/pelin1971.hr\/en\/katalog\/folding-paper-towels-in-sheets-white-zigzag\/","title":{"rendered":"Folding paper towels in sheets, white, zigzag"},"content":{"rendered":"<h1>Foldable paper towels in sheets, white, zigzag towels, classic 21x21cm<\/h1>\n<h4>&#8211; paper folded towels in sheets for holders in sanitary facilities<br \/>\n&#8211; white, 100% cellulose, double-layered<br \/>\n&#8211; packaging: 3000 sheets (15 clips x 200)<br \/>\n&#8211; sheet dimensions: 21x21cm (V folded 10.5x21cm)<br \/>\n&#8211; suitable for almost all foldable towel holders<\/h4>\n","protected":false},"excerpt":{"rendered":"<p>Foldable paper towels in sheets, white, zigzag towels, classic 21x21cm &#8211; paper folded towels in sheets for holders in sanitary facilities &#8211; white, 100% cellulose, double-layered &#8211; packaging: 3000 sheets (15 clips x 200) &#8211; sheet dimensions: 21x21cm (V folded 10.5x21cm) &#8211; suitable for almost all foldable towel holders<\/p>\n","protected":false},"featured_media":8914,"comment_status":"open","ping_status":"closed","template":"","meta":{"_acf_changed":false},"product_brand":[],"product_cat":[4573],"product_tag":[3072,3071,3073,3066,3074,3070,3068],"class_list":{"0":"post-7348","1":"product","2":"type-product","3":"status-publish","4":"has-post-thumbnail","6":"product_cat-towels","7":"product_tag-foldable-towels","8":"product_tag-foldable-towels-for-catering-facilities","9":"product_tag-foldable-towels-for-dispensers","10":"product_tag-foldable-towels-for-holders-in-sanitary-areas","11":"product_tag-paper-towels-in-sheets","12":"product_tag-v-foldable-towels","13":"product_tag-zig-zag-towels","15":"first","16":"instock","17":"shipping-taxable","18":"purchasable","19":"product-type-simple"},"acf":[],"yoast_head":"<!-- This site is optimized with the Yoast SEO plugin v26.8 - https:\/\/yoast.com\/product\/yoast-seo-wordpress\/ -->\n<title>Folding paper towels in sheets, zigzag paper towels for dispensers<\/title>\n<meta name=\"description\" content=\"folding towels for holders, paper towels in sheets, zigzag towels, folding paper towels for dispensers, holders, appliances, price\" \/>\n<meta name=\"robots\" content=\"index, follow, max-snippet:-1, max-image-preview:large, max-video-preview:-1\" \/>\n<link rel=\"canonical\" href=\"https:\/\/pelin1971.hr\/en\/katalog\/folding-paper-towels-in-sheets-white-zigzag\/\" \/>\n<meta property=\"og:locale\" content=\"en_US\" \/>\n<meta property=\"og:type\" content=\"article\" \/>\n<meta property=\"og:title\" content=\"Folding paper towels in sheets, zigzag paper towels for dispensers\" \/>\n<meta property=\"og:description\" content=\"folding towels for holders, paper towels in sheets, zigzag towels, folding paper towels for dispensers, holders, appliances, price\" \/>\n<meta property=\"og:url\" content=\"https:\/\/pelin1971.hr\/en\/katalog\/folding-paper-towels-in-sheets-white-zigzag\/\" \/>\n<meta property=\"og:site_name\" content=\"Pelin1971\" \/>\n<meta property=\"article:modified_time\" content=\"2025-11-25T09:45:49+00:00\" \/>\n<meta property=\"og:image\" content=\"https:\/\/pelin1971.hr\/wp-content\/uploads\/2025\/11\/bijeli_slozivi_rucnici-1.jpg\" \/>\n\t<meta property=\"og:image:width\" content=\"500\" \/>\n\t<meta property=\"og:image:height\" content=\"500\" \/>\n\t<meta property=\"og:image:type\" content=\"image\/jpeg\" \/>\n<meta name=\"twitter:card\" content=\"summary_large_image\" \/>\n<script type=\"application\/ld+json\" class=\"yoast-schema-graph\">{\"@context\":\"https:\/\/schema.org\",\"@graph\":[{\"@type\":\"WebPage\",\"@id\":\"https:\/\/pelin1971.hr\/en\/katalog\/folding-paper-towels-in-sheets-white-zigzag\/\",\"url\":\"https:\/\/pelin1971.hr\/en\/katalog\/folding-paper-towels-in-sheets-white-zigzag\/\",\"name\":\"Folding paper towels in sheets, zigzag paper towels for dispensers\",\"isPartOf\":{\"@id\":\"https:\/\/pelin1971.hr\/en\/#website\"},\"primaryImageOfPage\":{\"@id\":\"https:\/\/pelin1971.hr\/en\/katalog\/folding-paper-towels-in-sheets-white-zigzag\/#primaryimage\"},\"image\":{\"@id\":\"https:\/\/pelin1971.hr\/en\/katalog\/folding-paper-towels-in-sheets-white-zigzag\/#primaryimage\"},\"thumbnailUrl\":\"https:\/\/pelin1971.hr\/wp-content\/uploads\/2016\/02\/bijeli_slozivi_rucnici-1.jpg\",\"datePublished\":\"2025-11-18T16:19:17+00:00\",\"dateModified\":\"2025-11-25T09:45:49+00:00\",\"description\":\"folding towels for holders, paper towels in sheets, zigzag towels, folding paper towels for dispensers, holders, appliances, price\",\"breadcrumb\":{\"@id\":\"https:\/\/pelin1971.hr\/en\/katalog\/folding-paper-towels-in-sheets-white-zigzag\/#breadcrumb\"},\"inLanguage\":\"en-US\",\"potentialAction\":[{\"@type\":\"ReadAction\",\"target\":[\"https:\/\/pelin1971.hr\/en\/katalog\/folding-paper-towels-in-sheets-white-zigzag\/\"]}]},{\"@type\":\"ImageObject\",\"inLanguage\":\"en-US\",\"@id\":\"https:\/\/pelin1971.hr\/en\/katalog\/folding-paper-towels-in-sheets-white-zigzag\/#primaryimage\",\"url\":\"https:\/\/pelin1971.hr\/wp-content\/uploads\/2016\/02\/bijeli_slozivi_rucnici-1.jpg\",\"contentUrl\":\"https:\/\/pelin1971.hr\/wp-content\/uploads\/2016\/02\/bijeli_slozivi_rucnici-1.jpg\",\"width\":500,\"height\":500,\"caption\":\"slo\u017eivi ru\u010dnici za dr\u017ea\u010de ,dispenzere,za sanitarne prostore,cik cak slo\u017eivi ru\u010dnici,papirnati ru\u010dnici u listi\u0107ima,cijena\"},{\"@type\":\"BreadcrumbList\",\"@id\":\"https:\/\/pelin1971.hr\/en\/katalog\/folding-paper-towels-in-sheets-white-zigzag\/#breadcrumb\",\"itemListElement\":[{\"@type\":\"ListItem\",\"position\":1,\"name\":\"Home\",\"item\":\"https:\/\/pelin1971.hr\/en\/\"},{\"@type\":\"ListItem\",\"position\":2,\"name\":\"Shop\",\"item\":\"https:\/\/pelin1971.hr\/en\/shop\/\"},{\"@type\":\"ListItem\",\"position\":3,\"name\":\"Sanitary program\",\"item\":\"https:\/\/pelin1971.hr\/en\/kategorija-proizvoda\/sanitary-program\/\"},{\"@type\":\"ListItem\",\"position\":4,\"name\":\"Towels\",\"item\":\"https:\/\/pelin1971.hr\/en\/kategorija-proizvoda\/sanitary-program\/towels\/\"},{\"@type\":\"ListItem\",\"position\":5,\"name\":\"Folding paper towels in sheets, white, zigzag\"}]},{\"@type\":\"WebSite\",\"@id\":\"https:\/\/pelin1971.hr\/en\/#website\",\"url\":\"https:\/\/pelin1971.hr\/en\/\",\"name\":\"Pelin1971\",\"description\":\"\",\"potentialAction\":[{\"@type\":\"SearchAction\",\"target\":{\"@type\":\"EntryPoint\",\"urlTemplate\":\"https:\/\/pelin1971.hr\/en\/?s={search_term_string}\"},\"query-input\":{\"@type\":\"PropertyValueSpecification\",\"valueRequired\":true,\"valueName\":\"search_term_string\"}}],\"inLanguage\":\"en-US\"}]}<\/script>\n<!-- \/ Yoast SEO plugin. -->","yoast_head_json":{"title":"Folding paper towels in sheets, zigzag paper towels for dispensers","description":"folding towels for holders, paper towels in sheets, zigzag towels, folding paper towels for dispensers, holders, appliances, price","robots":{"index":"index","follow":"follow","max-snippet":"max-snippet:-1","max-image-preview":"max-image-preview:large","max-video-preview":"max-video-preview:-1"},"canonical":"https:\/\/pelin1971.hr\/en\/katalog\/folding-paper-towels-in-sheets-white-zigzag\/","og_locale":"en_US","og_type":"article","og_title":"Folding paper towels in sheets, zigzag paper towels for dispensers","og_description":"folding towels for holders, paper towels in sheets, zigzag towels, folding paper towels for dispensers, holders, appliances, price","og_url":"https:\/\/pelin1971.hr\/en\/katalog\/folding-paper-towels-in-sheets-white-zigzag\/","og_site_name":"Pelin1971","article_modified_time":"2025-11-25T09:45:49+00:00","og_image":[{"width":500,"height":500,"url":"https:\/\/pelin1971.hr\/wp-content\/uploads\/2025\/11\/bijeli_slozivi_rucnici-1.jpg","type":"image\/jpeg"}],"twitter_card":"summary_large_image","schema":{"@context":"https:\/\/schema.org","@graph":[{"@type":"WebPage","@id":"https:\/\/pelin1971.hr\/en\/katalog\/folding-paper-towels-in-sheets-white-zigzag\/","url":"https:\/\/pelin1971.hr\/en\/katalog\/folding-paper-towels-in-sheets-white-zigzag\/","name":"Folding paper towels in sheets, zigzag paper towels for dispensers","isPartOf":{"@id":"https:\/\/pelin1971.hr\/en\/#website"},"primaryImageOfPage":{"@id":"https:\/\/pelin1971.hr\/en\/katalog\/folding-paper-towels-in-sheets-white-zigzag\/#primaryimage"},"image":{"@id":"https:\/\/pelin1971.hr\/en\/katalog\/folding-paper-towels-in-sheets-white-zigzag\/#primaryimage"},"thumbnailUrl":"https:\/\/pelin1971.hr\/wp-content\/uploads\/2016\/02\/bijeli_slozivi_rucnici-1.jpg","datePublished":"2025-11-18T16:19:17+00:00","dateModified":"2025-11-25T09:45:49+00:00","description":"folding towels for holders, paper towels in sheets, zigzag towels, folding paper towels for dispensers, holders, appliances, price","breadcrumb":{"@id":"https:\/\/pelin1971.hr\/en\/katalog\/folding-paper-towels-in-sheets-white-zigzag\/#breadcrumb"},"inLanguage":"en-US","potentialAction":[{"@type":"ReadAction","target":["https:\/\/pelin1971.hr\/en\/katalog\/folding-paper-towels-in-sheets-white-zigzag\/"]}]},{"@type":"ImageObject","inLanguage":"en-US","@id":"https:\/\/pelin1971.hr\/en\/katalog\/folding-paper-towels-in-sheets-white-zigzag\/#primaryimage","url":"https:\/\/pelin1971.hr\/wp-content\/uploads\/2016\/02\/bijeli_slozivi_rucnici-1.jpg","contentUrl":"https:\/\/pelin1971.hr\/wp-content\/uploads\/2016\/02\/bijeli_slozivi_rucnici-1.jpg","width":500,"height":500,"caption":"slo\u017eivi ru\u010dnici za dr\u017ea\u010de ,dispenzere,za sanitarne prostore,cik cak slo\u017eivi ru\u010dnici,papirnati ru\u010dnici u listi\u0107ima,cijena"},{"@type":"BreadcrumbList","@id":"https:\/\/pelin1971.hr\/en\/katalog\/folding-paper-towels-in-sheets-white-zigzag\/#breadcrumb","itemListElement":[{"@type":"ListItem","position":1,"name":"Home","item":"https:\/\/pelin1971.hr\/en\/"},{"@type":"ListItem","position":2,"name":"Shop","item":"https:\/\/pelin1971.hr\/en\/shop\/"},{"@type":"ListItem","position":3,"name":"Sanitary program","item":"https:\/\/pelin1971.hr\/en\/kategorija-proizvoda\/sanitary-program\/"},{"@type":"ListItem","position":4,"name":"Towels","item":"https:\/\/pelin1971.hr\/en\/kategorija-proizvoda\/sanitary-program\/towels\/"},{"@type":"ListItem","position":5,"name":"Folding paper towels in sheets, white, zigzag"}]},{"@type":"WebSite","@id":"https:\/\/pelin1971.hr\/en\/#website","url":"https:\/\/pelin1971.hr\/en\/","name":"Pelin1971","description":"","potentialAction":[{"@type":"SearchAction","target":{"@type":"EntryPoint","urlTemplate":"https:\/\/pelin1971.hr\/en\/?s={search_term_string}"},"query-input":{"@type":"PropertyValueSpecification","valueRequired":true,"valueName":"search_term_string"}}],"inLanguage":"en-US"}]}},"_links":{"self":[{"href":"https:\/\/pelin1971.hr\/en\/wp-json\/wp\/v2\/product\/7348","targetHints":{"allow":["GET"]}}],"collection":[{"href":"https:\/\/pelin1971.hr\/en\/wp-json\/wp\/v2\/product"}],"about":[{"href":"https:\/\/pelin1971.hr\/en\/wp-json\/wp\/v2\/types\/product"}],"replies":[{"embeddable":true,"href":"https:\/\/pelin1971.hr\/en\/wp-json\/wp\/v2\/comments?post=7348"}],"wp:featuredmedia":[{"embeddable":true,"href":"https:\/\/pelin1971.hr\/en\/wp-json\/wp\/v2\/media\/8914"}],"wp:attachment":[{"href":"https:\/\/pelin1971.hr\/en\/wp-json\/wp\/v2\/media?parent=7348"}],"wp:term":[{"taxonomy":"product_brand","embeddable":true,"href":"https:\/\/pelin1971.hr\/en\/wp-json\/wp\/v2\/product_brand?post=7348"},{"taxonomy":"product_cat","embeddable":true,"href":"https:\/\/pelin1971.hr\/en\/wp-json\/wp\/v2\/product_cat?post=7348"},{"taxonomy":"product_tag","embeddable":true,"href":"https:\/\/pelin1971.hr\/en\/wp-json\/wp\/v2\/product_tag?post=7348"}],"curies":[{"name":"wp","href":"https:\/\/api.w.org\/{rel}","templated":true}]}}