{"id":7347,"date":"2025-11-18T17:19:17","date_gmt":"2025-11-18T16:19:17","guid":{"rendered":"https:\/\/pelin1971.hr\/katalog\/towels-in-rolls-for-spiral-centrally-removable-holders\/"},"modified":"2025-11-25T10:45:45","modified_gmt":"2025-11-25T09:45:45","slug":"towels-in-rolls-for-spiral-centrally-removable-holders","status":"publish","type":"product","link":"https:\/\/pelin1971.hr\/en\/katalog\/towels-in-rolls-for-spiral-centrally-removable-holders\/","title":{"rendered":"TOWELS IN ROLLS FOR SPIRAL CENTRALLY REMOVABLE HOLDERS."},"content":{"rendered":"<h1>TOWELS IN ROLLS FOR SPIRAL \/ CENTRAL DRAWING HOLDERS<\/h1>\n<p>-rolled towels for central\/spiral pull-out dispensers<\/p>\n<p>-100% cellulose<br \/>\n -roll width 20cm<br \/>\n -roll diameter 16cm<br \/>\n -roll length 110m<br \/>\n -packaging: 6\/1<\/p>\n","protected":false},"excerpt":{"rendered":"<p>TOWELS IN ROLLS FOR SPIRAL \/ CENTRAL DRAWING HOLDERS -rolled towels for central\/spiral pull-out dispensers -100% cellulose -roll width 20cm -roll diameter 16cm -roll length 110m -packaging: 6\/1<\/p>\n","protected":false},"featured_media":8917,"comment_status":"open","ping_status":"closed","template":"","meta":{"_acf_changed":false},"product_brand":[],"product_cat":[4573],"product_tag":[3067,3069],"class_list":{"0":"post-7347","1":"product","2":"type-product","3":"status-publish","4":"has-post-thumbnail","6":"product_cat-towels","7":"product_tag-centrally-retractable-roll-towels","8":"product_tag-spiral-roll-towels","10":"first","11":"instock","12":"shipping-taxable","13":"purchasable","14":"product-type-simple"},"acf":[],"yoast_head":"<!-- This site is optimized with the Yoast SEO plugin v26.8 - https:\/\/yoast.com\/product\/yoast-seo-wordpress\/ -->\n<title>TOWELS IN ROLLS WITH SPIRAL DRAWING, CENTRAL<\/title>\n<meta name=\"description\" content=\"spiral roll towels, central roll towels, towels for sanitary areas, spiral roll towels, price\" \/>\n<meta name=\"robots\" content=\"index, follow, max-snippet:-1, max-image-preview:large, max-video-preview:-1\" \/>\n<link rel=\"canonical\" href=\"https:\/\/pelin1971.hr\/en\/katalog\/towels-in-rolls-for-spiral-centrally-removable-holders\/\" \/>\n<meta property=\"og:locale\" content=\"en_US\" \/>\n<meta property=\"og:type\" content=\"article\" \/>\n<meta property=\"og:title\" content=\"TOWELS IN ROLLS WITH SPIRAL DRAWING, CENTRAL\" \/>\n<meta property=\"og:description\" content=\"spiral roll towels, central roll towels, towels for sanitary areas, spiral roll towels, price\" \/>\n<meta property=\"og:url\" content=\"https:\/\/pelin1971.hr\/en\/katalog\/towels-in-rolls-for-spiral-centrally-removable-holders\/\" \/>\n<meta property=\"og:site_name\" content=\"Pelin1971\" \/>\n<meta property=\"article:modified_time\" content=\"2025-11-25T09:45:45+00:00\" \/>\n<meta property=\"og:image\" content=\"https:\/\/pelin1971.hr\/wp-content\/uploads\/2025\/11\/rucnici-u-roli-spiralno-1.jpg\" \/>\n\t<meta property=\"og:image:width\" content=\"500\" \/>\n\t<meta property=\"og:image:height\" content=\"500\" \/>\n\t<meta property=\"og:image:type\" content=\"image\/jpeg\" \/>\n<meta name=\"twitter:card\" content=\"summary_large_image\" \/>\n<script type=\"application\/ld+json\" class=\"yoast-schema-graph\">{\"@context\":\"https:\/\/schema.org\",\"@graph\":[{\"@type\":\"WebPage\",\"@id\":\"https:\/\/pelin1971.hr\/en\/katalog\/towels-in-rolls-for-spiral-centrally-removable-holders\/\",\"url\":\"https:\/\/pelin1971.hr\/en\/katalog\/towels-in-rolls-for-spiral-centrally-removable-holders\/\",\"name\":\"TOWELS IN ROLLS WITH SPIRAL DRAWING, CENTRAL\",\"isPartOf\":{\"@id\":\"https:\/\/pelin1971.hr\/en\/#website\"},\"primaryImageOfPage\":{\"@id\":\"https:\/\/pelin1971.hr\/en\/katalog\/towels-in-rolls-for-spiral-centrally-removable-holders\/#primaryimage\"},\"image\":{\"@id\":\"https:\/\/pelin1971.hr\/en\/katalog\/towels-in-rolls-for-spiral-centrally-removable-holders\/#primaryimage\"},\"thumbnailUrl\":\"https:\/\/pelin1971.hr\/wp-content\/uploads\/2016\/02\/rucnici-u-roli-spiralno-1.jpg\",\"datePublished\":\"2025-11-18T16:19:17+00:00\",\"dateModified\":\"2025-11-25T09:45:45+00:00\",\"description\":\"spiral roll towels, central roll towels, towels for sanitary areas, spiral roll towels, price\",\"breadcrumb\":{\"@id\":\"https:\/\/pelin1971.hr\/en\/katalog\/towels-in-rolls-for-spiral-centrally-removable-holders\/#breadcrumb\"},\"inLanguage\":\"en-US\",\"potentialAction\":[{\"@type\":\"ReadAction\",\"target\":[\"https:\/\/pelin1971.hr\/en\/katalog\/towels-in-rolls-for-spiral-centrally-removable-holders\/\"]}]},{\"@type\":\"ImageObject\",\"inLanguage\":\"en-US\",\"@id\":\"https:\/\/pelin1971.hr\/en\/katalog\/towels-in-rolls-for-spiral-centrally-removable-holders\/#primaryimage\",\"url\":\"https:\/\/pelin1971.hr\/wp-content\/uploads\/2016\/02\/rucnici-u-roli-spiralno-1.jpg\",\"contentUrl\":\"https:\/\/pelin1971.hr\/wp-content\/uploads\/2016\/02\/rucnici-u-roli-spiralno-1.jpg\",\"width\":500,\"height\":500,\"caption\":\"RU\u010cNICI U ROLI ZA DR\u017dA\u010cE NA SPIRALNO \/ CENTRALNO IZVLA\u010cENJE,cijena\"},{\"@type\":\"BreadcrumbList\",\"@id\":\"https:\/\/pelin1971.hr\/en\/katalog\/towels-in-rolls-for-spiral-centrally-removable-holders\/#breadcrumb\",\"itemListElement\":[{\"@type\":\"ListItem\",\"position\":1,\"name\":\"Home\",\"item\":\"https:\/\/pelin1971.hr\/en\/\"},{\"@type\":\"ListItem\",\"position\":2,\"name\":\"Shop\",\"item\":\"https:\/\/pelin1971.hr\/en\/shop\/\"},{\"@type\":\"ListItem\",\"position\":3,\"name\":\"Sanitary program\",\"item\":\"https:\/\/pelin1971.hr\/en\/kategorija-proizvoda\/sanitary-program\/\"},{\"@type\":\"ListItem\",\"position\":4,\"name\":\"Towels\",\"item\":\"https:\/\/pelin1971.hr\/en\/kategorija-proizvoda\/sanitary-program\/towels\/\"},{\"@type\":\"ListItem\",\"position\":5,\"name\":\"TOWELS IN ROLLS FOR SPIRAL CENTRALLY REMOVABLE HOLDERS.\"}]},{\"@type\":\"WebSite\",\"@id\":\"https:\/\/pelin1971.hr\/en\/#website\",\"url\":\"https:\/\/pelin1971.hr\/en\/\",\"name\":\"Pelin1971\",\"description\":\"\",\"potentialAction\":[{\"@type\":\"SearchAction\",\"target\":{\"@type\":\"EntryPoint\",\"urlTemplate\":\"https:\/\/pelin1971.hr\/en\/?s={search_term_string}\"},\"query-input\":{\"@type\":\"PropertyValueSpecification\",\"valueRequired\":true,\"valueName\":\"search_term_string\"}}],\"inLanguage\":\"en-US\"}]}<\/script>\n<!-- \/ Yoast SEO plugin. -->","yoast_head_json":{"title":"TOWELS IN ROLLS WITH SPIRAL DRAWING, CENTRAL","description":"spiral roll towels, central roll towels, towels for sanitary areas, spiral roll towels, price","robots":{"index":"index","follow":"follow","max-snippet":"max-snippet:-1","max-image-preview":"max-image-preview:large","max-video-preview":"max-video-preview:-1"},"canonical":"https:\/\/pelin1971.hr\/en\/katalog\/towels-in-rolls-for-spiral-centrally-removable-holders\/","og_locale":"en_US","og_type":"article","og_title":"TOWELS IN ROLLS WITH SPIRAL DRAWING, CENTRAL","og_description":"spiral roll towels, central roll towels, towels for sanitary areas, spiral roll towels, price","og_url":"https:\/\/pelin1971.hr\/en\/katalog\/towels-in-rolls-for-spiral-centrally-removable-holders\/","og_site_name":"Pelin1971","article_modified_time":"2025-11-25T09:45:45+00:00","og_image":[{"width":500,"height":500,"url":"https:\/\/pelin1971.hr\/wp-content\/uploads\/2025\/11\/rucnici-u-roli-spiralno-1.jpg","type":"image\/jpeg"}],"twitter_card":"summary_large_image","schema":{"@context":"https:\/\/schema.org","@graph":[{"@type":"WebPage","@id":"https:\/\/pelin1971.hr\/en\/katalog\/towels-in-rolls-for-spiral-centrally-removable-holders\/","url":"https:\/\/pelin1971.hr\/en\/katalog\/towels-in-rolls-for-spiral-centrally-removable-holders\/","name":"TOWELS IN ROLLS WITH SPIRAL DRAWING, CENTRAL","isPartOf":{"@id":"https:\/\/pelin1971.hr\/en\/#website"},"primaryImageOfPage":{"@id":"https:\/\/pelin1971.hr\/en\/katalog\/towels-in-rolls-for-spiral-centrally-removable-holders\/#primaryimage"},"image":{"@id":"https:\/\/pelin1971.hr\/en\/katalog\/towels-in-rolls-for-spiral-centrally-removable-holders\/#primaryimage"},"thumbnailUrl":"https:\/\/pelin1971.hr\/wp-content\/uploads\/2016\/02\/rucnici-u-roli-spiralno-1.jpg","datePublished":"2025-11-18T16:19:17+00:00","dateModified":"2025-11-25T09:45:45+00:00","description":"spiral roll towels, central roll towels, towels for sanitary areas, spiral roll towels, price","breadcrumb":{"@id":"https:\/\/pelin1971.hr\/en\/katalog\/towels-in-rolls-for-spiral-centrally-removable-holders\/#breadcrumb"},"inLanguage":"en-US","potentialAction":[{"@type":"ReadAction","target":["https:\/\/pelin1971.hr\/en\/katalog\/towels-in-rolls-for-spiral-centrally-removable-holders\/"]}]},{"@type":"ImageObject","inLanguage":"en-US","@id":"https:\/\/pelin1971.hr\/en\/katalog\/towels-in-rolls-for-spiral-centrally-removable-holders\/#primaryimage","url":"https:\/\/pelin1971.hr\/wp-content\/uploads\/2016\/02\/rucnici-u-roli-spiralno-1.jpg","contentUrl":"https:\/\/pelin1971.hr\/wp-content\/uploads\/2016\/02\/rucnici-u-roli-spiralno-1.jpg","width":500,"height":500,"caption":"RU\u010cNICI U ROLI ZA DR\u017dA\u010cE NA SPIRALNO \/ CENTRALNO IZVLA\u010cENJE,cijena"},{"@type":"BreadcrumbList","@id":"https:\/\/pelin1971.hr\/en\/katalog\/towels-in-rolls-for-spiral-centrally-removable-holders\/#breadcrumb","itemListElement":[{"@type":"ListItem","position":1,"name":"Home","item":"https:\/\/pelin1971.hr\/en\/"},{"@type":"ListItem","position":2,"name":"Shop","item":"https:\/\/pelin1971.hr\/en\/shop\/"},{"@type":"ListItem","position":3,"name":"Sanitary program","item":"https:\/\/pelin1971.hr\/en\/kategorija-proizvoda\/sanitary-program\/"},{"@type":"ListItem","position":4,"name":"Towels","item":"https:\/\/pelin1971.hr\/en\/kategorija-proizvoda\/sanitary-program\/towels\/"},{"@type":"ListItem","position":5,"name":"TOWELS IN ROLLS FOR SPIRAL CENTRALLY REMOVABLE HOLDERS."}]},{"@type":"WebSite","@id":"https:\/\/pelin1971.hr\/en\/#website","url":"https:\/\/pelin1971.hr\/en\/","name":"Pelin1971","description":"","potentialAction":[{"@type":"SearchAction","target":{"@type":"EntryPoint","urlTemplate":"https:\/\/pelin1971.hr\/en\/?s={search_term_string}"},"query-input":{"@type":"PropertyValueSpecification","valueRequired":true,"valueName":"search_term_string"}}],"inLanguage":"en-US"}]}},"_links":{"self":[{"href":"https:\/\/pelin1971.hr\/en\/wp-json\/wp\/v2\/product\/7347","targetHints":{"allow":["GET"]}}],"collection":[{"href":"https:\/\/pelin1971.hr\/en\/wp-json\/wp\/v2\/product"}],"about":[{"href":"https:\/\/pelin1971.hr\/en\/wp-json\/wp\/v2\/types\/product"}],"replies":[{"embeddable":true,"href":"https:\/\/pelin1971.hr\/en\/wp-json\/wp\/v2\/comments?post=7347"}],"wp:featuredmedia":[{"embeddable":true,"href":"https:\/\/pelin1971.hr\/en\/wp-json\/wp\/v2\/media\/8917"}],"wp:attachment":[{"href":"https:\/\/pelin1971.hr\/en\/wp-json\/wp\/v2\/media?parent=7347"}],"wp:term":[{"taxonomy":"product_brand","embeddable":true,"href":"https:\/\/pelin1971.hr\/en\/wp-json\/wp\/v2\/product_brand?post=7347"},{"taxonomy":"product_cat","embeddable":true,"href":"https:\/\/pelin1971.hr\/en\/wp-json\/wp\/v2\/product_cat?post=7347"},{"taxonomy":"product_tag","embeddable":true,"href":"https:\/\/pelin1971.hr\/en\/wp-json\/wp\/v2\/product_tag?post=7347"}],"curies":[{"name":"wp","href":"https:\/\/api.w.org\/{rel}","templated":true}]}}