{"id":7342,"date":"2025-11-18T17:19:09","date_gmt":"2025-11-18T16:19:09","guid":{"rendered":"https:\/\/pelin1971.hr\/katalog\/hygienic-wooden-ice-cream-spoons-in-wrappers\/"},"modified":"2025-11-25T10:45:41","modified_gmt":"2025-11-25T09:45:41","slug":"hygienic-wooden-ice-cream-spoons-in-wrappers","status":"publish","type":"product","link":"https:\/\/pelin1971.hr\/en\/katalog\/hygienic-wooden-ice-cream-spoons-in-wrappers\/","title":{"rendered":"HYGIENIC WOODEN ICE CREAM SPOONS IN WRAPPERS"},"content":{"rendered":"<h2>WOODEN ICE CREAM SPOONS IN HYGIENIC WRAPPERS<\/h2>\n<p>-packaging : 50\/1<br \/>\n-material: wood+paper<br \/>\n-purpose: for serving ice cream to go<\/p>\n","protected":false},"excerpt":{"rendered":"<p>WOODEN ICE CREAM SPOONS IN HYGIENIC WRAPPERS -packaging : 50\/1 -material: wood+paper -purpose: for serving ice cream to go<\/p>\n","protected":false},"featured_media":9096,"comment_status":"open","ping_status":"closed","template":"","meta":{"_acf_changed":false},"product_brand":[],"product_cat":[4545,4549],"product_tag":[3052,3050,3048],"class_list":{"0":"post-7342","1":"product","2":"type-product","3":"status-publish","4":"has-post-thumbnail","6":"product_cat-plastic-spoons","7":"product_cat-pastry-shop","8":"product_tag-hygienic-ice-cream-spoons","9":"product_tag-individually-packaged-wooden-ice-cream-spoons","10":"product_tag-wooden-ice-cream-spoons-in-hygienic-wrappers","12":"first","13":"instock","14":"shipping-taxable","15":"product-type-simple"},"acf":[],"yoast_head":"<!-- This site is optimized with the Yoast SEO plugin v26.8 - https:\/\/yoast.com\/product\/yoast-seo-wordpress\/ -->\n<title>Hygienic ice cream spoons, wooden in a wrapper, individually packaged<\/title>\n<meta name=\"description\" content=\"hygienic ice cream spoons, wooden in a wrapper, individually packaged wooden ice cream spoons, hygienic ice cream spoons, price\" \/>\n<meta name=\"robots\" content=\"index, follow, max-snippet:-1, max-image-preview:large, max-video-preview:-1\" \/>\n<link rel=\"canonical\" href=\"https:\/\/pelin1971.hr\/en\/katalog\/hygienic-wooden-ice-cream-spoons-in-wrappers\/\" \/>\n<meta property=\"og:locale\" content=\"en_US\" \/>\n<meta property=\"og:type\" content=\"article\" \/>\n<meta property=\"og:title\" content=\"Hygienic ice cream spoons, wooden in a wrapper, individually packaged\" \/>\n<meta property=\"og:description\" content=\"hygienic ice cream spoons, wooden in a wrapper, individually packaged wooden ice cream spoons, hygienic ice cream spoons, price\" \/>\n<meta property=\"og:url\" content=\"https:\/\/pelin1971.hr\/en\/katalog\/hygienic-wooden-ice-cream-spoons-in-wrappers\/\" \/>\n<meta property=\"og:site_name\" content=\"Pelin1971\" \/>\n<meta property=\"article:modified_time\" content=\"2025-11-25T09:45:41+00:00\" \/>\n<meta property=\"og:image\" content=\"https:\/\/pelin1971.hr\/wp-content\/uploads\/2025\/11\/drvene-zlicice-za-sladoled-u-higijenskom-omotu.jpg\" \/>\n\t<meta property=\"og:image:width\" content=\"2056\" \/>\n\t<meta property=\"og:image:height\" content=\"2056\" \/>\n\t<meta property=\"og:image:type\" content=\"image\/jpeg\" \/>\n<meta name=\"twitter:card\" content=\"summary_large_image\" \/>\n<script type=\"application\/ld+json\" class=\"yoast-schema-graph\">{\"@context\":\"https:\/\/schema.org\",\"@graph\":[{\"@type\":\"WebPage\",\"@id\":\"https:\/\/pelin1971.hr\/en\/katalog\/hygienic-wooden-ice-cream-spoons-in-wrappers\/\",\"url\":\"https:\/\/pelin1971.hr\/en\/katalog\/hygienic-wooden-ice-cream-spoons-in-wrappers\/\",\"name\":\"Hygienic ice cream spoons, wooden in a wrapper, individually packaged\",\"isPartOf\":{\"@id\":\"https:\/\/pelin1971.hr\/en\/#website\"},\"primaryImageOfPage\":{\"@id\":\"https:\/\/pelin1971.hr\/en\/katalog\/hygienic-wooden-ice-cream-spoons-in-wrappers\/#primaryimage\"},\"image\":{\"@id\":\"https:\/\/pelin1971.hr\/en\/katalog\/hygienic-wooden-ice-cream-spoons-in-wrappers\/#primaryimage\"},\"thumbnailUrl\":\"https:\/\/pelin1971.hr\/wp-content\/uploads\/2023\/01\/drvene-\u017eli\u010dice-za-sladoled-u-higijenskom-omotu.jpg\",\"datePublished\":\"2025-11-18T16:19:09+00:00\",\"dateModified\":\"2025-11-25T09:45:41+00:00\",\"description\":\"hygienic ice cream spoons, wooden in a wrapper, individually packaged wooden ice cream spoons, hygienic ice cream spoons, price\",\"breadcrumb\":{\"@id\":\"https:\/\/pelin1971.hr\/en\/katalog\/hygienic-wooden-ice-cream-spoons-in-wrappers\/#breadcrumb\"},\"inLanguage\":\"en-US\",\"potentialAction\":[{\"@type\":\"ReadAction\",\"target\":[\"https:\/\/pelin1971.hr\/en\/katalog\/hygienic-wooden-ice-cream-spoons-in-wrappers\/\"]}]},{\"@type\":\"ImageObject\",\"inLanguage\":\"en-US\",\"@id\":\"https:\/\/pelin1971.hr\/en\/katalog\/hygienic-wooden-ice-cream-spoons-in-wrappers\/#primaryimage\",\"url\":\"https:\/\/pelin1971.hr\/wp-content\/uploads\/2023\/01\/drvene-\u017eli\u010dice-za-sladoled-u-higijenskom-omotu.jpg\",\"contentUrl\":\"https:\/\/pelin1971.hr\/wp-content\/uploads\/2023\/01\/drvene-\u017eli\u010dice-za-sladoled-u-higijenskom-omotu.jpg\",\"width\":2056,\"height\":2056,\"caption\":\"higijenske \u017eli\u010dice za sladoled u omotu,drvene \u017eli\u010dice u higijenskom omotu,pojedina\u010dno pakirane,cijena\"},{\"@type\":\"BreadcrumbList\",\"@id\":\"https:\/\/pelin1971.hr\/en\/katalog\/hygienic-wooden-ice-cream-spoons-in-wrappers\/#breadcrumb\",\"itemListElement\":[{\"@type\":\"ListItem\",\"position\":1,\"name\":\"Home\",\"item\":\"https:\/\/pelin1971.hr\/en\/\"},{\"@type\":\"ListItem\",\"position\":2,\"name\":\"Shop\",\"item\":\"https:\/\/pelin1971.hr\/en\/shop\/\"},{\"@type\":\"ListItem\",\"position\":3,\"name\":\"Catering packaging\",\"item\":\"https:\/\/pelin1971.hr\/en\/kategorija-proizvoda\/catering-packaging\/\"},{\"@type\":\"ListItem\",\"position\":4,\"name\":\"Plastic spoons\",\"item\":\"https:\/\/pelin1971.hr\/en\/kategorija-proizvoda\/catering-packaging\/plastic-spoons\/\"},{\"@type\":\"ListItem\",\"position\":5,\"name\":\"HYGIENIC WOODEN ICE CREAM SPOONS IN WRAPPERS\"}]},{\"@type\":\"WebSite\",\"@id\":\"https:\/\/pelin1971.hr\/en\/#website\",\"url\":\"https:\/\/pelin1971.hr\/en\/\",\"name\":\"Pelin1971\",\"description\":\"\",\"potentialAction\":[{\"@type\":\"SearchAction\",\"target\":{\"@type\":\"EntryPoint\",\"urlTemplate\":\"https:\/\/pelin1971.hr\/en\/?s={search_term_string}\"},\"query-input\":{\"@type\":\"PropertyValueSpecification\",\"valueRequired\":true,\"valueName\":\"search_term_string\"}}],\"inLanguage\":\"en-US\"}]}<\/script>\n<!-- \/ Yoast SEO plugin. -->","yoast_head_json":{"title":"Hygienic ice cream spoons, wooden in a wrapper, individually packaged","description":"hygienic ice cream spoons, wooden in a wrapper, individually packaged wooden ice cream spoons, hygienic ice cream spoons, price","robots":{"index":"index","follow":"follow","max-snippet":"max-snippet:-1","max-image-preview":"max-image-preview:large","max-video-preview":"max-video-preview:-1"},"canonical":"https:\/\/pelin1971.hr\/en\/katalog\/hygienic-wooden-ice-cream-spoons-in-wrappers\/","og_locale":"en_US","og_type":"article","og_title":"Hygienic ice cream spoons, wooden in a wrapper, individually packaged","og_description":"hygienic ice cream spoons, wooden in a wrapper, individually packaged wooden ice cream spoons, hygienic ice cream spoons, price","og_url":"https:\/\/pelin1971.hr\/en\/katalog\/hygienic-wooden-ice-cream-spoons-in-wrappers\/","og_site_name":"Pelin1971","article_modified_time":"2025-11-25T09:45:41+00:00","og_image":[{"width":2056,"height":2056,"url":"https:\/\/pelin1971.hr\/wp-content\/uploads\/2025\/11\/drvene-zlicice-za-sladoled-u-higijenskom-omotu.jpg","type":"image\/jpeg"}],"twitter_card":"summary_large_image","schema":{"@context":"https:\/\/schema.org","@graph":[{"@type":"WebPage","@id":"https:\/\/pelin1971.hr\/en\/katalog\/hygienic-wooden-ice-cream-spoons-in-wrappers\/","url":"https:\/\/pelin1971.hr\/en\/katalog\/hygienic-wooden-ice-cream-spoons-in-wrappers\/","name":"Hygienic ice cream spoons, wooden in a wrapper, individually packaged","isPartOf":{"@id":"https:\/\/pelin1971.hr\/en\/#website"},"primaryImageOfPage":{"@id":"https:\/\/pelin1971.hr\/en\/katalog\/hygienic-wooden-ice-cream-spoons-in-wrappers\/#primaryimage"},"image":{"@id":"https:\/\/pelin1971.hr\/en\/katalog\/hygienic-wooden-ice-cream-spoons-in-wrappers\/#primaryimage"},"thumbnailUrl":"https:\/\/pelin1971.hr\/wp-content\/uploads\/2023\/01\/drvene-\u017eli\u010dice-za-sladoled-u-higijenskom-omotu.jpg","datePublished":"2025-11-18T16:19:09+00:00","dateModified":"2025-11-25T09:45:41+00:00","description":"hygienic ice cream spoons, wooden in a wrapper, individually packaged wooden ice cream spoons, hygienic ice cream spoons, price","breadcrumb":{"@id":"https:\/\/pelin1971.hr\/en\/katalog\/hygienic-wooden-ice-cream-spoons-in-wrappers\/#breadcrumb"},"inLanguage":"en-US","potentialAction":[{"@type":"ReadAction","target":["https:\/\/pelin1971.hr\/en\/katalog\/hygienic-wooden-ice-cream-spoons-in-wrappers\/"]}]},{"@type":"ImageObject","inLanguage":"en-US","@id":"https:\/\/pelin1971.hr\/en\/katalog\/hygienic-wooden-ice-cream-spoons-in-wrappers\/#primaryimage","url":"https:\/\/pelin1971.hr\/wp-content\/uploads\/2023\/01\/drvene-\u017eli\u010dice-za-sladoled-u-higijenskom-omotu.jpg","contentUrl":"https:\/\/pelin1971.hr\/wp-content\/uploads\/2023\/01\/drvene-\u017eli\u010dice-za-sladoled-u-higijenskom-omotu.jpg","width":2056,"height":2056,"caption":"higijenske \u017eli\u010dice za sladoled u omotu,drvene \u017eli\u010dice u higijenskom omotu,pojedina\u010dno pakirane,cijena"},{"@type":"BreadcrumbList","@id":"https:\/\/pelin1971.hr\/en\/katalog\/hygienic-wooden-ice-cream-spoons-in-wrappers\/#breadcrumb","itemListElement":[{"@type":"ListItem","position":1,"name":"Home","item":"https:\/\/pelin1971.hr\/en\/"},{"@type":"ListItem","position":2,"name":"Shop","item":"https:\/\/pelin1971.hr\/en\/shop\/"},{"@type":"ListItem","position":3,"name":"Catering packaging","item":"https:\/\/pelin1971.hr\/en\/kategorija-proizvoda\/catering-packaging\/"},{"@type":"ListItem","position":4,"name":"Plastic spoons","item":"https:\/\/pelin1971.hr\/en\/kategorija-proizvoda\/catering-packaging\/plastic-spoons\/"},{"@type":"ListItem","position":5,"name":"HYGIENIC WOODEN ICE CREAM SPOONS IN WRAPPERS"}]},{"@type":"WebSite","@id":"https:\/\/pelin1971.hr\/en\/#website","url":"https:\/\/pelin1971.hr\/en\/","name":"Pelin1971","description":"","potentialAction":[{"@type":"SearchAction","target":{"@type":"EntryPoint","urlTemplate":"https:\/\/pelin1971.hr\/en\/?s={search_term_string}"},"query-input":{"@type":"PropertyValueSpecification","valueRequired":true,"valueName":"search_term_string"}}],"inLanguage":"en-US"}]}},"_links":{"self":[{"href":"https:\/\/pelin1971.hr\/en\/wp-json\/wp\/v2\/product\/7342","targetHints":{"allow":["GET"]}}],"collection":[{"href":"https:\/\/pelin1971.hr\/en\/wp-json\/wp\/v2\/product"}],"about":[{"href":"https:\/\/pelin1971.hr\/en\/wp-json\/wp\/v2\/types\/product"}],"replies":[{"embeddable":true,"href":"https:\/\/pelin1971.hr\/en\/wp-json\/wp\/v2\/comments?post=7342"}],"wp:featuredmedia":[{"embeddable":true,"href":"https:\/\/pelin1971.hr\/en\/wp-json\/wp\/v2\/media\/9096"}],"wp:attachment":[{"href":"https:\/\/pelin1971.hr\/en\/wp-json\/wp\/v2\/media?parent=7342"}],"wp:term":[{"taxonomy":"product_brand","embeddable":true,"href":"https:\/\/pelin1971.hr\/en\/wp-json\/wp\/v2\/product_brand?post=7342"},{"taxonomy":"product_cat","embeddable":true,"href":"https:\/\/pelin1971.hr\/en\/wp-json\/wp\/v2\/product_cat?post=7342"},{"taxonomy":"product_tag","embeddable":true,"href":"https:\/\/pelin1971.hr\/en\/wp-json\/wp\/v2\/product_tag?post=7342"}],"curies":[{"name":"wp","href":"https:\/\/api.w.org\/{rel}","templated":true}]}}