{"id":7340,"date":"2025-11-18T17:19:09","date_gmt":"2025-11-18T16:19:09","guid":{"rendered":"https:\/\/pelin1971.hr\/katalog\/ice-cream-spoon\/"},"modified":"2025-11-25T10:45:45","modified_gmt":"2025-11-25T09:45:45","slug":"ice-cream-spoon","status":"publish","type":"product","link":"https:\/\/pelin1971.hr\/en\/katalog\/ice-cream-spoon\/","title":{"rendered":"Ice cream spoon"},"content":{"rendered":"<h1>Ice cream spoon<\/h1>\n","protected":false},"excerpt":{"rendered":"<p>Ice cream spoon<\/p>\n","protected":false},"featured_media":8290,"comment_status":"open","ping_status":"closed","template":"","meta":{"_acf_changed":false},"product_brand":[],"product_cat":[4549,4566],"product_tag":[3034,3032,3036,3040,3038,3042],"class_list":{"0":"post-7340","1":"product","2":"type-product","3":"status-publish","4":"has-post-thumbnail","6":"product_cat-pastry-shop","7":"product_cat-stainless-steel-for-catering","8":"product_tag-ice-cream-scoop","9":"product_tag-ice-cream-spoons","10":"product_tag-metal-ice-cream-spoons","11":"product_tag-rosfrei-ice-cream-spoons-for-pastry-shops","12":"product_tag-stainless-steel-ice-cream-spoons","13":"product_tag-teaspoons-ice-cream-for-pastry-shops","15":"first","16":"instock","17":"shipping-taxable","18":"purchasable","19":"product-type-simple"},"acf":[],"yoast_head":"<!-- This site is optimized with the Yoast SEO plugin v26.8 - https:\/\/yoast.com\/product\/yoast-seo-wordpress\/ -->\n<title>ICE CREAM SPOON, STAINLESS STEEL SPOONS FOR CATERING FACILITIES<\/title>\n<meta name=\"description\" content=\"ice cream spoon, spoon for pastry shops, stainless steel spoon for consuming ice cream in various catering establishments, price\" \/>\n<meta name=\"robots\" content=\"index, follow, max-snippet:-1, max-image-preview:large, max-video-preview:-1\" \/>\n<link rel=\"canonical\" href=\"https:\/\/pelin1971.hr\/en\/katalog\/ice-cream-spoon\/\" \/>\n<meta property=\"og:locale\" content=\"en_US\" \/>\n<meta property=\"og:type\" content=\"article\" \/>\n<meta property=\"og:title\" content=\"ICE CREAM SPOON, STAINLESS STEEL SPOONS FOR CATERING FACILITIES\" \/>\n<meta property=\"og:description\" content=\"ice cream spoon, spoon for pastry shops, stainless steel spoon for consuming ice cream in various catering establishments, price\" \/>\n<meta property=\"og:url\" content=\"https:\/\/pelin1971.hr\/en\/katalog\/ice-cream-spoon\/\" \/>\n<meta property=\"og:site_name\" content=\"Pelin1971\" \/>\n<meta property=\"article:modified_time\" content=\"2025-11-25T09:45:45+00:00\" \/>\n<meta property=\"og:image\" content=\"https:\/\/pelin1971.hr\/wp-content\/uploads\/2025\/11\/sladoled-hotel-1.jpg\" \/>\n\t<meta property=\"og:image:width\" content=\"2080\" \/>\n\t<meta property=\"og:image:height\" content=\"2080\" \/>\n\t<meta property=\"og:image:type\" content=\"image\/jpeg\" \/>\n<meta name=\"twitter:card\" content=\"summary_large_image\" \/>\n<script type=\"application\/ld+json\" class=\"yoast-schema-graph\">{\"@context\":\"https:\/\/schema.org\",\"@graph\":[{\"@type\":\"WebPage\",\"@id\":\"https:\/\/pelin1971.hr\/en\/katalog\/ice-cream-spoon\/\",\"url\":\"https:\/\/pelin1971.hr\/en\/katalog\/ice-cream-spoon\/\",\"name\":\"ICE CREAM SPOON, STAINLESS STEEL SPOONS FOR CATERING FACILITIES\",\"isPartOf\":{\"@id\":\"https:\/\/pelin1971.hr\/en\/#website\"},\"primaryImageOfPage\":{\"@id\":\"https:\/\/pelin1971.hr\/en\/katalog\/ice-cream-spoon\/#primaryimage\"},\"image\":{\"@id\":\"https:\/\/pelin1971.hr\/en\/katalog\/ice-cream-spoon\/#primaryimage\"},\"thumbnailUrl\":\"https:\/\/pelin1971.hr\/wp-content\/uploads\/2025\/11\/sladoled-hotel-1.jpg\",\"datePublished\":\"2025-11-18T16:19:09+00:00\",\"dateModified\":\"2025-11-25T09:45:45+00:00\",\"description\":\"ice cream spoon, spoon for pastry shops, stainless steel spoon for consuming ice cream in various catering establishments, price\",\"breadcrumb\":{\"@id\":\"https:\/\/pelin1971.hr\/en\/katalog\/ice-cream-spoon\/#breadcrumb\"},\"inLanguage\":\"en-US\",\"potentialAction\":[{\"@type\":\"ReadAction\",\"target\":[\"https:\/\/pelin1971.hr\/en\/katalog\/ice-cream-spoon\/\"]}]},{\"@type\":\"ImageObject\",\"inLanguage\":\"en-US\",\"@id\":\"https:\/\/pelin1971.hr\/en\/katalog\/ice-cream-spoon\/#primaryimage\",\"url\":\"https:\/\/pelin1971.hr\/wp-content\/uploads\/2025\/11\/sladoled-hotel-1.jpg\",\"contentUrl\":\"https:\/\/pelin1971.hr\/wp-content\/uploads\/2025\/11\/sladoled-hotel-1.jpg\",\"width\":2080,\"height\":2080,\"caption\":\"\u017eli\u010dice za sladoled,inox \u017eli\u010dice za sladoled,rosfrei \u017eli\u010dice za sladole za slasti\u010darne,\u017eli\u010dice sladoled za slasti\u010darnice,cijena\"},{\"@type\":\"BreadcrumbList\",\"@id\":\"https:\/\/pelin1971.hr\/en\/katalog\/ice-cream-spoon\/#breadcrumb\",\"itemListElement\":[{\"@type\":\"ListItem\",\"position\":1,\"name\":\"Home\",\"item\":\"https:\/\/pelin1971.hr\/en\/\"},{\"@type\":\"ListItem\",\"position\":2,\"name\":\"Shop\",\"item\":\"https:\/\/pelin1971.hr\/en\/shop\/\"},{\"@type\":\"ListItem\",\"position\":3,\"name\":\"Cocktail bar, pastry shop, pizzeria\",\"item\":\"https:\/\/pelin1971.hr\/en\/kategorija-proizvoda\/cocktail-bar-pastry-shop-pizzeria\/\"},{\"@type\":\"ListItem\",\"position\":4,\"name\":\"Pastry shop\",\"item\":\"https:\/\/pelin1971.hr\/en\/kategorija-proizvoda\/cocktail-bar-pastry-shop-pizzeria\/pastry-shop\/\"},{\"@type\":\"ListItem\",\"position\":5,\"name\":\"Ice cream spoon\"}]},{\"@type\":\"WebSite\",\"@id\":\"https:\/\/pelin1971.hr\/en\/#website\",\"url\":\"https:\/\/pelin1971.hr\/en\/\",\"name\":\"Pelin1971\",\"description\":\"\",\"potentialAction\":[{\"@type\":\"SearchAction\",\"target\":{\"@type\":\"EntryPoint\",\"urlTemplate\":\"https:\/\/pelin1971.hr\/en\/?s={search_term_string}\"},\"query-input\":{\"@type\":\"PropertyValueSpecification\",\"valueRequired\":true,\"valueName\":\"search_term_string\"}}],\"inLanguage\":\"en-US\"}]}<\/script>\n<!-- \/ Yoast SEO plugin. -->","yoast_head_json":{"title":"ICE CREAM SPOON, STAINLESS STEEL SPOONS FOR CATERING FACILITIES","description":"ice cream spoon, spoon for pastry shops, stainless steel spoon for consuming ice cream in various catering establishments, price","robots":{"index":"index","follow":"follow","max-snippet":"max-snippet:-1","max-image-preview":"max-image-preview:large","max-video-preview":"max-video-preview:-1"},"canonical":"https:\/\/pelin1971.hr\/en\/katalog\/ice-cream-spoon\/","og_locale":"en_US","og_type":"article","og_title":"ICE CREAM SPOON, STAINLESS STEEL SPOONS FOR CATERING FACILITIES","og_description":"ice cream spoon, spoon for pastry shops, stainless steel spoon for consuming ice cream in various catering establishments, price","og_url":"https:\/\/pelin1971.hr\/en\/katalog\/ice-cream-spoon\/","og_site_name":"Pelin1971","article_modified_time":"2025-11-25T09:45:45+00:00","og_image":[{"width":2080,"height":2080,"url":"https:\/\/pelin1971.hr\/wp-content\/uploads\/2025\/11\/sladoled-hotel-1.jpg","type":"image\/jpeg"}],"twitter_card":"summary_large_image","schema":{"@context":"https:\/\/schema.org","@graph":[{"@type":"WebPage","@id":"https:\/\/pelin1971.hr\/en\/katalog\/ice-cream-spoon\/","url":"https:\/\/pelin1971.hr\/en\/katalog\/ice-cream-spoon\/","name":"ICE CREAM SPOON, STAINLESS STEEL SPOONS FOR CATERING FACILITIES","isPartOf":{"@id":"https:\/\/pelin1971.hr\/en\/#website"},"primaryImageOfPage":{"@id":"https:\/\/pelin1971.hr\/en\/katalog\/ice-cream-spoon\/#primaryimage"},"image":{"@id":"https:\/\/pelin1971.hr\/en\/katalog\/ice-cream-spoon\/#primaryimage"},"thumbnailUrl":"https:\/\/pelin1971.hr\/wp-content\/uploads\/2025\/11\/sladoled-hotel-1.jpg","datePublished":"2025-11-18T16:19:09+00:00","dateModified":"2025-11-25T09:45:45+00:00","description":"ice cream spoon, spoon for pastry shops, stainless steel spoon for consuming ice cream in various catering establishments, price","breadcrumb":{"@id":"https:\/\/pelin1971.hr\/en\/katalog\/ice-cream-spoon\/#breadcrumb"},"inLanguage":"en-US","potentialAction":[{"@type":"ReadAction","target":["https:\/\/pelin1971.hr\/en\/katalog\/ice-cream-spoon\/"]}]},{"@type":"ImageObject","inLanguage":"en-US","@id":"https:\/\/pelin1971.hr\/en\/katalog\/ice-cream-spoon\/#primaryimage","url":"https:\/\/pelin1971.hr\/wp-content\/uploads\/2025\/11\/sladoled-hotel-1.jpg","contentUrl":"https:\/\/pelin1971.hr\/wp-content\/uploads\/2025\/11\/sladoled-hotel-1.jpg","width":2080,"height":2080,"caption":"\u017eli\u010dice za sladoled,inox \u017eli\u010dice za sladoled,rosfrei \u017eli\u010dice za sladole za slasti\u010darne,\u017eli\u010dice sladoled za slasti\u010darnice,cijena"},{"@type":"BreadcrumbList","@id":"https:\/\/pelin1971.hr\/en\/katalog\/ice-cream-spoon\/#breadcrumb","itemListElement":[{"@type":"ListItem","position":1,"name":"Home","item":"https:\/\/pelin1971.hr\/en\/"},{"@type":"ListItem","position":2,"name":"Shop","item":"https:\/\/pelin1971.hr\/en\/shop\/"},{"@type":"ListItem","position":3,"name":"Cocktail bar, pastry shop, pizzeria","item":"https:\/\/pelin1971.hr\/en\/kategorija-proizvoda\/cocktail-bar-pastry-shop-pizzeria\/"},{"@type":"ListItem","position":4,"name":"Pastry shop","item":"https:\/\/pelin1971.hr\/en\/kategorija-proizvoda\/cocktail-bar-pastry-shop-pizzeria\/pastry-shop\/"},{"@type":"ListItem","position":5,"name":"Ice cream spoon"}]},{"@type":"WebSite","@id":"https:\/\/pelin1971.hr\/en\/#website","url":"https:\/\/pelin1971.hr\/en\/","name":"Pelin1971","description":"","potentialAction":[{"@type":"SearchAction","target":{"@type":"EntryPoint","urlTemplate":"https:\/\/pelin1971.hr\/en\/?s={search_term_string}"},"query-input":{"@type":"PropertyValueSpecification","valueRequired":true,"valueName":"search_term_string"}}],"inLanguage":"en-US"}]}},"_links":{"self":[{"href":"https:\/\/pelin1971.hr\/en\/wp-json\/wp\/v2\/product\/7340","targetHints":{"allow":["GET"]}}],"collection":[{"href":"https:\/\/pelin1971.hr\/en\/wp-json\/wp\/v2\/product"}],"about":[{"href":"https:\/\/pelin1971.hr\/en\/wp-json\/wp\/v2\/types\/product"}],"replies":[{"embeddable":true,"href":"https:\/\/pelin1971.hr\/en\/wp-json\/wp\/v2\/comments?post=7340"}],"wp:featuredmedia":[{"embeddable":true,"href":"https:\/\/pelin1971.hr\/en\/wp-json\/wp\/v2\/media\/8290"}],"wp:attachment":[{"href":"https:\/\/pelin1971.hr\/en\/wp-json\/wp\/v2\/media?parent=7340"}],"wp:term":[{"taxonomy":"product_brand","embeddable":true,"href":"https:\/\/pelin1971.hr\/en\/wp-json\/wp\/v2\/product_brand?post=7340"},{"taxonomy":"product_cat","embeddable":true,"href":"https:\/\/pelin1971.hr\/en\/wp-json\/wp\/v2\/product_cat?post=7340"},{"taxonomy":"product_tag","embeddable":true,"href":"https:\/\/pelin1971.hr\/en\/wp-json\/wp\/v2\/product_tag?post=7340"}],"curies":[{"name":"wp","href":"https:\/\/api.w.org\/{rel}","templated":true}]}}