{"id":7335,"date":"2025-11-18T17:19:08","date_gmt":"2025-11-18T16:19:08","guid":{"rendered":"https:\/\/pelin1971.hr\/katalog\/garbage-bags-large-70x110-10-1-greasy\/"},"modified":"2025-11-25T10:45:39","modified_gmt":"2025-11-25T09:45:39","slug":"garbage-bags-large-70x110-10-1-greasy","status":"publish","type":"product","link":"https:\/\/pelin1971.hr\/en\/katalog\/garbage-bags-large-70x110-10-1-greasy\/","title":{"rendered":"garbage bags large 70&#215;110 10\/1 &#8211; greasy"},"content":{"rendered":"<h1>Garbage bags 70&#215;110, 10\/1, 120 L &#8211; greasy solid<\/h1>\n<p>-dimensions: 70 x 110<br \/>\n-volume: 120L<br \/>\n-material: PELD<br \/>\n-packaging : 10\/1<br \/>\n-similar article:  <a href=\"https:\/\/pelin1971.hr\/katalog\/gastro-vrece-za-smece\/\">gastro garbage bags<\/a><\/p>\n","protected":false},"excerpt":{"rendered":"<p>Garbage bags 70&#215;110, 10\/1, 120 L &#8211; greasy solid -dimensions: 70 x 110 -volume: 120L -material: PELD -packaging : 10\/1 -similar article: gastro garbage bags<\/p>\n","protected":false},"featured_media":9056,"comment_status":"open","ping_status":"closed","template":"","meta":{"_acf_changed":false},"product_brand":[],"product_cat":[4553],"product_tag":[3011,3013,3015,3007,3009],"class_list":{"0":"post-7335","1":"product","2":"type-product","3":"status-publish","4":"has-post-thumbnail","6":"product_cat-garbage-bags","7":"product_tag-black-garbage-bags","8":"product_tag-garbage-bags-70x110","9":"product_tag-garbage-bags-for-trash","10":"product_tag-garbage-bags-large-120l","11":"product_tag-solid-garbage-bags","13":"first","14":"instock","15":"shipping-taxable","16":"purchasable","17":"product-type-simple"},"acf":[],"yoast_head":"<!-- This site is optimized with the Yoast SEO plugin v26.8 - https:\/\/yoast.com\/product\/yoast-seo-wordpress\/ -->\n<title>garbage bags large 120l, 70x110 10\/1<\/title>\n<meta name=\"description\" content=\"garbage bags large 120l, garbage bags solid, black garbage bags, garbage bags 70x110, trash bags for garbage\" \/>\n<meta name=\"robots\" content=\"index, follow, max-snippet:-1, max-image-preview:large, max-video-preview:-1\" \/>\n<link rel=\"canonical\" href=\"https:\/\/pelin1971.hr\/en\/katalog\/garbage-bags-large-70x110-10-1-greasy\/\" \/>\n<meta property=\"og:locale\" content=\"en_US\" \/>\n<meta property=\"og:type\" content=\"article\" \/>\n<meta property=\"og:title\" content=\"garbage bags large 120l, 70x110 10\/1\" \/>\n<meta property=\"og:description\" content=\"garbage bags large 120l, garbage bags solid, black garbage bags, garbage bags 70x110, trash bags for garbage\" \/>\n<meta property=\"og:url\" content=\"https:\/\/pelin1971.hr\/en\/katalog\/garbage-bags-large-70x110-10-1-greasy\/\" \/>\n<meta property=\"og:site_name\" content=\"Pelin1971\" \/>\n<meta property=\"article:modified_time\" content=\"2025-11-25T09:45:39+00:00\" \/>\n<meta property=\"og:image\" content=\"https:\/\/pelin1971.hr\/wp-content\/uploads\/2025\/11\/masne.jpg\" \/>\n\t<meta property=\"og:image:width\" content=\"500\" \/>\n\t<meta property=\"og:image:height\" content=\"500\" \/>\n\t<meta property=\"og:image:type\" content=\"image\/jpeg\" \/>\n<meta name=\"twitter:card\" content=\"summary_large_image\" \/>\n<script type=\"application\/ld+json\" class=\"yoast-schema-graph\">{\"@context\":\"https:\/\/schema.org\",\"@graph\":[{\"@type\":\"WebPage\",\"@id\":\"https:\/\/pelin1971.hr\/en\/katalog\/garbage-bags-large-70x110-10-1-greasy\/\",\"url\":\"https:\/\/pelin1971.hr\/en\/katalog\/garbage-bags-large-70x110-10-1-greasy\/\",\"name\":\"garbage bags large 120l, 70x110 10\/1\",\"isPartOf\":{\"@id\":\"https:\/\/pelin1971.hr\/en\/#website\"},\"primaryImageOfPage\":{\"@id\":\"https:\/\/pelin1971.hr\/en\/katalog\/garbage-bags-large-70x110-10-1-greasy\/#primaryimage\"},\"image\":{\"@id\":\"https:\/\/pelin1971.hr\/en\/katalog\/garbage-bags-large-70x110-10-1-greasy\/#primaryimage\"},\"thumbnailUrl\":\"https:\/\/pelin1971.hr\/wp-content\/uploads\/2016\/02\/masne.jpg\",\"datePublished\":\"2025-11-18T16:19:08+00:00\",\"dateModified\":\"2025-11-25T09:45:39+00:00\",\"description\":\"garbage bags large 120l, garbage bags solid, black garbage bags, garbage bags 70x110, trash bags for garbage\",\"breadcrumb\":{\"@id\":\"https:\/\/pelin1971.hr\/en\/katalog\/garbage-bags-large-70x110-10-1-greasy\/#breadcrumb\"},\"inLanguage\":\"en-US\",\"potentialAction\":[{\"@type\":\"ReadAction\",\"target\":[\"https:\/\/pelin1971.hr\/en\/katalog\/garbage-bags-large-70x110-10-1-greasy\/\"]}]},{\"@type\":\"ImageObject\",\"inLanguage\":\"en-US\",\"@id\":\"https:\/\/pelin1971.hr\/en\/katalog\/garbage-bags-large-70x110-10-1-greasy\/#primaryimage\",\"url\":\"https:\/\/pelin1971.hr\/wp-content\/uploads\/2016\/02\/masne.jpg\",\"contentUrl\":\"https:\/\/pelin1971.hr\/wp-content\/uploads\/2016\/02\/masne.jpg\",\"width\":500,\"height\":500,\"caption\":\"vre\u0107e za sme\u0107e 70 x 100 ,120 litara , za ugostiteljstvo,restorane,barove,\u010dvrste vre\u0107e za sme\u0107e,otpatke,cijena\"},{\"@type\":\"BreadcrumbList\",\"@id\":\"https:\/\/pelin1971.hr\/en\/katalog\/garbage-bags-large-70x110-10-1-greasy\/#breadcrumb\",\"itemListElement\":[{\"@type\":\"ListItem\",\"position\":1,\"name\":\"Home\",\"item\":\"https:\/\/pelin1971.hr\/en\/\"},{\"@type\":\"ListItem\",\"position\":2,\"name\":\"Shop\",\"item\":\"https:\/\/pelin1971.hr\/en\/shop\/\"},{\"@type\":\"ListItem\",\"position\":3,\"name\":\"Hygiene\",\"item\":\"https:\/\/pelin1971.hr\/en\/kategorija-proizvoda\/hygiene\/\"},{\"@type\":\"ListItem\",\"position\":4,\"name\":\"Garbage bags\",\"item\":\"https:\/\/pelin1971.hr\/en\/kategorija-proizvoda\/hygiene\/garbage-bags\/\"},{\"@type\":\"ListItem\",\"position\":5,\"name\":\"garbage bags large 70&#215;110 10\/1 &#8211; greasy\"}]},{\"@type\":\"WebSite\",\"@id\":\"https:\/\/pelin1971.hr\/en\/#website\",\"url\":\"https:\/\/pelin1971.hr\/en\/\",\"name\":\"Pelin1971\",\"description\":\"\",\"potentialAction\":[{\"@type\":\"SearchAction\",\"target\":{\"@type\":\"EntryPoint\",\"urlTemplate\":\"https:\/\/pelin1971.hr\/en\/?s={search_term_string}\"},\"query-input\":{\"@type\":\"PropertyValueSpecification\",\"valueRequired\":true,\"valueName\":\"search_term_string\"}}],\"inLanguage\":\"en-US\"}]}<\/script>\n<!-- \/ Yoast SEO plugin. -->","yoast_head_json":{"title":"garbage bags large 120l, 70x110 10\/1","description":"garbage bags large 120l, garbage bags solid, black garbage bags, garbage bags 70x110, trash bags for garbage","robots":{"index":"index","follow":"follow","max-snippet":"max-snippet:-1","max-image-preview":"max-image-preview:large","max-video-preview":"max-video-preview:-1"},"canonical":"https:\/\/pelin1971.hr\/en\/katalog\/garbage-bags-large-70x110-10-1-greasy\/","og_locale":"en_US","og_type":"article","og_title":"garbage bags large 120l, 70x110 10\/1","og_description":"garbage bags large 120l, garbage bags solid, black garbage bags, garbage bags 70x110, trash bags for garbage","og_url":"https:\/\/pelin1971.hr\/en\/katalog\/garbage-bags-large-70x110-10-1-greasy\/","og_site_name":"Pelin1971","article_modified_time":"2025-11-25T09:45:39+00:00","og_image":[{"width":500,"height":500,"url":"https:\/\/pelin1971.hr\/wp-content\/uploads\/2025\/11\/masne.jpg","type":"image\/jpeg"}],"twitter_card":"summary_large_image","schema":{"@context":"https:\/\/schema.org","@graph":[{"@type":"WebPage","@id":"https:\/\/pelin1971.hr\/en\/katalog\/garbage-bags-large-70x110-10-1-greasy\/","url":"https:\/\/pelin1971.hr\/en\/katalog\/garbage-bags-large-70x110-10-1-greasy\/","name":"garbage bags large 120l, 70x110 10\/1","isPartOf":{"@id":"https:\/\/pelin1971.hr\/en\/#website"},"primaryImageOfPage":{"@id":"https:\/\/pelin1971.hr\/en\/katalog\/garbage-bags-large-70x110-10-1-greasy\/#primaryimage"},"image":{"@id":"https:\/\/pelin1971.hr\/en\/katalog\/garbage-bags-large-70x110-10-1-greasy\/#primaryimage"},"thumbnailUrl":"https:\/\/pelin1971.hr\/wp-content\/uploads\/2016\/02\/masne.jpg","datePublished":"2025-11-18T16:19:08+00:00","dateModified":"2025-11-25T09:45:39+00:00","description":"garbage bags large 120l, garbage bags solid, black garbage bags, garbage bags 70x110, trash bags for garbage","breadcrumb":{"@id":"https:\/\/pelin1971.hr\/en\/katalog\/garbage-bags-large-70x110-10-1-greasy\/#breadcrumb"},"inLanguage":"en-US","potentialAction":[{"@type":"ReadAction","target":["https:\/\/pelin1971.hr\/en\/katalog\/garbage-bags-large-70x110-10-1-greasy\/"]}]},{"@type":"ImageObject","inLanguage":"en-US","@id":"https:\/\/pelin1971.hr\/en\/katalog\/garbage-bags-large-70x110-10-1-greasy\/#primaryimage","url":"https:\/\/pelin1971.hr\/wp-content\/uploads\/2016\/02\/masne.jpg","contentUrl":"https:\/\/pelin1971.hr\/wp-content\/uploads\/2016\/02\/masne.jpg","width":500,"height":500,"caption":"vre\u0107e za sme\u0107e 70 x 100 ,120 litara , za ugostiteljstvo,restorane,barove,\u010dvrste vre\u0107e za sme\u0107e,otpatke,cijena"},{"@type":"BreadcrumbList","@id":"https:\/\/pelin1971.hr\/en\/katalog\/garbage-bags-large-70x110-10-1-greasy\/#breadcrumb","itemListElement":[{"@type":"ListItem","position":1,"name":"Home","item":"https:\/\/pelin1971.hr\/en\/"},{"@type":"ListItem","position":2,"name":"Shop","item":"https:\/\/pelin1971.hr\/en\/shop\/"},{"@type":"ListItem","position":3,"name":"Hygiene","item":"https:\/\/pelin1971.hr\/en\/kategorija-proizvoda\/hygiene\/"},{"@type":"ListItem","position":4,"name":"Garbage bags","item":"https:\/\/pelin1971.hr\/en\/kategorija-proizvoda\/hygiene\/garbage-bags\/"},{"@type":"ListItem","position":5,"name":"garbage bags large 70&#215;110 10\/1 &#8211; greasy"}]},{"@type":"WebSite","@id":"https:\/\/pelin1971.hr\/en\/#website","url":"https:\/\/pelin1971.hr\/en\/","name":"Pelin1971","description":"","potentialAction":[{"@type":"SearchAction","target":{"@type":"EntryPoint","urlTemplate":"https:\/\/pelin1971.hr\/en\/?s={search_term_string}"},"query-input":{"@type":"PropertyValueSpecification","valueRequired":true,"valueName":"search_term_string"}}],"inLanguage":"en-US"}]}},"_links":{"self":[{"href":"https:\/\/pelin1971.hr\/en\/wp-json\/wp\/v2\/product\/7335","targetHints":{"allow":["GET"]}}],"collection":[{"href":"https:\/\/pelin1971.hr\/en\/wp-json\/wp\/v2\/product"}],"about":[{"href":"https:\/\/pelin1971.hr\/en\/wp-json\/wp\/v2\/types\/product"}],"replies":[{"embeddable":true,"href":"https:\/\/pelin1971.hr\/en\/wp-json\/wp\/v2\/comments?post=7335"}],"wp:featuredmedia":[{"embeddable":true,"href":"https:\/\/pelin1971.hr\/en\/wp-json\/wp\/v2\/media\/9056"}],"wp:attachment":[{"href":"https:\/\/pelin1971.hr\/en\/wp-json\/wp\/v2\/media?parent=7335"}],"wp:term":[{"taxonomy":"product_brand","embeddable":true,"href":"https:\/\/pelin1971.hr\/en\/wp-json\/wp\/v2\/product_brand?post=7335"},{"taxonomy":"product_cat","embeddable":true,"href":"https:\/\/pelin1971.hr\/en\/wp-json\/wp\/v2\/product_cat?post=7335"},{"taxonomy":"product_tag","embeddable":true,"href":"https:\/\/pelin1971.hr\/en\/wp-json\/wp\/v2\/product_tag?post=7335"}],"curies":[{"name":"wp","href":"https:\/\/api.w.org\/{rel}","templated":true}]}}