{"id":7334,"date":"2025-11-18T17:19:09","date_gmt":"2025-11-18T16:19:09","guid":{"rendered":"https:\/\/pelin1971.hr\/katalog\/rubber-urinal-net-scented-silicone\/"},"modified":"2025-11-25T10:45:42","modified_gmt":"2025-11-25T09:45:42","slug":"rubber-urinal-net-scented-silicone","status":"publish","type":"product","link":"https:\/\/pelin1971.hr\/en\/katalog\/rubber-urinal-net-scented-silicone\/","title":{"rendered":"RUBBER URINAL NET, SCENTED, SILICONE"},"content":{"rendered":"<h1>RUBBER URINAL NET<\/h1>\n<p>-refreshes the urinal and protects against clogging<br \/>\n-strongly scented rubber urinal mesh, silicone urinal mesh<\/p>\n","protected":false},"excerpt":{"rendered":"<p>RUBBER URINAL NET -refreshes the urinal and protects against clogging -strongly scented rubber urinal mesh, silicone urinal mesh<\/p>\n","protected":false},"featured_media":8929,"comment_status":"open","ping_status":"closed","template":"","meta":{"_acf_changed":false},"product_brand":[],"product_cat":[4572],"product_tag":[3005,3016,3010,3012,3008,3014,3006],"class_list":{"0":"post-7334","1":"product","2":"type-product","3":"status-publish","4":"has-post-thumbnail","6":"product_cat-urinal-fresheners","7":"product_tag-rubber-urinal-mesh","8":"product_tag-scented-mesh-urinal","9":"product_tag-scented-rubber-urinal-mesh","10":"product_tag-scented-silicone-urinal-mesh","11":"product_tag-silicone-urinal-mesh","12":"product_tag-urinal-mesh","13":"product_tag-urinal-mesh-for-sanitary-areas","15":"first","16":"instock","17":"shipping-taxable","18":"purchasable","19":"product-type-simple"},"acf":[],"yoast_head":"<!-- This site is optimized with the Yoast SEO plugin v26.8 - https:\/\/yoast.com\/product\/yoast-seo-wordpress\/ -->\n<title>rubber urinal mesh for sanitary facilities, scented urinal mesh<\/title>\n<meta name=\"description\" content=\"rubber urinal mesh, urinal mesh for sanitary facilities, silicone urinal mesh, scented rubber urinal mesh, scented urinal mesh, price\" \/>\n<meta name=\"robots\" content=\"index, follow, max-snippet:-1, max-image-preview:large, max-video-preview:-1\" \/>\n<link rel=\"canonical\" href=\"https:\/\/pelin1971.hr\/en\/katalog\/rubber-urinal-net-scented-silicone\/\" \/>\n<meta property=\"og:locale\" content=\"en_US\" \/>\n<meta property=\"og:type\" content=\"article\" \/>\n<meta property=\"og:title\" content=\"rubber urinal mesh for sanitary facilities, scented urinal mesh\" \/>\n<meta property=\"og:description\" content=\"rubber urinal mesh, urinal mesh for sanitary facilities, silicone urinal mesh, scented rubber urinal mesh, scented urinal mesh, price\" \/>\n<meta property=\"og:url\" content=\"https:\/\/pelin1971.hr\/en\/katalog\/rubber-urinal-net-scented-silicone\/\" \/>\n<meta property=\"og:site_name\" content=\"Pelin1971\" \/>\n<meta property=\"article:modified_time\" content=\"2025-11-25T09:45:42+00:00\" \/>\n<meta property=\"og:image\" content=\"https:\/\/pelin1971.hr\/wp-content\/uploads\/2025\/11\/pisoar-mrezice-gumene-mirisne-silikonske.jpg\" \/>\n\t<meta property=\"og:image:width\" content=\"2057\" \/>\n\t<meta property=\"og:image:height\" content=\"2056\" \/>\n\t<meta property=\"og:image:type\" content=\"image\/jpeg\" \/>\n<meta name=\"twitter:card\" content=\"summary_large_image\" \/>\n<script type=\"application\/ld+json\" class=\"yoast-schema-graph\">{\"@context\":\"https:\/\/schema.org\",\"@graph\":[{\"@type\":\"WebPage\",\"@id\":\"https:\/\/pelin1971.hr\/en\/katalog\/rubber-urinal-net-scented-silicone\/\",\"url\":\"https:\/\/pelin1971.hr\/en\/katalog\/rubber-urinal-net-scented-silicone\/\",\"name\":\"rubber urinal mesh for sanitary facilities, scented urinal mesh\",\"isPartOf\":{\"@id\":\"https:\/\/pelin1971.hr\/en\/#website\"},\"primaryImageOfPage\":{\"@id\":\"https:\/\/pelin1971.hr\/en\/katalog\/rubber-urinal-net-scented-silicone\/#primaryimage\"},\"image\":{\"@id\":\"https:\/\/pelin1971.hr\/en\/katalog\/rubber-urinal-net-scented-silicone\/#primaryimage\"},\"thumbnailUrl\":\"https:\/\/pelin1971.hr\/wp-content\/uploads\/2023\/04\/pisoar-mre\u017eice-gumene-mirisne-silikonske.jpg\",\"datePublished\":\"2025-11-18T16:19:09+00:00\",\"dateModified\":\"2025-11-25T09:45:42+00:00\",\"description\":\"rubber urinal mesh, urinal mesh for sanitary facilities, silicone urinal mesh, scented rubber urinal mesh, scented urinal mesh, price\",\"breadcrumb\":{\"@id\":\"https:\/\/pelin1971.hr\/en\/katalog\/rubber-urinal-net-scented-silicone\/#breadcrumb\"},\"inLanguage\":\"en-US\",\"potentialAction\":[{\"@type\":\"ReadAction\",\"target\":[\"https:\/\/pelin1971.hr\/en\/katalog\/rubber-urinal-net-scented-silicone\/\"]}]},{\"@type\":\"ImageObject\",\"inLanguage\":\"en-US\",\"@id\":\"https:\/\/pelin1971.hr\/en\/katalog\/rubber-urinal-net-scented-silicone\/#primaryimage\",\"url\":\"https:\/\/pelin1971.hr\/wp-content\/uploads\/2023\/04\/pisoar-mre\u017eice-gumene-mirisne-silikonske.jpg\",\"contentUrl\":\"https:\/\/pelin1971.hr\/wp-content\/uploads\/2023\/04\/pisoar-mre\u017eice-gumene-mirisne-silikonske.jpg\",\"width\":2057,\"height\":2056,\"caption\":\"pisoar mre\u017eice,gumene pisoar mre\u017eice,mirisne pisoar mre\u017eice,silikonske pisoar mre\u017eice,osvje\u017eiva\u010d pisoara,cijena\"},{\"@type\":\"BreadcrumbList\",\"@id\":\"https:\/\/pelin1971.hr\/en\/katalog\/rubber-urinal-net-scented-silicone\/#breadcrumb\",\"itemListElement\":[{\"@type\":\"ListItem\",\"position\":1,\"name\":\"Home\",\"item\":\"https:\/\/pelin1971.hr\/en\/\"},{\"@type\":\"ListItem\",\"position\":2,\"name\":\"Shop\",\"item\":\"https:\/\/pelin1971.hr\/en\/shop\/\"},{\"@type\":\"ListItem\",\"position\":3,\"name\":\"Sanitary program\",\"item\":\"https:\/\/pelin1971.hr\/en\/kategorija-proizvoda\/sanitary-program\/\"},{\"@type\":\"ListItem\",\"position\":4,\"name\":\"Urinal fresheners\",\"item\":\"https:\/\/pelin1971.hr\/en\/kategorija-proizvoda\/sanitary-program\/urinal-fresheners\/\"},{\"@type\":\"ListItem\",\"position\":5,\"name\":\"RUBBER URINAL NET, SCENTED, SILICONE\"}]},{\"@type\":\"WebSite\",\"@id\":\"https:\/\/pelin1971.hr\/en\/#website\",\"url\":\"https:\/\/pelin1971.hr\/en\/\",\"name\":\"Pelin1971\",\"description\":\"\",\"potentialAction\":[{\"@type\":\"SearchAction\",\"target\":{\"@type\":\"EntryPoint\",\"urlTemplate\":\"https:\/\/pelin1971.hr\/en\/?s={search_term_string}\"},\"query-input\":{\"@type\":\"PropertyValueSpecification\",\"valueRequired\":true,\"valueName\":\"search_term_string\"}}],\"inLanguage\":\"en-US\"}]}<\/script>\n<!-- \/ Yoast SEO plugin. -->","yoast_head_json":{"title":"rubber urinal mesh for sanitary facilities, scented urinal mesh","description":"rubber urinal mesh, urinal mesh for sanitary facilities, silicone urinal mesh, scented rubber urinal mesh, scented urinal mesh, price","robots":{"index":"index","follow":"follow","max-snippet":"max-snippet:-1","max-image-preview":"max-image-preview:large","max-video-preview":"max-video-preview:-1"},"canonical":"https:\/\/pelin1971.hr\/en\/katalog\/rubber-urinal-net-scented-silicone\/","og_locale":"en_US","og_type":"article","og_title":"rubber urinal mesh for sanitary facilities, scented urinal mesh","og_description":"rubber urinal mesh, urinal mesh for sanitary facilities, silicone urinal mesh, scented rubber urinal mesh, scented urinal mesh, price","og_url":"https:\/\/pelin1971.hr\/en\/katalog\/rubber-urinal-net-scented-silicone\/","og_site_name":"Pelin1971","article_modified_time":"2025-11-25T09:45:42+00:00","og_image":[{"width":2057,"height":2056,"url":"https:\/\/pelin1971.hr\/wp-content\/uploads\/2025\/11\/pisoar-mrezice-gumene-mirisne-silikonske.jpg","type":"image\/jpeg"}],"twitter_card":"summary_large_image","schema":{"@context":"https:\/\/schema.org","@graph":[{"@type":"WebPage","@id":"https:\/\/pelin1971.hr\/en\/katalog\/rubber-urinal-net-scented-silicone\/","url":"https:\/\/pelin1971.hr\/en\/katalog\/rubber-urinal-net-scented-silicone\/","name":"rubber urinal mesh for sanitary facilities, scented urinal mesh","isPartOf":{"@id":"https:\/\/pelin1971.hr\/en\/#website"},"primaryImageOfPage":{"@id":"https:\/\/pelin1971.hr\/en\/katalog\/rubber-urinal-net-scented-silicone\/#primaryimage"},"image":{"@id":"https:\/\/pelin1971.hr\/en\/katalog\/rubber-urinal-net-scented-silicone\/#primaryimage"},"thumbnailUrl":"https:\/\/pelin1971.hr\/wp-content\/uploads\/2023\/04\/pisoar-mre\u017eice-gumene-mirisne-silikonske.jpg","datePublished":"2025-11-18T16:19:09+00:00","dateModified":"2025-11-25T09:45:42+00:00","description":"rubber urinal mesh, urinal mesh for sanitary facilities, silicone urinal mesh, scented rubber urinal mesh, scented urinal mesh, price","breadcrumb":{"@id":"https:\/\/pelin1971.hr\/en\/katalog\/rubber-urinal-net-scented-silicone\/#breadcrumb"},"inLanguage":"en-US","potentialAction":[{"@type":"ReadAction","target":["https:\/\/pelin1971.hr\/en\/katalog\/rubber-urinal-net-scented-silicone\/"]}]},{"@type":"ImageObject","inLanguage":"en-US","@id":"https:\/\/pelin1971.hr\/en\/katalog\/rubber-urinal-net-scented-silicone\/#primaryimage","url":"https:\/\/pelin1971.hr\/wp-content\/uploads\/2023\/04\/pisoar-mre\u017eice-gumene-mirisne-silikonske.jpg","contentUrl":"https:\/\/pelin1971.hr\/wp-content\/uploads\/2023\/04\/pisoar-mre\u017eice-gumene-mirisne-silikonske.jpg","width":2057,"height":2056,"caption":"pisoar mre\u017eice,gumene pisoar mre\u017eice,mirisne pisoar mre\u017eice,silikonske pisoar mre\u017eice,osvje\u017eiva\u010d pisoara,cijena"},{"@type":"BreadcrumbList","@id":"https:\/\/pelin1971.hr\/en\/katalog\/rubber-urinal-net-scented-silicone\/#breadcrumb","itemListElement":[{"@type":"ListItem","position":1,"name":"Home","item":"https:\/\/pelin1971.hr\/en\/"},{"@type":"ListItem","position":2,"name":"Shop","item":"https:\/\/pelin1971.hr\/en\/shop\/"},{"@type":"ListItem","position":3,"name":"Sanitary program","item":"https:\/\/pelin1971.hr\/en\/kategorija-proizvoda\/sanitary-program\/"},{"@type":"ListItem","position":4,"name":"Urinal fresheners","item":"https:\/\/pelin1971.hr\/en\/kategorija-proizvoda\/sanitary-program\/urinal-fresheners\/"},{"@type":"ListItem","position":5,"name":"RUBBER URINAL NET, SCENTED, SILICONE"}]},{"@type":"WebSite","@id":"https:\/\/pelin1971.hr\/en\/#website","url":"https:\/\/pelin1971.hr\/en\/","name":"Pelin1971","description":"","potentialAction":[{"@type":"SearchAction","target":{"@type":"EntryPoint","urlTemplate":"https:\/\/pelin1971.hr\/en\/?s={search_term_string}"},"query-input":{"@type":"PropertyValueSpecification","valueRequired":true,"valueName":"search_term_string"}}],"inLanguage":"en-US"}]}},"_links":{"self":[{"href":"https:\/\/pelin1971.hr\/en\/wp-json\/wp\/v2\/product\/7334","targetHints":{"allow":["GET"]}}],"collection":[{"href":"https:\/\/pelin1971.hr\/en\/wp-json\/wp\/v2\/product"}],"about":[{"href":"https:\/\/pelin1971.hr\/en\/wp-json\/wp\/v2\/types\/product"}],"replies":[{"embeddable":true,"href":"https:\/\/pelin1971.hr\/en\/wp-json\/wp\/v2\/comments?post=7334"}],"wp:featuredmedia":[{"embeddable":true,"href":"https:\/\/pelin1971.hr\/en\/wp-json\/wp\/v2\/media\/8929"}],"wp:attachment":[{"href":"https:\/\/pelin1971.hr\/en\/wp-json\/wp\/v2\/media?parent=7334"}],"wp:term":[{"taxonomy":"product_brand","embeddable":true,"href":"https:\/\/pelin1971.hr\/en\/wp-json\/wp\/v2\/product_brand?post=7334"},{"taxonomy":"product_cat","embeddable":true,"href":"https:\/\/pelin1971.hr\/en\/wp-json\/wp\/v2\/product_cat?post=7334"},{"taxonomy":"product_tag","embeddable":true,"href":"https:\/\/pelin1971.hr\/en\/wp-json\/wp\/v2\/product_tag?post=7334"}],"curies":[{"name":"wp","href":"https:\/\/api.w.org\/{rel}","templated":true}]}}