{"id":7333,"date":"2025-11-18T17:19:08","date_gmt":"2025-11-18T16:19:08","guid":{"rendered":"https:\/\/pelin1971.hr\/katalog\/gastro-garbage-bags-150l-80x120cm-sturdy\/"},"modified":"2025-11-25T10:45:37","modified_gmt":"2025-11-25T09:45:37","slug":"gastro-garbage-bags-150l-80x120cm-sturdy","status":"publish","type":"product","link":"https:\/\/pelin1971.hr\/en\/katalog\/gastro-garbage-bags-150l-80x120cm-sturdy\/","title":{"rendered":"GASTRO GARBAGE BAGS 150L &#8211; 80x120cm, sturdy"},"content":{"rendered":"<h1>GASTRO GARBAGE BAGS 160L &#8211; 80x120cm &#8211; 10\/1<\/h1>\n<p>-large sturdy catering bags<br \/>\n-dimensions: 80 x 120<br \/>\n-volume: 160L<br \/>\n-material: PELD<br \/>\n-similar article:  <a href=\"https:\/\/pelin1971.hr\/katalog\/vrece-za-smece-velike\/\">garbage bags 70&#215;110<\/a><\/p>\n","protected":false},"excerpt":{"rendered":"<p>GASTRO GARBAGE BAGS 160L &#8211; 80x120cm &#8211; 10\/1 -large sturdy catering bags -dimensions: 80 x 120 -volume: 160L -material: PELD -similar article: garbage bags 70&#215;110<\/p>\n","protected":false},"featured_media":9057,"comment_status":"open","ping_status":"closed","template":"","meta":{"_acf_changed":false},"product_brand":[],"product_cat":[4553],"product_tag":[3003,3002],"class_list":{"0":"post-7333","1":"product","2":"type-product","3":"status-publish","4":"has-post-thumbnail","6":"product_cat-garbage-bags","7":"product_tag-garbage-bags-for-catering","8":"product_tag-gastro-garbage-bags","10":"first","11":"instock","12":"shipping-taxable","13":"purchasable","14":"product-type-simple"},"acf":[],"yoast_head":"<!-- This site is optimized with the Yoast SEO plugin v26.8 - https:\/\/yoast.com\/product\/yoast-seo-wordpress\/ -->\n<title>GASTRO GARBAGE BAGS 150L - 90x110cm for catering<\/title>\n<meta name=\"description\" content=\"Gastro garbage bags for catering, capacity 1510l, dimensions 90x110cm, solid grease garbage bags suitable for use in catering, price\" \/>\n<meta name=\"robots\" content=\"index, follow, max-snippet:-1, max-image-preview:large, max-video-preview:-1\" \/>\n<link rel=\"canonical\" href=\"https:\/\/pelin1971.hr\/en\/katalog\/gastro-garbage-bags-150l-80x120cm-sturdy\/\" \/>\n<meta property=\"og:locale\" content=\"en_US\" \/>\n<meta property=\"og:type\" content=\"article\" \/>\n<meta property=\"og:title\" content=\"GASTRO GARBAGE BAGS 150L - 90x110cm for catering\" \/>\n<meta property=\"og:description\" content=\"Gastro garbage bags for catering, capacity 1510l, dimensions 90x110cm, solid grease garbage bags suitable for use in catering, price\" \/>\n<meta property=\"og:url\" content=\"https:\/\/pelin1971.hr\/en\/katalog\/gastro-garbage-bags-150l-80x120cm-sturdy\/\" \/>\n<meta property=\"og:site_name\" content=\"Pelin1971\" \/>\n<meta property=\"article:modified_time\" content=\"2025-11-25T09:45:37+00:00\" \/>\n<meta property=\"og:image\" content=\"https:\/\/pelin1971.hr\/wp-content\/uploads\/2025\/11\/gastro-vrece-za-smece.jpg\" \/>\n\t<meta property=\"og:image:width\" content=\"2080\" \/>\n\t<meta property=\"og:image:height\" content=\"2079\" \/>\n\t<meta property=\"og:image:type\" content=\"image\/jpeg\" \/>\n<meta name=\"twitter:card\" content=\"summary_large_image\" \/>\n<script type=\"application\/ld+json\" class=\"yoast-schema-graph\">{\"@context\":\"https:\/\/schema.org\",\"@graph\":[{\"@type\":\"WebPage\",\"@id\":\"https:\/\/pelin1971.hr\/en\/katalog\/gastro-garbage-bags-150l-80x120cm-sturdy\/\",\"url\":\"https:\/\/pelin1971.hr\/en\/katalog\/gastro-garbage-bags-150l-80x120cm-sturdy\/\",\"name\":\"GASTRO GARBAGE BAGS 150L - 90x110cm for catering\",\"isPartOf\":{\"@id\":\"https:\/\/pelin1971.hr\/en\/#website\"},\"primaryImageOfPage\":{\"@id\":\"https:\/\/pelin1971.hr\/en\/katalog\/gastro-garbage-bags-150l-80x120cm-sturdy\/#primaryimage\"},\"image\":{\"@id\":\"https:\/\/pelin1971.hr\/en\/katalog\/gastro-garbage-bags-150l-80x120cm-sturdy\/#primaryimage\"},\"thumbnailUrl\":\"https:\/\/pelin1971.hr\/wp-content\/uploads\/2022\/07\/gastro-vre\u0107e-za-sme\u0107e.jpg\",\"datePublished\":\"2025-11-18T16:19:08+00:00\",\"dateModified\":\"2025-11-25T09:45:37+00:00\",\"description\":\"Gastro garbage bags for catering, capacity 1510l, dimensions 90x110cm, solid grease garbage bags suitable for use in catering, price\",\"breadcrumb\":{\"@id\":\"https:\/\/pelin1971.hr\/en\/katalog\/gastro-garbage-bags-150l-80x120cm-sturdy\/#breadcrumb\"},\"inLanguage\":\"en-US\",\"potentialAction\":[{\"@type\":\"ReadAction\",\"target\":[\"https:\/\/pelin1971.hr\/en\/katalog\/gastro-garbage-bags-150l-80x120cm-sturdy\/\"]}]},{\"@type\":\"ImageObject\",\"inLanguage\":\"en-US\",\"@id\":\"https:\/\/pelin1971.hr\/en\/katalog\/gastro-garbage-bags-150l-80x120cm-sturdy\/#primaryimage\",\"url\":\"https:\/\/pelin1971.hr\/wp-content\/uploads\/2022\/07\/gastro-vre\u0107e-za-sme\u0107e.jpg\",\"contentUrl\":\"https:\/\/pelin1971.hr\/wp-content\/uploads\/2022\/07\/gastro-vre\u0107e-za-sme\u0107e.jpg\",\"width\":2080,\"height\":2079,\"caption\":\"vre\u0107e za sme\u0107e za ugostiteljstvo,gastro,velike,jumbo,cijena\"},{\"@type\":\"BreadcrumbList\",\"@id\":\"https:\/\/pelin1971.hr\/en\/katalog\/gastro-garbage-bags-150l-80x120cm-sturdy\/#breadcrumb\",\"itemListElement\":[{\"@type\":\"ListItem\",\"position\":1,\"name\":\"Home\",\"item\":\"https:\/\/pelin1971.hr\/en\/\"},{\"@type\":\"ListItem\",\"position\":2,\"name\":\"Shop\",\"item\":\"https:\/\/pelin1971.hr\/en\/shop\/\"},{\"@type\":\"ListItem\",\"position\":3,\"name\":\"Hygiene\",\"item\":\"https:\/\/pelin1971.hr\/en\/kategorija-proizvoda\/hygiene\/\"},{\"@type\":\"ListItem\",\"position\":4,\"name\":\"Garbage bags\",\"item\":\"https:\/\/pelin1971.hr\/en\/kategorija-proizvoda\/hygiene\/garbage-bags\/\"},{\"@type\":\"ListItem\",\"position\":5,\"name\":\"GASTRO GARBAGE BAGS 150L &#8211; 80x120cm, sturdy\"}]},{\"@type\":\"WebSite\",\"@id\":\"https:\/\/pelin1971.hr\/en\/#website\",\"url\":\"https:\/\/pelin1971.hr\/en\/\",\"name\":\"Pelin1971\",\"description\":\"\",\"potentialAction\":[{\"@type\":\"SearchAction\",\"target\":{\"@type\":\"EntryPoint\",\"urlTemplate\":\"https:\/\/pelin1971.hr\/en\/?s={search_term_string}\"},\"query-input\":{\"@type\":\"PropertyValueSpecification\",\"valueRequired\":true,\"valueName\":\"search_term_string\"}}],\"inLanguage\":\"en-US\"}]}<\/script>\n<!-- \/ Yoast SEO plugin. -->","yoast_head_json":{"title":"GASTRO GARBAGE BAGS 150L - 90x110cm for catering","description":"Gastro garbage bags for catering, capacity 1510l, dimensions 90x110cm, solid grease garbage bags suitable for use in catering, price","robots":{"index":"index","follow":"follow","max-snippet":"max-snippet:-1","max-image-preview":"max-image-preview:large","max-video-preview":"max-video-preview:-1"},"canonical":"https:\/\/pelin1971.hr\/en\/katalog\/gastro-garbage-bags-150l-80x120cm-sturdy\/","og_locale":"en_US","og_type":"article","og_title":"GASTRO GARBAGE BAGS 150L - 90x110cm for catering","og_description":"Gastro garbage bags for catering, capacity 1510l, dimensions 90x110cm, solid grease garbage bags suitable for use in catering, price","og_url":"https:\/\/pelin1971.hr\/en\/katalog\/gastro-garbage-bags-150l-80x120cm-sturdy\/","og_site_name":"Pelin1971","article_modified_time":"2025-11-25T09:45:37+00:00","og_image":[{"width":2080,"height":2079,"url":"https:\/\/pelin1971.hr\/wp-content\/uploads\/2025\/11\/gastro-vrece-za-smece.jpg","type":"image\/jpeg"}],"twitter_card":"summary_large_image","schema":{"@context":"https:\/\/schema.org","@graph":[{"@type":"WebPage","@id":"https:\/\/pelin1971.hr\/en\/katalog\/gastro-garbage-bags-150l-80x120cm-sturdy\/","url":"https:\/\/pelin1971.hr\/en\/katalog\/gastro-garbage-bags-150l-80x120cm-sturdy\/","name":"GASTRO GARBAGE BAGS 150L - 90x110cm for catering","isPartOf":{"@id":"https:\/\/pelin1971.hr\/en\/#website"},"primaryImageOfPage":{"@id":"https:\/\/pelin1971.hr\/en\/katalog\/gastro-garbage-bags-150l-80x120cm-sturdy\/#primaryimage"},"image":{"@id":"https:\/\/pelin1971.hr\/en\/katalog\/gastro-garbage-bags-150l-80x120cm-sturdy\/#primaryimage"},"thumbnailUrl":"https:\/\/pelin1971.hr\/wp-content\/uploads\/2022\/07\/gastro-vre\u0107e-za-sme\u0107e.jpg","datePublished":"2025-11-18T16:19:08+00:00","dateModified":"2025-11-25T09:45:37+00:00","description":"Gastro garbage bags for catering, capacity 1510l, dimensions 90x110cm, solid grease garbage bags suitable for use in catering, price","breadcrumb":{"@id":"https:\/\/pelin1971.hr\/en\/katalog\/gastro-garbage-bags-150l-80x120cm-sturdy\/#breadcrumb"},"inLanguage":"en-US","potentialAction":[{"@type":"ReadAction","target":["https:\/\/pelin1971.hr\/en\/katalog\/gastro-garbage-bags-150l-80x120cm-sturdy\/"]}]},{"@type":"ImageObject","inLanguage":"en-US","@id":"https:\/\/pelin1971.hr\/en\/katalog\/gastro-garbage-bags-150l-80x120cm-sturdy\/#primaryimage","url":"https:\/\/pelin1971.hr\/wp-content\/uploads\/2022\/07\/gastro-vre\u0107e-za-sme\u0107e.jpg","contentUrl":"https:\/\/pelin1971.hr\/wp-content\/uploads\/2022\/07\/gastro-vre\u0107e-za-sme\u0107e.jpg","width":2080,"height":2079,"caption":"vre\u0107e za sme\u0107e za ugostiteljstvo,gastro,velike,jumbo,cijena"},{"@type":"BreadcrumbList","@id":"https:\/\/pelin1971.hr\/en\/katalog\/gastro-garbage-bags-150l-80x120cm-sturdy\/#breadcrumb","itemListElement":[{"@type":"ListItem","position":1,"name":"Home","item":"https:\/\/pelin1971.hr\/en\/"},{"@type":"ListItem","position":2,"name":"Shop","item":"https:\/\/pelin1971.hr\/en\/shop\/"},{"@type":"ListItem","position":3,"name":"Hygiene","item":"https:\/\/pelin1971.hr\/en\/kategorija-proizvoda\/hygiene\/"},{"@type":"ListItem","position":4,"name":"Garbage bags","item":"https:\/\/pelin1971.hr\/en\/kategorija-proizvoda\/hygiene\/garbage-bags\/"},{"@type":"ListItem","position":5,"name":"GASTRO GARBAGE BAGS 150L &#8211; 80x120cm, sturdy"}]},{"@type":"WebSite","@id":"https:\/\/pelin1971.hr\/en\/#website","url":"https:\/\/pelin1971.hr\/en\/","name":"Pelin1971","description":"","potentialAction":[{"@type":"SearchAction","target":{"@type":"EntryPoint","urlTemplate":"https:\/\/pelin1971.hr\/en\/?s={search_term_string}"},"query-input":{"@type":"PropertyValueSpecification","valueRequired":true,"valueName":"search_term_string"}}],"inLanguage":"en-US"}]}},"_links":{"self":[{"href":"https:\/\/pelin1971.hr\/en\/wp-json\/wp\/v2\/product\/7333","targetHints":{"allow":["GET"]}}],"collection":[{"href":"https:\/\/pelin1971.hr\/en\/wp-json\/wp\/v2\/product"}],"about":[{"href":"https:\/\/pelin1971.hr\/en\/wp-json\/wp\/v2\/types\/product"}],"replies":[{"embeddable":true,"href":"https:\/\/pelin1971.hr\/en\/wp-json\/wp\/v2\/comments?post=7333"}],"wp:featuredmedia":[{"embeddable":true,"href":"https:\/\/pelin1971.hr\/en\/wp-json\/wp\/v2\/media\/9057"}],"wp:attachment":[{"href":"https:\/\/pelin1971.hr\/en\/wp-json\/wp\/v2\/media?parent=7333"}],"wp:term":[{"taxonomy":"product_brand","embeddable":true,"href":"https:\/\/pelin1971.hr\/en\/wp-json\/wp\/v2\/product_brand?post=7333"},{"taxonomy":"product_cat","embeddable":true,"href":"https:\/\/pelin1971.hr\/en\/wp-json\/wp\/v2\/product_cat?post=7333"},{"taxonomy":"product_tag","embeddable":true,"href":"https:\/\/pelin1971.hr\/en\/wp-json\/wp\/v2\/product_tag?post=7333"}],"curies":[{"name":"wp","href":"https:\/\/api.w.org\/{rel}","templated":true}]}}