{"id":7330,"date":"2025-11-18T17:19:09","date_gmt":"2025-11-18T16:19:09","guid":{"rendered":"https:\/\/pelin1971.hr\/katalog\/electric-wine-opener-corkscrew\/"},"modified":"2025-11-25T10:45:41","modified_gmt":"2025-11-25T09:45:41","slug":"electric-wine-opener-corkscrew","status":"publish","type":"product","link":"https:\/\/pelin1971.hr\/en\/katalog\/electric-wine-opener-corkscrew\/","title":{"rendered":"ELECTRIC WINE OPENER, CORKSCREW"},"content":{"rendered":"<h1>ELECTRIC WINE OPENER, CORKSCREW<\/h1>\n<p>-purpose: opening corks on wine bottles<br \/>\n-Packaging: 1 piece<br \/>\n-similar article:  <a href=\"https:\/\/pelin1971.hr\/katalog\/cep-za-vino-vakum\/\">Wine bottle cork<\/a><\/p>\n","protected":false},"excerpt":{"rendered":"<p>ELECTRIC WINE OPENER, CORKSCREW -purpose: opening corks on wine bottles -Packaging: 1 piece -similar article: Wine bottle cork<\/p>\n","protected":false},"featured_media":9165,"comment_status":"open","ping_status":"closed","template":"","meta":{"_acf_changed":false},"product_brand":[],"product_cat":[4580],"product_tag":[2993,2992,2991,4642,2989],"class_list":{"0":"post-7330","1":"product","2":"type-product","3":"status-publish","4":"has-post-thumbnail","6":"product_cat-other-small-inventory","7":"product_tag-electric-bottle-cap-opener","8":"product_tag-electric-bottle-opener","9":"product_tag-electric-corkscrew-for-wine","10":"product_tag-electric-wine-opener-2","11":"product_tag-electric-wine-opener","13":"first","14":"instock","15":"shipping-taxable","16":"purchasable","17":"product-type-simple"},"acf":[],"yoast_head":"<!-- This site is optimized with the Yoast SEO plugin v26.8 - https:\/\/yoast.com\/product\/yoast-seo-wordpress\/ -->\n<title>Electric Wine Opener,Electric Corkscrew For Bottles<\/title>\n<meta name=\"description\" content=\"electric wine opener, electric wine corkscrew, electric bottle opener, electric wine opener, electric bottle cap opener, price\" \/>\n<meta name=\"robots\" content=\"index, follow, max-snippet:-1, max-image-preview:large, max-video-preview:-1\" \/>\n<link rel=\"canonical\" href=\"https:\/\/pelin1971.hr\/en\/katalog\/electric-wine-opener-corkscrew\/\" \/>\n<meta property=\"og:locale\" content=\"en_US\" \/>\n<meta property=\"og:type\" content=\"article\" \/>\n<meta property=\"og:title\" content=\"Electric Wine Opener,Electric Corkscrew For Bottles\" \/>\n<meta property=\"og:description\" content=\"electric wine opener, electric wine corkscrew, electric bottle opener, electric wine opener, electric bottle cap opener, price\" \/>\n<meta property=\"og:url\" content=\"https:\/\/pelin1971.hr\/en\/katalog\/electric-wine-opener-corkscrew\/\" \/>\n<meta property=\"og:site_name\" content=\"Pelin1971\" \/>\n<meta property=\"article:modified_time\" content=\"2025-11-25T09:45:41+00:00\" \/>\n<meta property=\"og:image\" content=\"https:\/\/pelin1971.hr\/wp-content\/uploads\/2025\/11\/elektricni-otvarac-za-boce.jpg\" \/>\n\t<meta property=\"og:image:width\" content=\"2080\" \/>\n\t<meta property=\"og:image:height\" content=\"2080\" \/>\n\t<meta property=\"og:image:type\" content=\"image\/jpeg\" \/>\n<meta name=\"twitter:card\" content=\"summary_large_image\" \/>\n<script type=\"application\/ld+json\" class=\"yoast-schema-graph\">{\"@context\":\"https:\/\/schema.org\",\"@graph\":[{\"@type\":\"WebPage\",\"@id\":\"https:\/\/pelin1971.hr\/en\/katalog\/electric-wine-opener-corkscrew\/\",\"url\":\"https:\/\/pelin1971.hr\/en\/katalog\/electric-wine-opener-corkscrew\/\",\"name\":\"Electric Wine Opener,Electric Corkscrew For Bottles\",\"isPartOf\":{\"@id\":\"https:\/\/pelin1971.hr\/en\/#website\"},\"primaryImageOfPage\":{\"@id\":\"https:\/\/pelin1971.hr\/en\/katalog\/electric-wine-opener-corkscrew\/#primaryimage\"},\"image\":{\"@id\":\"https:\/\/pelin1971.hr\/en\/katalog\/electric-wine-opener-corkscrew\/#primaryimage\"},\"thumbnailUrl\":\"https:\/\/pelin1971.hr\/wp-content\/uploads\/2025\/03\/elektri\u010dni-otvara\u010d-za-boce.jpg\",\"datePublished\":\"2025-11-18T16:19:09+00:00\",\"dateModified\":\"2025-11-25T09:45:41+00:00\",\"description\":\"electric wine opener, electric wine corkscrew, electric bottle opener, electric wine opener, electric bottle cap opener, price\",\"breadcrumb\":{\"@id\":\"https:\/\/pelin1971.hr\/en\/katalog\/electric-wine-opener-corkscrew\/#breadcrumb\"},\"inLanguage\":\"en-US\",\"potentialAction\":[{\"@type\":\"ReadAction\",\"target\":[\"https:\/\/pelin1971.hr\/en\/katalog\/electric-wine-opener-corkscrew\/\"]}]},{\"@type\":\"ImageObject\",\"inLanguage\":\"en-US\",\"@id\":\"https:\/\/pelin1971.hr\/en\/katalog\/electric-wine-opener-corkscrew\/#primaryimage\",\"url\":\"https:\/\/pelin1971.hr\/wp-content\/uploads\/2025\/03\/elektri\u010dni-otvara\u010d-za-boce.jpg\",\"contentUrl\":\"https:\/\/pelin1971.hr\/wp-content\/uploads\/2025\/03\/elektri\u010dni-otvara\u010d-za-boce.jpg\",\"width\":2080,\"height\":2080,\"caption\":\"elektri\u010dni otvara\u010d za vino, elektri\u010dni vadi\u010dep za vino , elektri\u010dni otvara\u010d za boce, elektri\u010dni otvara\u010d za vina ,elektri\u010dni otvara\u010d \u010depova za fla\u0161e,cijena\"},{\"@type\":\"BreadcrumbList\",\"@id\":\"https:\/\/pelin1971.hr\/en\/katalog\/electric-wine-opener-corkscrew\/#breadcrumb\",\"itemListElement\":[{\"@type\":\"ListItem\",\"position\":1,\"name\":\"Home\",\"item\":\"https:\/\/pelin1971.hr\/en\/\"},{\"@type\":\"ListItem\",\"position\":2,\"name\":\"Shop\",\"item\":\"https:\/\/pelin1971.hr\/en\/shop\/\"},{\"@type\":\"ListItem\",\"position\":3,\"name\":\"Small inventory\",\"item\":\"https:\/\/pelin1971.hr\/en\/kategorija-proizvoda\/small-inventory\/\"},{\"@type\":\"ListItem\",\"position\":4,\"name\":\"Other small inventory\",\"item\":\"https:\/\/pelin1971.hr\/en\/kategorija-proizvoda\/small-inventory\/other-small-inventory\/\"},{\"@type\":\"ListItem\",\"position\":5,\"name\":\"ELECTRIC WINE OPENER, CORKSCREW\"}]},{\"@type\":\"WebSite\",\"@id\":\"https:\/\/pelin1971.hr\/en\/#website\",\"url\":\"https:\/\/pelin1971.hr\/en\/\",\"name\":\"Pelin1971\",\"description\":\"\",\"potentialAction\":[{\"@type\":\"SearchAction\",\"target\":{\"@type\":\"EntryPoint\",\"urlTemplate\":\"https:\/\/pelin1971.hr\/en\/?s={search_term_string}\"},\"query-input\":{\"@type\":\"PropertyValueSpecification\",\"valueRequired\":true,\"valueName\":\"search_term_string\"}}],\"inLanguage\":\"en-US\"}]}<\/script>\n<!-- \/ Yoast SEO plugin. -->","yoast_head_json":{"title":"Electric Wine Opener,Electric Corkscrew For Bottles","description":"electric wine opener, electric wine corkscrew, electric bottle opener, electric wine opener, electric bottle cap opener, price","robots":{"index":"index","follow":"follow","max-snippet":"max-snippet:-1","max-image-preview":"max-image-preview:large","max-video-preview":"max-video-preview:-1"},"canonical":"https:\/\/pelin1971.hr\/en\/katalog\/electric-wine-opener-corkscrew\/","og_locale":"en_US","og_type":"article","og_title":"Electric Wine Opener,Electric Corkscrew For Bottles","og_description":"electric wine opener, electric wine corkscrew, electric bottle opener, electric wine opener, electric bottle cap opener, price","og_url":"https:\/\/pelin1971.hr\/en\/katalog\/electric-wine-opener-corkscrew\/","og_site_name":"Pelin1971","article_modified_time":"2025-11-25T09:45:41+00:00","og_image":[{"width":2080,"height":2080,"url":"https:\/\/pelin1971.hr\/wp-content\/uploads\/2025\/11\/elektricni-otvarac-za-boce.jpg","type":"image\/jpeg"}],"twitter_card":"summary_large_image","schema":{"@context":"https:\/\/schema.org","@graph":[{"@type":"WebPage","@id":"https:\/\/pelin1971.hr\/en\/katalog\/electric-wine-opener-corkscrew\/","url":"https:\/\/pelin1971.hr\/en\/katalog\/electric-wine-opener-corkscrew\/","name":"Electric Wine Opener,Electric Corkscrew For Bottles","isPartOf":{"@id":"https:\/\/pelin1971.hr\/en\/#website"},"primaryImageOfPage":{"@id":"https:\/\/pelin1971.hr\/en\/katalog\/electric-wine-opener-corkscrew\/#primaryimage"},"image":{"@id":"https:\/\/pelin1971.hr\/en\/katalog\/electric-wine-opener-corkscrew\/#primaryimage"},"thumbnailUrl":"https:\/\/pelin1971.hr\/wp-content\/uploads\/2025\/03\/elektri\u010dni-otvara\u010d-za-boce.jpg","datePublished":"2025-11-18T16:19:09+00:00","dateModified":"2025-11-25T09:45:41+00:00","description":"electric wine opener, electric wine corkscrew, electric bottle opener, electric wine opener, electric bottle cap opener, price","breadcrumb":{"@id":"https:\/\/pelin1971.hr\/en\/katalog\/electric-wine-opener-corkscrew\/#breadcrumb"},"inLanguage":"en-US","potentialAction":[{"@type":"ReadAction","target":["https:\/\/pelin1971.hr\/en\/katalog\/electric-wine-opener-corkscrew\/"]}]},{"@type":"ImageObject","inLanguage":"en-US","@id":"https:\/\/pelin1971.hr\/en\/katalog\/electric-wine-opener-corkscrew\/#primaryimage","url":"https:\/\/pelin1971.hr\/wp-content\/uploads\/2025\/03\/elektri\u010dni-otvara\u010d-za-boce.jpg","contentUrl":"https:\/\/pelin1971.hr\/wp-content\/uploads\/2025\/03\/elektri\u010dni-otvara\u010d-za-boce.jpg","width":2080,"height":2080,"caption":"elektri\u010dni otvara\u010d za vino, elektri\u010dni vadi\u010dep za vino , elektri\u010dni otvara\u010d za boce, elektri\u010dni otvara\u010d za vina ,elektri\u010dni otvara\u010d \u010depova za fla\u0161e,cijena"},{"@type":"BreadcrumbList","@id":"https:\/\/pelin1971.hr\/en\/katalog\/electric-wine-opener-corkscrew\/#breadcrumb","itemListElement":[{"@type":"ListItem","position":1,"name":"Home","item":"https:\/\/pelin1971.hr\/en\/"},{"@type":"ListItem","position":2,"name":"Shop","item":"https:\/\/pelin1971.hr\/en\/shop\/"},{"@type":"ListItem","position":3,"name":"Small inventory","item":"https:\/\/pelin1971.hr\/en\/kategorija-proizvoda\/small-inventory\/"},{"@type":"ListItem","position":4,"name":"Other small inventory","item":"https:\/\/pelin1971.hr\/en\/kategorija-proizvoda\/small-inventory\/other-small-inventory\/"},{"@type":"ListItem","position":5,"name":"ELECTRIC WINE OPENER, CORKSCREW"}]},{"@type":"WebSite","@id":"https:\/\/pelin1971.hr\/en\/#website","url":"https:\/\/pelin1971.hr\/en\/","name":"Pelin1971","description":"","potentialAction":[{"@type":"SearchAction","target":{"@type":"EntryPoint","urlTemplate":"https:\/\/pelin1971.hr\/en\/?s={search_term_string}"},"query-input":{"@type":"PropertyValueSpecification","valueRequired":true,"valueName":"search_term_string"}}],"inLanguage":"en-US"}]}},"_links":{"self":[{"href":"https:\/\/pelin1971.hr\/en\/wp-json\/wp\/v2\/product\/7330","targetHints":{"allow":["GET"]}}],"collection":[{"href":"https:\/\/pelin1971.hr\/en\/wp-json\/wp\/v2\/product"}],"about":[{"href":"https:\/\/pelin1971.hr\/en\/wp-json\/wp\/v2\/types\/product"}],"replies":[{"embeddable":true,"href":"https:\/\/pelin1971.hr\/en\/wp-json\/wp\/v2\/comments?post=7330"}],"wp:featuredmedia":[{"embeddable":true,"href":"https:\/\/pelin1971.hr\/en\/wp-json\/wp\/v2\/media\/9165"}],"wp:attachment":[{"href":"https:\/\/pelin1971.hr\/en\/wp-json\/wp\/v2\/media?parent=7330"}],"wp:term":[{"taxonomy":"product_brand","embeddable":true,"href":"https:\/\/pelin1971.hr\/en\/wp-json\/wp\/v2\/product_brand?post=7330"},{"taxonomy":"product_cat","embeddable":true,"href":"https:\/\/pelin1971.hr\/en\/wp-json\/wp\/v2\/product_cat?post=7330"},{"taxonomy":"product_tag","embeddable":true,"href":"https:\/\/pelin1971.hr\/en\/wp-json\/wp\/v2\/product_tag?post=7330"}],"curies":[{"name":"wp","href":"https:\/\/api.w.org\/{rel}","templated":true}]}}