{"id":7321,"date":"2025-11-18T17:19:08","date_gmt":"2025-11-18T16:19:08","guid":{"rendered":"https:\/\/pelin1971.hr\/katalog\/pizza-cutter\/"},"modified":"2025-11-25T10:45:32","modified_gmt":"2025-11-25T09:45:32","slug":"pizza-cutter","status":"publish","type":"product","link":"https:\/\/pelin1971.hr\/en\/katalog\/pizza-cutter\/","title":{"rendered":"Pizza cutter"},"content":{"rendered":"<h1>Pizza cutter<\/h1>\n<p>-packaging: 1 pc<br \/>\n-purpose: pizza slicing<br \/>\n-Material: Stainless steel + PVC<br \/>\n-similar article:  <a href=\"https:\/\/pelin1971.hr\/katalog\/drvena-drska-pribor-jelo\/\">Wooden pizza cutlery<\/a><\/p>\n","protected":false},"excerpt":{"rendered":"<p>Pizza cutter -packaging: 1 pc -purpose: pizza slicing -Material: Stainless steel + PVC -similar article: Wooden pizza cutlery<\/p>\n","protected":false},"featured_media":9213,"comment_status":"open","ping_status":"closed","template":"","meta":{"_acf_changed":false},"product_brand":[],"product_cat":[4548,4566],"product_tag":[2952,2953,2949,2951,2954],"class_list":{"0":"post-7321","1":"product","2":"type-product","3":"status-publish","4":"has-post-thumbnail","6":"product_cat-pizzeria","7":"product_cat-stainless-steel-for-catering","8":"product_tag-catering-pizza-cutter","9":"product_tag-cutter-for-pizzerias-and-other-catering-establishments","10":"product_tag-pizza-cutter","11":"product_tag-professional-pizza-cutter","12":"product_tag-stainless-steel-cutter","14":"first","15":"instock","16":"shipping-taxable","17":"purchasable","18":"product-type-simple"},"acf":[],"yoast_head":"<!-- This site is optimized with the Yoast SEO plugin v26.8 - https:\/\/yoast.com\/product\/yoast-seo-wordpress\/ -->\n<title>Pizza cutter for catering, professional pizza cutter<\/title>\n<meta name=\"description\" content=\"pizza cutter, professional pizza cutter, catering pizza cutter, cutter for pizzerias and other catering facilities, stainless steel cutter, price\" \/>\n<meta name=\"robots\" content=\"index, follow, max-snippet:-1, max-image-preview:large, max-video-preview:-1\" \/>\n<link rel=\"canonical\" href=\"https:\/\/pelin1971.hr\/en\/katalog\/pizza-cutter\/\" \/>\n<meta property=\"og:locale\" content=\"en_US\" \/>\n<meta property=\"og:type\" content=\"article\" \/>\n<meta property=\"og:title\" content=\"Pizza cutter for catering, professional pizza cutter\" \/>\n<meta property=\"og:description\" content=\"pizza cutter, professional pizza cutter, catering pizza cutter, cutter for pizzerias and other catering facilities, stainless steel cutter, price\" \/>\n<meta property=\"og:url\" content=\"https:\/\/pelin1971.hr\/en\/katalog\/pizza-cutter\/\" \/>\n<meta property=\"og:site_name\" content=\"Pelin1971\" \/>\n<meta property=\"article:modified_time\" content=\"2025-11-25T09:45:32+00:00\" \/>\n<meta property=\"og:image\" content=\"https:\/\/pelin1971.hr\/wp-content\/uploads\/2025\/11\/rezac_pizze.jpg\" \/>\n\t<meta property=\"og:image:width\" content=\"500\" \/>\n\t<meta property=\"og:image:height\" content=\"500\" \/>\n\t<meta property=\"og:image:type\" content=\"image\/jpeg\" \/>\n<meta name=\"twitter:card\" content=\"summary_large_image\" \/>\n<script type=\"application\/ld+json\" class=\"yoast-schema-graph\">{\"@context\":\"https:\/\/schema.org\",\"@graph\":[{\"@type\":\"WebPage\",\"@id\":\"https:\/\/pelin1971.hr\/en\/katalog\/pizza-cutter\/\",\"url\":\"https:\/\/pelin1971.hr\/en\/katalog\/pizza-cutter\/\",\"name\":\"Pizza cutter for catering, professional pizza cutter\",\"isPartOf\":{\"@id\":\"https:\/\/pelin1971.hr\/en\/#website\"},\"primaryImageOfPage\":{\"@id\":\"https:\/\/pelin1971.hr\/en\/katalog\/pizza-cutter\/#primaryimage\"},\"image\":{\"@id\":\"https:\/\/pelin1971.hr\/en\/katalog\/pizza-cutter\/#primaryimage\"},\"thumbnailUrl\":\"https:\/\/pelin1971.hr\/wp-content\/uploads\/2016\/02\/rezac_pizze.jpg\",\"datePublished\":\"2025-11-18T16:19:08+00:00\",\"dateModified\":\"2025-11-25T09:45:32+00:00\",\"description\":\"pizza cutter, professional pizza cutter, catering pizza cutter, cutter for pizzerias and other catering facilities, stainless steel cutter, price\",\"breadcrumb\":{\"@id\":\"https:\/\/pelin1971.hr\/en\/katalog\/pizza-cutter\/#breadcrumb\"},\"inLanguage\":\"en-US\",\"potentialAction\":[{\"@type\":\"ReadAction\",\"target\":[\"https:\/\/pelin1971.hr\/en\/katalog\/pizza-cutter\/\"]}]},{\"@type\":\"ImageObject\",\"inLanguage\":\"en-US\",\"@id\":\"https:\/\/pelin1971.hr\/en\/katalog\/pizza-cutter\/#primaryimage\",\"url\":\"https:\/\/pelin1971.hr\/wp-content\/uploads\/2016\/02\/rezac_pizze.jpg\",\"contentUrl\":\"https:\/\/pelin1971.hr\/wp-content\/uploads\/2016\/02\/rezac_pizze.jpg\",\"width\":500,\"height\":500,\"caption\":\"reza\u010d pizze,profesionalni pizza reza\u010d,ugostiteljski reza\u010d za pizze,reza\u010d za pizzerije i ostale ugostiteljske objekte,inox reza\u010d,cijena\"},{\"@type\":\"BreadcrumbList\",\"@id\":\"https:\/\/pelin1971.hr\/en\/katalog\/pizza-cutter\/#breadcrumb\",\"itemListElement\":[{\"@type\":\"ListItem\",\"position\":1,\"name\":\"Home\",\"item\":\"https:\/\/pelin1971.hr\/en\/\"},{\"@type\":\"ListItem\",\"position\":2,\"name\":\"Shop\",\"item\":\"https:\/\/pelin1971.hr\/en\/shop\/\"},{\"@type\":\"ListItem\",\"position\":3,\"name\":\"Stainless steel for catering\",\"item\":\"https:\/\/pelin1971.hr\/en\/kategorija-proizvoda\/stainless-steel-for-catering\/\"},{\"@type\":\"ListItem\",\"position\":4,\"name\":\"Pizza cutter\"}]},{\"@type\":\"WebSite\",\"@id\":\"https:\/\/pelin1971.hr\/en\/#website\",\"url\":\"https:\/\/pelin1971.hr\/en\/\",\"name\":\"Pelin1971\",\"description\":\"\",\"potentialAction\":[{\"@type\":\"SearchAction\",\"target\":{\"@type\":\"EntryPoint\",\"urlTemplate\":\"https:\/\/pelin1971.hr\/en\/?s={search_term_string}\"},\"query-input\":{\"@type\":\"PropertyValueSpecification\",\"valueRequired\":true,\"valueName\":\"search_term_string\"}}],\"inLanguage\":\"en-US\"}]}<\/script>\n<!-- \/ Yoast SEO plugin. -->","yoast_head_json":{"title":"Pizza cutter for catering, professional pizza cutter","description":"pizza cutter, professional pizza cutter, catering pizza cutter, cutter for pizzerias and other catering facilities, stainless steel cutter, price","robots":{"index":"index","follow":"follow","max-snippet":"max-snippet:-1","max-image-preview":"max-image-preview:large","max-video-preview":"max-video-preview:-1"},"canonical":"https:\/\/pelin1971.hr\/en\/katalog\/pizza-cutter\/","og_locale":"en_US","og_type":"article","og_title":"Pizza cutter for catering, professional pizza cutter","og_description":"pizza cutter, professional pizza cutter, catering pizza cutter, cutter for pizzerias and other catering facilities, stainless steel cutter, price","og_url":"https:\/\/pelin1971.hr\/en\/katalog\/pizza-cutter\/","og_site_name":"Pelin1971","article_modified_time":"2025-11-25T09:45:32+00:00","og_image":[{"width":500,"height":500,"url":"https:\/\/pelin1971.hr\/wp-content\/uploads\/2025\/11\/rezac_pizze.jpg","type":"image\/jpeg"}],"twitter_card":"summary_large_image","schema":{"@context":"https:\/\/schema.org","@graph":[{"@type":"WebPage","@id":"https:\/\/pelin1971.hr\/en\/katalog\/pizza-cutter\/","url":"https:\/\/pelin1971.hr\/en\/katalog\/pizza-cutter\/","name":"Pizza cutter for catering, professional pizza cutter","isPartOf":{"@id":"https:\/\/pelin1971.hr\/en\/#website"},"primaryImageOfPage":{"@id":"https:\/\/pelin1971.hr\/en\/katalog\/pizza-cutter\/#primaryimage"},"image":{"@id":"https:\/\/pelin1971.hr\/en\/katalog\/pizza-cutter\/#primaryimage"},"thumbnailUrl":"https:\/\/pelin1971.hr\/wp-content\/uploads\/2016\/02\/rezac_pizze.jpg","datePublished":"2025-11-18T16:19:08+00:00","dateModified":"2025-11-25T09:45:32+00:00","description":"pizza cutter, professional pizza cutter, catering pizza cutter, cutter for pizzerias and other catering facilities, stainless steel cutter, price","breadcrumb":{"@id":"https:\/\/pelin1971.hr\/en\/katalog\/pizza-cutter\/#breadcrumb"},"inLanguage":"en-US","potentialAction":[{"@type":"ReadAction","target":["https:\/\/pelin1971.hr\/en\/katalog\/pizza-cutter\/"]}]},{"@type":"ImageObject","inLanguage":"en-US","@id":"https:\/\/pelin1971.hr\/en\/katalog\/pizza-cutter\/#primaryimage","url":"https:\/\/pelin1971.hr\/wp-content\/uploads\/2016\/02\/rezac_pizze.jpg","contentUrl":"https:\/\/pelin1971.hr\/wp-content\/uploads\/2016\/02\/rezac_pizze.jpg","width":500,"height":500,"caption":"reza\u010d pizze,profesionalni pizza reza\u010d,ugostiteljski reza\u010d za pizze,reza\u010d za pizzerije i ostale ugostiteljske objekte,inox reza\u010d,cijena"},{"@type":"BreadcrumbList","@id":"https:\/\/pelin1971.hr\/en\/katalog\/pizza-cutter\/#breadcrumb","itemListElement":[{"@type":"ListItem","position":1,"name":"Home","item":"https:\/\/pelin1971.hr\/en\/"},{"@type":"ListItem","position":2,"name":"Shop","item":"https:\/\/pelin1971.hr\/en\/shop\/"},{"@type":"ListItem","position":3,"name":"Stainless steel for catering","item":"https:\/\/pelin1971.hr\/en\/kategorija-proizvoda\/stainless-steel-for-catering\/"},{"@type":"ListItem","position":4,"name":"Pizza cutter"}]},{"@type":"WebSite","@id":"https:\/\/pelin1971.hr\/en\/#website","url":"https:\/\/pelin1971.hr\/en\/","name":"Pelin1971","description":"","potentialAction":[{"@type":"SearchAction","target":{"@type":"EntryPoint","urlTemplate":"https:\/\/pelin1971.hr\/en\/?s={search_term_string}"},"query-input":{"@type":"PropertyValueSpecification","valueRequired":true,"valueName":"search_term_string"}}],"inLanguage":"en-US"}]}},"_links":{"self":[{"href":"https:\/\/pelin1971.hr\/en\/wp-json\/wp\/v2\/product\/7321","targetHints":{"allow":["GET"]}}],"collection":[{"href":"https:\/\/pelin1971.hr\/en\/wp-json\/wp\/v2\/product"}],"about":[{"href":"https:\/\/pelin1971.hr\/en\/wp-json\/wp\/v2\/types\/product"}],"replies":[{"embeddable":true,"href":"https:\/\/pelin1971.hr\/en\/wp-json\/wp\/v2\/comments?post=7321"}],"wp:featuredmedia":[{"embeddable":true,"href":"https:\/\/pelin1971.hr\/en\/wp-json\/wp\/v2\/media\/9213"}],"wp:attachment":[{"href":"https:\/\/pelin1971.hr\/en\/wp-json\/wp\/v2\/media?parent=7321"}],"wp:term":[{"taxonomy":"product_brand","embeddable":true,"href":"https:\/\/pelin1971.hr\/en\/wp-json\/wp\/v2\/product_brand?post=7321"},{"taxonomy":"product_cat","embeddable":true,"href":"https:\/\/pelin1971.hr\/en\/wp-json\/wp\/v2\/product_cat?post=7321"},{"taxonomy":"product_tag","embeddable":true,"href":"https:\/\/pelin1971.hr\/en\/wp-json\/wp\/v2\/product_tag?post=7321"}],"curies":[{"name":"wp","href":"https:\/\/api.w.org\/{rel}","templated":true}]}}