{"id":7313,"date":"2025-11-18T17:18:58","date_gmt":"2025-11-18T16:18:58","guid":{"rendered":"https:\/\/pelin1971.hr\/katalog\/garbage-bags-small-50x65-20-1-rustling\/"},"modified":"2025-11-25T10:45:32","modified_gmt":"2025-11-25T09:45:32","slug":"garbage-bags-small-50x65-20-1-rustling","status":"publish","type":"product","link":"https:\/\/pelin1971.hr\/en\/katalog\/garbage-bags-small-50x65-20-1-rustling\/","title":{"rendered":"GARBAGE BAGS SMALL 50&#215;65 20\/1 &#8211; rustling"},"content":{"rendered":"<h1>Small garbage bags 50&#215;65 20\/1 &#8211; rustling<\/h1>\n<p>-small garbage bags, for offices and the like<br \/>\n -dimensions: 50 x 65<br \/>\n -volume: 40L<br \/>\n -material: HDPE<br \/>\n -packaging. 20\/1<\/p>\n","protected":false},"excerpt":{"rendered":"<p>Small garbage bags 50&#215;65 20\/1 &#8211; rustling -small garbage bags, for offices and the like -dimensions: 50 x 65 -volume: 40L -material: HDPE -packaging. 20\/1<\/p>\n","protected":false},"featured_media":9055,"comment_status":"open","ping_status":"closed","template":"","meta":{"_acf_changed":false},"product_brand":[],"product_cat":[4553],"product_tag":[2932,2936,2935,2930,2934],"class_list":{"0":"post-7313","1":"product","2":"type-product","3":"status-publish","4":"has-post-thumbnail","6":"product_cat-garbage-bags","7":"product_tag-garbage-bags-50x65-20-1","8":"product_tag-reusable-garbage-bags","9":"product_tag-rustling-garbage-and-waste-bags","10":"product_tag-small-rustling-garbage-bags","11":"product_tag-small-trash-bags","13":"first","14":"instock","15":"shipping-taxable","16":"purchasable","17":"product-type-simple"},"acf":[],"yoast_head":"<!-- This site is optimized with the Yoast SEO plugin v26.8 - https:\/\/yoast.com\/product\/yoast-seo-wordpress\/ -->\n<title>small rustling garbage bags 50x65 20\/1<\/title>\n<meta name=\"description\" content=\"small rustling garbage bags, garbage bags 50x65 20\/1, small garbage bags, rustling garbage and waste bags, decorative garbage bags\" \/>\n<meta name=\"robots\" content=\"index, follow, max-snippet:-1, max-image-preview:large, max-video-preview:-1\" \/>\n<link rel=\"canonical\" href=\"https:\/\/pelin1971.hr\/en\/katalog\/garbage-bags-small-50x65-20-1-rustling\/\" \/>\n<meta property=\"og:locale\" content=\"en_US\" \/>\n<meta property=\"og:type\" content=\"article\" \/>\n<meta property=\"og:title\" content=\"small rustling garbage bags 50x65 20\/1\" \/>\n<meta property=\"og:description\" content=\"small rustling garbage bags, garbage bags 50x65 20\/1, small garbage bags, rustling garbage and waste bags, decorative garbage bags\" \/>\n<meta property=\"og:url\" content=\"https:\/\/pelin1971.hr\/en\/katalog\/garbage-bags-small-50x65-20-1-rustling\/\" \/>\n<meta property=\"og:site_name\" content=\"Pelin1971\" \/>\n<meta property=\"article:modified_time\" content=\"2025-11-25T09:45:32+00:00\" \/>\n<meta property=\"og:image\" content=\"https:\/\/pelin1971.hr\/wp-content\/uploads\/2025\/11\/suskave.jpg\" \/>\n\t<meta property=\"og:image:width\" content=\"500\" \/>\n\t<meta property=\"og:image:height\" content=\"500\" \/>\n\t<meta property=\"og:image:type\" content=\"image\/jpeg\" \/>\n<meta name=\"twitter:card\" content=\"summary_large_image\" \/>\n<script type=\"application\/ld+json\" class=\"yoast-schema-graph\">{\"@context\":\"https:\/\/schema.org\",\"@graph\":[{\"@type\":\"WebPage\",\"@id\":\"https:\/\/pelin1971.hr\/en\/katalog\/garbage-bags-small-50x65-20-1-rustling\/\",\"url\":\"https:\/\/pelin1971.hr\/en\/katalog\/garbage-bags-small-50x65-20-1-rustling\/\",\"name\":\"small rustling garbage bags 50x65 20\/1\",\"isPartOf\":{\"@id\":\"https:\/\/pelin1971.hr\/en\/#website\"},\"primaryImageOfPage\":{\"@id\":\"https:\/\/pelin1971.hr\/en\/katalog\/garbage-bags-small-50x65-20-1-rustling\/#primaryimage\"},\"image\":{\"@id\":\"https:\/\/pelin1971.hr\/en\/katalog\/garbage-bags-small-50x65-20-1-rustling\/#primaryimage\"},\"thumbnailUrl\":\"https:\/\/pelin1971.hr\/wp-content\/uploads\/2016\/02\/suskave.jpg\",\"datePublished\":\"2025-11-18T16:18:58+00:00\",\"dateModified\":\"2025-11-25T09:45:32+00:00\",\"description\":\"small rustling garbage bags, garbage bags 50x65 20\/1, small garbage bags, rustling garbage and waste bags, decorative garbage bags\",\"breadcrumb\":{\"@id\":\"https:\/\/pelin1971.hr\/en\/katalog\/garbage-bags-small-50x65-20-1-rustling\/#breadcrumb\"},\"inLanguage\":\"en-US\",\"potentialAction\":[{\"@type\":\"ReadAction\",\"target\":[\"https:\/\/pelin1971.hr\/en\/katalog\/garbage-bags-small-50x65-20-1-rustling\/\"]}]},{\"@type\":\"ImageObject\",\"inLanguage\":\"en-US\",\"@id\":\"https:\/\/pelin1971.hr\/en\/katalog\/garbage-bags-small-50x65-20-1-rustling\/#primaryimage\",\"url\":\"https:\/\/pelin1971.hr\/wp-content\/uploads\/2016\/02\/suskave.jpg\",\"contentUrl\":\"https:\/\/pelin1971.hr\/wp-content\/uploads\/2016\/02\/suskave.jpg\",\"width\":500,\"height\":500,\"caption\":\"vre\u0107e za sme\u0107e ,male \u0161u\u0161kave 50 x 65 , cijena\"},{\"@type\":\"BreadcrumbList\",\"@id\":\"https:\/\/pelin1971.hr\/en\/katalog\/garbage-bags-small-50x65-20-1-rustling\/#breadcrumb\",\"itemListElement\":[{\"@type\":\"ListItem\",\"position\":1,\"name\":\"Home\",\"item\":\"https:\/\/pelin1971.hr\/en\/\"},{\"@type\":\"ListItem\",\"position\":2,\"name\":\"Shop\",\"item\":\"https:\/\/pelin1971.hr\/en\/shop\/\"},{\"@type\":\"ListItem\",\"position\":3,\"name\":\"Hygiene\",\"item\":\"https:\/\/pelin1971.hr\/en\/kategorija-proizvoda\/hygiene\/\"},{\"@type\":\"ListItem\",\"position\":4,\"name\":\"Garbage bags\",\"item\":\"https:\/\/pelin1971.hr\/en\/kategorija-proizvoda\/hygiene\/garbage-bags\/\"},{\"@type\":\"ListItem\",\"position\":5,\"name\":\"GARBAGE BAGS SMALL 50&#215;65 20\/1 &#8211; rustling\"}]},{\"@type\":\"WebSite\",\"@id\":\"https:\/\/pelin1971.hr\/en\/#website\",\"url\":\"https:\/\/pelin1971.hr\/en\/\",\"name\":\"Pelin1971\",\"description\":\"\",\"potentialAction\":[{\"@type\":\"SearchAction\",\"target\":{\"@type\":\"EntryPoint\",\"urlTemplate\":\"https:\/\/pelin1971.hr\/en\/?s={search_term_string}\"},\"query-input\":{\"@type\":\"PropertyValueSpecification\",\"valueRequired\":true,\"valueName\":\"search_term_string\"}}],\"inLanguage\":\"en-US\"}]}<\/script>\n<!-- \/ Yoast SEO plugin. -->","yoast_head_json":{"title":"small rustling garbage bags 50x65 20\/1","description":"small rustling garbage bags, garbage bags 50x65 20\/1, small garbage bags, rustling garbage and waste bags, decorative garbage bags","robots":{"index":"index","follow":"follow","max-snippet":"max-snippet:-1","max-image-preview":"max-image-preview:large","max-video-preview":"max-video-preview:-1"},"canonical":"https:\/\/pelin1971.hr\/en\/katalog\/garbage-bags-small-50x65-20-1-rustling\/","og_locale":"en_US","og_type":"article","og_title":"small rustling garbage bags 50x65 20\/1","og_description":"small rustling garbage bags, garbage bags 50x65 20\/1, small garbage bags, rustling garbage and waste bags, decorative garbage bags","og_url":"https:\/\/pelin1971.hr\/en\/katalog\/garbage-bags-small-50x65-20-1-rustling\/","og_site_name":"Pelin1971","article_modified_time":"2025-11-25T09:45:32+00:00","og_image":[{"width":500,"height":500,"url":"https:\/\/pelin1971.hr\/wp-content\/uploads\/2025\/11\/suskave.jpg","type":"image\/jpeg"}],"twitter_card":"summary_large_image","schema":{"@context":"https:\/\/schema.org","@graph":[{"@type":"WebPage","@id":"https:\/\/pelin1971.hr\/en\/katalog\/garbage-bags-small-50x65-20-1-rustling\/","url":"https:\/\/pelin1971.hr\/en\/katalog\/garbage-bags-small-50x65-20-1-rustling\/","name":"small rustling garbage bags 50x65 20\/1","isPartOf":{"@id":"https:\/\/pelin1971.hr\/en\/#website"},"primaryImageOfPage":{"@id":"https:\/\/pelin1971.hr\/en\/katalog\/garbage-bags-small-50x65-20-1-rustling\/#primaryimage"},"image":{"@id":"https:\/\/pelin1971.hr\/en\/katalog\/garbage-bags-small-50x65-20-1-rustling\/#primaryimage"},"thumbnailUrl":"https:\/\/pelin1971.hr\/wp-content\/uploads\/2016\/02\/suskave.jpg","datePublished":"2025-11-18T16:18:58+00:00","dateModified":"2025-11-25T09:45:32+00:00","description":"small rustling garbage bags, garbage bags 50x65 20\/1, small garbage bags, rustling garbage and waste bags, decorative garbage bags","breadcrumb":{"@id":"https:\/\/pelin1971.hr\/en\/katalog\/garbage-bags-small-50x65-20-1-rustling\/#breadcrumb"},"inLanguage":"en-US","potentialAction":[{"@type":"ReadAction","target":["https:\/\/pelin1971.hr\/en\/katalog\/garbage-bags-small-50x65-20-1-rustling\/"]}]},{"@type":"ImageObject","inLanguage":"en-US","@id":"https:\/\/pelin1971.hr\/en\/katalog\/garbage-bags-small-50x65-20-1-rustling\/#primaryimage","url":"https:\/\/pelin1971.hr\/wp-content\/uploads\/2016\/02\/suskave.jpg","contentUrl":"https:\/\/pelin1971.hr\/wp-content\/uploads\/2016\/02\/suskave.jpg","width":500,"height":500,"caption":"vre\u0107e za sme\u0107e ,male \u0161u\u0161kave 50 x 65 , cijena"},{"@type":"BreadcrumbList","@id":"https:\/\/pelin1971.hr\/en\/katalog\/garbage-bags-small-50x65-20-1-rustling\/#breadcrumb","itemListElement":[{"@type":"ListItem","position":1,"name":"Home","item":"https:\/\/pelin1971.hr\/en\/"},{"@type":"ListItem","position":2,"name":"Shop","item":"https:\/\/pelin1971.hr\/en\/shop\/"},{"@type":"ListItem","position":3,"name":"Hygiene","item":"https:\/\/pelin1971.hr\/en\/kategorija-proizvoda\/hygiene\/"},{"@type":"ListItem","position":4,"name":"Garbage bags","item":"https:\/\/pelin1971.hr\/en\/kategorija-proizvoda\/hygiene\/garbage-bags\/"},{"@type":"ListItem","position":5,"name":"GARBAGE BAGS SMALL 50&#215;65 20\/1 &#8211; rustling"}]},{"@type":"WebSite","@id":"https:\/\/pelin1971.hr\/en\/#website","url":"https:\/\/pelin1971.hr\/en\/","name":"Pelin1971","description":"","potentialAction":[{"@type":"SearchAction","target":{"@type":"EntryPoint","urlTemplate":"https:\/\/pelin1971.hr\/en\/?s={search_term_string}"},"query-input":{"@type":"PropertyValueSpecification","valueRequired":true,"valueName":"search_term_string"}}],"inLanguage":"en-US"}]}},"_links":{"self":[{"href":"https:\/\/pelin1971.hr\/en\/wp-json\/wp\/v2\/product\/7313","targetHints":{"allow":["GET"]}}],"collection":[{"href":"https:\/\/pelin1971.hr\/en\/wp-json\/wp\/v2\/product"}],"about":[{"href":"https:\/\/pelin1971.hr\/en\/wp-json\/wp\/v2\/types\/product"}],"replies":[{"embeddable":true,"href":"https:\/\/pelin1971.hr\/en\/wp-json\/wp\/v2\/comments?post=7313"}],"wp:featuredmedia":[{"embeddable":true,"href":"https:\/\/pelin1971.hr\/en\/wp-json\/wp\/v2\/media\/9055"}],"wp:attachment":[{"href":"https:\/\/pelin1971.hr\/en\/wp-json\/wp\/v2\/media?parent=7313"}],"wp:term":[{"taxonomy":"product_brand","embeddable":true,"href":"https:\/\/pelin1971.hr\/en\/wp-json\/wp\/v2\/product_brand?post=7313"},{"taxonomy":"product_cat","embeddable":true,"href":"https:\/\/pelin1971.hr\/en\/wp-json\/wp\/v2\/product_cat?post=7313"},{"taxonomy":"product_tag","embeddable":true,"href":"https:\/\/pelin1971.hr\/en\/wp-json\/wp\/v2\/product_tag?post=7313"}],"curies":[{"name":"wp","href":"https:\/\/api.w.org\/{rel}","templated":true}]}}